{"id":724,"date":"2023-08-09T15:52:04","date_gmt":"2023-08-09T20:52:04","guid":{"rendered":"https:\/\/ambbogota.esteri.it\/?page_id=724"},"modified":"2025-12-09T15:15:36","modified_gmt":"2025-12-09T20:15:36","slug":"declaraciones-de-valor","status":"publish","type":"page","link":"https:\/\/ambbogota.esteri.it\/es\/italia-e-colombia\/diplomazia-culturale\/studiare-in-italia\/declaraciones-de-valor\/","title":{"rendered":"Declaraciones de Valor"},"content":{"rendered":"<p style=\"text-align: justify;\">Los\u00a0<strong>t\u00edtulos de estudio colombianos<\/strong>\u00a0no est\u00e1n autom\u00e1ticamente reconocidos por Italia. Los interesados al reconocimiento de su t\u00edtulo de estudio (DDV), conseguido en Instituciones oficialmente reconocidas por el Ministerio de la Educaci\u00f3n Nacional, pueden presentar solicitud de\u00a0<em>DDV<\/em>\u00a0a la Embajada de Italia.<\/p>\n<p style=\"text-align: justify;\">La documentaci\u00f3n completa se entregar\u00e1 en la Embajada de Italia solicitando previamente una\u00a0<strong>cita<\/strong>\u00a0al correo electr\u00f3nico\u00a0<a href=\"mailto:estudios.iicbogota@esteri.it\">estudios.iicbogota@esteri.it<\/a>. El documento se entregar\u00e1 en una fase siguiente, solo y cuando los papeles entregados satisfacen todos los requisitos. La entrega se confirmar\u00e1 por medio de correo electr\u00f3nico por parte de la Oficina encargada.<\/p>\n<p><em>-Se avisa a los usuarios interesados que, a partir del 9 de diciembre de 2025, no ser\u00e1n aceptados por ning\u00fan motivo los originales de los t\u00edtulos de estudio para la expedici\u00f3n de la Declaraci\u00f3n de Valor.<\/em><\/p>\n<p><em>Se aceptar\u00e1n \u00fanicamente fotocopias autenticadas ante Notar\u00eda de dichos t\u00edtulos. El p\u00fablico interesado deber\u00e1 continuar presentando tambi\u00e9n los originales de los diplomas de estudios, pero \u00fanicamente para corroborar la veracidad de los mismos con la fotocopia autenticada presentada, y para verificar que no haya sellos al respaldo que no hayan sido traducidos por los traductores oficiales.-<\/em><\/p>\n<p style=\"text-align: justify;\">Al momento de la entrega del formato de\u00a0<em>Pre-inscripci\u00f3n universitaria (PU)<\/em>\u00a0es obligatorio entregar tambi\u00e9n los papeles de solicitud de la DDV relativa al t\u00edtulo de estudio colombiano.<\/p>\n<p style=\"text-align: justify;\">La Embajada de Italia no ha autorizado a ninguna agencia para la presentaci\u00f3n de las solicitudes, en cuanto los interesados deben presentarse personalmente. En el caso de solicitud de DDV (Declaraci\u00f3n de valor) la Embajada acepta que los documentos se entreguen por parte de una tercera persona solo si munida de Poder Notariado y Apostillado. En el caso de PU (Pre-inscripci\u00f3n universitaria) la persona que la solicita en cambio debe entregar los documentos de forma presencial.<\/p>\n<p style=\"text-align: justify;\">Para mayores informaciones\u00a0consultar la p\u00e1gina web del\u00a0<a href=\"https:\/\/iicbogota.esteri.it\/IIC_Bogota\/es\/\" target=\"_blank\" rel=\"noopener\">Istituto Italiano di Cultura<\/a>\u00a0o escribir a\u00a0<a href=\"mailto:estudios.iicbogota@esteri.it\">estudios.iicbogota@esteri.it<\/a>.<\/p>\n<p style=\"text-align: justify;\"><strong>COSTO<\/strong><\/p>\n<p style=\"text-align: justify;\"><strong>Gratis<\/strong>: no hay costos para DDV si el estudiante debe inscribirse a pregrado y tiene ya una carta de aceptaci\u00f3n o pre-aceptaci\u00f3n de la Universidad italiana;<\/p>\n<p style=\"text-align: justify;\"><strong>Valor a pagar<\/strong>: el valor de la DDV por motivos diferentes al estudio se podr\u00e1 consultar en el siguiente link <a href=\"https:\/\/iicbogota.esteri.it\/es\/lingua-e-cultura\/studiare-in-italia\/declaracion-de-valor\/\">Declaraci\u00f3n de valor \u2013 Istituto Italiano di Cultura di Bogot\u00e0<\/a><\/p>\n<p style=\"text-align: justify;\"><strong>REQUISITOS<\/strong><\/p>\n<p style=\"text-align: justify;\">Quien debe presentar la solicitud de Pre-inscripci\u00f3n universitaria (PU) y la correspondiente declaraci\u00f3n de valor (DDV) debe apartar\u00a0<strong>una sola cita por PU<\/strong>.<\/p>\n<p style=\"text-align: justify;\"><iframe loading=\"lazy\" title=\"YouTube video player\" src=\"https:\/\/www.youtube.com\/embed\/1O2pXxfOMYA\" width=\"560\" height=\"315\" frameborder=\"0\" allowfullscreen=\"allowfullscreen\" data-mce-fragment=\"1\"><\/iframe><\/p>\n","protected":false},"excerpt":{"rendered":"Los\u00a0t\u00edtulos de estudio colombianos\u00a0no est\u00e1n autom\u00e1ticamente reconocidos por Italia. Los interesados al reconocimiento de su t\u00edtulo de estudio (DDV), conseguido en Instituciones oficialmente reconocidas por el Ministerio de la Educaci\u00f3n Nacional, pueden presentar solicitud de\u00a0DDV\u00a0a la Embajada de Italia. La documentaci\u00f3n completa se entregar\u00e1 en la Embajada de Italia solicitando previamente una\u00a0cita\u00a0al correo electr\u00f3nico\u00a0estudios.iicbogota@esteri.it. El [&hellip;]","protected":false},"author":5,"featured_media":0,"parent":158,"menu_order":0,"comment_status":"closed","ping_status":"closed","template":"","meta":{"footnotes":""},"class_list":["post-724","page","type-page","status-publish","hentry"],"_links":{"self":[{"href":"https:\/\/ambbogota.esteri.it\/es\/wp-json\/wp\/v2\/pages\/724","targetHints":{"allow":["GET"]}}],"collection":[{"href":"https:\/\/ambbogota.esteri.it\/es\/wp-json\/wp\/v2\/pages"}],"about":[{"href":"https:\/\/ambbogota.esteri.it\/es\/wp-json\/wp\/v2\/types\/page"}],"author":[{"embeddable":true,"href":"https:\/\/ambbogota.esteri.it\/es\/wp-json\/wp\/v2\/users\/5"}],"replies":[{"embeddable":true,"href":"https:\/\/ambbogota.esteri.it\/es\/wp-json\/wp\/v2\/comments?post=724"}],"version-history":[{"count":6,"href":"https:\/\/ambbogota.esteri.it\/es\/wp-json\/wp\/v2\/pages\/724\/revisions"}],"predecessor-version":[{"id":7221,"href":"https:\/\/ambbogota.esteri.it\/es\/wp-json\/wp\/v2\/pages\/724\/revisions\/7221"}],"up":[{"embeddable":true,"href":"https:\/\/ambbogota.esteri.it\/es\/wp-json\/wp\/v2\/pages\/158"}],"wp:attachment":[{"href":"https:\/\/ambbogota.esteri.it\/es\/wp-json\/wp\/v2\/media?parent=724"}],"curies":[{"name":"wp","href":"https:\/\/api.w.org\/{rel}","templated":true}]}}