{"id":733,"date":"2023-08-09T15:56:56","date_gmt":"2023-08-09T20:56:56","guid":{"rendered":"https:\/\/ambbogota.esteri.it\/?page_id=733"},"modified":"2026-03-13T11:10:33","modified_gmt":"2026-03-13T16:10:33","slug":"becas-2","status":"publish","type":"page","link":"https:\/\/ambbogota.esteri.it\/es\/italia-e-colombia\/diplomazia-culturale\/studiare-in-italia\/becas-2\/","title":{"rendered":"Becas"},"content":{"rendered":"<p style=\"text-align: center;\"><strong><a href=\"https:\/\/studyinitaly.esteri.it\/\"><img loading=\"lazy\" decoding=\"async\" class=\"alignnone size-medium wp-image-6232 img-fluid\" src=\"https:\/\/ambbogota.esteri.it\/wp-content\/uploads\/2025\/04\/StudyLogo-300x134.jpg\" alt=\"\" width=\"300\" height=\"134\" srcset=\"https:\/\/ambbogota.esteri.it\/wp-content\/uploads\/2025\/04\/StudyLogo-300x134.jpg 300w, https:\/\/ambbogota.esteri.it\/wp-content\/uploads\/2025\/04\/StudyLogo-1024x456.jpg 1024w, https:\/\/ambbogota.esteri.it\/wp-content\/uploads\/2025\/04\/StudyLogo-768x342.jpg 768w, https:\/\/ambbogota.esteri.it\/wp-content\/uploads\/2025\/04\/StudyLogo.jpg 1138w\" sizes=\"auto, (max-width: 300px) 100vw, 300px\" \/><\/a><\/strong><\/p>\n<p><strong>BECAS PARA CIUDADANOS COLOMBIANOS E ITALIANOS RESIDENTES EN COLOMBIA (I.R.E.)<\/strong><\/p>\n<p>El Gobierno de Italia ofrece para el a\u00f1o acad\u00e9mico 2026-2027 becas que son otorgadas para estudios de \u201cLaurea Magistrale\/Master of Science\u201d, Doctorados de Investigaci\u00f3n y proyectos de investigaci\u00f3n en las Instituciones italianas estatales o legalmente reconocidas.<\/p>\n<p>Pueden participar <strong>\u00fanicamente los candidatos que est\u00e9n actualmente viviendo en Colombia<\/strong> y que posean los siguientes requisitos en el momento del vencimiento de la convocatoria:<\/p>\n<ol>\n<li>T\u00edtulo de estudio v\u00e1lido para la inscripci\u00f3n en los cursos otorgados por la Instituci\u00f3n italiana escogida;<\/li>\n<li>Edad no superior <strong>a los 28 a\u00f1os cumplidos en la fecha de vencimiento de la convocatoria para los cursos de \u201cLaurea Magistrale\/Master of Science<\/strong>;<\/li>\n<li>Edad <strong>no superior a los 30 a\u00f1os cumplidos en la fecha de vencimiento de la convocatoria para los Doctorados de investigaci\u00f3n<\/strong>;<\/li>\n<li>Edad <strong>no superior a los 40 a\u00f1os cumplidos en la fecha de vencimiento de la convocatoria para los Proyectos de Investigaci\u00f3n<\/strong>;<\/li>\n<li>Buen conocimiento del idioma italiano (<strong>es requerido como m\u00ednimo el nivel B2 del Cuadro Com\u00fan Europeo<\/strong>). Para la inscripci\u00f3n a los cursos universitarios que se desarrollan totalmente en idioma ingl\u00e9s no es obligatorio el conocimiento de la lengua italiana. En este caso el candidato deber\u00e1 anexar fotocopia de su prueba de ingl\u00e9s <strong>nivel B2<\/strong> (IELTS, TOEFL O MICHIGAN) CON FECHA DE EXPEDICI\u00d3N NO SUPERIOR A LOS DOS A\u00d1OS.<\/li>\n<\/ol>\n<p>Para poder aplicar a la convocatoria de becas el candidato tendr\u00e1 que diligenciar un formulario <em>online<\/em>, disponible en la siguiente direcci\u00f3n:<\/p>\n<p><a href=\"https:\/\/studyinitaly.esteri.it\">https:\/\/studyinitaly.esteri.it<\/a>, previa registraci\u00f3n a trav\u00e9s de <em>username<\/em> y <em>password<\/em>.<\/p>\n<p>El candidato deber\u00e1 anexar el file <strong>con la fotocopia de la p\u00e1gina del pasaporte colombiano o del pasaporte italiano (en el caso de los ciudadanos italianos residentes en Colombia) en donde se encuentran sus datos personales, fotocopia del Diploma de Pregrado, del certificado de notas universitarias y del certificado de conocimiento del idioma italiano o del idioma ingl\u00e9s.<\/strong><\/p>\n<p><strong>Deber\u00e1 adem\u00e1s anexar carta de aceptaci\u00f3n de la Universidad italiana donde quiere realizar sus estudios.<\/strong><\/p>\n<p><strong>NO SER\u00c1N TOMADAS EN CUENTA SOLICITUDES SIN LOS DOCUMENTOS ARRIBA MENCIONADOS.<\/strong><\/p>\n<p><strong>ATENCI\u00d3N: PARA LOS CURSOS DE DOCTORADO Y PROYECTOS DE INVESTIGACI\u00d3N EL CANDIDATO DEBER\u00c1 OBLIGATORIAMENTE ANEXAR ON LINE TAMBI\u00c9N CARTA DE ACEPTACI\u00d3N POR PARTE DE LA UNIVERSIDAD ITALIANA, EL PROGRAMA DE INVESTIGACI\u00d3N Y EL NOMBRE Y CONTACTO E-MAIL DE SU TUTOR.<\/strong><strong>\u00a0<\/strong><\/p>\n<p>La fecha l\u00edmite para aplicar online es el<strong> 26 de marzo de 2026 a las 14.00 (hora italiana)<\/strong>.<\/p>\n<p style=\"text-align: center;\"><strong><br \/>\nBECAS<\/strong><\/p>\n<p>\u00a0 \u00a0 \u00a0 \u00a0 \u00a0 \u00a0 \u00a0 \u00a0 \u00a0 \u00a0 \u00a0 \u00a0 \u00a0 \u00a0 \u00a0 \u00a0 \u00a0 \u00a0 \u00a0 \u00a0 \u00a0 \u00a0 \u00a0 \u00a0 \u00a0 \u00a0 \u00a0 \u00a0 \u00a0 \u00a0 \u00a0 \u00a0 \u00a0 \u00a0 \u00a0 \u00a0 \u00a0 \u00a0 \u00a0 <a href=\"https:\/\/investyourtalentapplication.esteri.it\/SitoIYT\/EN\/invest-your-talent-in-italy\"><img loading=\"lazy\" decoding=\"async\" class=\" img-fluid alignnone wp-image-5295\" src=\"https:\/\/ambbogota.esteri.it\/wp-content\/uploads\/2025\/01\/Invest-Your-Talent-300x256.jpg\" alt=\"\" width=\"232\" height=\"198\" srcset=\"https:\/\/ambbogota.esteri.it\/wp-content\/uploads\/2025\/01\/Invest-Your-Talent-300x256.jpg 300w, https:\/\/ambbogota.esteri.it\/wp-content\/uploads\/2025\/01\/Invest-Your-Talent.jpg 474w\" sizes=\"auto, (max-width: 232px) 100vw, 232px\" \/><\/a><\/p>\n<p><strong>PROGRAMA INVEST YOUR TALENT:<\/strong> pretende promover la internacionalizaci\u00f3n del sistema universitario italiano como centro de excelencia. Ofrece a los estudiantes extranjeros la oportunidad de recibir formaci\u00f3n satisfactoria y desarrollar una carrera profesional de \u00e9xito en el futuro. El programa combina programas de grado y postgrado en disciplinas de ingenier\u00eda, econom\u00eda o arquitectura en universidades italianas y periodos de formaci\u00f3n en empresas italianas.<\/p>\n<p>Para m\u00e1s informaci\u00f3n: <a href=\"https:\/\/investyourtalentapplication.esteri.it\/SitoIYT\/EN\/invest-your-talent-in-italy\">IYT<\/a>.<\/p>\n<p><strong>\u00a0 \u00a0 \u00a0 \u00a0 \u00a0 \u00a0 \u00a0 \u00a0 \u00a0 \u00a0 \u00a0 \u00a0 \u00a0 \u00a0 \u00a0 \u00a0 \u00a0 \u00a0 \u00a0 \u00a0 \u00a0 \u00a0 \u00a0 \u00a0 \u00a0 \u00a0 \u00a0 \u00a0 \u00a0 \u00a0 \u00a0 \u00a0<a href=\"https:\/\/www.accademialascala.it\/\"><img loading=\"lazy\" decoding=\"async\" class=\"img-fluid alignnone wp-image-6235 size-full\" src=\"https:\/\/ambbogota.esteri.it\/wp-content\/uploads\/2025\/04\/la-scala.png\" alt=\"\" width=\"301\" height=\"167\" \/><\/a><br \/>\nBECAS DE ESTUDIOS DEL MAECI EN COLABORACI\u00d3N CON LA ACADEMIA DE ARTES Y PROFESIONES DEL TEATRO LA SCALA:<\/strong> El Ministerio de Asuntos Exteriores y de Cooperaci\u00f3n Internacional, en colaboraci\u00f3n con la Academia de Artes y Profesiones del Teatro la Scala (Mil\u00e1n), considerada una de las instituciones m\u00e1s prestigiosas para la formaci\u00f3n de todas las figuras profesionales que trabajan en las artes esc\u00e9nicas: art\u00edsticas, t\u00e9cnicas y directivas, ofrece becas para:<\/p>\n<ol>\n<li><strong>Academia de Especializaci\u00f3n para cantantes l\u00edricos<\/strong><br \/>\nPara el a\u00f1o acad\u00e9mico 2025-2026 el MAECI ofrecer\u00e1 hasta 10 becas a estudiantes extranjeros. Tendr\u00e1n una duraci\u00f3n de 9 meses a partir del 1 de enero de 2026.<br \/>\nLa inscripci\u00f3n para las convocatorias de la Academia est\u00e1 abierta hasta el 9 de abril de 2025. Para m\u00e1s informaci\u00f3n: <a href=\"https:\/\/www.accademialascala.it\/musica\/corso-per-cantanti-lirici\">Especializaci\u00f3n para cantantes l\u00edricos<\/a>.<\/li>\n<li><strong>Global Master in Performing Arts Management<\/strong><br \/>\nPara el a\u00f1o acad\u00e9mico 2025-2026 MAECI ofrecer\u00e1 hasta 9 becas a estudiantes extranjeros. Tendr\u00e1n una duraci\u00f3n de 6 meses a partir del 1 de enero de 2026.<br \/>\nLa inscripci\u00f3n para las convocatorias de la Academia est\u00e1 abierta hasta el 1 de octubre para los estudiantes que sean ciudadanos de estados miembros de la Uni\u00f3n Europea, y hasta el 17 de septiembre para los ciudadanos de estados no miembros. Para m\u00e1s informaci\u00f3n: <a href=\"https:\/\/www.accademialascala.it\/management\/master-in-performing-arts-management\">Global master in performing arts management<\/a>.<\/li>\n<\/ol>\n<p>&nbsp;<\/p>\n","protected":false},"excerpt":{"rendered":"BECAS PARA CIUDADANOS COLOMBIANOS E ITALIANOS RESIDENTES EN COLOMBIA (I.R.E.) El Gobierno de Italia ofrece para el a\u00f1o acad\u00e9mico 2026-2027 becas que son otorgadas para estudios de \u201cLaurea Magistrale\/Master of Science\u201d, Doctorados de Investigaci\u00f3n y proyectos de investigaci\u00f3n en las Instituciones italianas estatales o legalmente reconocidas. Pueden participar \u00fanicamente los candidatos que est\u00e9n actualmente viviendo [&hellip;]","protected":false},"author":5,"featured_media":0,"parent":158,"menu_order":0,"comment_status":"closed","ping_status":"closed","template":"","meta":{"footnotes":""},"class_list":["post-733","page","type-page","status-publish","hentry"],"_links":{"self":[{"href":"https:\/\/ambbogota.esteri.it\/es\/wp-json\/wp\/v2\/pages\/733","targetHints":{"allow":["GET"]}}],"collection":[{"href":"https:\/\/ambbogota.esteri.it\/es\/wp-json\/wp\/v2\/pages"}],"about":[{"href":"https:\/\/ambbogota.esteri.it\/es\/wp-json\/wp\/v2\/types\/page"}],"author":[{"embeddable":true,"href":"https:\/\/ambbogota.esteri.it\/es\/wp-json\/wp\/v2\/users\/5"}],"replies":[{"embeddable":true,"href":"https:\/\/ambbogota.esteri.it\/es\/wp-json\/wp\/v2\/comments?post=733"}],"version-history":[{"count":6,"href":"https:\/\/ambbogota.esteri.it\/es\/wp-json\/wp\/v2\/pages\/733\/revisions"}],"predecessor-version":[{"id":7547,"href":"https:\/\/ambbogota.esteri.it\/es\/wp-json\/wp\/v2\/pages\/733\/revisions\/7547"}],"up":[{"embeddable":true,"href":"https:\/\/ambbogota.esteri.it\/es\/wp-json\/wp\/v2\/pages\/158"}],"wp:attachment":[{"href":"https:\/\/ambbogota.esteri.it\/es\/wp-json\/wp\/v2\/media?parent=733"}],"curies":[{"name":"wp","href":"https:\/\/api.w.org\/{rel}","templated":true}]}}