{"id":740,"date":"2023-08-09T15:55:03","date_gmt":"2023-08-09T20:55:03","guid":{"rendered":"https:\/\/ambbogota.esteri.it\/?page_id=740"},"modified":"2025-02-21T10:56:39","modified_gmt":"2025-02-21T15:56:39","slug":"universidades-italianas-2","status":"publish","type":"page","link":"https:\/\/ambbogota.esteri.it\/es\/italia-e-colombia\/diplomazia-culturale\/studiare-in-italia\/universidades-italianas-2\/","title":{"rendered":"Universidades Italianas"},"content":{"rendered":"<p style=\"text-align: justify;\"><a href=\"https:\/\/mim.gov.it\/universita2\" target=\"_blank\" rel=\"noopener\">Informaci\u00f3n sobre las Universidades italianas<\/a><\/p>\n<p style=\"text-align: justify;\">Listado de las\u00a0<a href=\"https:\/\/cercauniversita.cineca.it\/index.php?module=strutture&amp;page=StructureSearchParams&amp;advanced_serch=1\" target=\"_blank\" rel=\"noopener\">Universidades italianas<\/a>\u00a0y Academias, Conservatorios e Institutos di Alta Formaci\u00f3n Art\u00edstica y Musical (<a href=\"https:\/\/www.mur.gov.it\/it\/aree-tematiche\/afam\/gli-istituti\/istituti-afam-legalmente-riconosciuti\" target=\"_blank\" rel=\"noopener\">AFAM<\/a>).<\/p>\n<p style=\"text-align: justify;\">Inscripci\u00f3n de estudiantes extranjeros: los estudiantes extranjeros interesados en estudiar en Universidades italianas encuentran noticias \u00fatiles sobre los cupos reservados en una sesi\u00f3n del Ministerio de la Educaci\u00f3n de Italia (<a href=\"http:\/\/www.studiare-in-italia.it\/studentistranieri\" target=\"_blank\" rel=\"noopener\">MIUR<\/a>).<\/p>\n<p style=\"text-align: justify;\">Para informaciones sobre los requisitos para el reconocimiento del t\u00edtulo de estudio conseguido en Colombia (Declaraci\u00f3n de valor) y para la Pre-Inscripci\u00f3n universitaria <a href=\"https:\/\/ambbogota.esteri.it\/es\/italia-e-colombia\/diplomazia-culturale\/studiare-in-italia\/declaraciones-de-valor\/\">Declaraciones de valor \u2013 Ambasciata d&#8217;Italia Bogot\u00e0<\/a><\/p>\n<p style=\"text-align: justify;\">Para m\u00e1s informaci\u00f3n <a class=\"focus--mouse\" href=\"https:\/\/www.esteri.it\/it\/opportunita\/\" data-focus-mouse=\"true\">Oportunidades de estudio y de trabajo \u2013 Ministero degli Affari Esteri e della Cooperazione Internazionale<\/a>.<\/p>\n<p style=\"text-align: justify;\"><strong>Experiencias de estudio<\/strong><\/p>\n<p style=\"text-align: justify;\"><iframe loading=\"lazy\" src=\"https:\/\/www.youtube.com\/embed\/QHtuf4B6vZw\" width=\"560\" height=\"315\" frameborder=\"0\" allowfullscreen=\"allowfullscreen\" data-mce-fragment=\"1\"><\/iframe><iframe loading=\"lazy\" src=\"https:\/\/www.youtube.com\/embed\/Zp0EWFtwgEg\" width=\"560\" height=\"315\" frameborder=\"0\" allowfullscreen=\"allowfullscreen\" data-mce-fragment=\"1\"><\/iframe><iframe loading=\"lazy\" src=\"https:\/\/www.youtube.com\/embed\/netESsee2V4\" width=\"560\" height=\"315\" frameborder=\"0\" allowfullscreen=\"allowfullscreen\" data-mce-fragment=\"1\"><\/iframe><\/p>\n","protected":false},"excerpt":{"rendered":"Informaci\u00f3n sobre las Universidades italianas Listado de las\u00a0Universidades italianas\u00a0y Academias, Conservatorios e Institutos di Alta Formaci\u00f3n Art\u00edstica y Musical (AFAM). Inscripci\u00f3n de estudiantes extranjeros: los estudiantes extranjeros interesados en estudiar en Universidades italianas encuentran noticias \u00fatiles sobre los cupos reservados en una sesi\u00f3n del Ministerio de la Educaci\u00f3n de Italia (MIUR). Para informaciones sobre los [&hellip;]","protected":false},"author":5,"featured_media":0,"parent":158,"menu_order":0,"comment_status":"closed","ping_status":"closed","template":"","meta":{"footnotes":""},"class_list":["post-740","page","type-page","status-publish","hentry"],"_links":{"self":[{"href":"https:\/\/ambbogota.esteri.it\/es\/wp-json\/wp\/v2\/pages\/740","targetHints":{"allow":["GET"]}}],"collection":[{"href":"https:\/\/ambbogota.esteri.it\/es\/wp-json\/wp\/v2\/pages"}],"about":[{"href":"https:\/\/ambbogota.esteri.it\/es\/wp-json\/wp\/v2\/types\/page"}],"author":[{"embeddable":true,"href":"https:\/\/ambbogota.esteri.it\/es\/wp-json\/wp\/v2\/users\/5"}],"replies":[{"embeddable":true,"href":"https:\/\/ambbogota.esteri.it\/es\/wp-json\/wp\/v2\/comments?post=740"}],"version-history":[{"count":6,"href":"https:\/\/ambbogota.esteri.it\/es\/wp-json\/wp\/v2\/pages\/740\/revisions"}],"predecessor-version":[{"id":5760,"href":"https:\/\/ambbogota.esteri.it\/es\/wp-json\/wp\/v2\/pages\/740\/revisions\/5760"}],"up":[{"embeddable":true,"href":"https:\/\/ambbogota.esteri.it\/es\/wp-json\/wp\/v2\/pages\/158"}],"wp:attachment":[{"href":"https:\/\/ambbogota.esteri.it\/es\/wp-json\/wp\/v2\/media?parent=740"}],"curies":[{"name":"wp","href":"https:\/\/api.w.org\/{rel}","templated":true}]}}