{"id":744,"date":"2023-08-11T17:04:25","date_gmt":"2023-08-11T22:04:25","guid":{"rendered":"https:\/\/ambbogota.esteri.it\/?page_id=744"},"modified":"2023-08-29T09:52:54","modified_gmt":"2023-08-29T14:52:54","slug":"notificaciones-2","status":"publish","type":"page","link":"https:\/\/ambbogota.esteri.it\/es\/servizi-consolari-e-visti\/servizi-per-il-cittadino-italiano\/notificaciones-2\/","title":{"rendered":"Notificaciones"},"content":{"rendered":"<p><strong>Notificaci\u00f3n judicial y extrajudicial en el extranjero<\/strong><\/p>\n<p>La actividad de notificaci\u00f3n es una fase fundamental de los juicios civiles, penales, fiscales, administrativos, concursales y laborales, as\u00ed como algunas fases previas al juicio o administrativas, que da conocimiento legal de una disposici\u00f3n mediante la entrega de un acto, judicial o extrajudicial, por un determinado notificador, seg\u00fan precisas modalidades.<\/p>\n<p>De conformidad con el art. 37 del Decreto Legislativo 71\/2011, la Oficina Consular notifica el acto que se le presentan, en cumplimiento de las disposiciones de cooperaci\u00f3n judicial de la Uni\u00f3n Europea, los convenios internacionales pertinentes y las leyes del pa\u00eds de residencia.<\/p>\n<p>Debe distinguirse entre <em>actos civiles<\/em> y <em>actos administrativos<\/em>.<\/p>\n<p>En cuanto a los primeros, en 2013 Colombia adhiri\u00f3 al Convenio de La Haya de 1965, en virtud del cual la solicitud de notificaci\u00f3n dirigida a extranjeros (pero tambi\u00e9n italianos, cuando no se prefiere la v\u00eda diplom\u00e1tica) deben dirigirse directamente a la Autoridad Central indicada por el pa\u00eds adherente y no a la Embajada. En este caso al Ministerio de Relaciones Exteriores &#8211; Direcci\u00f3n de Asuntos Migratorios, Consulares y Servicio al Ciudadano.<\/p>\n<p>Los actos administrativos, en cambio, deben ser enviados directamente desde Italia con correo certificado por la Entidad interesada. En estos casos cualquier solicitud que se env\u00eden directamente a la Embajada pueden ser devueltos al remitente, salvo que se solicite expresamente la v\u00eda diplom\u00e1tica, a la que en ocasiones se recurre cuando el primer intento por la v\u00eda ordinaria no haya dado resultado positivo.<\/p>\n<p><strong>Si se desconoce la direcci\u00f3n, no ser\u00e1 posible notificar el acto en el extranjero. <\/strong><\/p>\n<p>En la p\u00e1gina web del MAECI existen gu\u00edas sobre la notificaci\u00f3n de documentos en el exterior, donde se encuentran todas las referencias normativas:<\/p>\n<ul>\n<li><a href=\"https:\/\/www.esteri.it\/wp-content\/uploads\/2022\/10\/Guida-notifiche-civili-e-commerciali-2022.pdf\">Notificaci\u00f3n en el extranjero de actos judiciales y extrajudiciales en materia civil y comercial<\/a><\/li>\n<li><a href=\"https:\/\/www.esteri.it\/wp-content\/uploads\/2022\/10\/Guida-Notifiche-Amministrative-2022.pdf\">Notificaci\u00f3n de actos administrativos para personas residentes en el extranjero<\/a><\/li>\n<li><a href=\"https:\/\/www.esteri.it\/wp-content\/uploads\/2022\/06\/Vademecum-Notifiche-in-Italia-2022.pdf\">Notificaci\u00f3n en Italia de actos judiciales y extrajudiciales en materia civil\u2013comercial, administrativo y penal<\/a><\/li>\n<\/ul>\n<p>Adem\u00e1s, se recomienda consultar las siguientes p\u00e1ginas web oficiales de los organismos profesionales competentes encargados de tratar la materia:<\/p>\n<ul>\n<li>sitio oficial del \u00ab<a href=\"https:\/\/www.notariato.it\/\">Notariato\u00bb<\/a>;<\/li>\n<li>sitio oficial de la <a href=\"http:\/\/www.auge.it\/\">Asociaci\u00f3n \u00abUfficiali Giudiziari in Europa\u00bb (AUGE)<\/a>;<\/li>\n<li>sitio oficial de la <a href=\"http:\/\/www.anusca.it\/\">Asociaci\u00f3n Nacional \u00abUfficiali di Stato Civile e d&#8217;Anagrafe\u00bb (ANUSCA)<\/a>.<\/li>\n<\/ul>\n","protected":false},"excerpt":{"rendered":"Notificaci\u00f3n judicial y extrajudicial en el extranjero La actividad de notificaci\u00f3n es una fase fundamental de los juicios civiles, penales, fiscales, administrativos, concursales y laborales, as\u00ed como algunas fases previas al juicio o administrativas, que da conocimiento legal de una disposici\u00f3n mediante la entrega de un acto, judicial o extrajudicial, por un determinado notificador, seg\u00fan [&hellip;]","protected":false},"author":6,"featured_media":0,"parent":166,"menu_order":3,"comment_status":"closed","ping_status":"closed","template":"","meta":{"footnotes":""},"class_list":["post-744","page","type-page","status-publish","hentry"],"_links":{"self":[{"href":"https:\/\/ambbogota.esteri.it\/es\/wp-json\/wp\/v2\/pages\/744","targetHints":{"allow":["GET"]}}],"collection":[{"href":"https:\/\/ambbogota.esteri.it\/es\/wp-json\/wp\/v2\/pages"}],"about":[{"href":"https:\/\/ambbogota.esteri.it\/es\/wp-json\/wp\/v2\/types\/page"}],"author":[{"embeddable":true,"href":"https:\/\/ambbogota.esteri.it\/es\/wp-json\/wp\/v2\/users\/6"}],"replies":[{"embeddable":true,"href":"https:\/\/ambbogota.esteri.it\/es\/wp-json\/wp\/v2\/comments?post=744"}],"version-history":[{"count":2,"href":"https:\/\/ambbogota.esteri.it\/es\/wp-json\/wp\/v2\/pages\/744\/revisions"}],"predecessor-version":[{"id":1129,"href":"https:\/\/ambbogota.esteri.it\/es\/wp-json\/wp\/v2\/pages\/744\/revisions\/1129"}],"up":[{"embeddable":true,"href":"https:\/\/ambbogota.esteri.it\/es\/wp-json\/wp\/v2\/pages\/166"}],"wp:attachment":[{"href":"https:\/\/ambbogota.esteri.it\/es\/wp-json\/wp\/v2\/media?parent=744"}],"curies":[{"name":"wp","href":"https:\/\/api.w.org\/{rel}","templated":true}]}}