{"id":745,"date":"2023-08-14T13:57:26","date_gmt":"2023-08-14T18:57:26","guid":{"rendered":"https:\/\/ambbogota.esteri.it\/?page_id=745"},"modified":"2023-08-15T14:04:41","modified_gmt":"2023-08-15T19:04:41","slug":"declaraciones-de-valor","status":"publish","type":"page","link":"https:\/\/ambbogota.esteri.it\/es\/servizi-consolari-e-visti\/servizi-per-il-cittadino-straniero\/declaraciones-de-valor\/","title":{"rendered":"Declaraciones de valor"},"content":{"rendered":"<p>Para informaci\u00f3n sobre declaraci\u00f3n de valor (legalizaci\u00f3n de t\u00edtulo de estudio colombiano) consultar la secci\u00f3n <a href=\"https:\/\/ambbogota.esteri.it\/es\/italia-e-colombia\/diplomazia-culturale\/studiare-in-italia\/declaraciones-de-valor\/\">Declaraciones de valor<\/a><\/p>\n","protected":false},"excerpt":{"rendered":"Para informaci\u00f3n sobre declaraci\u00f3n de valor (legalizaci\u00f3n de t\u00edtulo de estudio colombiano) consultar la secci\u00f3n Declaraciones de valor","protected":false},"author":5,"featured_media":0,"parent":183,"menu_order":0,"comment_status":"closed","ping_status":"closed","template":"","meta":{"footnotes":""},"class_list":["post-745","page","type-page","status-publish","hentry"],"_links":{"self":[{"href":"https:\/\/ambbogota.esteri.it\/es\/wp-json\/wp\/v2\/pages\/745","targetHints":{"allow":["GET"]}}],"collection":[{"href":"https:\/\/ambbogota.esteri.it\/es\/wp-json\/wp\/v2\/pages"}],"about":[{"href":"https:\/\/ambbogota.esteri.it\/es\/wp-json\/wp\/v2\/types\/page"}],"author":[{"embeddable":true,"href":"https:\/\/ambbogota.esteri.it\/es\/wp-json\/wp\/v2\/users\/5"}],"replies":[{"embeddable":true,"href":"https:\/\/ambbogota.esteri.it\/es\/wp-json\/wp\/v2\/comments?post=745"}],"version-history":[{"count":1,"href":"https:\/\/ambbogota.esteri.it\/es\/wp-json\/wp\/v2\/pages\/745\/revisions"}],"predecessor-version":[{"id":746,"href":"https:\/\/ambbogota.esteri.it\/es\/wp-json\/wp\/v2\/pages\/745\/revisions\/746"}],"up":[{"embeddable":true,"href":"https:\/\/ambbogota.esteri.it\/es\/wp-json\/wp\/v2\/pages\/183"}],"wp:attachment":[{"href":"https:\/\/ambbogota.esteri.it\/es\/wp-json\/wp\/v2\/media?parent=745"}],"curies":[{"name":"wp","href":"https:\/\/api.w.org\/{rel}","templated":true}]}}