{"id":748,"date":"2023-08-11T12:39:38","date_gmt":"2023-08-11T17:39:38","guid":{"rendered":"https:\/\/ambbogota.esteri.it\/?page_id=748"},"modified":"2025-01-28T16:13:41","modified_gmt":"2025-01-28T21:13:41","slug":"visas-requisitos","status":"publish","type":"page","link":"https:\/\/ambbogota.esteri.it\/es\/servizi-consolari-e-visti\/servizi-per-il-cittadino-straniero\/visti\/visas-requisitos\/","title":{"rendered":"Visas &#8211; Requisitos"},"content":{"rendered":"<ul>\n<li><strong>CITAS<\/strong><\/li>\n<\/ul>\n<p>A partir\u00a0<strong>del 7 de noviembre de 2023, no se requiere reservar la cita en la plataforma Prenot@mi<\/strong>\u00a0para presentar las solicitudes de\u00a0<strong>visa para Italia<\/strong>, las cuales ser\u00e1n recibidas los d\u00edas lunes, mi\u00e9rcoles, jueves y viernes de 08:30 a 11:30 y martes de 13:30 a 15:00 <strong>sin cita previa y sin l\u00edmites de ning\u00fan tipo<\/strong>.<\/p>\n<p><strong>Todos los usuarios que se presenten en la Embajada durante esta franja horaria ser\u00e1n recibidos sin restricciones. La recepci\u00f3n se asegurar\u00e1 en funci\u00f3n de la hora de llegada y teniendo en cuenta las categor\u00edas protegidas<\/strong>\u00a0(personas con discapacidad, familias con ni\u00f1os menores de dos a\u00f1os, mujeres embarazadas, adultos mayores de 75 a\u00f1os)\u00a0<strong>que tendr\u00e1n acceso prioritario<\/strong>.<\/p>\n<p>La solicitud de visa se puede realizar a partir de seis meses antes de la fecha prevista de viaje y hasta 15 d\u00edas anteriores a la fecha de viaje. No se podr\u00e1n recibir solicitudes de visa para viajes con fecha mayor a seis meses. Solicitudes de visa efectuadas faltando 15 d\u00edas de la fecha de viaje podr\u00edan ser rechazadas en la ventanilla.<\/p>\n<p>Ejemplo: si viaja el 2 de junio puede solicitar la visa a partir del 2 de diciembre y hasta el 19 de mayo.<\/p>\n<ul>\n<li><strong>PAGO<\/strong><\/li>\n<\/ul>\n<p>La visa, como muchos servicios consulares, tiene un costo que se debe pagar antes de presentarse a la entrevista y ante de la entrega de la documentaci\u00f3n para solicitud de visa en la Embajada. El valor a consignar corresponde a las tarifas de los derechos consulares establecidas cada trimestre (no se debe consignar el valor en pesos del cambio del d\u00eda con el Euro). La consignaci\u00f3n se debe realizar en efectivo en el Banco GNB Sudameris y no ser\u00e1 recibido ning\u00fan tipo de pago en la ventanilla. Si ya se consign\u00f3 un valor inferior, podr\u00e1 complementar el valor faltante en el banco. El d\u00eda de la solicitud de visa se debe presentar el\/los recibo\/s original\/es de la consignaci\u00f3n realizada en el Banco GNB Sudameris, Cuenta Corriente N. 11538667 Art. 29. El monto a pagar var\u00eda seg\u00fan la tipolog\u00eda de visa (*).<\/p>\n<p>Para m\u00e1s informaci\u00f3n visite la p\u00e1gina de los\u00a0<a href=\"https:\/\/ambbogota.esteri.it\/es\/servizi-consolari-e-visti\/servizi-per-il-cittadino-italiano\/derechos-consulares-2\/\">derechos consulares<\/a>.<\/p>\n<p>(*) La visa m\u00e1s frecuente es la visa de tipo D. El costo de la visa de Estudio (tipo D) tiene un costo mucho m\u00e1s bajo de las otras tipolog\u00edas de visa de tipo D.\u00a0<strong>Si no se efect\u00faa el pago antes de presentarse en la Embajada, las solicitudes no podr\u00e1n ser\u00e1n recibidas<\/strong>.<\/p>\n<ul>\n<li><strong>HORARIO DE RECEPCI\u00d3N Y ENTREGA<\/strong><\/li>\n<\/ul>\n<p>Las solicitudes de\u00a0<strong>visa para Italia\u00a0<\/strong>ser\u00e1n recibidas los d\u00edas lunes, mi\u00e9rcoles, jueves y viernes de 08:30 a 11:30 y martes de 13:30:00 a 15:00 <strong>sin cita previa y sin l\u00edmites de ning\u00fan tipo.<\/strong><\/p>\n<p>El solicitante, antes de ser llamado a la ventanilla, DEBE LLENAR el formulario (<a href=\"https:\/\/ambbogota.esteri.it\/wp-content\/uploads\/2023\/09\/formulario_nazionale_spagnolo-compilato.pdf\">vea ejemplo<\/a>) y DEBE ORGANIZAR los documentos seg\u00fan el orden indicado en los respectivos requisitos en la p\u00e1gina web, ya que deber\u00e1 entregar la documentaci\u00f3n requerida completa y ordenada, incluyendo el pasaporte, la foto adicional y el recibo de consignaci\u00f3n de los derechos consulares.<\/p>\n<p><strong>Las respuestas a TODAS<\/strong>\u00a0<strong>las solicitudes de visa<\/strong>\u00a0y las solicitudes de pre-visa de adopci\u00f3n\u00a0<strong>se dar\u00e1n presencialmente<\/strong>\u00a0previa cita agendada por la oficina de visas a trav\u00e9s del correo electr\u00f3nico. En todos los casos los horarios son r\u00edgidos. La Embajada podr\u00e1 variar, seg\u00fan las necesidades organizativas, los horarios de recepci\u00f3n y entrega.<\/p>\n<ul>\n<li><strong>CONCESI\u00d3N O RECHAZO DE LA VISA<\/strong><\/li>\n<\/ul>\n<p>Se recuerda que la emisi\u00f3n de la Visa es una concesi\u00f3n y no es un derecho, por lo tanto, la solicitud de visa aceptada, podr\u00e1 ser aprobada con la emisi\u00f3n de la visa o denegada, con el rechazo de la visa. En este \u00faltimo caso se emitir\u00e1 un documento denominado \u201c<em>Provvedimento di Diniego<\/em>\u201d.<\/p>\n<p>La Embajada podr\u00eda, en una fase intermedia, solicitar documentaci\u00f3n adicional. En este caso se emitir\u00e1 un documento denominado \u201c<em>Preavviso di Rigetto<\/em>\u201d. El usuario tendr\u00e1 un plazo de 10 d\u00edas h\u00e1biles para entregar la documentaci\u00f3n solicitada.<\/p>\n<ul>\n<li><strong>INGRESO EN ITALIA<\/strong><\/li>\n<\/ul>\n<p>El hecho de ser titular de una visa de tipo C o D no confiere autom\u00e1ticamente el derecho de ingreso en Italia o en el \u00e1rea Schengen. El titular de la visa deber\u00e1 mostrar a la Polic\u00eda de Migraci\u00f3n y de Frontera el pasaporte con la respectiva visa v\u00e1lida tipo C o D.<\/p>\n<p>Los titulares de la visa de tipo D deben, en los primeros 8 d\u00edas de la llegada a Italia, solicitar el \u201c<em>Permesso di Soggiorno<\/em>\u201d (Permiso de Estad\u00eda).<\/p>\n<p><strong>NOTA:\u00a0<\/strong>Se avisa que no existe un proceso de renovaci\u00f3n de visa y que el ciudadano extranjero interesado en permanecer en el territorio italiano, luego de haber obtenido una visa D, deber\u00e1 renovar su\u00a0<em>Permesso di Soggiorno<\/em>\u00a0ante las autoridades italianas competentes.<\/p>\n<p>&nbsp;<\/p>\n","protected":false},"excerpt":{"rendered":"CITAS A partir\u00a0del 7 de noviembre de 2023, no se requiere reservar la cita en la plataforma Prenot@mi\u00a0para presentar las solicitudes de\u00a0visa para Italia, las cuales ser\u00e1n recibidas los d\u00edas lunes, mi\u00e9rcoles, jueves y viernes de 08:30 a 11:30 y martes de 13:30 a 15:00 sin cita previa y sin l\u00edmites de ning\u00fan tipo. Todos [&hellip;]","protected":false},"author":5,"featured_media":0,"parent":184,"menu_order":0,"comment_status":"closed","ping_status":"closed","template":"","meta":{"footnotes":""},"class_list":["post-748","page","type-page","status-publish","hentry"],"_links":{"self":[{"href":"https:\/\/ambbogota.esteri.it\/es\/wp-json\/wp\/v2\/pages\/748","targetHints":{"allow":["GET"]}}],"collection":[{"href":"https:\/\/ambbogota.esteri.it\/es\/wp-json\/wp\/v2\/pages"}],"about":[{"href":"https:\/\/ambbogota.esteri.it\/es\/wp-json\/wp\/v2\/types\/page"}],"author":[{"embeddable":true,"href":"https:\/\/ambbogota.esteri.it\/es\/wp-json\/wp\/v2\/users\/5"}],"replies":[{"embeddable":true,"href":"https:\/\/ambbogota.esteri.it\/es\/wp-json\/wp\/v2\/comments?post=748"}],"version-history":[{"count":6,"href":"https:\/\/ambbogota.esteri.it\/es\/wp-json\/wp\/v2\/pages\/748\/revisions"}],"predecessor-version":[{"id":5530,"href":"https:\/\/ambbogota.esteri.it\/es\/wp-json\/wp\/v2\/pages\/748\/revisions\/5530"}],"up":[{"embeddable":true,"href":"https:\/\/ambbogota.esteri.it\/es\/wp-json\/wp\/v2\/pages\/184"}],"wp:attachment":[{"href":"https:\/\/ambbogota.esteri.it\/es\/wp-json\/wp\/v2\/media?parent=748"}],"curies":[{"name":"wp","href":"https:\/\/api.w.org\/{rel}","templated":true}]}}