{"id":750,"date":"2023-08-11T12:43:18","date_gmt":"2023-08-11T17:43:18","guid":{"rendered":"https:\/\/ambbogota.esteri.it\/?page_id=750"},"modified":"2025-01-28T16:25:00","modified_gmt":"2025-01-28T21:25:00","slug":"visas-de-estudio","status":"publish","type":"page","link":"https:\/\/ambbogota.esteri.it\/es\/servizi-consolari-e-visti\/servizi-per-il-cittadino-straniero\/visti\/visas-requisitos\/visas-de-estudio\/","title":{"rendered":"Visas de Estudio"},"content":{"rendered":"<p style=\"text-align: justify;\">NUEVO REQUISITO VALIDO PARA TODAS LA TIPOLOGIAS DE VISAS DE ESTUDIO:<br \/>\nLos estudiantes interesados en realizar estudios en Italia pueden realizar un test de evaluaci\u00f3n de conocimiento del idioma en el Istituto Italiano di Cultura.<br \/>\nPara informaciones sobre el test pueden consultar la p\u00e1gina web del IIC: <a href=\"http:\/\/www.iicbogota.esteri.it\">www.iicbogota.esteri.it<\/a> o escribir al correo <a href=\"mailto:corsi.iicbogota@esteri.it\">corsi.iicbogota@esteri.it<\/a><\/p>\n<ul>\n<li><a href=\"https:\/\/ambbogota.esteri.it\/it\/servizi-consolari-e-visti\/servizi-per-il-cittadino-straniero\/visti\/visti-requisiti\/visas-de-estudio\/visa-de-estudio-del-idioma-italiano-y-o-de-otros-cursos\/\">Visa de Estudio del Idioma Italiano y\/o de Otros Cursos<\/a><\/li>\n<li><a href=\"https:\/\/ambbogota.esteri.it\/es\/servizi-consolari-e-visti\/servizi-per-il-cittadino-straniero\/visti\/visas-requisitos\/visas-de-estudio\/visa-de-estudio-de-intercambio-para-efectuar-un-periodo-de-estudios-en-una-universidad-operante-en-italia\/\">Visa de Estudio de Intercambio para Efectuar un Periodo de Estudios en una Universidad Operante en Italia (en Esta Categor\u00eda Est\u00e1n Tambi\u00e9n Incluidos los Programas de Doble Titulaci\u00f3n)<\/a><\/li>\n<li><a href=\"https:\/\/ambbogota.esteri.it\/it\/servizi-consolari-e-visti\/servizi-per-il-cittadino-straniero\/visti\/visti-requisiti\/visas-de-estudio\/visa-de-estudios-para-realizar-un-curso-de-especializacion-post-universitaria\/\">Visa de Estudios para Realizar un Curso de Especializaci\u00f3n Post-Universitaria (en Esta Categor\u00eda Est\u00e1n Incluidos: Master de I y II nivel, PhD)<\/a><\/li>\n<li><a href=\"https:\/\/ambbogota.esteri.it\/it\/servizi-consolari-e-visti\/servizi-per-il-cittadino-straniero\/visti\/visti-requisiti\/visas-de-estudio\/visa-de-estudio-para-la-inscripcion-en-una-universidad-operante-en-italia\/\">Visa de Estudio para la Inscripci\u00f3n en una Universidad Operante en Italia (Esta Categor\u00eda se Refiere a \u201cLaurea Triennale\u201d y \u201cLaurea Magistrale\u201d)<\/a><\/li>\n<li><a href=\"https:\/\/ambbogota.esteri.it\/es\/servizi-consolari-e-visti\/servizi-per-il-cittadino-straniero\/visti\/visas-requisitos\/visas-de-estudio\/visa-de-estudios-para-formacion-profesional\/\"><u>Visa de Estudios para Formaci\u00f3n Profesional<\/u><\/a><\/li>\n<li><a href=\"https:\/\/ambbogota.esteri.it\/es\/servizi-consolari-e-visti\/servizi-per-il-cittadino-straniero\/visti\/visas-requisitos\/visas-de-estudio\/visa-de-estudios-para-pasantia-curricular\/\">Visa de Estudios para Pasant\u00eda Curricular<\/a><\/li>\n<li><a href=\"https:\/\/ambbogota.esteri.it\/es\/servizi-consolari-e-visti\/servizi-per-il-cittadino-straniero\/visti\/visas-requisitos\/visas-de-estudio\/visa-de-estudios-para-pasantia-formativa-extracurricular\/\">Visa de Estudios para Pasant\u00eda Formativa \u00abExtracurricular\u00bb<\/a><\/li>\n<li><a href=\"https:\/\/ambbogota.esteri.it\/es\/servizi-consolari-e-visti\/servizi-per-il-cittadino-straniero\/visti\/visas-requisitos\/visas-de-estudio\/visa-de-estudios-para-realizar-un-foundation-course-curso-pre-universitario-en-una-universidad-operante-en-italia\/\">Visa de Estudios para Realizar un \u201cFoundation Course\u201d (Curso Pre-Universitario) en una Universidad Operante en Italia<\/a><\/li>\n<\/ul>\n","protected":false},"excerpt":{"rendered":"NUEVO REQUISITO VALIDO PARA TODAS LA TIPOLOGIAS DE VISAS DE ESTUDIO: Los estudiantes interesados en realizar estudios en Italia pueden realizar un test de evaluaci\u00f3n de conocimiento del idioma en el Istituto Italiano di Cultura. Para informaciones sobre el test pueden consultar la p\u00e1gina web del IIC: www.iicbogota.esteri.it o escribir al correo corsi.iicbogota@esteri.it Visa de [&hellip;]","protected":false},"author":5,"featured_media":0,"parent":748,"menu_order":0,"comment_status":"closed","ping_status":"closed","template":"","meta":{"footnotes":""},"class_list":["post-750","page","type-page","status-publish","hentry"],"_links":{"self":[{"href":"https:\/\/ambbogota.esteri.it\/es\/wp-json\/wp\/v2\/pages\/750","targetHints":{"allow":["GET"]}}],"collection":[{"href":"https:\/\/ambbogota.esteri.it\/es\/wp-json\/wp\/v2\/pages"}],"about":[{"href":"https:\/\/ambbogota.esteri.it\/es\/wp-json\/wp\/v2\/types\/page"}],"author":[{"embeddable":true,"href":"https:\/\/ambbogota.esteri.it\/es\/wp-json\/wp\/v2\/users\/5"}],"replies":[{"embeddable":true,"href":"https:\/\/ambbogota.esteri.it\/es\/wp-json\/wp\/v2\/comments?post=750"}],"version-history":[{"count":7,"href":"https:\/\/ambbogota.esteri.it\/es\/wp-json\/wp\/v2\/pages\/750\/revisions"}],"predecessor-version":[{"id":5544,"href":"https:\/\/ambbogota.esteri.it\/es\/wp-json\/wp\/v2\/pages\/750\/revisions\/5544"}],"up":[{"embeddable":true,"href":"https:\/\/ambbogota.esteri.it\/es\/wp-json\/wp\/v2\/pages\/748"}],"wp:attachment":[{"href":"https:\/\/ambbogota.esteri.it\/es\/wp-json\/wp\/v2\/media?parent=750"}],"curies":[{"name":"wp","href":"https:\/\/api.w.org\/{rel}","templated":true}]}}