{"id":752,"date":"2023-08-11T13:24:27","date_gmt":"2023-08-11T18:24:27","guid":{"rendered":"https:\/\/ambbogota.esteri.it\/?page_id=752"},"modified":"2025-07-25T08:39:45","modified_gmt":"2025-07-25T13:39:45","slug":"visa-de-estudio-del-idioma-italiano-y-o-de-otros-cursos","status":"publish","type":"page","link":"https:\/\/ambbogota.esteri.it\/es\/servizi-consolari-e-visti\/servizi-per-il-cittadino-straniero\/visti\/visas-requisitos\/visas-de-estudio\/visa-de-estudio-del-idioma-italiano-y-o-de-otros-cursos\/","title":{"rendered":"Visa de Estudio del Idioma Italiano y\/o de Otros Cursos"},"content":{"rendered":"<p>Para obtener informaciones generales sobre esta tipolog\u00eda de VISA visitar la siguiente p\u00e1gina web del Gobierno Italiano:\u00a0<a href=\"http:\/\/vistoperitalia.esteri.it\/\">vistoperitalia.esteri.it<\/a><\/p>\n<p><strong>\u00bfPara qu\u00e9 sirve y qui\u00e9n la puede solicitar?<\/strong><\/p>\n<ol>\n<li>Esta visa permite ingresar a Italia a los ciudadanos extranjeros residentes en Colombia, que desean <strong><u>perfeccionar<\/u><\/strong> el conocimiento del idioma italiano a partir del nivel B2. <strong><u>Las solicitudes de quienes no tienen conocimiento del idioma italiano B1 certificado no ser\u00e1n recibidas.<\/u><\/strong><\/li>\n<li>Permite adem\u00e1s ingresar a quienes desean perfeccionar el conocimiento de otro tipo de estudios\/cursos (Ej. Moda-Arte-Cocina-Etc) siempre y cuando dicho curso represente una prosecuci\u00f3n de los estudios previos ya obtenidos en Colombia. (Estos requisitos no aplican para la visa de Estudio Universitario, de Intercambio, de Post-Grado).<\/li>\n<\/ol>\n<p>Se precisa que <strong>la intensidad horaria m\u00ednima de estudio presencial<\/strong> para este tipo de visa es de <strong>20 horas semanales.<\/strong><\/p>\n<p>La visa se puede solicitar con <u>seis meses de antelaci\u00f3n a la fecha de inicio del curso<\/u> y hasta 15 d\u00edas laborales antes de la fecha de inicio del curso.<\/p>\n<p><strong>Tipo de la visa<\/strong>:\u00a0\u00abD\u00bb visa de larga duraci\u00f3n (desde 90 a 365 d\u00edas).<\/p>\n<p><strong>REQUISITOS<\/strong>: La documentaci\u00f3n de solicitud de visa debe ser presentada en el estricto orden abajo indicado.<\/p>\n<ol>\n<li><a href=\"https:\/\/ambbogota.esteri.it\/wp-content\/uploads\/2023\/11\/Formulario_D_-VistoNazionale_spagnolo.pdf\"><strong>Formulario de solicitud de visa Nacional<\/strong>\u00a0<\/a>debidamente diligenciado en todos sus campos y firmado.<\/li>\n<li><strong>Dos fotograf\u00edas<\/strong> (3 cm x 4 cm), fondo blanco a color (iguales y recientes) de las cuales una pegada al formulario en el recuadro correspondiente.<\/li>\n<li><a href=\"https:\/\/ambbogota.esteri.it\/es\/servizi-consolari-e-visti\/servizi-per-il-cittadino-italiano\/derechos-consulares-2\/\"><strong>Pago de los derechos consulares<\/strong><\/a>\u00a0(presentar el original de la consignaci\u00f3n realizada al Banco GNB Sudameris, Cuenta Corriente n. 11538667 Art. 29-Visa de estudio).<\/li>\n<li><strong>Pasaporte vigente<\/strong> (con validez de m\u00ednimo 3 meses m\u00e1s de la duraci\u00f3n de la visa) con m\u00ednimo dos p\u00e1ginas libres y copia simple del mismo (s\u00f3lo de la p\u00e1gina del pasaporte que contiene los datos personales del titular).<\/li>\n<li><strong>C\u00e9dula colombiana<\/strong> \u2013 para los extranjeros c\u00e9dula de extranjer\u00eda y visa colombiana &#8211; vigente (copia ampliada y legible).<\/li>\n<li><strong>Certificado de inscripci\u00f3n<\/strong> en italiano del Instituto\/Academia que dictar\u00e1 el curso de idioma italiano (o de otro curso elegido) con la descripci\u00f3n del nivel (intermedio\/avanzado) que se quiere cursar, la fecha de inicio y de finalizaci\u00f3n del curso y las horas diarias del mismo (original y copia). En caso de asistir a un curso de idioma italiano la certificaci\u00f3n deber\u00e1 tambi\u00e9n incluir el nivel inicial y final del curso.<\/li>\n<li><strong>Para otros cursos diferentes del idioma italiano<\/strong> (v\u00e9ase punto B) el solicitante debe presentar el certificado de inscripci\u00f3n (v\u00e9ase punto 6), en el cual se indique tambi\u00e9n el idioma en el que ser\u00e1 dictado el curso, y la documentaci\u00f3n de estudio conseguida anteriormente, debidamente apostillada, donde se demuestre haber ya conseguido un conocimiento del estudio que desea ir a perfeccionar en Italia.<\/li>\n<li><strong>Certificaci\u00f3n nivel B1 de italiano<\/strong> (para quienes desean realizar cursos del idioma italiano). La Embajada de Italia se reserva el derecho de verificar el nivel del conocimiento del idioma italiano durante la entrevista y pedir otro tipo de documentaci\u00f3n adicional que considere necesaria. Se precisa que la certificaci\u00f3n no puede tener fecha de expedici\u00f3n mayor a dos a\u00f1os anteriores a la fecha de radicaci\u00f3n de la solicitud de visa.<\/li>\n<li><strong>Certificaci\u00f3n oficial nivel B2 del idioma en el que se realizar\u00e1 el curso<\/strong> (para quienes desean realizar otros cursos diferentes del idioma italiano), si el curso de estudios es dictado en italiano, tal certificado deber\u00e1 ser emitido por una de las siguientes entidades: Instituto Italiano de Cultura; CILS; CELI; PLIDA. De todas formas, la Embajada de Italia se reserva el derecho de verificar el nivel del conocimiento del idioma italiano durante la entrevista y pedir otro tipo de documentaci\u00f3n adicional que considere necesaria. Por el contrario, si el curso de estudios es dictado en ingl\u00e9s, el certificado deber\u00e1 ser emitido exclusivamente por una de las tres siguientes entidades: TOEFL IBT, MICHIGAN, IELTS. En ambos casos la certificaci\u00f3n no puede tener fecha de expedici\u00f3n mayor a dos a\u00f1os anteriores a la fecha de radicaci\u00f3n de la solicitud de visa.<\/li>\n<li><a href=\"https:\/\/ambbogota.esteri.it\/es\/servizi-consolari-e-visti\/servizi-per-il-cittadino-straniero\/declaraciones-de-valor\/\"><strong>Dichiarazione di Valore<\/strong><\/a><strong>\u00a0<\/strong>(no necesaria para cursos de italiano): copia simple del original expedido por la Oficina de Estudios de la Embajada de Italia, el interesado deber\u00e1 contactar previamente a dicha Oficina al correo electr\u00f3nico: <a href=\"mailto:estudios.iicbogota@esteri.it\">estudios.iicbogota@esteri.it<\/a> . Los estudiantes que no requieran Declaraci\u00f3n de Valor, deber\u00e1n tambi\u00e9n contactar previamente a la Oficina de Estudios al correo electr\u00f3nico <a href=\"mailto:iicbogota@esteri.it\">iicbogota@esteri.it<\/a> para solicitar la verificaci\u00f3n de sus t\u00edtulos de estudios y obtener la \u00abLuz Verde\u00bb que deber\u00e1n presentar el d\u00eda de la solicitud de su visa. La \u00abLuz Verde\u00bb no es necesaria para cursos de italiano. La Oficina de Estudios evaluar\u00e1 caso por caso si hay necesidad de cita presencial en el caso de los estudiantes que requieran de \u00abLuz Verde\u00bb.<\/li>\n<li><strong>Demostraci\u00f3n de disponibilidad de medios econ\u00f3micos<\/strong> (por la duraci\u00f3n del primer a\u00f1o acad\u00e9mico), que debe ser constante en el tiempo (no de \u00faltimo momento) y <strong><u>estar disponible en su totalidad el d\u00eda de la presentaci\u00f3n de la solicitud de visa<\/u><\/strong> seg\u00fan los valores indicados en la Tabella A anexada a la Directiva del Ministerio de Interior Italiano de fecha 01.03.2000 que prev\u00e9 la disponibilidad del siguiente importe m\u00ednimo: <strong>206,58 Euro base + 27,89 Euro x cada d\u00eda<\/strong> de la duraci\u00f3n del curso, ejemplo: para cursos de 365 d\u00edas: 27,89&#215;365+206,58=<strong>10.386,43 euros<\/strong>) demostrables a trav\u00e9s de una de\u00a0las siguientes opciones:<br \/>\n<strong>a.\u00a0 \u00a0Disponibilidad de una cuenta bancaria<\/strong> a nombre del estudiante o de los padres* en un <u>Banco italiano\/U.E<\/u>** con informaci\u00f3n actualizada. Dicha disponibilidad debe demostrarse a trav\u00e9s de los extractos bancarios de la\/las cuenta\/s de los \u00faltimos seis meses anteriores a la fecha de presentaci\u00f3n de la solicitud de visa (original, debidamente sellado por el Banco emisor &#8211; no se admiten documentos descargados por internet sin los criterios antedichos). En caso de no estar disponibles los extractos del \u00faltimo periodo, se solicita presentar adem\u00e1s del certificado de los movimientos bancarios de los periodos que no cuenten con extracto bancario, el certificado del saldo disponible a la fecha de la\/s cuenta\/bancaria\/s. No se admite soporte de tarjeta de cr\u00e9dito.<br \/>\n<strong>b.\u00a0 \u00a0Disponibilidad de una cuenta bancaria<\/strong> a nombre del estudiante o de los padres* en un <u>Banco en Colombia<\/u>** con informaci\u00f3n actualizada. Dicha disponibilidad debe demostrarse a trav\u00e9s de los extractos bancarios de la\/las cuenta\/s de los \u00faltimos seis meses anteriores a la fecha de presentaci\u00f3n de la solicitud de visa (original, debidamente sellado por el Banco emisor &#8211; no se admiten documentos descargados por internet sin los criterios antedichos). En caso de no estar disponibles los extractos del \u00faltimo periodo, se solicita presentar adem\u00e1s del certificado de los movimientos bancarios de los periodos que no cuenten con extracto bancario, el certificado del saldo disponible a la fecha de la\/s cuenta\/bancaria\/s. No se admite soporte de tarjeta de cr\u00e9dito.<br \/>\n<strong>* <\/strong>Cuando los padres se hagan cargo de los gastos: <u>carta de compromiso de los padres firmada ante una Notar\u00eda P\u00fablica<\/u> y copia simple y legible del Registro civil de nacimiento del solicitante de la visa que demuestre el parentesco.<br \/>\n<strong>c.\u00a0 \u00a0En el caso que exista una beca<\/strong> proporcionada por entidades reconocidas (ej. Universidad, Colfuturo, Colciencias, etc.) la carta de la Entidad debe indicar el nombre del becado, la finalidad de la beca y el monto exacto asignado; debe ser firmada por el responsable de la Entidad otorgante y acompa\u00f1ada por la fotocopia de la cedula del\/a mismo\/a.<br \/>\n**Se precisa que la Embajada de Italia se reserva la aceptaci\u00f3n de documentaci\u00f3n de cuentas bancarias activas en un Pa\u00eds que no sea Colombia o la U.E.<\/li>\n<li><strong>Demostraci\u00f3n de disponibilidad de alojamiento<\/strong> a trav\u00e9s de una de las siguientes opciones:<br \/>\na.\u00a0 \u00a0Reserva de hotel\/residencia que cubra las primeras 10 noches a partir de su llegada a Italia.<br \/>\nb.\u00a0 \u00a0Carta de invitaci\u00f3n emitida por parte de un ciudadano italiano\/europeo o extranjero regularmente residente en Italia (ver <a href=\"https:\/\/ambbogota.esteri.it\/wp-content\/uploads\/2024\/04\/Carta-de-invitacion-por-estudio.pdf\">formato<\/a>).<\/li>\n<li><strong>Seguro m\u00e9dico<\/strong> con cobertura de Euro 30.000 en los Estados Schengen para asistencia m\u00e9dica, traslado sanitario y repatriaci\u00f3n funeraria, m\u00ednimo durante los primeros 10 d\u00edas a partir de su salida del pa\u00eds.<\/li>\n<li><strong>Reserva de vuelo<\/strong> de ida y vuelta con destino final Italia y demostraci\u00f3n de disponibilidad de medios econ\u00f3micos para adquirir el <u>tiquete de regreso<\/u> a Colombia en el caso en que se exhiba solo de ida. <strong>Se precisa que el viaje debe ser realizado m\u00e1ximo 8 d\u00edas antes del inicio del curso. <\/strong><\/li>\n<\/ol>\n<p><strong>NOTAS<\/strong>:<\/p>\n<ul>\n<li>La solicitud de visa deber\u00e1 ser presentada de manera presencial por el interesado.<\/li>\n<li>Se reciben solicitudes de visa <u>\u00fanicamente de personas residentes en Colombia<\/u>.<\/li>\n<li>El tr\u00e1mite es estrictamente personal. <u>La Embajada no ha autorizado a ninguna agencia ni intermediario para los tramites de visa<\/u>.<\/li>\n<li>La carta de inscripci\u00f3n al Curso indicada en el punto 6 (de Idiomas) y 7 (de Otros cursos), debe siempre estar acompa\u00f1ada por la copia del documento de identidad del titular o apoderado de la academia de idiomas u otra que ha emitido el certificado.<\/li>\n<li>La carta de invitaci\u00f3n (punto 12b) debe estar siempre acompa\u00f1ada por la copia del documento de identidad del declarante con la firma visible y copia del Permiso de estad\u00eda (Permesso di Soggiorno) vigente si el invitante fuera un ciudadano extranjero regularmente residente en Italia.<\/li>\n<li>No se aceptan garant\u00edas econ\u00f3micas de terceras personas residentes en Italia o en el exterior que no sean familiares cercanos indicados en el punto\u00a011.<\/li>\n<li>La falta de alguno de los documentos podr\u00eda implicar el rechazo en la ventanilla de la solicitud de visa. La misma <u>no podr\u00e1 ser aceptada<\/u> si el pago de los derechos consulares no se ha consignado previamente en su totalidad en el banco (ver <a href=\"https:\/\/ambbogota.esteri.it\/es\/servizi-consolari-e-visti\/servizi-per-il-cittadino-italiano\/derechos-consulares-2\/\"><strong>tarifas consulares<\/strong><\/a>).<\/li>\n<li>La Embajada de Italia se reserva el derecho de verificar el nivel del conocimiento del idioma italiano y pedir otro tipo de documentaci\u00f3n que estime necesaria.<\/li>\n<li>La visa (si es otorgada), podr\u00e1 ser concedida con una fecha de entrada a Italia pocos d\u00edas antes del inicio del curso, as\u00ed como indicado en la carta de aceptaci\u00f3n del Instituto o Academia Italiana. Quienes deseen entrar a Italia antes de esa fecha podr\u00e1n hacerlo como turistas (sin Visa) por un m\u00e1ximo de 3 meses si su nacionalidad est\u00e1 exenta de solicitar la Visa de turismo.<\/li>\n<li>Siendo la Visa una concesi\u00f3n, aun presentando todos los documentos requeridos, la misma puede ser otorgada o rechazada. En este \u00faltimo caso ser\u00e1 entregado el \u201c<em><u>Provvedimento di Diniego<\/u><\/em>\u201d.<\/li>\n<li>Si la Visa es otorgada, el titular de esta, deber\u00e1 solicitar dentro de los primeros ocho d\u00edas h\u00e1biles del ingreso a Italia, el Permiso de Estad\u00eda (<em><u>Permesso di Soggiorno<\/u><\/em>) ante las Autoridades italianas competentes.<\/li>\n<\/ul>\n","protected":false},"excerpt":{"rendered":"Para obtener informaciones generales sobre esta tipolog\u00eda de VISA visitar la siguiente p\u00e1gina web del Gobierno Italiano:\u00a0vistoperitalia.esteri.it \u00bfPara qu\u00e9 sirve y qui\u00e9n la puede solicitar? Esta visa permite ingresar a Italia a los ciudadanos extranjeros residentes en Colombia, que desean perfeccionar el conocimiento del idioma italiano a partir del nivel B2. Las solicitudes de quienes [&hellip;]","protected":false},"author":5,"featured_media":0,"parent":750,"menu_order":0,"comment_status":"closed","ping_status":"closed","template":"","meta":{"footnotes":""},"class_list":["post-752","page","type-page","status-publish","hentry"],"_links":{"self":[{"href":"https:\/\/ambbogota.esteri.it\/es\/wp-json\/wp\/v2\/pages\/752","targetHints":{"allow":["GET"]}}],"collection":[{"href":"https:\/\/ambbogota.esteri.it\/es\/wp-json\/wp\/v2\/pages"}],"about":[{"href":"https:\/\/ambbogota.esteri.it\/es\/wp-json\/wp\/v2\/types\/page"}],"author":[{"embeddable":true,"href":"https:\/\/ambbogota.esteri.it\/es\/wp-json\/wp\/v2\/users\/5"}],"replies":[{"embeddable":true,"href":"https:\/\/ambbogota.esteri.it\/es\/wp-json\/wp\/v2\/comments?post=752"}],"version-history":[{"count":7,"href":"https:\/\/ambbogota.esteri.it\/es\/wp-json\/wp\/v2\/pages\/752\/revisions"}],"predecessor-version":[{"id":6730,"href":"https:\/\/ambbogota.esteri.it\/es\/wp-json\/wp\/v2\/pages\/752\/revisions\/6730"}],"up":[{"embeddable":true,"href":"https:\/\/ambbogota.esteri.it\/es\/wp-json\/wp\/v2\/pages\/750"}],"wp:attachment":[{"href":"https:\/\/ambbogota.esteri.it\/es\/wp-json\/wp\/v2\/media?parent=752"}],"curies":[{"name":"wp","href":"https:\/\/api.w.org\/{rel}","templated":true}]}}