{"id":762,"date":"2023-08-11T12:45:09","date_gmt":"2023-08-11T17:45:09","guid":{"rendered":"https:\/\/ambbogota.esteri.it\/?page_id=762"},"modified":"2025-01-24T14:55:37","modified_gmt":"2025-01-24T19:55:37","slug":"visa-por-motivos-religiosos","status":"publish","type":"page","link":"https:\/\/ambbogota.esteri.it\/es\/servizi-consolari-e-visti\/servizi-per-il-cittadino-straniero\/visti\/visas-requisitos\/visa-por-motivos-religiosos\/","title":{"rendered":"Visa por Motivos Religiosos"},"content":{"rendered":"<p>Para obtener informaciones generales sobre esta tipolog\u00eda de VISA visitar la siguiente p\u00e1gina\u00a0 web del Gobierno Italiano:\u00a0<a href=\"http:\/\/vistoperitalia.esteri.it\/\">vistoperitalia.esteri.it<\/a><\/p>\n<p><strong>\u00bfPara qu\u00e9 sirve y qui\u00e9n la puede solicitar?<\/strong><\/p>\n<p>Esta visa permite a los \u201c<strong>ministros de culto<\/strong>\u201d o \u201c<strong>religiosos<\/strong>\u201d de su propia organizaci\u00f3n confesional poder ingresar a Italia para participar en manifestaciones de culto o para desarrollar las actividades propias de su funci\u00f3n religiosa y\/o pastoral.<\/p>\n<p><strong>Nota<\/strong>: <u>Las Organizaciones Confesionales deben estar reconocidas por el Estado Italiano<\/u>.<\/p>\n<p>La visa se puede solicitar con <u>seis meses de antelaci\u00f3n a la fecha de viaje<\/u> y hasta 15 d\u00edas laborales antes de la fecha de viaje.<\/p>\n<p><strong>Tipo de visa<\/strong>: \u201cC\u201d visa de corta duraci\u00f3n (hasta 90 d\u00edas) o \u00abD\u00bb visa de larga duraci\u00f3n (mayor de 90 d\u00edas hasta 365 d\u00edas).<\/p>\n<p><strong>REQUISITOS<\/strong>: Se deben presentar a la Embajada en el estricto orden abajo indicado.<\/p>\n<ol>\n<li><a href=\"https:\/\/ambbogota.esteri.it\/wp-content\/uploads\/2023\/11\/Formulario_D_-VistoNazionale_spagnolo.pdf\">Formulario de solicitud de visa Nacional\u00a0<\/a>o <a href=\"https:\/\/ambbogota.esteri.it\/wp-content\/uploads\/2024\/07\/Formulario-bilingue.pdf\">Formulario de solicitud de visa Schengen<\/a> debidamente diligenciado en todos sus campos y firmado.<\/li>\n<li><strong>Dos fotograf\u00edas<\/strong> (3 cm x 4 cm), fondo blanco a color (iguales y recientes) de las cuales una pegada al formulario en el recuadro correspondiente.<\/li>\n<li><a href=\"https:\/\/ambbogota.esteri.it\/es\/servizi-consolari-e-visti\/servizi-per-il-cittadino-italiano\/derechos-consulares-2\/\"><strong>Pago de los derechos consulares<\/strong><\/a>\u00a0(presentar el original de la consignaci\u00f3n realizada al Banco GNB Sudameris, Cuenta Corriente n. 11538667 Art. 29, no se aceptan copias o transferencias bancarias directas).<\/li>\n<li><strong>Pasaporte vigente<\/strong> (con validez de m\u00ednimo 3 meses m\u00e1s de la duraci\u00f3n de la visa) con m\u00ednimo dos p\u00e1ginas libres y copia simple del mismo (s\u00f3lo de la p\u00e1gina del pasaporte que contiene los datos personales del titular).<\/li>\n<li><strong>C\u00e9dula colombiana<\/strong> \u2013 para los extranjeros c\u00e9dula de extranjer\u00eda y visa colombiana &#8211; vigente (copia ampliada y legible).<\/li>\n<li><strong>Carta original de la Congregaci\u00f3n\/ Organizaci\u00f3n Confesional local<\/strong> (ubicada en Colombia) que indique:\n<ol>\n<li>los datos personales del solicitante, legalizada por la Nunciatura Apost\u00f3lica en Colombia (para culto cat\u00f3lico) o firmada ante una Notar\u00eda (para otros cultos);<\/li>\n<li>su estatus religioso;<\/li>\n<li>la indicaci\u00f3n de la finalidad del viaje, la fecha de inicio de la estad\u00eda en Italia, la duraci\u00f3n y la autorizaci\u00f3n expresa a permanecer por el tiempo indicado en Italia.<\/li>\n<\/ol>\n<\/li>\n<li><strong>Carta de la Congregaci\u00f3n\/Organizaci\u00f3n Confesional en Italia<\/strong> (original) con firma legalizada por la Secretaria de Estado Vaticano (para culto cat\u00f3lico) que indique:\n<ol>\n<li>los datos completos del\/la solicitante y su funci\u00f3n;<\/li>\n<li>la motivaci\u00f3n religiosa del viaje;<\/li>\n<li>la fecha de inicio de la estad\u00eda en Italia, su duraci\u00f3n y el lugar;<\/li>\n<li>el hacerse cargo de la cubertura econ\u00f3mica y el dar disponibilidad de alojamiento para toda la estad\u00eda en Italia;<\/li>\n<li>el hacerse cargo de la asistencia m\u00e9dica y hospitalaria para toda la estad\u00eda en Italia.<\/li>\n<\/ol>\n<\/li>\n<li><strong>En caso de Confesiones religiosa diferentes de la cat\u00f3lica<\/strong>: La carta de Congregaci\u00f3n operante en Italia, que igualmente debe indicar lo requerido en el punto 7, debe adem\u00e1s ser legalizada por la m\u00e1s alta autoridad religiosa en Italia de acuerdo con la Confesi\u00f3n religiosa de pertenencia.<\/li>\n<li><strong>Seguro m\u00e9dico<\/strong> con cobertura de Euro 30.000 en los Estados Schengen para asistencia m\u00e9dica, traslado sanitario y repatriaci\u00f3n funeraria, m\u00ednimo durante los primeros 10 d\u00edas a partir de su salida del pa\u00eds.<\/li>\n<li><strong>Reserva de vuelo ida y vuelta<\/strong>:\u00a0la reserva debe tener como destino final Italia. Si se solicita la visa de tipo D, la reserva podr\u00eda ser tambi\u00e9n de solo ida.<\/li>\n<\/ol>\n<p><strong><u>NOTAS<\/u><\/strong>:<\/p>\n<ul>\n<li>La solicitud de visa deber\u00e1 ser presentada de manera presencial por el interesado.<\/li>\n<li>Se reciben solicitudes de visa <u>\u00fanicamente de personas residentes en Colombia<\/u>.<\/li>\n<li>El tr\u00e1mite es estrictamente personal.<u> La Embajada no ha autorizado a ninguna agencia ni intermediario para los tramites de visa<\/u>.<\/li>\n<li>La falta de alguno de los documentos podr\u00eda implicar el rechazo en la ventanilla de la solicitud de visa. La misma <u>no podr\u00e1 ser aceptada<\/u> si el pago de los derechos consulares no se ha consignado previamente en su totalidad en el banco (ver <a href=\"https:\/\/ambbogota.esteri.it\/ambasciata_bogota\/es\/in_linea_con_utente\/tar-cons.html\"><strong>tarifas consulares<\/strong><\/a>).<\/li>\n<li>La Embajada de Italia se reserva el derecho de solicitar otro tipo de documentaci\u00f3n que estime necesaria.<\/li>\n<li>Siendo la Visa una concesi\u00f3n, aun presentando todos los documentos requeridos, la misma puede ser otorgada o rechazada. En este \u00faltimo caso ser\u00e1 entregado el \u201c<em><u>Provvedimento di Diniego<\/u><\/em>\u201d.<\/li>\n<li>Si la visa es de tipo D, el titular de esta, deber\u00e1 solicitar dentro de los primeros ocho d\u00edas h\u00e1biles del ingreso a Italia, el Permiso de Estad\u00eda (<em><u>Permesso di Soggiorno<\/u><\/em>) ante las Autoridades italianas competentes.<\/li>\n<\/ul>\n","protected":false},"excerpt":{"rendered":"Para obtener informaciones generales sobre esta tipolog\u00eda de VISA visitar la siguiente p\u00e1gina\u00a0 web del Gobierno Italiano:\u00a0vistoperitalia.esteri.it \u00bfPara qu\u00e9 sirve y qui\u00e9n la puede solicitar? Esta visa permite a los \u201cministros de culto\u201d o \u201creligiosos\u201d de su propia organizaci\u00f3n confesional poder ingresar a Italia para participar en manifestaciones de culto o para desarrollar las actividades [&hellip;]","protected":false},"author":5,"featured_media":0,"parent":748,"menu_order":0,"comment_status":"closed","ping_status":"closed","template":"","meta":{"footnotes":""},"class_list":["post-762","page","type-page","status-publish","hentry"],"_links":{"self":[{"href":"https:\/\/ambbogota.esteri.it\/es\/wp-json\/wp\/v2\/pages\/762","targetHints":{"allow":["GET"]}}],"collection":[{"href":"https:\/\/ambbogota.esteri.it\/es\/wp-json\/wp\/v2\/pages"}],"about":[{"href":"https:\/\/ambbogota.esteri.it\/es\/wp-json\/wp\/v2\/types\/page"}],"author":[{"embeddable":true,"href":"https:\/\/ambbogota.esteri.it\/es\/wp-json\/wp\/v2\/users\/5"}],"replies":[{"embeddable":true,"href":"https:\/\/ambbogota.esteri.it\/es\/wp-json\/wp\/v2\/comments?post=762"}],"version-history":[{"count":6,"href":"https:\/\/ambbogota.esteri.it\/es\/wp-json\/wp\/v2\/pages\/762\/revisions"}],"predecessor-version":[{"id":5326,"href":"https:\/\/ambbogota.esteri.it\/es\/wp-json\/wp\/v2\/pages\/762\/revisions\/5326"}],"up":[{"embeddable":true,"href":"https:\/\/ambbogota.esteri.it\/es\/wp-json\/wp\/v2\/pages\/748"}],"wp:attachment":[{"href":"https:\/\/ambbogota.esteri.it\/es\/wp-json\/wp\/v2\/media?parent=762"}],"curies":[{"name":"wp","href":"https:\/\/api.w.org\/{rel}","templated":true}]}}