{"id":766,"date":"2023-08-11T12:46:52","date_gmt":"2023-08-11T17:46:52","guid":{"rendered":"https:\/\/ambbogota.esteri.it\/?page_id=766"},"modified":"2025-01-24T16:42:36","modified_gmt":"2025-01-24T21:42:36","slug":"visa-para-trabajo-en-actividad-deportiva","status":"publish","type":"page","link":"https:\/\/ambbogota.esteri.it\/es\/servizi-consolari-e-visti\/servizi-per-il-cittadino-straniero\/visti\/visas-requisitos\/visas-de-trabajo\/visa-para-trabajo-en-actividad-deportiva\/","title":{"rendered":"Visa para Trabajo en Actividad Deportiva"},"content":{"rendered":"<p>Para obtener informaciones generales sobre esta tipolog\u00eda de VISA visitar la siguiente p\u00e1gina web del Gobierno Italiano:\u00a0<a href=\"http:\/\/vistoperitalia.esteri.it\/\">vistoperitalia.esteri.it<\/a><\/p>\n<p><strong>\u00bfPara qu\u00e9 sirve y qui\u00e9n la puede solicitar?<\/strong><\/p>\n<p>La visa de Trabajo Deportivo permite ingresar y residir en Italia a profesionales del deporte con la finalidad de desarrollar con una entidad deportiva italiana su profesi\u00f3n de atleta\/entrenador\/etc.<\/p>\n<p>El tr\u00e1mite empieza en Italia donde la misma entidad deportiva solicita al C.O.N.I. (Comitato Olimpico Nazionale Italiano) la respectiva autorizaci\u00f3n a desarrollar la actividad deportiva.<br \/>\nUna vez que la Entidad italiana competente haya emitido dicha autorizaci\u00f3n, el atleta\/entrenador residente en Colombia podr\u00e1 solicitar la visa.<\/p>\n<p>La visa se puede solicitar con <u>seis meses de antelaci\u00f3n<\/u> y hasta 15 d\u00edas laborales antes del inicio del contrato.<\/p>\n<p><strong>Tipo de visa<\/strong>: \u00abD\u00bb visa de larga duraci\u00f3n (mayor de 90 d\u00edas hasta 365 d\u00edas).<\/p>\n<p><strong>REQUISITOS<\/strong>: Se deben presentar a la Embajada en el estricto orden abajo indicado.<\/p>\n<ol>\n<li><a href=\"https:\/\/ambbogota.esteri.it\/wp-content\/uploads\/2023\/11\/Formulario_D_-VistoNazionale_spagnolo.pdf\"><strong>Formulario de solicitud de visa Nacional<\/strong>\u00a0<\/a>debidamente diligenciado en todos sus campos y firmado.<\/li>\n<li><strong>Dos fotograf\u00edas<\/strong> (3 cm x 4 cm), fondo blanco a color (iguales y recientes) de las cuales una pegada al formulario en el recuadro correspondiente.<\/li>\n<li><a href=\"https:\/\/ambbogota.esteri.it\/es\/servizi-consolari-e-visti\/servizi-per-il-cittadino-italiano\/derechos-consulares-2\/\"><strong>Pago de los derechos consulares<\/strong><\/a>\u00a0(presentar el original de la consignaci\u00f3n realizada al Banco GNB Sudameris, Cuenta Corriente n. 11538667 Art. 29, no se aceptan copias o transferencias bancarias directas).<\/li>\n<li><strong>Pasaporte vigente<\/strong> (con validez de m\u00ednimo 3 meses m\u00e1s de la duraci\u00f3n de la visa) con m\u00ednimo dos p\u00e1ginas libres y copia simple del mismo (s\u00f3lo de la p\u00e1gina del pasaporte que contiene los datos personales del titular).<\/li>\n<li><strong>C\u00e9dula colombiana<\/strong> \u2013 para los extranjeros <em>c\u00e9dula de extranjer\u00eda<\/em> y <em>visa colombiana<\/em> &#8211; vigente (copia ampliada y legible).<\/li>\n<li><strong>Copia del carnet de profesionales del deporte.<\/strong><\/li>\n<li><strong>Copia de la autorizaci\u00f3n del C.O.N.I.<\/strong>\u00a0emitida por la misma entidad.<\/li>\n<li><strong>Carta de la Federaci\u00f3n Colombiana del deporte<\/strong>\u00a0al que pertenece (ejemplo, Federaci\u00f3n Colombiana de Ciclismo) que indique:\n<ol>\n<li>Nombre completo del deportista.<\/li>\n<li>Profesi\u00f3n deportiva que se le reconoce.<\/li>\n<li>Tipo de actividad deportiva que ha desarrollado en Colombia.<\/li>\n<li>Equipo donde ha desarrollado esta actividad.<\/li>\n<li>Tiempo de inscripci\u00f3n en la respectiva Federaci\u00f3n y n\u00famero de inscripci\u00f3n.<\/li>\n<\/ol>\n<\/li>\n<li><strong>Copia simple del \u201c<em>Permesso di Soggiorno<\/em>\u201d y \u201c<em>Codice Fiscale Italiano<\/em>\u201d<\/strong>: solo para los deportistas que estuvieron anteriormente en Italia con la misma tipolog\u00eda de visa.<\/li>\n<li><strong>Reserva de vuelo<\/strong> de ida con destino final Italia.<\/li>\n<\/ol>\n<p><strong><u>NOTAS<\/u><\/strong>:<\/p>\n<ul>\n<li>La solicitud de visa deber\u00e1 ser presentada de manera presencial por el interesado.<\/li>\n<li>Se reciben solicitudes de visa <u>\u00fanicamente de personas residentes en Colombia<\/u>.<\/li>\n<li>El tr\u00e1mite es estrictamente personal.<u> La Embajada no ha autorizado a ninguna agencia ni intermediario para los tramites de visa<\/u>.<\/li>\n<li>La falta de alguno de los documentos podr\u00eda implicar el rechazo en la ventanilla de la solicitud de visa. La misma <u>no podr\u00e1 ser aceptada<\/u> si el pago de los derechos consulares no se ha consignado previamente en su totalidad en el banco (ver <a href=\"https:\/\/ambbogota.esteri.it\/ambasciata_bogota\/es\/in_linea_con_utente\/tar-cons.html\"><strong>tarifas consulares<\/strong><\/a>).<\/li>\n<li>La Embajada de Italia se reserva el derecho de solicitar documentaci\u00f3n adicional que considere necesaria.<\/li>\n<li>Se informa que sin la\u00a0<strong>autorizaci\u00f3n del C.O.N.I <\/strong>la Visa no puede ser tramitada.<\/li>\n<li>La carta indicada en el\u00a0<strong>punto 8<\/strong>\u00a0debe siempre estar acompa\u00f1ada por la copia del documento de identidad del declarante con la firma legible.<\/li>\n<li>Si el solicitante es menor de edad, se debe presentar la Autorizaci\u00f3n expedida por la DTL competente (Direzione Territoriale del Lavoro).<\/li>\n<li>Si el solicitante es menor de edad, se debe presentar tambi\u00e9n el registro civil de nacimiento del menor.<\/li>\n<li>Si el solicitante es menor de edad, los padres deber\u00e1n, adem\u00e1s, firmar ante una Notar\u00eda o ante el funcionario consular los siguientes formatos presentes en la secci\u00f3n de <em>\u201c<\/em><a href=\"https:\/\/ambbogota.esteri.it\/es\/servizi-consolari-e-visti\/servizi-per-il-cittadino-straniero\/visti\/formularios\/\"><em>Formularios<\/em><\/a><em>\u201d:<br \/>\n<\/em>&#8211; <a href=\"https:\/\/ambbogota.esteri.it\/wp-content\/uploads\/2023\/11\/Autorizacion-Padres-a-Tramitar-la-Visa.pdf\">Autorizaci\u00f3n padres a tramitar la visa<\/a><br \/>\n&#8211; <a href=\"https:\/\/ambbogota.esteri.it\/wp-content\/uploads\/2023\/11\/Declaracion-De-Cesion-De-La-Responsabilidad-Del-La-Menor-Al-Empleador-Por-El-Periodo-De-Estancia-En-Italia-Por-Razones-Deportiva.pdf\">Declaraci\u00f3n de cesi\u00f3n de la responsabilidad del\/la menor al empleador por el periodo de estancia en Italia por razones deportivas<\/a><br \/>\n&#8211; <u><a href=\"https:\/\/ambbogota.esteri.it\/wp-content\/uploads\/2023\/11\/Dichirazione-Di-Accettazione-Di-Presa-In-Carico-Di-Minore-Per-Attivita-Sportiva.pdf\">Dichiarazione di accettazione di presa in carico di minore per attivit\u00e0 sportiva<\/a><br \/>\n<\/u>&#8211; <a href=\"https:\/\/ambbogota.esteri.it\/wp-content\/uploads\/2023\/11\/Modelo-B_Menor-de-Edad.pdf\">Modelo B menor de edad<\/a><\/li>\n<li>Si el solicitante es menor de edad, se debe presentar el <strong>permiso de salida del pa\u00eds expedido por Migraci\u00f3n Colombia <\/strong>y\u00a0apostillado por el Ministerio de Relaciones Exteriores de Colombia (original y copia).<\/li>\n<li>La visa (si es otorgada), podr\u00e1 ser concedida con una fecha de entrada a Italia pocos d\u00edas antes de la fecha de inicio de la actividad deportiva.<\/li>\n<li>Siendo la Visa una concesi\u00f3n, aun presentando todos los documentos requeridos, la misma puede ser otorgada o rechazada. En este \u00faltimo caso ser\u00e1 entregado el \u201c<em><u>Provvedimento di Diniego<\/u><\/em>\u201d.<\/li>\n<li>Si la Visa es otorgada, el titular de esta, deber\u00e1 solicitar dentro de los primeros ocho d\u00edas h\u00e1biles del ingreso a Italia, el Permiso de Estad\u00eda (<em><u>Permesso di Soggiorno<\/u><\/em>) ante las Autoridades italianas competentes.<\/li>\n<\/ul>\n","protected":false},"excerpt":{"rendered":"Para obtener informaciones generales sobre esta tipolog\u00eda de VISA visitar la siguiente p\u00e1gina web del Gobierno Italiano:\u00a0vistoperitalia.esteri.it \u00bfPara qu\u00e9 sirve y qui\u00e9n la puede solicitar? La visa de Trabajo Deportivo permite ingresar y residir en Italia a profesionales del deporte con la finalidad de desarrollar con una entidad deportiva italiana su profesi\u00f3n de atleta\/entrenador\/etc. El [&hellip;]","protected":false},"author":5,"featured_media":0,"parent":5508,"menu_order":0,"comment_status":"closed","ping_status":"closed","template":"","meta":{"footnotes":""},"class_list":["post-766","page","type-page","status-publish","hentry"],"_links":{"self":[{"href":"https:\/\/ambbogota.esteri.it\/es\/wp-json\/wp\/v2\/pages\/766","targetHints":{"allow":["GET"]}}],"collection":[{"href":"https:\/\/ambbogota.esteri.it\/es\/wp-json\/wp\/v2\/pages"}],"about":[{"href":"https:\/\/ambbogota.esteri.it\/es\/wp-json\/wp\/v2\/types\/page"}],"author":[{"embeddable":true,"href":"https:\/\/ambbogota.esteri.it\/es\/wp-json\/wp\/v2\/users\/5"}],"replies":[{"embeddable":true,"href":"https:\/\/ambbogota.esteri.it\/es\/wp-json\/wp\/v2\/comments?post=766"}],"version-history":[{"count":7,"href":"https:\/\/ambbogota.esteri.it\/es\/wp-json\/wp\/v2\/pages\/766\/revisions"}],"predecessor-version":[{"id":5390,"href":"https:\/\/ambbogota.esteri.it\/es\/wp-json\/wp\/v2\/pages\/766\/revisions\/5390"}],"up":[{"embeddable":true,"href":"https:\/\/ambbogota.esteri.it\/es\/wp-json\/wp\/v2\/pages\/5508"}],"wp:attachment":[{"href":"https:\/\/ambbogota.esteri.it\/es\/wp-json\/wp\/v2\/media?parent=766"}],"curies":[{"name":"wp","href":"https:\/\/api.w.org\/{rel}","templated":true}]}}