{"id":768,"date":"2023-08-11T12:47:29","date_gmt":"2023-08-11T17:47:29","guid":{"rendered":"https:\/\/ambbogota.esteri.it\/?page_id=768"},"modified":"2025-04-15T15:06:03","modified_gmt":"2025-04-15T20:06:03","slug":"visa-de-turismo-visita-familiar","status":"publish","type":"page","link":"https:\/\/ambbogota.esteri.it\/es\/servizi-consolari-e-visti\/servizi-per-il-cittadino-straniero\/visti\/visas-requisitos\/visa-de-turismo-visita-familiar\/","title":{"rendered":"Visa de Turismo\/Visita Familiar"},"content":{"rendered":"<p>Para obtener informaciones generales sobre esta tipolog\u00eda de VISA visitar la siguiente p\u00e1gina\u00a0 web del Gobierno Italiano:\u00a0<a href=\"http:\/\/vistoperitalia.esteri.it\/\">vistoperitalia.esteri.it<\/a><\/p>\n<p><strong>Se recuerda que los ciudadanos colombianos est\u00e1n exentos de solicitar la visa cuando viajen al espacio Schengen por razones de turismo\/negocios\/misi\u00f3n\/competencia deportiva\/estudio\/invitaci\u00f3n, por un m\u00e1ximo de 90 d\u00edas en el arco temporal de 180 d\u00edas. La contabilizaci\u00f3n de los d\u00edas empieza el primer d\u00eda de entrada en el espacio Schengen (lo comprueba el sello en el pasaporte).<\/strong><\/p>\n<p>Se precisa que la competencia al ingreso en el territorio es \u00fanicamente de las Autoridades de frontera, las cuales pueden solicitar documentos que justifiquen el viaje tales como: tiquete de ida y regreso, seguro m\u00e9dico internacional v\u00e1lido para los Estados Schengen con cobertura m\u00ednima de 30.000 euros y con fechas coherentes a las del viaje, demostraci\u00f3n de la disponibilidad de alojamiento para todo el per\u00edodo de permanencia y disponibilidad de medios de subsistencia.<\/p>\n<p><strong>\u00bfPara qu\u00e9 sirve y qui\u00e9n la puede solicitar?<\/strong><\/p>\n<p>Esta visa permite al viajero ingresar y viajar en todo el territorio Schengen (*) por motivos de turismo\/Visita Familiar. Actualmente los pa\u00edses que adhieren al tratado Schengen son los siguientes:<\/p>\n<p>(*) Alemania, Austria, B\u00e9lgica, Bulgaria, Croacia, Dinamarca, Eslovaquia, Eslovenia, Espa\u00f1a, Estonia, Finlandia, Francia, Grecia, Hungr\u00eda, Islandia, Italia, Letonia, Liechtenstein, Lituania, Luxemburgo, Malta, Noruega, Pa\u00edses Bajos, Polonia, Portugal, Rep\u00fablica Checa, Ruman\u00eda, Suecia, Suiza.<\/p>\n<p>Nota: Si el viajero visita varios pa\u00edses Schengen la visa se debe solicitar ante la Embajada del pa\u00eds donde se pasar\u00e1 m\u00e1s tiempo. A paridad de tiempo se debe solicitar la visa en la Embajada del pa\u00eds de primera entrada en Europa.<\/p>\n<p>La visa se puede solicitar con <u>seis meses de antelaci\u00f3n a la fecha de viaje<\/u> y hasta 15 d\u00edas laborales antes de la fecha de viaje.<\/p>\n<p><strong>Tipo de la visa<\/strong>: \u201cC\u201d Visa de corta duraci\u00f3n, estad\u00eda hasta m\u00e1ximo 90 d\u00edas en el arco temporal de 180 d\u00edas.<\/p>\n<p><strong>REQUISITOS<\/strong>: Se deben presentar a la Embajada en el estricto orden abajo indicado.<\/p>\n<ol>\n<li><strong><a href=\"https:\/\/ambbogota.esteri.it\/wp-content\/uploads\/2024\/07\/Formulario-bilingue.pdf\">Formulario de solicitud de visa Schengen<\/a><\/strong> debidamente diligenciado en todos sus campos y firmado.<\/li>\n<li><strong>Dos fotograf\u00edas<\/strong> (3 cm x 4 cm), fondo blanco a color (iguales y recientes) de las cuales una pegada al formulario en el recuadro correspondiente.<\/li>\n<li><a href=\"https:\/\/ambbogota.esteri.it\/es\/servizi-consolari-e-visti\/servizi-per-il-cittadino-italiano\/derechos-consulares-2\/\"><strong>Pago de los derechos consulares<\/strong><\/a>\u00a0(presentar el original de la consignaci\u00f3n realizada al Banco GNB Sudameris, Cuenta Corriente n. 11538667 Art. 29, no se aceptan copias o transferencias bancarias directas).<\/li>\n<li><strong>Pasaporte vigente<\/strong> (con validez de m\u00ednimo 3 meses m\u00e1s de la duraci\u00f3n de la visa) con m\u00ednimo dos p\u00e1ginas libres y copia simple del mismo (s\u00f3lo de la p\u00e1gina del pasaporte que contiene los datos personales del titular).<\/li>\n<li><strong>C\u00e9dula colombiana<\/strong> \u2013 para los extranjeros c\u00e9dula de extranjer\u00eda y visa colombiana &#8211; vigente (copia ampliada y legible).<\/li>\n<li><strong>Reservas de hotel y programa del viaje en el territorio Schengen<\/strong>\u00a0\u2013 claro y legible.<\/li>\n<li><strong>S\u00f3lo en caso que tenga la invitaci\u00f3n de un ciudadano italiano<\/strong>\u00a0y\/o europeo o de un ciudadano\/a extranjero\/a regularmente residente en Italia, se debe presentar la\u00a0Carta de invitaci\u00f3n escrita y firmada por la persona que la est\u00e1 invitando\u00a0seg\u00fan las indicaciones de ley (ver <a href=\"https:\/\/ambbogota.esteri.it\/wp-content\/uploads\/2024\/04\/Carta-de-invitacion-por-turismo.pdf\">formato<\/a>).<\/li>\n<li><strong>Demostraci\u00f3n de disponibilidad de medios econ\u00f3micos <\/strong>seg\u00fan los valores indicados en la <a href=\"https:\/\/vistoperitalia.esteri.it\/Moduli\/it\/Direttiva_MinInterno_1-3-2000.pdf\">Tabella A<\/a> anexada a la Directiva del Ministerio de Interior Italiano de fecha 01.03.2000, mediante extractos bancarios de cuentas de ahorro y\/o corriente\u00a0de los \u00faltimos seis meses, as\u00ed como de sus tarjetas de cr\u00e9dito nacionales e internacionales, si la hubiera (originales) sellados por el banco. En caso de no estar disponibles los extractos del \u00faltimo periodo, se solicita presentar adem\u00e1s del certificado de los movimientos bancarios de los periodos que no cuenten con extracto bancario, el certificado del saldo disponible a la fecha de la\/s cuenta\/bancaria\/s.<\/li>\n<li><strong>Carta de presentaci\u00f3n de su empleador<\/strong>\u00a0indicando el tiempo de servicio, cargo, sueldo y per\u00edodo vacacional o licencia concedida, asimismo deber\u00e1 presentar los seis \u00faltimos desprendibles de pago de n\u00f3mina.\u00a0<strong>En caso de ser empresarios y\/o profesionales<\/strong>, adjuntar\u00a0<strong>copia del RUT<\/strong>, <strong>Declaraci\u00f3n de renta <\/strong>del a\u00f1o inmediatamente anterior, as\u00ed como los movimientos bancarios de su empresa de los seis \u00faltimos meses en original.<\/li>\n<li><strong>Si el solicitante de la visa de turismo no puede demostrar la disponibilidad econ\u00f3mica personal<\/strong>\u00a0(por ser menor, estudiante, ama de casa, jubilado, etc.), la persona que se hace cargo de su manutenci\u00f3n, (padre, madre, esposo, hijo\/a), deber\u00e1 redactar una carta de compromiso a cubrir los gastos en el espacio Schengen firmada ante una Notar\u00eda, con copia de su documento de identidad y, seg\u00fan sea el caso, el registro civil de matrimonio o nacimiento para demostrar el v\u00ednculo familiar. (Adjuntar informaci\u00f3n financiera sobre sus ingresos econ\u00f3micos como se indica en el punto 8). Los jubilados deber\u00e1n presentar sus seis \u00faltimos\u00a0<strong>recibos de pago<\/strong>\u00a0y\/o eventualmente alg\u00fan otro documento que justifique sus ingresos econ\u00f3micos (original y copia).<\/li>\n<li><strong>Los estudiantes deber\u00e1n presentar un certificado de estudios<\/strong>\u00a0y de notas (original) a\u00fan si se encuentran de vacaciones. En el caso en que viajen durante periodo escolar, deber\u00e1n presentar la autorizaci\u00f3n del Colegio\/Universidad para ausentarse de las clases.<\/li>\n<li><strong>Seguro de viaje de asistencia m\u00e9dica v\u00e1lida para el espacio Schengen<\/strong>\u00a0con la siguiente cobertura:\n<ol>\n<li>Asistencia m\u00e9dica por enfermedad: cobertura m\u00ednima de 30,000 euros.<\/li>\n<li>Asistencia m\u00e9dica por accidentes: cobertura m\u00ednima de 30,000 euros.<\/li>\n<li>Repatriaci\u00f3n:\u00a0cobertura m\u00ednima de 30,000 euros.<br \/>\nLa empresa de seguro debe contar con un representante\/sucursal en Europa. El seguro de viaje no puede tener un deducible. Este seguro debe ser v\u00e1lido por la duraci\u00f3n de la visa.<\/li>\n<\/ol>\n<\/li>\n<li><strong>Reserva de vuelo<\/strong> de ida y vuelta con eventuales reservas a\u00e9reas\/trenes\/buses\/alquiler de carros para traslados dentro del espacio Schengen.<\/li>\n<\/ol>\n<p><strong>NOTAS<\/strong>:<\/p>\n<ul>\n<li>La solicitud de visa deber\u00e1 ser presentada de manera presencial por el interesado.<\/li>\n<li>Se reciben solicitudes de visa <u>\u00fanicamente de personas residentes en Colombia.<\/u><\/li>\n<li>El tr\u00e1mite es estrictamente personal. <u>La Embajada no ha autorizado a ninguna agencia ni intermediario para los tramites de visa<\/u>.<\/li>\n<li>Para menores de 18 a\u00f1os que viajan con los padres, se solicita la presencia de ambos padres en la Embajada, as\u00ed como copia del registro civil de nacimiento del menor.<\/li>\n<li>En caso de que el menor viaje solo o con solo uno de los padres, se debe adjuntar la respectiva\u00a0<strong>autorizaci\u00f3n de salida del pa\u00eds<\/strong>\u00a0apostillada por el Ministerio de Relaciones Exteriores de Colombia (original y copia).<\/li>\n<li>La falta de alguno de los documentos podr\u00eda implicar el rechazo en la ventanilla de la solicitud de visa. La misma <u>no podr\u00e1 ser aceptada<\/u> si el pago de los derechos consulares no se ha consignado previamente en su totalidad en el banco (ver <a href=\"https:\/\/ambbogota.esteri.it\/es\/servizi-consolari-e-visti\/servizi-per-il-cittadino-italiano\/derechos-consulares-2\/\"><strong>tarifas consulares<\/strong><\/a>).<\/li>\n<li>Se precisa que la Embajada de Italia se reserva la aceptaci\u00f3n de documentaci\u00f3n de cuentas bancarias activas en un Pa\u00eds que no sea Colombia o la U.E.<\/li>\n<li>La Embajada de Italia se reserva el derecho de solicitar otro tipo de documentaci\u00f3n que estime necesaria.<\/li>\n<li>Siendo la Visa una concesi\u00f3n, aun presentando todos los documentos requeridos, la misma puede ser otorgada o rechazada. En este \u00faltimo caso ser\u00e1 entregado el \u201c<em><u>Provvedimento di Diniego<\/u><\/em>\u201d.<\/li>\n<\/ul>\n","protected":false},"excerpt":{"rendered":"Para obtener informaciones generales sobre esta tipolog\u00eda de VISA visitar la siguiente p\u00e1gina\u00a0 web del Gobierno Italiano:\u00a0vistoperitalia.esteri.it Se recuerda que los ciudadanos colombianos est\u00e1n exentos de solicitar la visa cuando viajen al espacio Schengen por razones de turismo\/negocios\/misi\u00f3n\/competencia deportiva\/estudio\/invitaci\u00f3n, por un m\u00e1ximo de 90 d\u00edas en el arco temporal de 180 d\u00edas. La contabilizaci\u00f3n de [&hellip;]","protected":false},"author":5,"featured_media":0,"parent":748,"menu_order":0,"comment_status":"closed","ping_status":"closed","template":"","meta":{"footnotes":""},"class_list":["post-768","page","type-page","status-publish","hentry"],"_links":{"self":[{"href":"https:\/\/ambbogota.esteri.it\/es\/wp-json\/wp\/v2\/pages\/768","targetHints":{"allow":["GET"]}}],"collection":[{"href":"https:\/\/ambbogota.esteri.it\/es\/wp-json\/wp\/v2\/pages"}],"about":[{"href":"https:\/\/ambbogota.esteri.it\/es\/wp-json\/wp\/v2\/types\/page"}],"author":[{"embeddable":true,"href":"https:\/\/ambbogota.esteri.it\/es\/wp-json\/wp\/v2\/users\/5"}],"replies":[{"embeddable":true,"href":"https:\/\/ambbogota.esteri.it\/es\/wp-json\/wp\/v2\/comments?post=768"}],"version-history":[{"count":7,"href":"https:\/\/ambbogota.esteri.it\/es\/wp-json\/wp\/v2\/pages\/768\/revisions"}],"predecessor-version":[{"id":6335,"href":"https:\/\/ambbogota.esteri.it\/es\/wp-json\/wp\/v2\/pages\/768\/revisions\/6335"}],"up":[{"embeddable":true,"href":"https:\/\/ambbogota.esteri.it\/es\/wp-json\/wp\/v2\/pages\/748"}],"wp:attachment":[{"href":"https:\/\/ambbogota.esteri.it\/es\/wp-json\/wp\/v2\/media?parent=768"}],"curies":[{"name":"wp","href":"https:\/\/api.w.org\/{rel}","templated":true}]}}