{"id":770,"date":"2023-08-11T12:49:36","date_gmt":"2023-08-11T17:49:36","guid":{"rendered":"https:\/\/ambbogota.esteri.it\/?page_id=770"},"modified":"2025-01-28T16:47:32","modified_gmt":"2025-01-28T21:47:32","slug":"visa-para-familiares","status":"publish","type":"page","link":"https:\/\/ambbogota.esteri.it\/es\/servizi-consolari-e-visti\/servizi-per-il-cittadino-straniero\/visti\/visas-requisitos\/visa-para-familiares\/","title":{"rendered":"Visas para Familiares"},"content":{"rendered":"<ul>\n<li><a href=\"https:\/\/ambbogota.esteri.it\/es\/servizi-consolari-e-visti\/servizi-per-il-cittadino-straniero\/visti\/visas-requisitos\/visa-para-familiares\/visa-de-reagrupacion-familiar-para-hijos\/\">Visa de Reagrupaci\u00f3n Familiar para Hijos<\/a><\/li>\n<li><a href=\"https:\/\/ambbogota.esteri.it\/es\/servizi-consolari-e-visti\/servizi-per-il-cittadino-straniero\/visti\/visas-requisitos\/visa-para-familiares\/visa-de-reagrupacion-familiar-entre-conyuges\/\">Visa de Reagrupaci\u00f3n Familiar entre C\u00f3nyuges<\/a><\/li>\n<li><a href=\"https:\/\/ambbogota.esteri.it\/es\/servizi-consolari-e-visti\/servizi-per-il-cittadino-straniero\/visti\/visas-requisitos\/visa-para-familiares\/visa-para-reagrupacion-entre-hijos-y-padres-menores-de-65-anos\/\">Visa de Reagrupaci\u00f3n entre Padres e Hijos Residentes en Italia\u00a0<\/a><\/li>\n<li><a href=\"https:\/\/ambbogota.esteri.it\/es\/servizi-consolari-e-visti\/servizi-per-il-cittadino-straniero\/visti\/visas-requisitos\/visa-para-familiares\/visa-para-familiares-extranjeros-de-ciudadanos-italianos-ue\/\">Visa para Familiares Extranjeros de Ciudadanos Italianos\/UE<\/a><\/li>\n<\/ul>\n","protected":false},"excerpt":{"rendered":"Visa de Reagrupaci\u00f3n Familiar para Hijos Visa de Reagrupaci\u00f3n Familiar entre C\u00f3nyuges Visa de Reagrupaci\u00f3n entre Padres e Hijos Residentes en Italia\u00a0 Visa para Familiares Extranjeros de Ciudadanos Italianos\/UE","protected":false},"author":5,"featured_media":0,"parent":748,"menu_order":0,"comment_status":"closed","ping_status":"closed","template":"","meta":{"footnotes":""},"class_list":["post-770","page","type-page","status-publish","hentry"],"_links":{"self":[{"href":"https:\/\/ambbogota.esteri.it\/es\/wp-json\/wp\/v2\/pages\/770","targetHints":{"allow":["GET"]}}],"collection":[{"href":"https:\/\/ambbogota.esteri.it\/es\/wp-json\/wp\/v2\/pages"}],"about":[{"href":"https:\/\/ambbogota.esteri.it\/es\/wp-json\/wp\/v2\/types\/page"}],"author":[{"embeddable":true,"href":"https:\/\/ambbogota.esteri.it\/es\/wp-json\/wp\/v2\/users\/5"}],"replies":[{"embeddable":true,"href":"https:\/\/ambbogota.esteri.it\/es\/wp-json\/wp\/v2\/comments?post=770"}],"version-history":[{"count":6,"href":"https:\/\/ambbogota.esteri.it\/es\/wp-json\/wp\/v2\/pages\/770\/revisions"}],"predecessor-version":[{"id":5564,"href":"https:\/\/ambbogota.esteri.it\/es\/wp-json\/wp\/v2\/pages\/770\/revisions\/5564"}],"up":[{"embeddable":true,"href":"https:\/\/ambbogota.esteri.it\/es\/wp-json\/wp\/v2\/pages\/748"}],"wp:attachment":[{"href":"https:\/\/ambbogota.esteri.it\/es\/wp-json\/wp\/v2\/media?parent=770"}],"curies":[{"name":"wp","href":"https:\/\/api.w.org\/{rel}","templated":true}]}}