{"id":772,"date":"2023-08-11T13:37:18","date_gmt":"2023-08-11T18:37:18","guid":{"rendered":"https:\/\/ambbogota.esteri.it\/?page_id=772"},"modified":"2025-01-24T15:49:27","modified_gmt":"2025-01-24T20:49:27","slug":"visa-de-reagrupacion-familiar-para-hijos","status":"publish","type":"page","link":"https:\/\/ambbogota.esteri.it\/es\/servizi-consolari-e-visti\/servizi-per-il-cittadino-straniero\/visti\/visas-requisitos\/visa-para-familiares\/visa-de-reagrupacion-familiar-para-hijos\/","title":{"rendered":"Visa de Reagrupaci\u00f3n Familiar para Hijos Menores de Edad"},"content":{"rendered":"<p>Para obtener informaciones generales sobre esta tipolog\u00eda de VISA visitar la siguiente p\u00e1gina web del Gobierno Italiano:\u00a0<a href=\"http:\/\/vistoperitalia.esteri.it\/\">vistoperitalia.esteri.it<\/a><\/p>\n<p><strong>\u00bfPara qu\u00e9 sirve y qui\u00e9n puede utilizarla?<\/strong><\/p>\n<p>Esta visa permite ingresar y residir en Italia a los ciudadanos extranjeros menores de edad residentes en Colombia para reagrupaci\u00f3n familiar con los padres, (ciudadanos extranjeros regularmente residentes en Italia).<\/p>\n<p>El tr\u00e1mite empieza en Italia donde el\/la progenitor\/a solicita la reagrupaci\u00f3n familiar ante la \u201cPrefettura\u201d territorialmente competente (<strong>Oficina S.U.I.<\/strong>).<br \/>\nUna vez que dicha autoridad haya emitido la autorizaci\u00f3n (<em>Nulla Osta<\/em>), el menor residente en Colombia podr\u00e1 solicitar la visa.<\/p>\n<p>La visa se puede solicitar con <u>seis meses de antelaci\u00f3n<\/u> y hasta 15 d\u00edas laborales antes de la fecha de viaje.<\/p>\n<p><strong>Tipo de la visa<\/strong>:\u00a0\u00abD\u00bb visa de larga duraci\u00f3n (mayor de 90 d\u00edas hasta 365 d\u00edas).<\/p>\n<p><strong>REQUISITOS<\/strong>: Se deben presentar a la Embajada en el estricto orden abajo indicado.<\/p>\n<ol>\n<li><a href=\"https:\/\/ambbogota.esteri.it\/wp-content\/uploads\/2023\/11\/Formulario_D_-VistoNazionale_spagnolo.pdf\"><strong>Formulario de solicitud de visa Nacional<\/strong>\u00a0<\/a>debidamente diligenciado en todos sus campos y firmado.<\/li>\n<li><strong>Dos fotograf\u00edas<\/strong> (3 cm x 4 cm), fondo blanco a color (iguales y recientes) de las cuales una pegada al formulario en el recuadro correspondiente.<\/li>\n<li><a href=\"https:\/\/ambbogota.esteri.it\/es\/servizi-consolari-e-visti\/servizi-per-il-cittadino-italiano\/derechos-consulares-2\/\"><strong>Pago de los derechos consulares<\/strong><\/a>\u00a0(presentar el original de la consignaci\u00f3n realizada al Banco GNB Sudameris, Cuenta Corriente n. 11538667 Art. 29, no se aceptan copias o transferencias bancarias directas).<\/li>\n<li><strong>Pasaporte vigente<\/strong> (con validez de m\u00ednimo 3 meses m\u00e1s de la duraci\u00f3n de la visa) con m\u00ednimo dos p\u00e1ginas libres y copia simple del mismo (s\u00f3lo de la p\u00e1gina del pasaporte que contiene los datos personales del titular).<\/li>\n<li><strong>Tarjeta de Identidad<\/strong> \u2013 para los extranjeros c\u00e9dula de extranjer\u00eda y visa colombiana vigente (copia ampliada y legible).<\/li>\n<li><strong>Copia del \u201c<em>Nulla Osta<\/em>\u201d<\/strong>\u00a0emitido por la \u201cPrefettura\u201d \u2013 S.U.I. (Sportello Unico Immigrazione).<\/li>\n<li><strong>Registro civil de nacimiento del menor que solicita la Visa<\/strong>\u00a0\u2013 junto con la\u00a0apostilla expedida por el Ministerio de Relaciones Exteriores de Colombia. (Original y copia).<\/li>\n<li><strong>Registro Civil de Matrimonio de los padres<\/strong>, si existe matrimonio. Debe ser\u00a0entregado junto con la\u00a0apostilla expedida por el Ministerio de Relaciones Exteriores de Colombia. (Original y copia).<br \/>\n<strong>Importante<\/strong>: En el caso de\u00a0no\u00a0existir matrimonio entre los padres y la inscripci\u00f3n del hijo\/a haya sido efectuada solo por uno de ellos, es\u00a0indispensable\u00a0que el\/la solicitante al S.U.I. el Nulla Osta de Reagrupaci\u00f3n familiar haya declarado al menor; de lo contrario deber\u00e1 reconocer al hijo. Dicho reconocimiento deber\u00e1 figurar en el Registro Civil de nacimiento del hijo\/a.<\/li>\n<li><strong>Traducci\u00f3n al italiano<\/strong>\u00a0de los documentos de los puntos 7 y 8, apostilladas por las autoridades locales. <a href=\"https:\/\/ambbogota.esteri.it\/es\/servizi-consolari-e-visti\/servizi-per-il-cittadino-straniero\/traduzione-e-legalizzazione-dei-documenti\/\">https:\/\/ambbogota.esteri.it\/es\/servizi-consolari-e-visti\/servizi-per-il-cittadino-straniero\/traduzione-e-legalizzazione-dei-documenti\/<\/a><\/li>\n<li><strong>Copia del Permesso di Soggiorno y de la p\u00e1gina de datos del Pasaporte <\/strong>del\/la progenitor\/a residente en Italia.<\/li>\n<li><strong>Copia legible de la C\u00e9dula de ciudadan\u00eda colombiana de ambos padres.<\/strong><\/li>\n<li><strong>Autorizaci\u00f3n escrita<\/strong>firmada por los padres que confirme\u00a0<strong>que el\/la menor est\u00e1 autorizado\/a a viajar y a residir en Italia <\/strong>(Vea <a href=\"https:\/\/ambbogota.esteri.it\/wp-content\/uploads\/2023\/11\/Modelo-B_Menor-de-Edad_RicongiungimentoFamiliare.pdf\">Formulario Modelo B menor de edad ricongiungimento familiare<\/a>). La\u00a0autorizaci\u00f3n\u00a0debe ser firmada ante un\u00a0notario\u00a0(o ante el Juez de menores) y apostillada por el Ministerio de Relaciones Exteriores de Colombia. En alternativa, si ambos padres est\u00e1n temporalmente en Colombia dicha autorizaci\u00f3n puede ser firmada delante del funcionario en la Embajada de Italia. En el caso en que uno o ambos padres se encuentren en Italia, dicha autorizaci\u00f3n deber\u00e1 ser firmada ante uno de los Consulados de su pa\u00eds de origen operante en Italia y apostillada por las autoridades competentes en Colombia (original y copia). En todos los casos se debe presentar el original \u2013 que ser\u00e1 devuelto \u2013 y la copia que se quedar\u00e1 en los archivos de la Embajada.<br \/>\n<strong>Importante<\/strong>: Es\u00a0indispensable\u00a0que aparezca la palabra\u00a0residencia\u00a0en la autorizaci\u00f3n de viaje. En caso de que no apareciera, no se podr\u00e1 recibir la solicitud de visa.<\/li>\n<li><strong>Autorizaci\u00f3n de los padres para tramitar la visa de un menor de edad<\/strong> (Vea <a href=\"https:\/\/ambbogota.esteri.it\/wp-content\/uploads\/2023\/11\/Autorizacion-Padres-a-Tramitar-la-Visa.pdf\">Formulario<\/a>). La\u00a0autorizaci\u00f3n\u00a0debe ser firmada ante un\u00a0notario\u00a0(o ante el Juez de menores) y apostillada por el Ministerio de Relaciones Exteriores de Colombia. En alternativa, si ambos padres est\u00e1n temporalmente en Colombia dicha autorizaci\u00f3n puede ser firmada delante del funcionario en la Embajada de Italia. En el caso que uno o ambos padres se encuentren en Italia, dicha autorizaci\u00f3n deber\u00e1 ser firmada ante uno de los Consulados de su pa\u00eds operante en Italia y apostillada por las autoridades competentes en Colombia (original y copia). En todos los casos se debe presentar el original \u2013 que ser\u00e1 devuelto \u2013 y la copia que se quedar\u00e1 en los archivos de la Embajada.<\/li>\n<li><strong>Permiso de salida del pa\u00eds expedido por Migraci\u00f3n Colombia <\/strong>y\u00a0apostillado por el Ministerio de Relaciones Exteriores de Colombia (original y copia)<\/li>\n<li><strong>Los hijos menores de edad que no puedan presentarse con uno o ambos padres <\/strong>por causas de fuerza mayor (ej. se encuentren en el exterior) deber\u00e1n estar acompa\u00f1ados por un mayor de edad debidamente autorizado con un poder legalizado por el Ministerio de Relaciones Exteriores de Colombia (original y copia).<\/li>\n<li><strong>Reserva de vuelo<\/strong> de ida con destino final Italia.<\/li>\n<\/ol>\n<p><strong><u>NOTAS<\/u><\/strong>:<\/p>\n<ul>\n<li>La solicitud de visa deber\u00e1 ser presentada de manera presencial por el interesado y deber\u00e1 estar siempre presente el\/la menor.<\/li>\n<li>Se reciben solicitudes de visa <u>\u00fanicamente de personas residentes en Colombia<\/u>.<\/li>\n<li>El tr\u00e1mite es estrictamente personal.<u> La Embajada no ha autorizado ninguna agencia ni intermediario para los tramites de visa<\/u>.<\/li>\n<li>Se informa que la oficina de Visas no podr\u00e1 recibir la solicitud hasta tanto<strong> no reciba telem\u00e1ticamente la Nulla Osta transmitida por la Oficina S.U.I. (Prefettura en Italia)<\/strong>.<\/li>\n<li>Se recuerda que el \u00ab<em>Nulla Osta<\/em>\u00bb\u00a0<strong>tiene una validez de 6 meses<\/strong>\u00a0(desde la fecha de emisi\u00f3n S.U.I.)\u00a0y<strong> debe ser utilizado antes que se haya vencido<\/strong>.<\/li>\n<li><strong>La Embajada puede recibir la solicitud de visa de personas que reci\u00e9n hayan cumplido la mayor\u00eda de edad, siempre y cuando el \u201cNulla Osta\u201d haya sido emitido antes del cumplimiento de los 18 a\u00f1os<\/strong>.<\/li>\n<li>La falta de alguno de los documentos podr\u00eda implicar el rechazo en la ventanilla de la solicitud de visa. La misma <u>no podr\u00e1 ser aceptada<\/u> si el pago de los derechos consulares no se ha consignado previamente en su totalidad en el banco (ver <a href=\"https:\/\/ambbogota.esteri.it\/es\/servizi-consolari-e-visti\/servizi-per-il-cittadino-italiano\/derechos-consulares-2\/\"><strong>tarifas consulares<\/strong><\/a>).<\/li>\n<li>La Embajada de Italia se reserva el derecho de solicitar documentaci\u00f3n adicional que considere necesaria.<\/li>\n<li>La visa (si es otorgada), podr\u00e1 ser concedida con una fecha de entrada a Italia pocos d\u00edas antes de la fecha de entrada a Italia. Quienes deseen entrar a Italia antes de esa fecha podr\u00e1n hacerlo como turistas (sin Visa) por un m\u00e1ximo de 3 meses si su nacionalidad est\u00e1 exenta de solicitar la Visa de turismo.<\/li>\n<li>Siendo la Visa una concesi\u00f3n, aun presentando todos los documentos requeridos, la misma puede ser otorgada o rechazada. En este \u00faltimo caso ser\u00e1 entregado el \u201c<em><u>Provvedimento di Diniego<\/u><\/em>\u201d.<\/li>\n<li>Si la Visa es otorgada, el titular de esta, deber\u00e1 solicitar dentro de los primeros ocho d\u00edas h\u00e1biles del ingreso a Italia, el Permiso de Estad\u00eda (<em><u>Permesso di Soggiorno<\/u><\/em>) ante las Autoridades italianas competentes.<\/li>\n<\/ul>\n","protected":false},"excerpt":{"rendered":"Para obtener informaciones generales sobre esta tipolog\u00eda de VISA visitar la siguiente p\u00e1gina web del Gobierno Italiano:\u00a0vistoperitalia.esteri.it \u00bfPara qu\u00e9 sirve y qui\u00e9n puede utilizarla? Esta visa permite ingresar y residir en Italia a los ciudadanos extranjeros menores de edad residentes en Colombia para reagrupaci\u00f3n familiar con los padres, (ciudadanos extranjeros regularmente residentes en Italia). El [&hellip;]","protected":false},"author":5,"featured_media":0,"parent":770,"menu_order":0,"comment_status":"closed","ping_status":"closed","template":"","meta":{"footnotes":""},"class_list":["post-772","page","type-page","status-publish","hentry"],"_links":{"self":[{"href":"https:\/\/ambbogota.esteri.it\/es\/wp-json\/wp\/v2\/pages\/772","targetHints":{"allow":["GET"]}}],"collection":[{"href":"https:\/\/ambbogota.esteri.it\/es\/wp-json\/wp\/v2\/pages"}],"about":[{"href":"https:\/\/ambbogota.esteri.it\/es\/wp-json\/wp\/v2\/types\/page"}],"author":[{"embeddable":true,"href":"https:\/\/ambbogota.esteri.it\/es\/wp-json\/wp\/v2\/users\/5"}],"replies":[{"embeddable":true,"href":"https:\/\/ambbogota.esteri.it\/es\/wp-json\/wp\/v2\/comments?post=772"}],"version-history":[{"count":6,"href":"https:\/\/ambbogota.esteri.it\/es\/wp-json\/wp\/v2\/pages\/772\/revisions"}],"predecessor-version":[{"id":5359,"href":"https:\/\/ambbogota.esteri.it\/es\/wp-json\/wp\/v2\/pages\/772\/revisions\/5359"}],"up":[{"embeddable":true,"href":"https:\/\/ambbogota.esteri.it\/es\/wp-json\/wp\/v2\/pages\/770"}],"wp:attachment":[{"href":"https:\/\/ambbogota.esteri.it\/es\/wp-json\/wp\/v2\/media?parent=772"}],"curies":[{"name":"wp","href":"https:\/\/api.w.org\/{rel}","templated":true}]}}