{"id":776,"date":"2023-08-11T13:38:26","date_gmt":"2023-08-11T18:38:26","guid":{"rendered":"https:\/\/ambbogota.esteri.it\/?page_id=776"},"modified":"2025-01-24T15:55:37","modified_gmt":"2025-01-24T20:55:37","slug":"visa-para-reagrupacion-entre-hijos-y-padres-menores-de-65-anos","status":"publish","type":"page","link":"https:\/\/ambbogota.esteri.it\/es\/servizi-consolari-e-visti\/servizi-per-il-cittadino-straniero\/visti\/visas-requisitos\/visa-para-familiares\/visa-para-reagrupacion-entre-hijos-y-padres-menores-de-65-anos\/","title":{"rendered":"Visa de Reagrupaci\u00f3n Familiar entre Padres e Hijos Residentes en Italia"},"content":{"rendered":"<p>Para obtener informaciones generales sobre esta tipolog\u00eda de VISA visitar la siguiente p\u00e1gina web del Gobierno Italiano:\u00a0<a href=\"http:\/\/vistoperitalia.esteri.it\/\">vistoperitalia.esteri.it<\/a><\/p>\n<p><strong>\u00bfPara qu\u00e9 sirve y qui\u00e9n puede utilizarla?<\/strong><\/p>\n<p>Esta visa permite ingresar y residir en Italia a los ciudadanos extranjeros residentes en Colombia para reagrupaci\u00f3n familiar entre el\/la\u00a0<strong>hijo\/a extranjero\/a<\/strong>\u00a0(regularmente residente en Italia)\u00a0<strong>y el\/los padre\/s<\/strong>\u00a0(que vive\/n regularmente en Colombia) y\u00a0<strong>que dependen econ\u00f3micamente del\/la hijo\/a<\/strong>.<\/p>\n<p>El tr\u00e1mite empieza en Italia donde <strong>hijo\/a extranjero\/a<\/strong>\u00a0 solicita la reagrupaci\u00f3n familiar ante la \u201cPrefettura\u201d territorialmente competente.<br \/>\nUna vez que dicha autoridad haya emitido la autorizaci\u00f3n (<em>Nulla Osta<\/em>), el padre\/madre residente en Colombia puede solicitar la visa.<\/p>\n<p>La visa se puede solicitar con <u>seis meses de antelaci\u00f3n<\/u> y hasta 15 d\u00edas laborales antes de la fecha de viaje.<\/p>\n<p><strong>Tipo de la visa<\/strong>:\u00a0\u00abD\u00bb visa de larga duraci\u00f3n (mayor de 90 d\u00edas hasta 365 d\u00edas).<\/p>\n<p><strong>REQUISITOS<\/strong>: Se deben presentar a la Embajada en el estricto orden abajo indicado.<\/p>\n<ol>\n<li><a href=\"https:\/\/ambbogota.esteri.it\/wp-content\/uploads\/2023\/11\/Formulario_D_-VistoNazionale_spagnolo.pdf\"><strong>Formulario de solicitud de visa Nacional<\/strong>\u00a0<\/a>debidamente diligenciado en todos sus campos y firmado.<\/li>\n<li><strong>Dos fotograf\u00edas<\/strong> (3 cm x 4 cm), fondo blanco a color (iguales y recientes) de las cuales una pegada al formulario en el recuadro correspondiente.<\/li>\n<li><a href=\"https:\/\/ambbogota.esteri.it\/es\/servizi-consolari-e-visti\/servizi-per-il-cittadino-italiano\/derechos-consulares-2\/\"><strong>Pago de los derechos consulares<\/strong><\/a>\u00a0(presentar el original de la consignaci\u00f3n realizada al Banco GNB Sudameris, Cuenta Corriente n. 11538667 Art. 29, no se aceptan copias o transferencias bancarias directas).<\/li>\n<li><strong>Pasaporte vigente<\/strong> (con validez de m\u00ednimo 3 meses m\u00e1s de la duraci\u00f3n de la visa) con m\u00ednimo dos p\u00e1ginas libres y copia simple del mismo (s\u00f3lo de la p\u00e1gina del pasaporte que contiene los datos personales del titular).<\/li>\n<li><strong>C\u00e9dula de ciudadan\u00eda<\/strong> \u2013 para los extranjeros c\u00e9dula de extranjer\u00eda y visa colombiana vigente (copia ampliada y legible).<\/li>\n<li><strong>Copia del \u201c<em>Nulla Osta<\/em>\u201d<\/strong>\u00a0emitido por la \u201cPrefettura\u201d \u2013 S.U.I. (Sportello Unico Immigrazione).<\/li>\n<li><strong>Registro Civil de Nacimiento <\/strong>del\/la hijo\/a residente en Italia. Debe ser\u00a0entregado junto con la\u00a0apostilla expedida por el Ministerio de Relaciones Exteriores de Colombia. (Original y copia).<\/li>\n<li><strong>Traducci\u00f3n al italiano<\/strong>\u00a0del documento del punto 7, apostillado por las autoridades locales. <a href=\"https:\/\/ambbogota.esteri.it\/es\/servizi-consolari-e-visti\/servizi-per-il-cittadino-straniero\/traduzione-e-legalizzazione-dei-documenti\/\">https:\/\/ambbogota.esteri.it\/es\/servizi-consolari-e-visti\/servizi-per-il-cittadino-straniero\/traduzione-e-legalizzazione-dei-documenti\/<\/a><\/li>\n<li><strong>Copia del Permesso di Soggiorno y de la p\u00e1gina de datos del Pasaporte <\/strong>del\/a hijo\/a residente en Italia.<\/li>\n<li><strong>Copia legible de la C\u00e9dula de ciudadan\u00eda colombiana <\/strong>del\/a hijo\/a residente en Italia.<\/li>\n<li><strong>Declaraci\u00f3n jurada<\/strong>\u00a0<strong>de composici\u00f3n familiar<\/strong>\u00a0del solicitante de la Visa\u00a0seg\u00fan el <a href=\"https:\/\/ambbogota.esteri.it\/wp-content\/uploads\/2023\/11\/Modelo-A.pdf\">modelo A<\/a>. Esta declaraci\u00f3n puede ser firmada frente el funcionario consular o ante Notar\u00eda.<\/li>\n<li><strong>Demostraci\u00f3n de estar econ\u00f3micamente dependiente del\/la hijo\/a<\/strong>\u00a0que est\u00e1 solicitando la reagrupaci\u00f3n familiar, a trav\u00e9s de transferencias de moneda\/giros bancarios, demostrables y relevantes (seg\u00fan el costo de vida local), continuas, constantes y prolongadas por un tiempo m\u00ednimo de dos a\u00f1os. Se deben presentar los extractos bancarios de la\/las cuenta\/s de los \u00faltimos veinticuatro meses anteriores a la fecha de presentaci\u00f3n de la solicitud de visa (originales, debidamente sellados por el Banco emisor &#8211; no se admiten documentos descargados por internet sin los criterios antedichos). En caso de no estar disponibles los extractos del \u00faltimo periodo, se solicita presentar adem\u00e1s del certificado de los movimientos bancarios de los periodos que no cuenten con extracto bancario, y el certificado del saldo disponible a la fecha de la\/s cuenta\/bancaria\/s. No se admite soporte de tarjeta de cr\u00e9dito.<\/li>\n<li><strong>Reserva de vuelo<\/strong> de ida con destino final Italia.<\/li>\n<\/ol>\n<p><strong><u>NOTAS<\/u><\/strong>:<\/p>\n<ul>\n<li>La solicitud de visa deber\u00e1 ser presentada de manera presencial por el interesado.<\/li>\n<li>Se reciben solicitudes de visa <u>\u00fanicamente de personas residentes en Colombia<\/u>.<\/li>\n<li>El tr\u00e1mite es estrictamente personal.<u> La Embajada no ha autorizado a ninguna agencia ni intermediario para los tramites de visa<\/u>.<\/li>\n<li><u>Si el\/los padre\/s es\/son mayor\/es de 65 a\u00f1os y tiene\/n otro\/s hijo\/s, se debe demostrar que este\/os \u00faltimo\/s no se puede\/n hacer cargo del\/los padre\/s por motivos graves de salud debidamente documentados.<\/u><\/li>\n<li><u>Para el\/los padre\/s que es\/son menor\/es de 65 a\u00f1os, la dependencia econ\u00f3mica se puede comprobar si el\/los mismo\/s no tiene\/n otro\/s hijo\/s en el pa\u00eds de origen o procedencia.<\/u><\/li>\n<li>Se informa que la oficina de Visas no puede recibir la solicitud hasta tanto<strong> no reciba telem\u00e1ticamente la Nulla Osta transmitida por la Oficina S.U.I. (Prefettura en Italia)<\/strong>.<\/li>\n<li>Se recuerda que el \u00ab<em>Nulla Osta<\/em>\u00bb\u00a0<strong>tiene una validez de 6 meses<\/strong>(desde la fecha de emisi\u00f3n S.U.I.)\u00a0<strong>y debe ser utilizado antes que se haya vencido<\/strong>.<\/li>\n<li>La falta de alguno de los documentos podr\u00eda implicar el rechazo en la ventanilla de la solicitud de visa. La misma <u>no podr\u00e1 ser aceptada<\/u> si el pago de los derechos consulares no se ha consignado previamente en su totalidad en el banco (ver <a href=\"https:\/\/ambbogota.esteri.it\/ambasciata_bogota\/es\/in_linea_con_utente\/tar-cons.html\"><strong>tarifas consulares<\/strong><\/a>).<\/li>\n<li>La Embajada de Italia se reserva el derecho de solicitar documentaci\u00f3n adicional que considere necesaria.<\/li>\n<li>La visa (si es otorgada), podr\u00e1 ser concedida con una fecha de entrada a Italia pocos d\u00edas antes de la fecha de entrada a Italia. Quienes deseen entrar a Italia antes de esa fecha podr\u00e1n hacerlo como turistas (sin Visa) por un m\u00e1ximo de 3 meses si su nacionalidad est\u00e1 exenta de solicitar la Visa de turismo.<\/li>\n<li>Siendo la Visa una concesi\u00f3n, aun presentando todos los documentos requeridos, la misma puede ser otorgada o rechazada. En este \u00faltimo caso ser\u00e1 entregado el \u201c<em><u>Provvedimento di Diniego<\/u><\/em>\u201d.<\/li>\n<li>Si la Visa es otorgada, el titular de esta, deber\u00e1 solicitar dentro de los primeros ocho d\u00edas h\u00e1biles del ingreso a Italia, el Permiso de Estad\u00eda (<em><u>Permesso di Soggiorno<\/u><\/em>) ante las Autoridades italianas competentes.<\/li>\n<\/ul>\n<p>&nbsp;<\/p>\n","protected":false},"excerpt":{"rendered":"Para obtener informaciones generales sobre esta tipolog\u00eda de VISA visitar la siguiente p\u00e1gina web del Gobierno Italiano:\u00a0vistoperitalia.esteri.it \u00bfPara qu\u00e9 sirve y qui\u00e9n puede utilizarla? Esta visa permite ingresar y residir en Italia a los ciudadanos extranjeros residentes en Colombia para reagrupaci\u00f3n familiar entre el\/la\u00a0hijo\/a extranjero\/a\u00a0(regularmente residente en Italia)\u00a0y el\/los padre\/s\u00a0(que vive\/n regularmente en Colombia) y\u00a0que [&hellip;]","protected":false},"author":5,"featured_media":0,"parent":770,"menu_order":0,"comment_status":"closed","ping_status":"closed","template":"","meta":{"footnotes":""},"class_list":["post-776","page","type-page","status-publish","hentry"],"_links":{"self":[{"href":"https:\/\/ambbogota.esteri.it\/es\/wp-json\/wp\/v2\/pages\/776","targetHints":{"allow":["GET"]}}],"collection":[{"href":"https:\/\/ambbogota.esteri.it\/es\/wp-json\/wp\/v2\/pages"}],"about":[{"href":"https:\/\/ambbogota.esteri.it\/es\/wp-json\/wp\/v2\/types\/page"}],"author":[{"embeddable":true,"href":"https:\/\/ambbogota.esteri.it\/es\/wp-json\/wp\/v2\/users\/5"}],"replies":[{"embeddable":true,"href":"https:\/\/ambbogota.esteri.it\/es\/wp-json\/wp\/v2\/comments?post=776"}],"version-history":[{"count":6,"href":"https:\/\/ambbogota.esteri.it\/es\/wp-json\/wp\/v2\/pages\/776\/revisions"}],"predecessor-version":[{"id":5364,"href":"https:\/\/ambbogota.esteri.it\/es\/wp-json\/wp\/v2\/pages\/776\/revisions\/5364"}],"up":[{"embeddable":true,"href":"https:\/\/ambbogota.esteri.it\/es\/wp-json\/wp\/v2\/pages\/770"}],"wp:attachment":[{"href":"https:\/\/ambbogota.esteri.it\/es\/wp-json\/wp\/v2\/media?parent=776"}],"curies":[{"name":"wp","href":"https:\/\/api.w.org\/{rel}","templated":true}]}}