{"id":778,"date":"2023-08-11T12:50:11","date_gmt":"2023-08-11T17:50:11","guid":{"rendered":"https:\/\/ambbogota.esteri.it\/?page_id=778"},"modified":"2025-01-24T14:36:34","modified_gmt":"2025-01-24T19:36:34","slug":"visa-de-reingreso","status":"publish","type":"page","link":"https:\/\/ambbogota.esteri.it\/es\/servizi-consolari-e-visti\/servizi-per-il-cittadino-straniero\/visti\/visas-requisitos\/visa-de-reingreso\/","title":{"rendered":"Visa de Reingreso"},"content":{"rendered":"<p>Para obtener informaciones generales sobre esta tipolog\u00eda de VISA visitar la siguiente p\u00e1gina web del Gobierno Italiano:\u00a0<a href=\"http:\/\/vistoperitalia.esteri.it\/\">vistoperitalia.esteri.it<\/a><\/p>\n<p><strong>\u00bfPara qu\u00e9 sirve y qui\u00e9n la puede solicitar?<\/strong><\/p>\n<p>La Visa de Reingreso puede ser solicitada por los ciudadanos extranjeros que ya residen en Italia de forma legal y que se encuentren temporalmente en Colombia con el \u201cPermesso di Soggiorno\u201d en una de las siguientes condiciones:<\/p>\n<ol>\n<li>\u201cPermesso di Soggiorno\u201d vencido de no m\u00e1s de 60 d\u00edas y del cual el titular solicit\u00f3 la renovaci\u00f3n a las autoridades italianas dentro de los t\u00e9rminos de ley;<\/li>\n<li>\u201cPermesso di Soggiorno\u201d vencido de no m\u00e1s de 60 d\u00edas y del cual el titular\u00a0<strong>no solicit\u00f3<\/strong> la renovaci\u00f3n dentro de los t\u00e9rminos de ley. El termino de 60 d\u00edas se extiende a 6 meses en caso de comprobados graves motivos de salud personales o de un familiar cercano (Padres, Esposos, Hijos)<\/li>\n<li>En curso de validez, pero robado o extraviado.<\/li>\n<\/ol>\n<p><strong>Nota<\/strong>: La emisi\u00f3n de la visa est\u00e1 subordinada a la autorizaci\u00f3n que debe ser emitida por la Questura italiana competente por territorio.<\/p>\n<p>La visa se puede solicitar con <u>seis meses de antelaci\u00f3n a la fecha de viaje<\/u> y hasta 15 d\u00edas laborales antes de la fecha de viaje.<\/p>\n<p><strong>Tipo de la visa<\/strong>: \u201cD\u201d Visa de larga duraci\u00f3n, para estad\u00edas superiores a 90 d\u00edas.<\/p>\n<p><strong>REQUISITOS<\/strong>: Se deben presentar a la Embajada en el estricto orden abajo indicado.<\/p>\n<ol>\n<li><a href=\"https:\/\/ambbogota.esteri.it\/wp-content\/uploads\/2023\/11\/Formulario_D_-VistoNazionale_spagnolo.pdf\"><strong>Formulario de solicitud de visa Nacional<\/strong>\u00a0<\/a>debidamente diligenciado en todos sus campos y firmado.<\/li>\n<li><strong>Dos fotograf\u00edas<\/strong> (3 cm x 4 cm), fondo blanco a color (iguales y recientes) de las cuales una pegada al formulario en el recuadro correspondiente.<\/li>\n<li><a href=\"https:\/\/ambbogota.esteri.it\/es\/servizi-consolari-e-visti\/servizi-per-il-cittadino-italiano\/derechos-consulares-2\/\"><strong>Pago de los derechos consulares<\/strong><\/a>\u00a0(presentar el original de la consignaci\u00f3n realizada al Banco GNB Sudameris, Cuenta Corriente n. 11538667 Art. 29, no se aceptan copias o transferencias bancarias directas).<\/li>\n<li><strong>Pasaporte vigente<\/strong> (con validez de m\u00ednimo 3 meses m\u00e1s de la duraci\u00f3n de la visa) con m\u00ednimo dos p\u00e1ginas libres y copia simple del mismo (s\u00f3lo de la p\u00e1gina del pasaporte que contiene los datos personales del titular).<\/li>\n<li><strong>C\u00e9dula colombiana<\/strong> \u2013 para los extranjeros c\u00e9dula de extranjer\u00eda y visa colombiana &#8211; vigente (copia ampliada y legible).<\/li>\n<li><strong>Seg\u00fan los siguientes casos es necesario presentar<\/strong>:\n<ul>\n<li><strong>En el primer caso<\/strong>: original y copia simple del \u201cPermesso di Soggiorno\u201d a\u00fan si tuviese fecha de vencimiento no mayor a 60 d\u00edas, as\u00ed como de la solicitud de renovaci\u00f3n presentada a la Questura, incluyendo copia del pago realizado ante Poste Italiane (fotocopia legible).<\/li>\n<li><strong>En el segundo caso<\/strong>: original y copia simple del \u201cPermesso di Soggiorno\u201d a\u00fan si tuviese fecha de vencimiento no mayor a 60 d\u00edas. En caso de comprobados graves motivos de salud personales o de un familiar cercano; se debe presentar tambi\u00e9n el certificado m\u00e9dico legalizado y apostillado junto con el de registro civil con el cual se pueda verificar la relaci\u00f3n de parentesco con el familiar enfermo.<\/li>\n<li><strong>En el tercer caso<\/strong>: formato diligenciado y firmado de denuncia de robo o p\u00e9rdida del \u201cPermesso di Soggiorno (vea <a href=\"https:\/\/ambbogota.esteri.it\/wp-content\/uploads\/2023\/11\/Modulo_-Denuncia_Furto_Smarrimento-Permesso-di-Soggiorno.pdf\">formato<\/a>), eventual fotocopia del \u201cPermesso di Soggiorno\u201d si la tuviera.<\/li>\n<\/ul>\n<\/li>\n<li><strong>Certificado reciente de los movimientos migratorios<\/strong> expedido por Migraci\u00f3n Colombia, si el sello de entrada a Colombia no est\u00e1 presente en el pasaporte. Este requisito aplica para todos los casos anteriormente mencionados.<\/li>\n<li><strong>Reserva de vuelo <\/strong>de ida con destino final Italia.<\/li>\n<\/ol>\n<p><strong><u>NOTAS<\/u><\/strong><u>:<\/u><\/p>\n<ul>\n<li>La solicitud de visa deber\u00e1 ser presentada de manera presencial por el interesado.<\/li>\n<li>El tr\u00e1mite es estrictamente personal.<u> La Embajada no ha autorizado a ninguna agencia ni intermediario para los tramites de visa<\/u>.<\/li>\n<li>El tiempo de entrega de la visa depende del tiempo de respuesta por parte de la Questura italiana encargada de emitir la relativa autorizaci\u00f3n (\u00abNulla Osta\u00bb) indispensable para otorgar la Visa.<\/li>\n<li>La falta de alguno de los documentos podr\u00eda implicar el rechazo en la ventanilla de la solicitud de visa. La misma <u>no podr\u00e1 ser aceptada<\/u> si el pago de los derechos consulares no se ha consignado previamente en su totalidad en el banco (ver <a href=\"https:\/\/ambbogota.esteri.it\/ambasciata_bogota\/es\/in_linea_con_utente\/tar-cons.html\"><strong>tarifas consulares<\/strong><\/a>).<\/li>\n<li>La Embajada de Italia se reserva el derecho de solicitar documentaci\u00f3n adicional que considere necesaria.<\/li>\n<li>Siendo la Visa una concesi\u00f3n, aun presentando todos los documentos requeridos, la misma puede ser otorgada o rechazada. En este \u00faltimo caso ser\u00e1 entregado el \u201c<em><u>Provvedimento di Diniego<\/u><\/em>\u201d.<\/li>\n<\/ul>\n","protected":false},"excerpt":{"rendered":"Para obtener informaciones generales sobre esta tipolog\u00eda de VISA visitar la siguiente p\u00e1gina web del Gobierno Italiano:\u00a0vistoperitalia.esteri.it \u00bfPara qu\u00e9 sirve y qui\u00e9n la puede solicitar? La Visa de Reingreso puede ser solicitada por los ciudadanos extranjeros que ya residen en Italia de forma legal y que se encuentren temporalmente en Colombia con el \u201cPermesso di [&hellip;]","protected":false},"author":5,"featured_media":0,"parent":748,"menu_order":0,"comment_status":"closed","ping_status":"closed","template":"","meta":{"footnotes":""},"class_list":["post-778","page","type-page","status-publish","hentry"],"_links":{"self":[{"href":"https:\/\/ambbogota.esteri.it\/es\/wp-json\/wp\/v2\/pages\/778","targetHints":{"allow":["GET"]}}],"collection":[{"href":"https:\/\/ambbogota.esteri.it\/es\/wp-json\/wp\/v2\/pages"}],"about":[{"href":"https:\/\/ambbogota.esteri.it\/es\/wp-json\/wp\/v2\/types\/page"}],"author":[{"embeddable":true,"href":"https:\/\/ambbogota.esteri.it\/es\/wp-json\/wp\/v2\/users\/5"}],"replies":[{"embeddable":true,"href":"https:\/\/ambbogota.esteri.it\/es\/wp-json\/wp\/v2\/comments?post=778"}],"version-history":[{"count":7,"href":"https:\/\/ambbogota.esteri.it\/es\/wp-json\/wp\/v2\/pages\/778\/revisions"}],"predecessor-version":[{"id":5312,"href":"https:\/\/ambbogota.esteri.it\/es\/wp-json\/wp\/v2\/pages\/778\/revisions\/5312"}],"up":[{"embeddable":true,"href":"https:\/\/ambbogota.esteri.it\/es\/wp-json\/wp\/v2\/pages\/748"}],"wp:attachment":[{"href":"https:\/\/ambbogota.esteri.it\/es\/wp-json\/wp\/v2\/media?parent=778"}],"curies":[{"name":"wp","href":"https:\/\/api.w.org\/{rel}","templated":true}]}}