{"id":788,"date":"2023-08-14T10:43:31","date_gmt":"2023-08-14T15:43:31","guid":{"rendered":"https:\/\/ambbogota.esteri.it\/?page_id=788"},"modified":"2023-08-15T15:43:20","modified_gmt":"2023-08-15T20:43:20","slug":"perdida-o-robo-del-pasaporte","status":"publish","type":"page","link":"https:\/\/ambbogota.esteri.it\/es\/servizi-consolari-e-visti\/servizi-per-il-cittadino-italiano\/passaporti-e-carte-didentita\/perdida-o-robo-del-pasaporte\/","title":{"rendered":"Perdida o robo del pasaporte"},"content":{"rendered":"<div id=\"tw-target-text-container\" class=\"tw-ta-container F0azHf tw-nfl\" tabindex=\"0\">\n<p id=\"tw-target-text\" class=\"tw-data-text tw-text-large tw-ta\" dir=\"ltr\" data-placeholder=\"Traduzione\"><span class=\"Y2IQFc\" lang=\"es\">En caso de <strong>robo<\/strong> de su pasaporte y\/u otros documentos de identificaci\u00f3n italianos, los interesados \u200b\u200bpueden acudir a la Embajada durante el horario de atenci\u00f3n al p\u00fablico y presentar el informe de robo expedido por cualquier rama de la \u00abUnidad de Reacci\u00f3n Inmediata (URI) de la \u00bb Fiscal\u00eda General de la Naci\u00f3n\u201d, de una \u201cInspecci\u00f3n de Polic\u00eda\u201d o de la \u201cUnidad de denuncia de Polic\u00eda\u201d.<\/span><\/p>\n<\/div>\n<div id=\"tw-target-rmn-container\" class=\"tw-target-rmn tw-ta-container F0azHf tw-nfl\"><\/div>\n<p>Enlace: <a href=\"https:\/\/www.fiscalia.gov.co\/colombia\/servicios-de-informacion-al-ciudadano\/donde-y-como-denunciar\/\">D\u00f3nde y c\u00f3mo denunciar | Fiscal\u00eda General de la Naci\u00f3n (fiscalia.gov.co)<\/a><\/p>\n<p id=\"tw-target-text\" class=\"tw-data-text tw-text-large tw-ta\" dir=\"ltr\" data-placeholder=\"Traduzione\"><span class=\"Y2IQFc\" lang=\"es\">Si el pasaporte y otros documentos de identificaci\u00f3n italianos pertenec\u00edan a un <strong>menor de edad<\/strong>, la denuncia debe ser presentada por parte de los padres (o por quienes ejerzan la patria potestad). Es obligatorio indicar el n\u00famero de pasaporte al cual se refiere la denuncia.<\/span><\/p>\n<p id=\"tw-target-text\" class=\"tw-data-text tw-text-large tw-ta\" dir=\"ltr\" data-placeholder=\"Traduzione\"><span class=\"Y2IQFc\" lang=\"es\">En caso de <strong>p\u00e9rdida<\/strong> del pasaporte y\/u otros documentos de identificaci\u00f3n italianos, los interesados \u200b\u200b<a href=\"https:\/\/ambbogota.esteri.it\/it\/servizi-consolari-e-visti\/servizi-per-il-cittadino-italiano\/prenotazioni-servizi-consolari\/\">pueden acudir a la Embajada en horario de atenci\u00f3n al p\u00fablico<\/a> y el interesado har\u00e1 la correspondiente <strong>denuncia de extrav\u00edo directamente a la Canciller\u00eda Consular italiana el mismo d\u00eda de la cita<\/strong>.<\/span><\/p>\n<p id=\"tw-target-text\" class=\"tw-data-text tw-text-large tw-ta\" dir=\"ltr\" data-placeholder=\"Traduzione\"><span class=\"Y2IQFc\" lang=\"es\">Si el pasaporte u otros documentos de identificaci\u00f3n italianos pertenecieran a un <strong>menor de edad<\/strong>, la denuncia debe ser presentada por parte de los padres en la Canciller\u00eda Consular italiana el d\u00eda de la cita (o por la persona que ejerza la patria potestad). Es obligatorio indicar el n\u00famero de pasaporte al cual se refiere la denuncia.<\/span><\/p>\n<p><a href=\"https:\/\/ambbogota.esteri.it\/wp-content\/uploads\/2023\/08\/modulo__denuncia_furto_smarrimento_passaporto.docx\">Formulario de denuncia por robo\/perdida : <\/a><strong>firmar delante del funcionario consular.<\/strong><\/p>\n","protected":false},"excerpt":{"rendered":"En caso de robo de su pasaporte y\/u otros documentos de identificaci\u00f3n italianos, los interesados \u200b\u200bpueden acudir a la Embajada durante el horario de atenci\u00f3n al p\u00fablico y presentar el informe de robo expedido por cualquier rama de la \u00abUnidad de Reacci\u00f3n Inmediata (URI) de la \u00bb Fiscal\u00eda General de la Naci\u00f3n\u201d, de una \u201cInspecci\u00f3n [&hellip;]","protected":false},"author":4,"featured_media":0,"parent":168,"menu_order":0,"comment_status":"closed","ping_status":"closed","template":"","meta":{"footnotes":""},"class_list":["post-788","page","type-page","status-publish","hentry"],"_links":{"self":[{"href":"https:\/\/ambbogota.esteri.it\/es\/wp-json\/wp\/v2\/pages\/788","targetHints":{"allow":["GET"]}}],"collection":[{"href":"https:\/\/ambbogota.esteri.it\/es\/wp-json\/wp\/v2\/pages"}],"about":[{"href":"https:\/\/ambbogota.esteri.it\/es\/wp-json\/wp\/v2\/types\/page"}],"author":[{"embeddable":true,"href":"https:\/\/ambbogota.esteri.it\/es\/wp-json\/wp\/v2\/users\/4"}],"replies":[{"embeddable":true,"href":"https:\/\/ambbogota.esteri.it\/es\/wp-json\/wp\/v2\/comments?post=788"}],"version-history":[{"count":1,"href":"https:\/\/ambbogota.esteri.it\/es\/wp-json\/wp\/v2\/pages\/788\/revisions"}],"predecessor-version":[{"id":789,"href":"https:\/\/ambbogota.esteri.it\/es\/wp-json\/wp\/v2\/pages\/788\/revisions\/789"}],"up":[{"embeddable":true,"href":"https:\/\/ambbogota.esteri.it\/es\/wp-json\/wp\/v2\/pages\/168"}],"wp:attachment":[{"href":"https:\/\/ambbogota.esteri.it\/es\/wp-json\/wp\/v2\/media?parent=788"}],"curies":[{"name":"wp","href":"https:\/\/api.w.org\/{rel}","templated":true}]}}