{"id":791,"date":"2023-08-14T10:54:06","date_gmt":"2023-08-14T15:54:06","guid":{"rendered":"https:\/\/ambbogota.esteri.it\/?page_id=791"},"modified":"2025-04-15T14:35:24","modified_gmt":"2025-04-15T19:35:24","slug":"viajes-de-menores-de-edad-no-acompanados","status":"publish","type":"page","link":"https:\/\/ambbogota.esteri.it\/es\/servizi-consolari-e-visti\/servizi-per-il-cittadino-italiano\/passaporti-e-carte-didentita\/viajes-de-menores-de-edad-no-acompanados\/","title":{"rendered":"Viajes de menores de edad no acompa\u00f1ados"},"content":{"rendered":"<div id=\"tw-target-text-container\" class=\"tw-ta-container F0azHf tw-nfl\" tabindex=\"0\">\n<p id=\"tw-target-text\" class=\"tw-data-text tw-text-large tw-ta\" dir=\"ltr\" data-placeholder=\"Traduzione\"><span class=\"Y2IQFc\" lang=\"es\">En el caso de viajes al extranjero de menores de edad de nacionalidad italiana, menores de 14 a\u00f1os (no acompa\u00f1ados por lo menos por uno de los dos padres o tutores), es necesario solicitar una menci\u00f3n en el pasaporte italiano o una declaraci\u00f3n adjunta. <\/span><\/p>\n<p class=\"tw-data-text tw-text-large tw-ta\" dir=\"ltr\" data-placeholder=\"Traduzione\"><span class=\"Y2IQFc\" lang=\"es\">A la declaraci\u00f3n se deben adjuntar los siguientes documentos:<\/span><\/p>\n<\/div>\n<div id=\"tw-target-rmn-container\" class=\"tw-target-rmn tw-ta-container F0azHf tw-nfl\">\n<ul>\n<li id=\"tw-target-text\" class=\"tw-data-text tw-text-large tw-ta\" dir=\"ltr\" data-placeholder=\"Traduzione\"><span class=\"Y2IQFc\" lang=\"es\">copia del documento de identidad que el menor utilizar\u00e1 para el viaje; <\/span><\/li>\n<li class=\"tw-data-text tw-text-large tw-ta\" dir=\"ltr\" data-placeholder=\"Traduzione\"><span class=\"Y2IQFc\" lang=\"es\">copia de los documentos de identidad de los padres (o tutores); <\/span><\/li>\n<li class=\"tw-data-text tw-text-large tw-ta\" dir=\"ltr\" data-placeholder=\"Traduzione\"><span class=\"Y2IQFc\" lang=\"es\">copia de los documentos de identidad de los acompa\u00f1antes; <\/span><\/li>\n<li class=\"tw-data-text tw-text-large tw-ta\" dir=\"ltr\" data-placeholder=\"Traduzione\"><span class=\"Y2IQFc\" lang=\"es\">reserva o billete de viaje (con indicaci\u00f3n del itinerario).<\/span><\/li>\n<\/ul>\n<\/div>\n<p><span class=\"Y2IQFc\" lang=\"es\">La declaraci\u00f3n se puede presentar en las siguientes maneras<\/span>:<\/p>\n<ul>\n<li>correo electr\u00f3nico: enviar un correo a <a href=\"mailto:bogota.consolare@esteri.it\">bogota.consolare@esteri.it<\/a> indicando en el asunto \u00abViaje de menor de edad no acompa\u00f1ado\u00bb y anexando un documento de identidad valido;<\/li>\n<li>a trav\u00e9s de uno de nuestros <a href=\"https:\/\/ambbogota.esteri.it\/es\/chi-siamo\/la-rete-consolare\/\" target=\"_parent\" rel=\"noopener\">Consulados Honorarios en Colombia<\/a>;<\/li>\n<li>present\u00e1ndose de persona en la Embajada, en los horarios de atenci\u00f3n al p\u00fablico.<\/li>\n<\/ul>\n<div id=\"tw-target-text-container\" class=\"tw-ta-container F0azHf tw-nfl\" tabindex=\"0\">\n<p id=\"tw-target-text\" class=\"tw-data-text tw-text-large tw-ta\" dir=\"ltr\" data-placeholder=\"Traduzione\"><span class=\"Y2IQFc\" lang=\"es\">No obstante, la Embajada podr\u00e1 solicitar, en casos espec\u00edficos, la presencia f\u00edsica de quienes ejerzan la patria potestad. <\/span><\/p>\n<p class=\"tw-data-text tw-text-large tw-ta\" dir=\"ltr\" data-placeholder=\"Traduzione\"><span class=\"Y2IQFc\" lang=\"es\">Los padres o quienes ejerzan la patria potestad deber\u00e1n presentar una declaraci\u00f3n ante la Autoridad encargada de la expedici\u00f3n del pasaporte (haga clic <a href=\"https:\/\/ambbogota.esteri.it\/wp-content\/uploads\/2023\/12\/Dichiarazione_accompagnamento.pdf\">aqu\u00ed<\/a> para descargar el formulario de declaraci\u00f3n de menores acompa\u00f1ados), que suele ser aquella en la que resida el solicitante (Jefatura de Polic\u00eda o Consulado), en la que indican el nombre de la\/s persona\/s u organizaci\u00f3n a la que se encomienda el menor, solicitando que la menci\u00f3n se pegue al pasaporte del menor o en un certificado separado.<\/span><\/p>\n<\/div>\n<div id=\"tw-target-rmn-container\" class=\"tw-target-rmn tw-ta-container F0azHf tw-nfl\">\n<div id=\"tw-target-text-container\" class=\"tw-ta-container F0azHf tw-nfl\" tabindex=\"0\">\n<p id=\"tw-target-text\" class=\"tw-data-text tw-text-large tw-ta\" dir=\"ltr\" data-placeholder=\"Traduzione\"><span class=\"Y2IQFc\" lang=\"es\">La declaraci\u00f3n es normalmente v\u00e1lida para un solo viaje (entendiendo como tal un viaje de ida y vuelta) fuera del pa\u00eds de residencia del menor de 14 a\u00f1os, con un destino espec\u00edfico. El plazo m\u00e1ximo de vigencia de la declaraci\u00f3n (dentro del cual debe incluirse la fecha de salida y regreso) es de 6 meses. En todo caso, la vigencia no podr\u00e1 exceder la fecha de vencimiento del pasaporte del menor. <\/span><\/p>\n<p class=\"tw-data-text tw-text-large tw-ta\" dir=\"ltr\" data-placeholder=\"Traduzione\"><span class=\"Y2IQFc\" lang=\"es\">En el caso de viajes que impliquen la traves\u00eda de diferentes pa\u00edses, corresponde a los padres o tutores, seg\u00fan las modalidades del viaje , indicar solo el pa\u00eds de destino final o todos los pa\u00edses individuales visitados\/transitados. <\/span><\/p>\n<p class=\"tw-data-text tw-text-large tw-ta\" dir=\"ltr\" data-placeholder=\"Traduzione\"><span class=\"Y2IQFc\" lang=\"es\">En el caso de asignaci\u00f3n a una instituci\u00f3n o empresa de transporte, no es posible mencionarlo en el pasaporte y solo se expedir\u00e1 el certificado. <\/span><\/p>\n<p class=\"tw-data-text tw-text-large tw-ta\" dir=\"ltr\" data-placeholder=\"Traduzione\"><span class=\"Y2IQFc\" lang=\"es\">La declaraci\u00f3n es gratuita. Cualquier costo de entrega a domicilio del certificado o pasaporte es responsabilidad de los solicitantes.<\/span><\/p>\n<\/div>\n<\/div>\n","protected":false},"excerpt":{"rendered":"En el caso de viajes al extranjero de menores de edad de nacionalidad italiana, menores de 14 a\u00f1os (no acompa\u00f1ados por lo menos por uno de los dos padres o tutores), es necesario solicitar una menci\u00f3n en el pasaporte italiano o una declaraci\u00f3n adjunta. A la declaraci\u00f3n se deben adjuntar los siguientes documentos: copia del [&hellip;]","protected":false},"author":4,"featured_media":0,"parent":168,"menu_order":0,"comment_status":"closed","ping_status":"closed","template":"","meta":{"footnotes":""},"class_list":["post-791","page","type-page","status-publish","hentry"],"_links":{"self":[{"href":"https:\/\/ambbogota.esteri.it\/es\/wp-json\/wp\/v2\/pages\/791","targetHints":{"allow":["GET"]}}],"collection":[{"href":"https:\/\/ambbogota.esteri.it\/es\/wp-json\/wp\/v2\/pages"}],"about":[{"href":"https:\/\/ambbogota.esteri.it\/es\/wp-json\/wp\/v2\/types\/page"}],"author":[{"embeddable":true,"href":"https:\/\/ambbogota.esteri.it\/es\/wp-json\/wp\/v2\/users\/4"}],"replies":[{"embeddable":true,"href":"https:\/\/ambbogota.esteri.it\/es\/wp-json\/wp\/v2\/comments?post=791"}],"version-history":[{"count":3,"href":"https:\/\/ambbogota.esteri.it\/es\/wp-json\/wp\/v2\/pages\/791\/revisions"}],"predecessor-version":[{"id":6325,"href":"https:\/\/ambbogota.esteri.it\/es\/wp-json\/wp\/v2\/pages\/791\/revisions\/6325"}],"up":[{"embeddable":true,"href":"https:\/\/ambbogota.esteri.it\/es\/wp-json\/wp\/v2\/pages\/168"}],"wp:attachment":[{"href":"https:\/\/ambbogota.esteri.it\/es\/wp-json\/wp\/v2\/media?parent=791"}],"curies":[{"name":"wp","href":"https:\/\/api.w.org\/{rel}","templated":true}]}}