{"id":796,"date":"2023-08-14T11:09:33","date_gmt":"2023-08-14T16:09:33","guid":{"rendered":"https:\/\/ambbogota.esteri.it\/?page_id=796"},"modified":"2024-12-02T13:00:37","modified_gmt":"2024-12-02T18:00:37","slug":"formularios","status":"publish","type":"page","link":"https:\/\/ambbogota.esteri.it\/es\/servizi-consolari-e-visti\/servizi-per-il-cittadino-italiano\/passaporti-e-carte-didentita\/formularios\/","title":{"rendered":"Formularios"},"content":{"rendered":"<ul>\n<li><a href=\"https:\/\/ambbogota.esteri.it\/wp-content\/uploads\/2024\/12\/Formulario-passaporto.pdf\">Solicitud de Pasaporte<\/a><\/li>\n<li><a href=\"https:\/\/ambbogota.esteri.it\/wp-content\/uploads\/2023\/08\/dichiarazione_assenza_ostative_passaporto-1.pdf\">Declaraci\u00f3n de ausencia de causas que impiden la expedici\u00f3n del pasaporte<\/a><\/li>\n<li><a href=\"https:\/\/ambbogota.esteri.it\/wp-content\/uploads\/2023\/08\/57749_f_amb61aut_pass_min-2.pdf\">Autorizaci\u00f3n para expedici\u00f3n del pasaporte de menor de edad<\/a><\/li>\n<li><a href=\"https:\/\/ambbogota.esteri.it\/wp-content\/uploads\/2023\/08\/78690_f_amb61Dichiarazioneaccompagnamento1.doc\">Declaraci\u00f3n de acompa\u00f1amiento de menor de edad<\/a><\/li>\n<li><a href=\"https:\/\/ambbogota.esteri.it\/wp-content\/uploads\/2023\/08\/istanza_giudice_tutela.docx\">Instancia del Juez Tutelar<\/a><\/li>\n<\/ul>\n","protected":false},"excerpt":{"rendered":"Solicitud de Pasaporte Declaraci\u00f3n de ausencia de causas que impiden la expedici\u00f3n del pasaporte Autorizaci\u00f3n para expedici\u00f3n del pasaporte de menor de edad Declaraci\u00f3n de acompa\u00f1amiento de menor de edad Instancia del Juez Tutelar","protected":false},"author":4,"featured_media":0,"parent":168,"menu_order":0,"comment_status":"closed","ping_status":"closed","template":"","meta":{"footnotes":""},"class_list":["post-796","page","type-page","status-publish","hentry"],"_links":{"self":[{"href":"https:\/\/ambbogota.esteri.it\/es\/wp-json\/wp\/v2\/pages\/796","targetHints":{"allow":["GET"]}}],"collection":[{"href":"https:\/\/ambbogota.esteri.it\/es\/wp-json\/wp\/v2\/pages"}],"about":[{"href":"https:\/\/ambbogota.esteri.it\/es\/wp-json\/wp\/v2\/types\/page"}],"author":[{"embeddable":true,"href":"https:\/\/ambbogota.esteri.it\/es\/wp-json\/wp\/v2\/users\/4"}],"replies":[{"embeddable":true,"href":"https:\/\/ambbogota.esteri.it\/es\/wp-json\/wp\/v2\/comments?post=796"}],"version-history":[{"count":3,"href":"https:\/\/ambbogota.esteri.it\/es\/wp-json\/wp\/v2\/pages\/796\/revisions"}],"predecessor-version":[{"id":4964,"href":"https:\/\/ambbogota.esteri.it\/es\/wp-json\/wp\/v2\/pages\/796\/revisions\/4964"}],"up":[{"embeddable":true,"href":"https:\/\/ambbogota.esteri.it\/es\/wp-json\/wp\/v2\/pages\/168"}],"wp:attachment":[{"href":"https:\/\/ambbogota.esteri.it\/es\/wp-json\/wp\/v2\/media?parent=796"}],"curies":[{"name":"wp","href":"https:\/\/api.w.org\/{rel}","templated":true}]}}