{"id":799,"date":"2023-08-14T11:21:21","date_gmt":"2023-08-14T16:21:21","guid":{"rendered":"https:\/\/ambbogota.esteri.it\/?page_id=799"},"modified":"2023-08-15T16:17:33","modified_gmt":"2023-08-15T21:17:33","slug":"pasaporte-mortuorio","status":"publish","type":"page","link":"https:\/\/ambbogota.esteri.it\/es\/servizi-consolari-e-visti\/servizi-per-il-cittadino-italiano\/passaporti-e-carte-didentita\/pasaporte-mortuorio\/","title":{"rendered":"Pasaporte mortuorio"},"content":{"rendered":"<p id=\"tw-target-text\" class=\"tw-data-text tw-text-large tw-ta\" dir=\"ltr\" data-placeholder=\"Traduzione\"><span class=\"Y2IQFc\" lang=\"es\">La Embajada de Italia en Bogot\u00e1 brinda asistencia y asesor\u00eda en caso de repatriaci\u00f3n de cuerpos o cenizas de ciudadanos italianos fallecidos en Colombia. <\/span><\/p>\n<p class=\"tw-data-text tw-text-large tw-ta\" dir=\"ltr\" data-placeholder=\"Traduzione\"><span class=\"Y2IQFc\" lang=\"es\">Tenga en cuenta que antes de proceder con la expedici\u00f3n del pasaporte mortuorio, la documentaci\u00f3n del deceso del connacional debe enviarse a la Municipalidad italiana competente. Para registrar una defunci\u00f3n, consulte la secci\u00f3n correspondiente del <a href=\"https:\/\/ambbogota.esteri.it\/it\/servizi-consolari-e-visti\/servizi-per-il-cittadino-italiano\/stato-civile\/\">estado civil<\/a>. <\/span><\/p>\n<p class=\"tw-data-text tw-text-large tw-ta\" dir=\"ltr\" data-placeholder=\"Traduzione\"><span class=\"Y2IQFc\" lang=\"es\">Para obtener el pasaporte mortuorio, el solicitante debe presentarse, sin cita previa, en la Embajada de Italia en Bogot\u00e1 con la siguiente documentaci\u00f3n:<\/span><\/p>\n<div id=\"tw-target-text-container\" class=\"tw-ta-container F0azHf tw-nfl\" tabindex=\"0\">\n<ul>\n<li id=\"tw-target-text\" class=\"tw-data-text tw-text-large tw-ta\" dir=\"ltr\" data-placeholder=\"Traduzione\"><span class=\"Y2IQFc\" lang=\"es\">Certificado de la autoridad sanitaria local competente (Ministerio de Salud y Protecci\u00f3n) que acredite que se han observado los requisitos espec\u00edficos de seguridad e higiene;<\/span><\/li>\n<li class=\"tw-data-text tw-text-large tw-ta\" dir=\"ltr\" data-placeholder=\"Traduzione\"><span class=\"Y2IQFc\" lang=\"es\">Certificado que acredite la muerte en un \u00e1rea libre de enfermedades infecciosas y end\u00e9micas; <\/span><\/li>\n<li class=\"tw-data-text tw-text-large tw-ta\" dir=\"ltr\" data-placeholder=\"Traduzione\"><span class=\"Y2IQFc\" lang=\"es\">Certificado de autorizaci\u00f3n para enterrar el cuerpo (o autorizaci\u00f3n para incinerar); <\/span><\/li>\n<li class=\"tw-data-text tw-text-large tw-ta\" dir=\"ltr\" data-placeholder=\"Traduzione\"><span class=\"Y2IQFc\" lang=\"es\">Itinerario de vuelo; <\/span><\/li>\n<li class=\"tw-data-text tw-text-large tw-ta\" dir=\"ltr\" data-placeholder=\"Traduzione\"><span class=\"Y2IQFc\" lang=\"es\">Recibo original de pago del art. 66h de la mesa de <a href=\"https:\/\/ambbogota.esteri.it\/it\/servizi-consolari-e-visti\/servizi-per-il-cittadino-italiano\/diritti-consolari\/\">Derechos consulares<\/a>.<\/span><\/li>\n<\/ul>\n<\/div>\n<div id=\"tw-target-rmn-container\" class=\"tw-target-rmn tw-ta-container F0azHf tw-nfl\">\n<div id=\"tw-target-text-container\" class=\"tw-ta-container F0azHf tw-nfl\" tabindex=\"0\">\n<p id=\"tw-target-text\" class=\"tw-data-text tw-text-large tw-ta\" dir=\"ltr\" data-placeholder=\"Traduzione\"><span class=\"Y2IQFc\" lang=\"es\">Una vez recibida la documentaci\u00f3n, la Embajada solicita autorizaci\u00f3n a la Alcald\u00eda Italiana para el entierro del cuerpo, o cenizas, y para la expedici\u00f3n de un Pasaporte Mortuorio, el cual debe viajar con el cuerpo (o cenizas). <\/span><\/p>\n<p class=\"tw-data-text tw-text-large tw-ta\" dir=\"ltr\" data-placeholder=\"Traduzione\"><span class=\"Y2IQFc\" lang=\"es\">Tambi\u00e9n puede solicitar este servicio a trav\u00e9s de uno de nuestros Consulados Honorarios en Colombia.<\/span><\/p>\n<\/div>\n<\/div>\n","protected":false},"excerpt":{"rendered":"La Embajada de Italia en Bogot\u00e1 brinda asistencia y asesor\u00eda en caso de repatriaci\u00f3n de cuerpos o cenizas de ciudadanos italianos fallecidos en Colombia. Tenga en cuenta que antes de proceder con la expedici\u00f3n del pasaporte mortuorio, la documentaci\u00f3n del deceso del connacional debe enviarse a la Municipalidad italiana competente. Para registrar una defunci\u00f3n, consulte [&hellip;]","protected":false},"author":4,"featured_media":0,"parent":168,"menu_order":0,"comment_status":"closed","ping_status":"closed","template":"","meta":{"footnotes":""},"class_list":["post-799","page","type-page","status-publish","hentry"],"_links":{"self":[{"href":"https:\/\/ambbogota.esteri.it\/es\/wp-json\/wp\/v2\/pages\/799","targetHints":{"allow":["GET"]}}],"collection":[{"href":"https:\/\/ambbogota.esteri.it\/es\/wp-json\/wp\/v2\/pages"}],"about":[{"href":"https:\/\/ambbogota.esteri.it\/es\/wp-json\/wp\/v2\/types\/page"}],"author":[{"embeddable":true,"href":"https:\/\/ambbogota.esteri.it\/es\/wp-json\/wp\/v2\/users\/4"}],"replies":[{"embeddable":true,"href":"https:\/\/ambbogota.esteri.it\/es\/wp-json\/wp\/v2\/comments?post=799"}],"version-history":[{"count":1,"href":"https:\/\/ambbogota.esteri.it\/es\/wp-json\/wp\/v2\/pages\/799\/revisions"}],"predecessor-version":[{"id":801,"href":"https:\/\/ambbogota.esteri.it\/es\/wp-json\/wp\/v2\/pages\/799\/revisions\/801"}],"up":[{"embeddable":true,"href":"https:\/\/ambbogota.esteri.it\/es\/wp-json\/wp\/v2\/pages\/168"}],"wp:attachment":[{"href":"https:\/\/ambbogota.esteri.it\/es\/wp-json\/wp\/v2\/media?parent=799"}],"curies":[{"name":"wp","href":"https:\/\/api.w.org\/{rel}","templated":true}]}}