{"id":800,"date":"2023-08-10T14:26:37","date_gmt":"2023-08-10T19:26:37","guid":{"rendered":"https:\/\/ambbogota.esteri.it\/?page_id=800"},"modified":"2025-07-23T11:11:57","modified_gmt":"2025-07-23T16:11:57","slug":"a-i-r-e-registro-de-italianos-residentes-en-el-extranjero","status":"publish","type":"page","link":"https:\/\/ambbogota.esteri.it\/es\/servizi-consolari-e-visti\/servizi-per-il-cittadino-italiano\/a-i-r-e-registro-de-italianos-residentes-en-el-extranjero\/","title":{"rendered":"A.I.R.E. (Registro de Italianos Residentes en el Extranjero)"},"content":{"rendered":"<p>El A.I.R.E. fue establecido por la ley del 27 de octubre de 1988, n. 470.<\/p>\n<p><strong>\u00bfQu\u00e9 es el A.I.R.E.?<\/strong><\/p>\n<p>Registrarse al AIRE es un derecho y un deber de todos los ciudadanos italianos residentes en el exterior (Colombia) por m\u00e1s de un a\u00f1o (12 meses).<\/p>\n<p>Adem\u00e1s, estar registrado en el A.I.R.E. permite realizar de manera m\u00e1s f\u00e1cil los tr\u00e1mites consulares como:<\/p>\n<ul>\n<li>Expedici\u00f3n de pasaporte;<\/li>\n<li>Renovaci\u00f3n de la licencia de conducci\u00f3n;<\/li>\n<li>Solicitud de certificados y participaci\u00f3n en elecciones italianas desde Colombia (Derecho al voto)<\/li>\n<\/ul>\n<p><strong>\u00bfQui\u00e9n debe registrarse en el A.I.R.E.?<\/strong><\/p>\n<p>Pueden registrase al A.I.R.E.\u00a0<strong>SOLO<\/strong>\u00a0los ciudadanos italianos que ya han recibido confirmaci\u00f3n de su ciudadan\u00eda italiana. Para comprobar la ciudadan\u00eda debe tener al menos uno de los siguientes documentos:<\/p>\n<ul>\n<li>Pasaporte italiano;<\/li>\n<li>Certificado de ciudadan\u00eda italiana emitido por la Alcald\u00eda italiana de residencia, por un Consulado o Embajada de Italia en el extranjero;<\/li>\n<li>Documento de identidad italiano;<\/li>\n<li>Sentencia de reconocimiento de la ciudadan\u00eda italiana junto con el extracto resumido del certificado de nacimiento.<\/li>\n<\/ul>\n<p><strong>\u00bfC\u00f3mo inscribirse en el A.I.R.E.?<\/strong><\/p>\n<p>El registro al A.I.R.E. se realiza a trav\u00e9s del portal de Servicios Consulares en L\u00ednea\u00a0<strong>\u201cFast It\u201d<\/strong>\u00a0despu\u00e9s de haberse registrado en el siguiente enlace:\u00a0<a href=\"https:\/\/serviziconsolari.esteri.it\/ScoFE\/index.sco\"><strong>https:\/\/serviziconsolarionline.esteri.it<\/strong><\/a>.<\/p>\n<p>Este sistema permite un registro al A.I.R.E. m\u00e1s simplificado y m\u00e1s r\u00e1pido respecto a las otras modalidades.<\/p>\n<p>El registro al A.I.R.E.\u00a0es <u>autom\u00e1tico<\/u>\u00a0si se ha presentado el registro de nacimiento en las oficinas consulares de Italia en Colombia, en este caso no tendr\u00e1 que volver a registrarse.<\/p>\n<p>En caso de que no sea posible proceder a trav\u00e9s del portal \u201cFast It\u201d, las modalidades alternativas para el registro y la actualizaci\u00f3n al A.I.R.E. son las siguientes:<\/p>\n<ol>\n<li>Enviar un correo electr\u00f3nico a <a href=\"mailto:bogota.digitatore@esteri.it\">bogota.digitatore@esteri.it<\/a>\u00a0indicando en el asunto si se trata de un registro o de una actualizaci\u00f3n A.I.R.E.;<\/li>\n<li>Presentarse ante la Embajada en los <a href=\"https:\/\/ambbogota.esteri.it\/es\/servizi-consolari-e-visti\/servizi-per-il-cittadino-italiano\/recepcion-de-publico-y-citas-para-servicios-consulares-recepcion-de-publico-y-citas-para-servicios-consulares\/\">horarios de atenci\u00f3n al p\u00fablico<\/a>;<\/li>\n<li>Dirigirse a los\u00a0<a href=\"https:\/\/ambbogota.esteri.it\/es\/chi-siamo\/la-rete-consolare\/\">Consulados Honorarios\u00a0<\/a>con cita previa.<\/li>\n<\/ol>\n<p>Para conocer los requisitos del registro A.I.R.E. vea el siguiente link: <a href=\"https:\/\/ambbogota.esteri.it\/es\/servizi-consolari-e-visti\/servizi-per-il-cittadino-italiano\/a-i-r-e-registro-de-italianos-residentes-en-el-extranjero\/fast-it-el-portal-de-los-servicios-consulares\/\">Fast It &#8211; Il Portale dei Servizi Consolari &#8211; Ambasciata d&#8217;Italia Bogot\u00e1<\/a><\/p>\n<p><strong>Actualizaci\u00f3n del A.I.R.E.\u00a0<\/strong>(para los que ya est\u00e1n registrados):<\/p>\n<p>La actualizaci\u00f3n del A.I.R.E. se realiza a trav\u00e9s del portal de los Servicios Consulares En L\u00ednea\u00a0<strong>\u201cFast It\u201d<\/strong>\u00a0despu\u00e9s de haberse registrado en el siguiente enlace:\u00a0<a href=\"https:\/\/serviziconsolari.esteri.it\/ScoFE\/index.sco\"><strong>https:\/\/serviziconsolarionline.esteri.it<\/strong><\/a>.<\/p>\n<p>Este sistema permite una actualizaci\u00f3n simplificada y m\u00e1s r\u00e1pida del A.I.R.E., respondiendo a las necesidades de los italianos residentes en el extranjero.<\/p>\n<p>En caso de que no sea posible proceder a trav\u00e9s del portal <strong>\u201cFast It\u201d,<\/strong> las modalidades alternativas para la actualizaci\u00f3n del A.I.R.E. son los siguientes:<\/p>\n<ol>\n<li>Enviar un correo electr\u00f3nico a <a href=\"mailto:bogota.digitatore@esteri.it\">bogota.digitatore@esteri.it<\/a> indicando en el asunto si se trata de un registro o de una actualizaci\u00f3n A.I.R.E.;<\/li>\n<li>Presentarse ante la Embajada en los <a href=\"https:\/\/ambbogota.esteri.it\/es\/servizi-consolari-e-visti\/servizi-per-il-cittadino-italiano\/recepcion-de-publico-y-citas-para-servicios-consulares-recepcion-de-publico-y-citas-para-servicios-consulares\/\">horarios de atenci\u00f3n al p\u00fablico<\/a>;<\/li>\n<li>Dirigirse a los\u00a0<a href=\"https:\/\/ambbogota.esteri.it\/es\/chi-siamo\/la-rete-consolare\/\">Consulados Honorarios\u00a0<\/a>con cita previa.<\/li>\n<\/ol>\n<p>Para conocer los requisitos de la actualizaci\u00f3n A.I.R.E. vea el siguiente link: <a href=\"https:\/\/ambbogota.esteri.it\/es\/servizi-consolari-e-visti\/servizi-per-il-cittadino-italiano\/a-i-r-e-registro-de-italianos-residentes-en-el-extranjero\/fast-it-el-portal-de-los-servicios-consulares\/\">Fast It &#8211; Il Portale dei Servizi Consolari &#8211; Ambasciata d&#8217;Italia Bogot\u00e1<\/a><\/p>\n<p><strong>Cancelaci\u00f3n del A.I.R.E.<\/strong><\/p>\n<p>La cancelaci\u00f3n del A.I.R.E. se produce por:<\/p>\n<ul>\n<li>Fallecimiento;<\/li>\n<li>Ubicaci\u00f3n desconocida;<\/li>\n<li>Repatriaci\u00f3n en Italia (regreso a Italia como residente);<\/li>\n<li>Perdida de la ciudadan\u00eda.<\/li>\n<\/ul>\n<p><strong>\u00bfQu\u00e9 ocurre si no se inscribe al A.I.R.E.?<\/strong><\/p>\n<p>El registro al A.I.R.E. se efect\u00faa una vez que el interesado presente su declaraci\u00f3n ante la oficina competente para su circunscripci\u00f3n consular en el plazo de 90 d\u00edas desde el cambio de su residencia y conlleva a la cancelaci\u00f3n del Registro de la Poblaci\u00f3n Residente (A.P.R.) de la Alcald\u00eda de proveniencia.<\/p>\n<p>Quien, teniendo la obligaci\u00f3n de inscribirse en el AIRE, infrinja las disposiciones de la Ley n\u00ba 1228 del 24 de diciembre de 1954, la Ley n\u00ba 470 del 27 de octubre de 1988, y los reglamentos de aplicaci\u00f3n de dichas leyes, ser\u00e1 sujeto a sanciones pecuniarias administrativas tal como lo prev\u00e9 la Ley n\u00ba 213 del 30 de diciembre de 2023; <u>a excepci\u00f3n tanto de las personas nacidas y ya residentes en el extranjero, como de las que, residiendo en el extranjero, hayan adquirido all\u00ed la ciudadan\u00eda italiana<\/u>.<\/p>\n<p>La autoridad competente para evaluar e imponer la sanci\u00f3n es la Alcald\u00eda en la cual est\u00e1 registrado el ciudadano infractor.<\/p>\n<p>El procedimiento de comprobaci\u00f3n y sanci\u00f3n por parte de las Alcald\u00edas se rige por la Ley n\u00ba 689 del 24 de noviembre de 1981, cuyo art\u00edculo 1 establece que \u201cnadie puede ser objeto de sanciones administrativas, salvo en virtud de una ley que haya entrado en vigor antes de que se cometiera la infracci\u00f3n\u201d.<\/p>\n<p><strong>Referencias normativas<\/strong><\/p>\n<ul>\n<li>Ley 27 de octubre de 1988, n. 470 \u2013 Registro y censo de italianos en el extranjero.<\/li>\n<li>Decreto presidencial 6 de septiembre de 1989, n. 323 \u2013 Reglamento para la ejecuci\u00f3n de la ley 470\/1988.<\/li>\n<li>Ley 24 de diciembre de 1954, n. 1228-Reglamento de las oficinas de registro de la poblaci\u00f3n residente.<\/li>\n<li>Decreto presidencial 30 de mayo de 1989, n. 223 \u2013 Regulaci\u00f3n del registro de la poblaci\u00f3n residente.<\/li>\n<li>Circular MIACEL n. 20 de 17 de diciembre de 2001 \u2013 Posici\u00f3n de registro de soldados italianos en servicio en las oficinas y estructuras de la OTAN.<\/li>\n<li>Ley 27 de mayo de 2002, n. 104 \u2013 Modificaciones a la Ley 27 de octubre de 1988, n. 470.<\/li>\n<li>Circular del Ministerio del Interior n. 2\/2004; cancelaci\u00f3n de A.I.R.E. por ubicaci\u00f3n desconocida.<\/li>\n<li>Decreto Legislativo 3 febrero 2011, n. 71-Reglamento y funciones de las oficinas consulares.<\/li>\n<\/ul>\n<p><strong>Enlaces \u00fatiles:<\/strong><\/p>\n<p>Para consultar la legislaci\u00f3n italiana vigente, es recomendable visitar el sitio web\u00a0<a href=\"http:\/\/www.normattiva.it\/\">www.normattiva.it<\/a><\/p>\n<p>Haciendo clic\u00a0<a href=\"https:\/\/www.esteri.it\/it\/servizi-consolari-e-visti\/italiani-all-estero\/aire_0\/\"><strong>aqu\u00ed<\/strong><\/a>, tambi\u00e9n puede acceder a la secci\u00f3n espec\u00edfica de la p\u00e1gina web del Ministerio de Asuntos Exteriores.<\/p>\n<p>Novedades para los ciudadanos:\u00a0<a href=\"https:\/\/www.esteri.it\/it\/servizi-consolari-e-visti\/italiani-all-estero\/aire_0\/aggiornamenti-a-cura-del-cittadino\/\">https:\/\/www.esteri.it\/it\/servizi-consolari-e-visti\/italiani-all-estero\/aire_0\/aggiornamenti-a-cura-del-cittadino\/<\/a><\/p>\n<p>Uni\u00f3n de hecho:\u00a0<a href=\"https:\/\/www.esteri.it\/it\/servizi-consolari-e-visti\/italiani-all-estero\/aire_0\/convivenze-di-fatto\/\">https:\/\/www.esteri.it\/it\/servizi-consolari-e-visti\/italiani-all-estero\/aire_0\/convivenze-di-fatto\/<\/a><\/p>\n<p>Cancelaci\u00f3n del A.I.R.E.:\u00a0<a href=\"https:\/\/www.esteri.it\/it\/servizi-consolari-e-visti\/italiani-all-estero\/aire_0\/cancellazione-dalla-i-r-e\/\">https:\/\/www.esteri.it\/it\/servizi-consolari-e-visti\/italiani-all-estero\/aire_0\/cancellazione-dalla-i-r-e\/<\/a><\/p>\n<p>Repatriaci\u00f3n:\u00a0<a href=\"https:\/\/www.esteri.it\/it\/servizi-consolari-e-visti\/italiani-all-estero\/aire_0\/rimpatrio\/\">https:\/\/www.esteri.it\/it\/servizi-consolari-e-visti\/italiani-all-estero\/aire_0\/rimpatrio\/<\/a><\/p>\n<p>&nbsp;<\/p>\n","protected":false},"excerpt":{"rendered":"El A.I.R.E. fue establecido por la ley del 27 de octubre de 1988, n. 470. \u00bfQu\u00e9 es el A.I.R.E.? Registrarse al AIRE es un derecho y un deber de todos los ciudadanos italianos residentes en el exterior (Colombia) por m\u00e1s de un a\u00f1o (12 meses). Adem\u00e1s, estar registrado en el A.I.R.E. permite realizar de manera [&hellip;]","protected":false},"author":6,"featured_media":0,"parent":166,"menu_order":0,"comment_status":"closed","ping_status":"closed","template":"","meta":{"footnotes":""},"class_list":["post-800","page","type-page","status-publish","hentry"],"_links":{"self":[{"href":"https:\/\/ambbogota.esteri.it\/es\/wp-json\/wp\/v2\/pages\/800","targetHints":{"allow":["GET"]}}],"collection":[{"href":"https:\/\/ambbogota.esteri.it\/es\/wp-json\/wp\/v2\/pages"}],"about":[{"href":"https:\/\/ambbogota.esteri.it\/es\/wp-json\/wp\/v2\/types\/page"}],"author":[{"embeddable":true,"href":"https:\/\/ambbogota.esteri.it\/es\/wp-json\/wp\/v2\/users\/6"}],"replies":[{"embeddable":true,"href":"https:\/\/ambbogota.esteri.it\/es\/wp-json\/wp\/v2\/comments?post=800"}],"version-history":[{"count":8,"href":"https:\/\/ambbogota.esteri.it\/es\/wp-json\/wp\/v2\/pages\/800\/revisions"}],"predecessor-version":[{"id":6718,"href":"https:\/\/ambbogota.esteri.it\/es\/wp-json\/wp\/v2\/pages\/800\/revisions\/6718"}],"up":[{"embeddable":true,"href":"https:\/\/ambbogota.esteri.it\/es\/wp-json\/wp\/v2\/pages\/166"}],"wp:attachment":[{"href":"https:\/\/ambbogota.esteri.it\/es\/wp-json\/wp\/v2\/media?parent=800"}],"curies":[{"name":"wp","href":"https:\/\/api.w.org\/{rel}","templated":true}]}}