{"id":802,"date":"2023-08-11T14:02:29","date_gmt":"2023-08-11T19:02:29","guid":{"rendered":"https:\/\/ambbogota.esteri.it\/?page_id=802"},"modified":"2023-08-31T16:19:54","modified_gmt":"2023-08-31T21:19:54","slug":"acta-de-autorizacion-assenso","status":"publish","type":"page","link":"https:\/\/ambbogota.esteri.it\/es\/servizi-consolari-e-visti\/servizi-per-il-cittadino-italiano\/passaporti-e-carte-didentita\/acta-de-autorizacion-assenso\/","title":{"rendered":"Acta de autorizaci\u00f3n (atto di assenso)"},"content":{"rendered":"<div id=\"tw-target-text-container\" class=\"tw-ta-container F0azHf tw-nfl\" tabindex=\"0\">\n<p id=\"tw-target-text\" class=\"tw-data-text tw-text-large tw-ta\" dir=\"ltr\" data-placeholder=\"Traduzione\"><span class=\"Y2IQFc\" lang=\"es\">El acta de autorizaci\u00f3n \u00abatto di assenso\u00bb es una declaraci\u00f3n personal que el progenitor (de cualquier nacionalidad) debe firmar para la expedici\u00f3n del pasaporte a favor del hijo menor de edad de nacionalidad italiana.<\/span><\/p>\n<p dir=\"ltr\" data-placeholder=\"Traduzione\"><strong>En el caso de que quien firma el acta de autorizaci\u00f3n sea ciudadano de la Uni\u00f3n Europea<\/strong> al acta de autorizaci\u00f3n (<strong><a href=\"https:\/\/ambbogota.esteri.it\/wp-content\/uploads\/2023\/08\/3.-AUTORIZZAZIONE_RILASCIO-PASSAPORTO-MINORE.pdf\">formulario<\/a><\/strong>) va anexada una copia del documento de identidad europeo (<span class=\"Y2IQFc\" lang=\"es\">hoja del pasaporte donde aparece la firma, o documento de identidad anverso\/reverso).<\/span><\/p>\n<p class=\"tw-data-text tw-text-large tw-ta\" dir=\"ltr\" data-placeholder=\"Traduzione\"><strong><span class=\"Y2IQFc\" lang=\"es\">En el caso de que la persona que firma el acta de autorizaci\u00f3n <span style=\"text-decoration: underline;\">NO<\/span> sea ciudadano de la Uni\u00f3n Europea,<\/span><\/strong><span class=\"Y2IQFc\" lang=\"es\"> su firma en el <strong><a href=\"https:\/\/ambbogota.esteri.it\/wp-content\/uploads\/2023\/08\/3.-AUTORIZZAZIONE_RILASCIO-PASSAPORTO-MINORE.pdf\">formulario<\/a><\/strong> deber\u00e1 ser autenticada de las siguientes formas:<\/span><\/p>\n<\/div>\n<div id=\"tw-target-text-container\" class=\"tw-ta-container F0azHf tw-nfl\" tabindex=\"0\">\n<ol>\n<li><span class=\"Y2IQFc\" lang=\"es\">ante la Embajada de Italia en Bogot\u00e1 o en un Consulado Honorario para residentes en Colombia; <\/span><\/li>\n<li><span class=\"Y2IQFc\" lang=\"es\">ante una \u00abQuestura\u00bb para quien se encuentra en Italia;<\/span><\/li>\n<li><span class=\"Y2IQFc\" lang=\"es\">ante una Representaci\u00f3n diplom\u00e1tico-consular italiana para quienes se encuentren en el extranjero, <\/span><span class=\"Y2IQFc\" lang=\"es\">en una circunscripci\u00f3n consular diferente de Colombia.<\/span><\/li>\n<\/ol>\n<p><strong><span class=\"Y2IQFc\" lang=\"es\">No se aceptar\u00e1 el acta de autorizaci\u00f3n con firma autenticada ante una Notar\u00eda colombiana.<\/span><\/strong><\/p>\n<p><strong><span class=\"Y2IQFc\" lang=\"es\">La firma del acta de autorizaci\u00f3n debe tener lugar en una fecha pr\u00f3xima o simult\u00e1nea a la de la solicitud de pasaporte. <\/span><\/strong><span class=\"Y2IQFc\" lang=\"es\"><span style=\"text-decoration: underline;\">No se aceptar\u00e1n actas de autorizaci\u00f3n<\/span> con fecha <span style=\"text-decoration: underline;\">anterior a los dos meses<\/span> contados a partir de la fecha de solicitud de expedici\u00f3n del pasaporte a favor del menor de edad italiano.<\/span><\/p>\n<\/div>\n<div id=\"tw-target-rmn-container\" class=\"tw-target-rmn tw-ta-container F0azHf tw-nfl\">\n<div id=\"tw-target-text-container\" class=\"tw-ta-container F0azHf tw-nfl\" tabindex=\"0\">\n<p dir=\"ltr\" data-placeholder=\"Traduzione\">Si el acta de autorizaci\u00f3n se suscribe para la expedici\u00f3n del pasaporte ante la Embajada de Italia en Bogot\u00e1 (<a href=\"https:\/\/ambbogota.esteri.it\/es\/servizi-consolari-e-visti\/servizi-per-il-cittadino-italiano\/recepcion-de-publico-y-citas-para-servicios-consulares-recepcion-de-publico-y-citas-para-servicios-consulares\/\">horario de recepci\u00f3n<\/a>) o ante una Oficina consolar honoraria en Colombia ning\u00fan pago deber\u00e1 ser correspondido.<\/p>\n<p dir=\"ltr\" data-placeholder=\"Traduzione\">En el caso de que el acta de autorizaci\u00f3n se deba presentar ante una \u00abQuestura\u00bb para quien se encuentra en Italia o ante una Representaci\u00f3n diplomatica-consular italiana para quien se encuentra en el extranjero en una circunscripci\u00f3n consular diferente a Colombia se deber\u00e1 presentar tambi\u00e9n el original del comprobante de pago (art. 19 &#8211; <span class=\"Y2IQFc\" lang=\"es\"><a href=\"https:\/\/ambbogota.esteri.it\/it\/servizi-consolari-e-visti\/servizi-per-il-cittadino-italiano\/diritti-consolari\/\">derechos consulares<\/a>).<\/span><\/p>\n<\/div>\n<\/div>\n<ul>\n<li><strong>Decreto consular<\/strong><\/li>\n<\/ul>\n<div id=\"tw-target-text-container\" class=\"tw-ta-container F0azHf tw-nfl\" tabindex=\"0\">\n<p id=\"tw-target-text\" class=\"tw-data-text tw-text-large tw-ta\" dir=\"ltr\" data-placeholder=\"Traduzione\"><span class=\"Y2IQFc\" lang=\"es\">A falta del acta de autorizaci\u00f3n del otro progenitor, el Jefe de Misi\u00f3n o el Jefe de la Canciller\u00eda consular &#8211; en calidad de Juez Tutelar de ciudadanos italianos menores residentes en la circunscripci\u00f3n consular bajo su jurisdicci\u00f3n- pueden autorizar la expedici\u00f3n del pasaporte al solicitante a trav\u00e9s de un espec\u00edfico <strong>decreto consular<\/strong>, despu\u00e9s de haber realizado las comprobaciones habituales. Para solicitar la expedici\u00f3n del decreto, es necesario presentar:<\/span><\/p>\n<\/div>\n<div id=\"tw-target-rmn-container\" class=\"tw-target-rmn tw-ta-container F0azHf tw-nfl\">\n<ol>\n<li><span class=\"Y2IQFc\" lang=\"es\">el <a href=\"https:\/\/ambbogota.esteri.it\/wp-content\/uploads\/2023\/08\/istanza_giudice_tutela.pdf\">formulario de solicitud<\/a> en el que se indicar\u00e1n las razones de la no-autorizaci\u00f3n y las razones por las que se considera injustificada la denegaci\u00f3n. En la solicitud se deber\u00e1 indicar la direcci\u00f3n y los datos de contacto (tel\u00e9fono y correo electr\u00f3nico) del progenitor que no autoriza;<\/span><\/li>\n<li>el original del comprobante de pago (art. 31 &#8211; <a href=\"https:\/\/ambbogota.esteri.it\/it\/servizi-consolari-e-visti\/servizi-per-il-cittadino-italiano\/diritti-consolari\/\">derechos consulares<\/a>).<\/li>\n<\/ol>\n<\/div>\n<p><span class=\"Y2IQFc\" lang=\"es\">El procedimiento del decreto consular se debe considerar <strong>de car\u00e1cter excepcional y judicial<\/strong>, por lo que s\u00f3lo podr\u00e1 ser utilizado en caso de imposibilidad absoluta de obtener el acto de autorizaci\u00f3n exigido por la ley. <\/span><\/p>\n<p id=\"tw-target-text\" class=\"tw-data-text tw-text-large tw-ta\" dir=\"ltr\" data-placeholder=\"Traduzione\"><span class=\"Y2IQFc\" lang=\"es\">En caso de que los hijos menores residan en otra Circunscripci\u00f3n consular o en Italia, la solicitud deber\u00e1 presentarse ante el C\u00f3nsul o ante el Juzgado de Menores del lugar de residencia de los menores.<\/span><\/p>\n","protected":false},"excerpt":{"rendered":"El acta de autorizaci\u00f3n \u00abatto di assenso\u00bb es una declaraci\u00f3n personal que el progenitor (de cualquier nacionalidad) debe firmar para la expedici\u00f3n del pasaporte a favor del hijo menor de edad de nacionalidad italiana. En el caso de que quien firma el acta de autorizaci\u00f3n sea ciudadano de la Uni\u00f3n Europea al acta de autorizaci\u00f3n [&hellip;]","protected":false},"author":4,"featured_media":0,"parent":168,"menu_order":0,"comment_status":"closed","ping_status":"closed","template":"","meta":{"footnotes":""},"class_list":["post-802","page","type-page","status-publish","hentry"],"_links":{"self":[{"href":"https:\/\/ambbogota.esteri.it\/es\/wp-json\/wp\/v2\/pages\/802","targetHints":{"allow":["GET"]}}],"collection":[{"href":"https:\/\/ambbogota.esteri.it\/es\/wp-json\/wp\/v2\/pages"}],"about":[{"href":"https:\/\/ambbogota.esteri.it\/es\/wp-json\/wp\/v2\/types\/page"}],"author":[{"embeddable":true,"href":"https:\/\/ambbogota.esteri.it\/es\/wp-json\/wp\/v2\/users\/4"}],"replies":[{"embeddable":true,"href":"https:\/\/ambbogota.esteri.it\/es\/wp-json\/wp\/v2\/comments?post=802"}],"version-history":[{"count":6,"href":"https:\/\/ambbogota.esteri.it\/es\/wp-json\/wp\/v2\/pages\/802\/revisions"}],"predecessor-version":[{"id":1180,"href":"https:\/\/ambbogota.esteri.it\/es\/wp-json\/wp\/v2\/pages\/802\/revisions\/1180"}],"up":[{"embeddable":true,"href":"https:\/\/ambbogota.esteri.it\/es\/wp-json\/wp\/v2\/pages\/168"}],"wp:attachment":[{"href":"https:\/\/ambbogota.esteri.it\/es\/wp-json\/wp\/v2\/media?parent=802"}],"curies":[{"name":"wp","href":"https:\/\/api.w.org\/{rel}","templated":true}]}}