{"id":804,"date":"2023-08-14T12:48:14","date_gmt":"2023-08-14T17:48:14","guid":{"rendered":"https:\/\/ambbogota.esteri.it\/?page_id=804"},"modified":"2023-08-15T16:50:19","modified_gmt":"2023-08-15T21:50:19","slug":"navegacion","status":"publish","type":"page","link":"https:\/\/ambbogota.esteri.it\/es\/servizi-consolari-e-visti\/servizi-per-il-cittadino-italiano\/navegacion\/","title":{"rendered":"Navegaci\u00f3n"},"content":{"rendered":"<div>\n<p id=\"tw-target-text\" class=\"tw-data-text tw-text-large tw-ta\" dir=\"ltr\" data-placeholder=\"Traduzione\"><span class=\"Y2IQFc\" lang=\"es\">Se atribuyen a la Autoridad Consular las mismas facultades y funciones que en Italia ejerce la Autoridad Mar\u00edtima (direcci\u00f3n mar\u00edtima, oficina que preside el espacio mar\u00edtimo, capitan\u00eda de puerto, oficina que se encarga del compartimento mar\u00edtimo, etc.) las cuales se detallan en una serie de atribuciones administrativas y de polic\u00eda n\u00e1utica relativas a la flota nacional en el exterior y la gente de mar embarcada en ella, seg\u00fan lo establecido por el C\u00f3digo de Navegaci\u00f3n y las correspondientes Normas de Ejecuci\u00f3n, por la legislaci\u00f3n mar\u00edtima vigente as\u00ed como por los convenios y acuerdos internacionales, ratificado por Italia o al que Italia se haya adherido. <\/span><\/p>\n<p class=\"tw-data-text tw-text-large tw-ta\" dir=\"ltr\" data-placeholder=\"Traduzione\"><span class=\"Y2IQFc\" lang=\"es\">Las principales actividades de navegaci\u00f3n realizadas incluyen:<\/span><\/p>\n<ul>\n<li id=\"tw-target-text\" class=\"tw-data-text tw-text-large tw-ta\" dir=\"ltr\" data-placeholder=\"Traduzione\"><span class=\"Y2IQFc\" lang=\"es\">Legalizaci\u00f3n;<\/span><\/li>\n<li class=\"tw-data-text tw-text-large tw-ta\" dir=\"ltr\" data-placeholder=\"Traduzione\"><span class=\"Y2IQFc\" lang=\"es\">Certificados de Desembarco; <\/span><\/li>\n<li class=\"tw-data-text tw-text-large tw-ta\" dir=\"ltr\" data-placeholder=\"Traduzione\"><span class=\"Y2IQFc\" lang=\"es\">Procedimientos de embarque y desembarque del personal mar\u00edtimo de los buques que enarbolan bandera italiana;<\/span><\/li>\n<li class=\"tw-data-text tw-text-large tw-ta\" dir=\"ltr\" data-placeholder=\"Traduzione\"><span class=\"Y2IQFc\" lang=\"es\">Liberaci\u00f3n de env\u00edos a barcos que enarbolen la bandera italiana en los puertos de esta jurisdicci\u00f3n consular;<\/span><\/li>\n<li class=\"tw-data-text tw-text-large tw-ta\" dir=\"ltr\" data-placeholder=\"Traduzione\"><span class=\"Y2IQFc\" lang=\"es\">Liberaci\u00f3n de la cubierta temporal y bit\u00e1coras;<\/span><\/li>\n<li class=\"tw-data-text tw-text-large tw-ta\" dir=\"ltr\" data-placeholder=\"Traduzione\"><span class=\"Y2IQFc\" lang=\"es\">Expedici\u00f3n\/renovaci\u00f3n\/extensi\u00f3n de certificados de seguridad;<\/span><\/li>\n<li class=\"tw-data-text tw-text-large tw-ta\" dir=\"ltr\" data-placeholder=\"Traduzione\"><span class=\"Y2IQFc\" lang=\"es\">Cumplimiento administrativo como el armado y desarmado de barcos italianos en el extranjero, nacionalizaci\u00f3n de barcos extranjeros, retirada\/renuncia de bandera de barcos italianos.<\/span><\/li>\n<\/ul>\n<\/div>\n<div>\n<div id=\"tw-target-text-container\" class=\"tw-ta-container F0azHf tw-nfl\" tabindex=\"0\">\n<p id=\"tw-target-text\" class=\"tw-data-text tw-text-large tw-ta\" dir=\"ltr\" data-placeholder=\"Traduzione\"><span class=\"Y2IQFc\" lang=\"es\">Para realizar las actividades antes mencionadas, es necesario fijar una cita, con suficiente antelaci\u00f3n, enviando un correo electr\u00f3nico a la siguiente direcci\u00f3n: <a href=\"mailto:bogota.consolare@esteri.it\">bogota.consolare@esteri.it<\/a> .<\/span><\/p>\n<p class=\"tw-data-text tw-text-large tw-ta\" dir=\"ltr\" data-placeholder=\"Traduzione\"><span class=\"Y2IQFc\" lang=\"es\">Los interesados \u200b\u200bdirectos deber\u00e1n presentar, personalmente o por medio de su apoderado debidamente delegado, la documentaci\u00f3n original para su eventual visado consular. <\/span><\/p>\n<p class=\"tw-data-text tw-text-large tw-ta\" dir=\"ltr\" data-placeholder=\"Traduzione\"><span class=\"Y2IQFc\" lang=\"es\">El pago de los Derechos consulares deber\u00e1 efectuarse en pesos colombianos y en efectivo: <\/span><\/p>\n<ul>\n<li class=\"tw-data-text tw-text-large tw-ta\" dir=\"ltr\" data-placeholder=\"Traduzione\"><span class=\"Y2IQFc\" lang=\"es\">ver tabla de derechos consulares (art. 60B).<\/span><\/li>\n<li class=\"tw-data-text tw-text-large tw-ta\" dir=\"ltr\" data-placeholder=\"Traduzione\"><span class=\"Y2IQFc\" lang=\"es\">ver instrucciones de <a href=\"https:\/\/ambbogota.esteri.it\/wp-content\/uploads\/2023\/08\/istruzioni_versamento_diritti_consolari_italiano.pdf\">pago .<\/a><\/span><\/li>\n<\/ul>\n<\/div>\n<div id=\"tw-target-rmn-container\" class=\"tw-target-rmn tw-ta-container F0azHf tw-nfl\"><\/div>\n<\/div>\n","protected":false},"excerpt":{"rendered":"Se atribuyen a la Autoridad Consular las mismas facultades y funciones que en Italia ejerce la Autoridad Mar\u00edtima (direcci\u00f3n mar\u00edtima, oficina que preside el espacio mar\u00edtimo, capitan\u00eda de puerto, oficina que se encarga del compartimento mar\u00edtimo, etc.) las cuales se detallan en una serie de atribuciones administrativas y de polic\u00eda n\u00e1utica relativas a la flota [&hellip;]","protected":false},"author":4,"featured_media":0,"parent":166,"menu_order":0,"comment_status":"closed","ping_status":"closed","template":"","meta":{"footnotes":""},"class_list":["post-804","page","type-page","status-publish","hentry"],"_links":{"self":[{"href":"https:\/\/ambbogota.esteri.it\/es\/wp-json\/wp\/v2\/pages\/804","targetHints":{"allow":["GET"]}}],"collection":[{"href":"https:\/\/ambbogota.esteri.it\/es\/wp-json\/wp\/v2\/pages"}],"about":[{"href":"https:\/\/ambbogota.esteri.it\/es\/wp-json\/wp\/v2\/types\/page"}],"author":[{"embeddable":true,"href":"https:\/\/ambbogota.esteri.it\/es\/wp-json\/wp\/v2\/users\/4"}],"replies":[{"embeddable":true,"href":"https:\/\/ambbogota.esteri.it\/es\/wp-json\/wp\/v2\/comments?post=804"}],"version-history":[{"count":2,"href":"https:\/\/ambbogota.esteri.it\/es\/wp-json\/wp\/v2\/pages\/804\/revisions"}],"predecessor-version":[{"id":807,"href":"https:\/\/ambbogota.esteri.it\/es\/wp-json\/wp\/v2\/pages\/804\/revisions\/807"}],"up":[{"embeddable":true,"href":"https:\/\/ambbogota.esteri.it\/es\/wp-json\/wp\/v2\/pages\/166"}],"wp:attachment":[{"href":"https:\/\/ambbogota.esteri.it\/es\/wp-json\/wp\/v2\/media?parent=804"}],"curies":[{"name":"wp","href":"https:\/\/api.w.org\/{rel}","templated":true}]}}