{"id":808,"date":"2023-08-11T14:17:16","date_gmt":"2023-08-11T19:17:16","guid":{"rendered":"https:\/\/ambbogota.esteri.it\/?page_id=808"},"modified":"2025-04-15T14:06:08","modified_gmt":"2025-04-15T19:06:08","slug":"adopciones","status":"publish","type":"page","link":"https:\/\/ambbogota.esteri.it\/es\/servizi-consolari-e-visti\/servizi-per-il-cittadino-italiano\/adopciones\/","title":{"rendered":"Adopciones"},"content":{"rendered":"<article id=\"articolo_centro\" class=\"col-md-19 col-sm-19 padding_articolo item-page\" role=\"main\" aria-label=\"articolo\">\n<div id=\"tw-target-text-container\" class=\"tw-ta-container F0azHf tw-nfl\" tabindex=\"0\">\n<p id=\"tw-target-text\" class=\"tw-data-text tw-text-large tw-ta\" dir=\"ltr\" data-placeholder=\"Traduzione\"><strong><span class=\"Y2IQFc\" lang=\"es\">ADOPCIONES NACIONALES: SOLICITUD DE TRANSCRIPCI\u00d3N DE SENTENCIAS DE ADOPCI\u00d3N.<\/span><\/strong><\/p>\n<\/div>\n<div id=\"tw-target-rmn-container\" class=\"tw-target-rmn tw-ta-container F0azHf tw-nfl\">\n<div id=\"tw-target-text-container\" class=\"tw-ta-container F0azHf tw-nfl\" tabindex=\"0\">\n<p id=\"tw-target-text\" class=\"tw-data-text tw-text-large tw-ta\" dir=\"ltr\" data-placeholder=\"Traduzione\"><span class=\"Y2IQFc\" lang=\"es\">En caso de que un ciudadano italiano inscrito en el A.I.R.E. desde hace dos a\u00f1os quiera solicitar a la Embajada la transcripci\u00f3n de la sentencia de adopci\u00f3n nacional de un menor colombiano en el Tribunal de Menores italiano competente, debe <a href=\"https:\/\/ambbogota.esteri.it\/es\/servizi-consolari-e-visti\/servizi-per-il-cittadino-italiano\/recepcion-de-publico-y-citas-para-servicios-consulares-recepcion-de-publico-y-citas-para-servicios-consulares\/\"><span style=\"text-decoration: underline;\">presentarse en la Embajada en el horario de recepci\u00f3n del p\u00fablico<\/span> <\/a>y presentar la siguiente documentaci\u00f3n:<\/span><\/p>\n<\/div>\n<div id=\"tw-target-rmn-container\" class=\"tw-target-rmn tw-ta-container F0azHf tw-nfl\">\n<ul>\n<li id=\"tw-target-text\" class=\"tw-data-text tw-text-large tw-ta\" dir=\"ltr\" data-placeholder=\"Traduzione\"><span class=\"Y2IQFc\" lang=\"es\">El <a href=\"https:\/\/ambbogota.esteri.it\/wp-content\/uploads\/2023\/08\/istanza_trascrizione_sentenza_adozione_minore.pdf\">formulario<\/a> de solicitud de transcripci\u00f3n de la sentencia de adopci\u00f3n; <\/span><\/li>\n<li class=\"tw-data-text tw-text-large tw-ta\" dir=\"ltr\" data-placeholder=\"Traduzione\"><span class=\"Y2IQFc\" lang=\"es\">Primer registro de nacimiento del menor (expedida al momento del nacimiento con los apellidos de los padres biol\u00f3gicos); <\/span><\/li>\n<li class=\"tw-data-text tw-text-large tw-ta\" dir=\"ltr\" data-placeholder=\"Traduzione\"><span class=\"Y2IQFc\" lang=\"es\">Resoluci\u00f3n de adoptabilidad;<\/span><\/li>\n<li class=\"tw-data-text tw-text-large tw-ta\" dir=\"ltr\" data-placeholder=\"Traduzione\"><span class=\"Y2IQFc\" lang=\"es\">Sentencia de adopci\u00f3n con declaraci\u00f3n de \u00absentencia firme\u00bb;<\/span><\/li>\n<li class=\"tw-data-text tw-text-large tw-ta\" dir=\"ltr\" data-placeholder=\"Traduzione\"><span class=\"Y2IQFc\" lang=\"es\">Nuevo registro de nacimiento (expedido tras la adopci\u00f3n con los nuevos apellidos).<\/span><\/li>\n<\/ul>\n<\/div>\n<\/div>\n<p id=\"tw-target-text\" class=\"tw-data-text tw-text-large tw-ta\" dir=\"ltr\" data-placeholder=\"Traduzione\"><span class=\"Y2IQFc\" lang=\"es\">Los documentos emitidos por las Autoridades colombianas deben estar apostillados y traducidos al italiano y con la apostilla de la traducci\u00f3n.<\/span><\/p>\n<\/article>\n<p><strong>ADOPCIONES INTERNACIONALES<\/strong><\/p>\n<div id=\"tw-target-text-container\" class=\"tw-ta-container F0azHf tw-nfl\" tabindex=\"0\">\n<p id=\"tw-target-text\" class=\"tw-data-text tw-text-large tw-ta\" dir=\"ltr\" data-placeholder=\"Traduzione\"><span class=\"Y2IQFc\" lang=\"es\">Recomendamos a los futuros padres adoptivos interesados \u200b\u200ben adoptar en Colombia consultar el sitio web de la Presidencia del Consejo de Ministros de la Rep\u00fablica Italiana,\u00a0<a href=\"https:\/\/www.commissioneadozioni.it\/es\">Comisi\u00f3n para las Adopciones Internacionales<\/a>\u00a0(C.A.I.) donde se describen los procedimientos relacionados con la adopci\u00f3n internacional. <\/span><\/p>\n<p class=\"tw-data-text tw-text-large tw-ta\" dir=\"ltr\" data-placeholder=\"Traduzione\"><span class=\"Y2IQFc\" lang=\"es\">Esta Embajada aconseja a los futuros adoptantes que han elegido Colombia que se comuniquen directamente con el <a href=\"https:\/\/www.icbf.gov.co\/\">Instituto Colombiano de Bienestar Familiar<\/a> (I.C.B.F.), que es la instituci\u00f3n p\u00fablica con la que pueden realizar todo el proceso de adopci\u00f3n de forma segura y gratuita.<\/span><\/p>\n<\/div>\n<div id=\"tw-target-rmn-container\" class=\"tw-target-rmn tw-ta-container F0azHf tw-nfl\"><\/div>\n<p><strong>En la Embajada:<\/strong><\/p>\n<p><strong>Primera etapa<\/strong><\/p>\n<p id=\"tw-target-text\" class=\"tw-data-text tw-text-large tw-ta\" dir=\"ltr\" data-placeholder=\"Traduzione\"><span class=\"Y2IQFc\" lang=\"es\">Para obtener la \u00abpromesa de visado\u00bb (compromiso de expedici\u00f3n de un visado de entrada a Italia) es necesario que los adoptantes (o el abogado que los represente) presenten la siguiente documentaci\u00f3n: <\/span><\/p>\n<ul>\n<li class=\"tw-data-text tw-text-large tw-ta\" dir=\"ltr\" data-placeholder=\"Traduzione\"><span class=\"Y2IQFc\" lang=\"es\">\u201cAutorizaci\u00f3n para seguir con el tr\u00e1mite\u201d, expedida por la Comisi\u00f3n de Adopciones Internacionales; <\/span><\/li>\n<li class=\"tw-data-text tw-text-large tw-ta\" dir=\"ltr\" data-placeholder=\"Traduzione\"><span class=\"Y2IQFc\" lang=\"es\">\u00abDecreto de idoneidad para la adopci\u00f3n internacional\u00bb, expedido por el Tribunal de Menores de Italia;<\/span><\/li>\n<li class=\"tw-data-text tw-text-large tw-ta\" dir=\"ltr\" data-placeholder=\"Traduzione\"><span class=\"Y2IQFc\" lang=\"es\">Acta de nacimiento del menor, expedido por la Registradur\u00eda o Notar\u00eda colombiana competente;<\/span><\/li>\n<li class=\"tw-data-text tw-text-large tw-ta\" dir=\"ltr\" data-placeholder=\"Traduzione\"><span class=\"Y2IQFc\" lang=\"es\">\u201cDecreto de adoptabilidad\u201d del menor, expedido por el I.C.B.F. (Instituto Colombiano de Bienestar Familiar) con base en una \u00absentencia de abandono\u00bb del menor, sentencia judicial.<\/span><\/li>\n<\/ul>\n<p><strong>Segunda etapa<\/strong><\/p>\n<div id=\"tw-target-text-container\" class=\"tw-ta-container F0azHf tw-nfl\" tabindex=\"0\">\n<p id=\"tw-target-text\" class=\"tw-data-text tw-text-large tw-ta\" dir=\"ltr\" data-placeholder=\"Traduzione\"><span class=\"Y2IQFc\" lang=\"es\">Una vez obtenida la sentencia de adopci\u00f3n definitiva, para la expedici\u00f3n del visado de entrada a Italia del menor, los adoptantes deber\u00e1n presentar en la Embajada con el menor y con los siguientes documentos, <strong>en original<\/strong>:<\/span><\/p>\n<\/div>\n<div id=\"tw-target-text-container\" class=\"tw-ta-container F0azHf tw-nfl\" tabindex=\"0\">\n<ol>\n<li id=\"tw-target-text\" class=\"tw-data-text tw-text-large tw-ta\" dir=\"ltr\" data-placeholder=\"Traduzione\"><span class=\"Y2IQFc\" lang=\"es\"><a href=\"https:\/\/ambbogota.esteri.it\/wp-content\/uploads\/2023\/08\/formulario_nazionale_spagnolo.pdf\">Formulario <\/a>de solicitud de visa de entrada con archivos adjuntos: <\/span>\n<ul>\n<li class=\"tw-data-text tw-text-large tw-ta\" dir=\"ltr\" data-placeholder=\"Traduzione\"><span class=\"Y2IQFc\" lang=\"es\">pasaporte del menor;<\/span><\/li>\n<li class=\"tw-data-text tw-text-large tw-ta\" dir=\"ltr\" data-placeholder=\"Traduzione\"><span class=\"Y2IQFc\" lang=\"es\">dos fotograf\u00edas del menor (3&#215;4 fondo blanco); <\/span><\/li>\n<li dir=\"ltr\" data-placeholder=\"Traduzione\"><span class=\"Y2IQFc\" lang=\"es\">fotocopia del pasaporte de los padres adoptivos;\u00a0<\/span><\/li>\n<\/ul>\n<\/li>\n<li><span class=\"Y2IQFc\" lang=\"es\">Sentencia de adopci\u00f3n expedida por la Corte colombiana, con traducci\u00f3n oficial al italiano; <\/span><\/li>\n<li><span class=\"Y2IQFc\" lang=\"es\">Decreto de adoptabilidad con traducci\u00f3n oficial; <\/span><\/li>\n<li><span class=\"Y2IQFc\" lang=\"es\">Acta de nacimiento nueva con traducci\u00f3n oficial (que contenga la anotaci\u00f3n de la adopci\u00f3n); <\/span><\/li>\n<li><span class=\"Y2IQFc\" lang=\"es\">Acta de nacimiento antigua con traducci\u00f3n oficial; <\/span><\/li>\n<li><span class=\"Y2IQFc\" lang=\"es\">Decreto de idoneidad expedido por el Tribunal italiano; <\/span><\/li>\n<li><span class=\"Y2IQFc\" lang=\"es\">Certificado de conformidad expedido por el I.C.B.F. sobre la base de la <a href=\"https:\/\/ambbogota.esteri.it\/wp-content\/uploads\/2025\/04\/convenio-de-la-haya-de-1993.pdf\">Convenci\u00f3n de La Haya<\/a> sobre adopciones; <\/span><\/li>\n<li><span class=\"Y2IQFc\" lang=\"es\">\u201cAutorizaci\u00f3n de entrada y residencia por adopci\u00f3n\u201d, expedida por la Comisi\u00f3n de Adopciones Internacionales (C.A.I.).<\/span><\/li>\n<\/ol>\n<\/div>\n<p dir=\"ltr\" data-placeholder=\"Traduzione\">En el momento de la solicitud de la visa deber\u00e1n estar presentes <span style=\"text-decoration: underline;\"><strong>ambos<\/strong> <\/span>padres adoptantes; en caso contrario, ser\u00e1 necesario presentar un poder especifico firmado por el padre momentaneamente ausente.<\/p>\n<p id=\"tw-target-text\" class=\"tw-data-text tw-text-large tw-ta\" dir=\"ltr\" data-placeholder=\"Traduzione\"><strong><span class=\"Y2IQFc\" lang=\"es\">S\u00f3lo en casos de <span style=\"text-decoration: underline;\">urgencia comprobada<\/span> se podr\u00e1 expedir el visado de entrada a los interesados \u200b\u200bdurante el mismo d\u00eda de la cita.<\/span><\/strong><\/p>\n<p><strong>Tercera etapa<\/strong><\/p>\n<p id=\"tw-target-text\" class=\"tw-data-text tw-text-large tw-ta\" dir=\"ltr\" data-placeholder=\"Traduzione\"><span class=\"Y2IQFc\" lang=\"es\">Es necesario hacer No. 4 fotocopias de los siguientes documentos, cuyos originales deber\u00e1n estar legalizados: <\/span><\/p>\n<ul>\n<li class=\"tw-data-text tw-text-large tw-ta\" dir=\"ltr\" data-placeholder=\"Traduzione\"><span class=\"Y2IQFc\" lang=\"es\">Sentencia de adopci\u00f3n;<\/span><\/li>\n<li class=\"tw-data-text tw-text-large tw-ta\" dir=\"ltr\" data-placeholder=\"Traduzione\"><span class=\"Y2IQFc\" lang=\"es\">Decreto de adoptabilidad; <\/span><\/li>\n<li class=\"tw-data-text tw-text-large tw-ta\" dir=\"ltr\" data-placeholder=\"Traduzione\"><span class=\"Y2IQFc\" lang=\"es\">Nuevo registro de nacimiento del menor;<\/span><\/li>\n<li class=\"tw-data-text tw-text-large tw-ta\" dir=\"ltr\" data-placeholder=\"Traduzione\"><span class=\"Y2IQFc\" lang=\"es\">Acta de nacimiento antigua del menor;<\/span><\/li>\n<li class=\"tw-data-text tw-text-large tw-ta\" dir=\"ltr\" data-placeholder=\"Traduzione\"><span class=\"Y2IQFc\" lang=\"es\">Certificado de cumplimiento de adopci\u00f3n; <\/span><\/li>\n<li class=\"tw-data-text tw-text-large tw-ta\" dir=\"ltr\" data-placeholder=\"Traduzione\"><span class=\"Y2IQFc\" lang=\"es\">Autorizaci\u00f3n para entrar y residir por adopci\u00f3n.<\/span><\/li>\n<\/ul>\n<p><strong>LLEVAR N. 4 SOBRES GRANDES<\/strong><\/p>\n<p>Preparaci\u00f3n de los 4 sobres:<\/p>\n<p><strong>SOBRE No. 1: para el aeropuerto de Bogot\u00e0<\/strong><\/p>\n<ul>\n<li><span class=\"Y2IQFc\" lang=\"es\">sentencia de adopci\u00f3n (copia certificada del original firmada por el Secretario del Tribunal colombiano); <\/span><\/li>\n<li><span class=\"Y2IQFc\" lang=\"es\">nuevo registro de nacimiento (copia certificada del original, firmada por el funcionario de la Registradur\u00eda competente o por la Notar\u00eda) que modifique el apellido del menor adoptado;<\/span><\/li>\n<li><span class=\"Y2IQFc\" lang=\"es\">eventual autorizaci\u00f3n del otro progenitor en caso de ausencia en el momento de la salida del menor.<\/span><\/li>\n<\/ul>\n<p><strong>SOBRE No. 2: para el aeropuerto italiano<\/strong><\/p>\n<ul>\n<li id=\"tw-target-text\" class=\"tw-data-text tw-text-large tw-ta\" dir=\"ltr\" data-placeholder=\"Traduzione\"><span class=\"Y2IQFc\" lang=\"es\">decreto de idoneidad del Tribunal italiano (1 original); <\/span><\/li>\n<li class=\"tw-data-text tw-text-large tw-ta\" dir=\"ltr\" data-placeholder=\"Traduzione\"><span class=\"Y2IQFc\" lang=\"es\">p\u00e1gina del pasaporte con foto del menor (1 fotocopia);<\/span><\/li>\n<li class=\"tw-data-text tw-text-large tw-ta\" dir=\"ltr\" data-placeholder=\"Traduzione\"><span class=\"Y2IQFc\" lang=\"es\">p\u00e1gina del pasaporte de la visa de entrada del menor (1 fotocopia); <\/span><\/li>\n<li class=\"tw-data-text tw-text-large tw-ta\" dir=\"ltr\" data-placeholder=\"Traduzione\"><span class=\"Y2IQFc\" lang=\"es\">decreto de adoptabilidad (1 fotocopia); <\/span><\/li>\n<li class=\"tw-data-text tw-text-large tw-ta\" dir=\"ltr\" data-placeholder=\"Traduzione\"><span class=\"Y2IQFc\" lang=\"es\">sentencia de adopci\u00f3n (1 fotocopia); <\/span><\/li>\n<li class=\"tw-data-text tw-text-large tw-ta\" dir=\"ltr\" data-placeholder=\"Traduzione\"><span class=\"Y2IQFc\" lang=\"es\">nuevo registro de nacimiento (1 fotocopia); <\/span><\/li>\n<li class=\"tw-data-text tw-text-large tw-ta\" dir=\"ltr\" data-placeholder=\"Traduzione\"><span class=\"Y2IQFc\" lang=\"es\">acta de nacimiento antigua (1 fotocopia); <\/span><\/li>\n<li class=\"tw-data-text tw-text-large tw-ta\" dir=\"ltr\" data-placeholder=\"Traduzione\"><span class=\"Y2IQFc\" lang=\"es\">autorizaci\u00f3n de entrada y residencia por adopci\u00f3n (1 fotocopia).<\/span><\/li>\n<\/ul>\n<p><strong>SOBRE No. 3 : para el Tribunal de menores de edad<\/strong><\/p>\n<ul>\n<li id=\"tw-target-text\" class=\"tw-data-text tw-text-large tw-ta\" dir=\"ltr\" data-placeholder=\"Traduzione\"><span class=\"Y2IQFc\" lang=\"es\">sentencia de adopci\u00f3n (1 copia certificada, legalizada con \u00abApostilla\u00bb);<\/span><\/li>\n<li class=\"tw-data-text tw-text-large tw-ta\" dir=\"ltr\" data-placeholder=\"Traduzione\"><span class=\"Y2IQFc\" lang=\"es\">decreto de adoptabilidad (1 copia certificada, legalizada con \u00abApostilla\u00bb);<\/span><\/li>\n<li class=\"tw-data-text tw-text-large tw-ta\" dir=\"ltr\" data-placeholder=\"Traduzione\"><span class=\"Y2IQFc\" lang=\"es\">acta de nacimiento antigua (1 copia certificada, legalizada con \u201cApostilla\u201d); <\/span><\/li>\n<li class=\"tw-data-text tw-text-large tw-ta\" dir=\"ltr\" data-placeholder=\"Traduzione\"><span class=\"Y2IQFc\" lang=\"es\">registro de nacimiento nuevo (1 copia certificada, legalizada con \u201cApostilla\u201d); <\/span><\/li>\n<li class=\"tw-data-text tw-text-large tw-ta\" dir=\"ltr\" data-placeholder=\"Traduzione\"><span class=\"Y2IQFc\" lang=\"es\">autorizaci\u00f3n de entrada y residencia por adopci\u00f3n (1 fotocopia); <\/span><\/li>\n<li class=\"tw-data-text tw-text-large tw-ta\" dir=\"ltr\" data-placeholder=\"Traduzione\"><span class=\"Y2IQFc\" lang=\"es\">decreto de idoneidad del Tribunal italiano (1 fotocopia); <\/span><\/li>\n<li class=\"tw-data-text tw-text-large tw-ta\" dir=\"ltr\" data-placeholder=\"Traduzione\"><span class=\"Y2IQFc\" lang=\"es\">certificado de conformidad de la adopci\u00f3n (1 original, legalizado con \u201cApostilla\u201d).<\/span><\/li>\n<\/ul>\n<p><strong>SOBRE No. 4: para los padres del menor<\/strong><\/p>\n<p>Junto al <strong>PASAPORTE DEL MENOR<\/strong>, todos los documentos restantes:<\/p>\n<div id=\"tw-target-text-container\" class=\"tw-ta-container F0azHf tw-nfl\" tabindex=\"0\">\n<ul>\n<li id=\"tw-target-text\" class=\"tw-data-text tw-text-large tw-ta\" dir=\"ltr\" data-placeholder=\"Traduzione\"><span class=\"Y2IQFc\" lang=\"es\">sentencia de adopci\u00f3n (1 copia certificada); <\/span><\/li>\n<li class=\"tw-data-text tw-text-large tw-ta\" dir=\"ltr\" data-placeholder=\"Traduzione\"><span class=\"Y2IQFc\" lang=\"es\">decreto de adoptabilidad (1 original o copia); <\/span><\/li>\n<li class=\"tw-data-text tw-text-large tw-ta\" dir=\"ltr\" data-placeholder=\"Traduzione\"><span class=\"Y2IQFc\" lang=\"es\">registro de nacimiento antiguo (1 copia certificada); <\/span><\/li>\n<li class=\"tw-data-text tw-text-large tw-ta\" dir=\"ltr\" data-placeholder=\"Traduzione\"><span class=\"Y2IQFc\" lang=\"es\">nuevo registro de nacimiento (1 copia certificada); <\/span><\/li>\n<li class=\"tw-data-text tw-text-large tw-ta\" dir=\"ltr\" data-placeholder=\"Traduzione\"><span class=\"Y2IQFc\" lang=\"es\">certificado de conformidad (1 fotocopia);<\/span><\/li>\n<li class=\"tw-data-text tw-text-large tw-ta\" dir=\"ltr\" data-placeholder=\"Traduzione\"><span class=\"Y2IQFc\" lang=\"es\">autorizaci\u00f3n de entrada y residencia por adopci\u00f3n (1 fotocopia).<\/span><\/li>\n<\/ul>\n<\/div>\n<p><strong>CASAS DE ADOPCI\u00d3N AUTORIZADAS EN COLOMBIA CON VIGILANCIA DEL I.C.B.F.<\/strong><\/p>\n<ul>\n<li><strong>INSTITUTO COLOMBIANO DE BIENESTAR FAMILIAR (I.C.B.F.)<\/strong><\/li>\n<\/ul>\n<p>Secci\u00f3n Adopciones &#8211; Apartado Aereo n. 18116,<br \/>\nAvenida 68 No. 64-01, Bogot\u00e1, Colombia<\/p>\n<p>Tel. (0057) (601) 43777630 Fax (0057) (601) 3108574<\/p>\n<ul>\n<li><strong>AYUDAME<\/strong><\/li>\n<\/ul>\n<p>T\u00e9l. (0057) (601) 2583390<br \/>\nayudame@colomsat.net.co<br \/>\nCalle 128 No. 7-53<br \/>\nFax (0057) (601) 2164406<br \/>\nBOGOTA\u2019<\/p>\n<ul>\n<li><strong>CASA DE LA MADRE Y EL NI\u00d1O<\/strong><\/li>\n<\/ul>\n<p>T\u00e9l. (0057) (601) 2687400<br \/>\nlacasa@andinet.com<br \/>\nCalle 48 No. 28-30<br \/>\nFax (0057) (601) 2681008<br \/>\nBOGOTA\u2019<\/p>\n<ul>\n<li><strong>CASA DE MARIA Y EL NI\u00d1O<\/strong><\/li>\n<\/ul>\n<p>T\u00e9l. (0057) (604) 2686112<br \/>\ncasademaria@etm.net.co<br \/>\nCalle 9A Sur No. 25-422<br \/>\nFax (0057) (604) 2666771<br \/>\nMEDELLIN<\/p>\n<ul>\n<li><strong>CASITA DE NICOLAS<\/strong><\/li>\n<\/ul>\n<p>T\u00e9l. (0057) (604) 2638086<br \/>\ncasitanicolas@epm.net.co<br \/>\nCra. 50 No. 65-23<br \/>\nFax (0057) (604) 2114242<br \/>\nMEDELLIN<\/p>\n<ul>\n<li><strong>CRAN<\/strong><\/li>\n<\/ul>\n<p>T\u00e9l. (0057) (601) 6813599-6814940-6925275<br \/>\ncran@mailandnews.com<br \/>\nTrans. 66 No. 164-30<br \/>\nFax (0057) (601) 6847404<br \/>\nBOGOTA\u2019<\/p>\n<ul>\n<li><strong>FANA<\/strong><\/li>\n<\/ul>\n<p>T\u00e9l. (0057) (601) 6806000-6805611<br \/>\nfana@colomsat.net.co<br \/>\nCra. 96 No. 156B-10<br \/>\nFax (0057) (601) 5360602<br \/>\nBOGOTA\u2019<\/p>\n<ul>\n<li><strong>LOS CHIQUITINES<\/strong><\/li>\n<\/ul>\n<p>T\u00e9l. (0057) (602) 8934219-8934142<br \/>\nchiquitines@telesat.com.co<br \/>\nAv. Lucio Velasco No. 15-325<br \/>\nFax (0057) (602) 934259<br \/>\nCALI<\/p>\n<ul>\n<li><strong>LOS PISINGOS<\/strong><\/li>\n<\/ul>\n<p>T\u00e9l. (0057) (601) PBX 6708686<br \/>\nlospisingos@yahoo.com<br \/>\nAv. 7 No. 157-91<br \/>\nFax (0057) (601) 6729793<br \/>\nBOGOTA&#8217;<\/p>\n","protected":false},"excerpt":{"rendered":"ADOPCIONES NACIONALES: SOLICITUD DE TRANSCRIPCI\u00d3N DE SENTENCIAS DE ADOPCI\u00d3N. En caso de que un ciudadano italiano inscrito en el A.I.R.E. desde hace dos a\u00f1os quiera solicitar a la Embajada la transcripci\u00f3n de la sentencia de adopci\u00f3n nacional de un menor colombiano en el Tribunal de Menores italiano competente, debe presentarse en la Embajada en el [&hellip;]","protected":false},"author":4,"featured_media":0,"parent":166,"menu_order":0,"comment_status":"closed","ping_status":"closed","template":"","meta":{"footnotes":""},"class_list":["post-808","page","type-page","status-publish","hentry"],"_links":{"self":[{"href":"https:\/\/ambbogota.esteri.it\/es\/wp-json\/wp\/v2\/pages\/808","targetHints":{"allow":["GET"]}}],"collection":[{"href":"https:\/\/ambbogota.esteri.it\/es\/wp-json\/wp\/v2\/pages"}],"about":[{"href":"https:\/\/ambbogota.esteri.it\/es\/wp-json\/wp\/v2\/types\/page"}],"author":[{"embeddable":true,"href":"https:\/\/ambbogota.esteri.it\/es\/wp-json\/wp\/v2\/users\/4"}],"replies":[{"embeddable":true,"href":"https:\/\/ambbogota.esteri.it\/es\/wp-json\/wp\/v2\/comments?post=808"}],"version-history":[{"count":6,"href":"https:\/\/ambbogota.esteri.it\/es\/wp-json\/wp\/v2\/pages\/808\/revisions"}],"predecessor-version":[{"id":6319,"href":"https:\/\/ambbogota.esteri.it\/es\/wp-json\/wp\/v2\/pages\/808\/revisions\/6319"}],"up":[{"embeddable":true,"href":"https:\/\/ambbogota.esteri.it\/es\/wp-json\/wp\/v2\/pages\/166"}],"wp:attachment":[{"href":"https:\/\/ambbogota.esteri.it\/es\/wp-json\/wp\/v2\/media?parent=808"}],"curies":[{"name":"wp","href":"https:\/\/api.w.org\/{rel}","templated":true}]}}