{"id":815,"date":"2023-08-14T12:08:36","date_gmt":"2023-08-14T17:08:36","guid":{"rendered":"https:\/\/ambbogota.esteri.it\/?page_id=815"},"modified":"2025-07-09T11:28:44","modified_gmt":"2025-07-09T16:28:44","slug":"registro-de-nacimiento","status":"publish","type":"page","link":"https:\/\/ambbogota.esteri.it\/es\/servizi-consolari-e-visti\/servizi-per-il-cittadino-italiano\/stato-civile\/registro-de-nacimiento\/","title":{"rendered":"Registro de nacimiento"},"content":{"rendered":"<p>Se solicita consultar la normativa publicada en la secci\u00f3n <a href=\"https:\/\/ambbogota.esteri.it\/es\/servizi-consolari-e-visti\/servizi-per-il-cittadino-straniero\/cittadinanza\/\"><strong>Ciudadan\u00eda y Adopci\u00f3n<\/strong><\/a>.<\/p>\n","protected":false},"excerpt":{"rendered":"Se solicita consultar la normativa publicada en la secci\u00f3n Ciudadan\u00eda y Adopci\u00f3n.","protected":false},"author":4,"featured_media":0,"parent":169,"menu_order":0,"comment_status":"closed","ping_status":"closed","template":"","meta":{"footnotes":""},"class_list":["post-815","page","type-page","status-publish","hentry"],"_links":{"self":[{"href":"https:\/\/ambbogota.esteri.it\/es\/wp-json\/wp\/v2\/pages\/815","targetHints":{"allow":["GET"]}}],"collection":[{"href":"https:\/\/ambbogota.esteri.it\/es\/wp-json\/wp\/v2\/pages"}],"about":[{"href":"https:\/\/ambbogota.esteri.it\/es\/wp-json\/wp\/v2\/types\/page"}],"author":[{"embeddable":true,"href":"https:\/\/ambbogota.esteri.it\/es\/wp-json\/wp\/v2\/users\/4"}],"replies":[{"embeddable":true,"href":"https:\/\/ambbogota.esteri.it\/es\/wp-json\/wp\/v2\/comments?post=815"}],"version-history":[{"count":6,"href":"https:\/\/ambbogota.esteri.it\/es\/wp-json\/wp\/v2\/pages\/815\/revisions"}],"predecessor-version":[{"id":6704,"href":"https:\/\/ambbogota.esteri.it\/es\/wp-json\/wp\/v2\/pages\/815\/revisions\/6704"}],"up":[{"embeddable":true,"href":"https:\/\/ambbogota.esteri.it\/es\/wp-json\/wp\/v2\/pages\/169"}],"wp:attachment":[{"href":"https:\/\/ambbogota.esteri.it\/es\/wp-json\/wp\/v2\/media?parent=815"}],"curies":[{"name":"wp","href":"https:\/\/api.w.org\/{rel}","templated":true}]}}