{"id":817,"date":"2023-08-14T12:11:08","date_gmt":"2023-08-14T17:11:08","guid":{"rendered":"https:\/\/ambbogota.esteri.it\/?page_id=817"},"modified":"2023-08-16T12:23:52","modified_gmt":"2023-08-16T17:23:52","slug":"registro-de-matrimonio","status":"publish","type":"page","link":"https:\/\/ambbogota.esteri.it\/es\/servizi-consolari-e-visti\/servizi-per-il-cittadino-italiano\/stato-civile\/registro-de-matrimonio\/","title":{"rendered":"Registro de matrimonio"},"content":{"rendered":"<div id=\"tw-target-text-container\" class=\"tw-ta-container F0azHf tw-nfl\" tabindex=\"0\">\n<p id=\"tw-target-text\" class=\"tw-data-text tw-text-large tw-ta\" dir=\"ltr\" data-placeholder=\"Traduzione\"><span class=\"Y2IQFc\" lang=\"es\">El matrimonio de un ciudadano italiano residente en Colombia celebrado en el extranjero debe registrarse en la alcald\u00eda italiana correspondiente.<\/span><\/p>\n<p class=\"tw-data-text tw-text-large tw-ta\" dir=\"ltr\" data-placeholder=\"Traduzione\"><strong><span class=\"Y2IQFc\" lang=\"es\">D\u00d3NDE SOLICITAR EL SERVICIO: <\/span><\/strong><\/p>\n<ol>\n<li class=\"tw-data-text tw-text-large tw-ta\" dir=\"ltr\" data-placeholder=\"Traduzione\"><span class=\"Y2IQFc\" lang=\"es\">el ciudadano italiano interesado acude a una cita en la Embajada de Italia en Bogot\u00e1 <a href=\"https:\/\/ambbogota.esteri.it\/it\/servizi-consolari-e-visti\/servizi-per-il-cittadino-italiano\/prenotazioni-servizi-consolari\/\">en el horario de atenci\u00f3n al p\u00fablico;<\/a><\/span><\/li>\n<li class=\"tw-data-text tw-text-large tw-ta\" dir=\"ltr\" data-placeholder=\"Traduzione\"><span class=\"Y2IQFc\" lang=\"es\">el ciudadano italiano acude a una de nuestras oficinas de Consulado Honorario en Colombia; <\/span><\/li>\n<li class=\"tw-data-text tw-text-large tw-ta\" dir=\"ltr\" data-placeholder=\"Traduzione\"><span class=\"Y2IQFc\" lang=\"es\">el ciudadano italiano se comunica directamente con su Alcald\u00eda de inscripci\u00f3n en el A.I.R.E. (en este caso es necesario contactar con la Oficina de la Alcald\u00eda que se ocupa de Registradur\u00eda Civil).<\/span><\/li>\n<\/ol>\n<\/div>\n<div id=\"tw-target-rmn-container\" class=\"tw-target-rmn tw-ta-container F0azHf tw-nfl\">\n<div id=\"tw-target-text-container\" class=\"tw-ta-container F0azHf tw-nfl\" tabindex=\"0\"><\/div>\n<\/div>\n<div id=\"tw-target-text-container\" class=\"tw-ta-container F0azHf tw-nfl\" tabindex=\"0\">\n<p id=\"tw-target-text\" class=\"tw-data-text tw-text-large tw-ta\" dir=\"ltr\" data-placeholder=\"Traduzione\"><strong><span class=\"Y2IQFc\" lang=\"es\">DOCUMENTOS A PRESENTAR PARA MATRIMONIOS CELEBRADOS EN COLOMBIA<\/span><\/strong><\/p>\n<ol>\n<li class=\"tw-data-text tw-text-large tw-ta\" dir=\"ltr\" data-placeholder=\"Traduzione\"><span class=\"Y2IQFc\" lang=\"es\"><a href=\"https:\/\/ambbogota.esteri.it\/wp-content\/uploads\/2023\/08\/2._modulo_registro_atto_di_matrimonio.pdf\">Formulario<\/a> de solicitud de transcripci\u00f3n, debidamente diligenciado y firmado por ambos c\u00f3nyuges; <\/span><\/li>\n<li class=\"tw-data-text tw-text-large tw-ta\" dir=\"ltr\" data-placeholder=\"Traduzione\"><span class=\"Y2IQFc\" lang=\"es\">Certificado de matrimonio original completo expedido por Notario, provisto de Apostilla, expedida por la Canciller\u00eda de la Rep\u00fablica de Colombia; <\/span><\/li>\n<li class=\"tw-data-text tw-text-large tw-ta\" dir=\"ltr\" data-placeholder=\"Traduzione\"><span class=\"Y2IQFc\" lang=\"es\">Traducci\u00f3n del registro de matrimonio debidamente acompa\u00f1ado por la apostilla de la firma del traductor; <\/span><\/li>\n<li class=\"tw-data-text tw-text-large tw-ta\" dir=\"ltr\" data-placeholder=\"Traduzione\"><span class=\"Y2IQFc\" lang=\"es\">Fotocopias de los documentos de identidad de los c\u00f3nyuges. <\/span><\/li>\n<\/ol>\n<p><span class=\"Y2IQFc\" lang=\"es\">Si los documentos tienen escritos o anotaciones en el reverso de la hoja, deber\u00e1n presentarse tambi\u00e9n fotocopias del reverso de la citada hoja.<\/span><\/p>\n<\/div>\n<div id=\"tw-target-rmn-container\" class=\"tw-target-rmn tw-ta-container F0azHf tw-nfl\"><\/div>\n<p id=\"tw-target-text\" class=\"tw-data-text tw-text-large tw-ta\" dir=\"ltr\" data-placeholder=\"Traduzione\"><strong><span class=\"Y2IQFc\" lang=\"es\">DOCUMENTOS A PRESENTAR PARA MATRIMONIOS CELEBRADOS EN OTROS PA\u00cdSES<\/span><\/strong><\/p>\n<ol>\n<li class=\"tw-data-text tw-text-large tw-ta\" dir=\"ltr\" data-placeholder=\"Traduzione\"><span class=\"Y2IQFc\" lang=\"es\"><a href=\"https:\/\/ambbogota.esteri.it\/wp-content\/uploads\/2023\/08\/2._modulo_registro_atto_di_matrimonio.pdf\">Formulario<\/a> de solicitud de transcripci\u00f3n, debidamente diligenciado y firmado por ambos c\u00f3nyuges.;<\/span><\/li>\n<li class=\"tw-data-text tw-text-large tw-ta\" dir=\"ltr\" data-placeholder=\"Traduzione\"><span class=\"Y2IQFc\" lang=\"es\">Registro de matrimonio original completo expedido por la Autoridad competente del Pa\u00eds de origen (no se acepta un registro expedido por las Autoridades colombianas con base en el registro de otro Pa\u00eds), con el sello de validez formal colocado por la Autoridad italiana competente en el Pa\u00eds de origen;<\/span><\/li>\n<li class=\"tw-data-text tw-text-large tw-ta\" dir=\"ltr\" data-placeholder=\"Traduzione\"><span class=\"Y2IQFc\" lang=\"es\">Apostilla del documento original expedida por la Autoridad competente en el Pa\u00eds de origen.;<\/span><\/li>\n<li class=\"tw-data-text tw-text-large tw-ta\" dir=\"ltr\" data-placeholder=\"Traduzione\"><span class=\"Y2IQFc\" lang=\"es\">Traducci\u00f3n del Registro acompa\u00f1ada por la declaraci\u00f3n de conformidad del original colocada por la Autoridad italiana competente en el Pa\u00eds de origen;<\/span><\/li>\n<li class=\"tw-data-text tw-text-large tw-ta\" dir=\"ltr\" data-placeholder=\"Traduzione\"><span class=\"Y2IQFc\" lang=\"es\">Fotocopias de los documentos de identidad de los c\u00f3nyuges. <\/span><\/li>\n<\/ol>\n<p><span class=\"Y2IQFc\" lang=\"es\">Si los documentos tienen escritos o anotaciones en el reverso de la hoja, deber\u00e1n presentarse tambi\u00e9n fotocopias del reverso de la citada hoja.<\/span><\/p>\n<div id=\"tw-target-text-container\" class=\"tw-ta-container F0azHf tw-nfl\" tabindex=\"0\">\n<p id=\"tw-target-text\" class=\"tw-data-text tw-text-large tw-ta\" dir=\"ltr\" data-placeholder=\"Traduzione\"><strong><span class=\"Y2IQFc\" lang=\"es\">La Embajada enviar\u00e1 un correo electr\u00f3nico al interesado sobre la efectiva transmisi\u00f3n de la solicitud a la Autoridad competente. Por lo tanto, no es necesario solicitar informaci\u00f3n sobre el estado del tr\u00e1mite, ya que es responsabilidad de otras Autoridades. <\/span><\/strong><\/p>\n<p class=\"tw-data-text tw-text-large tw-ta\" dir=\"ltr\" data-placeholder=\"Traduzione\"><strong><span class=\"Y2IQFc\" lang=\"es\">Se recomienda proporcionar una direcci\u00f3n de correo electr\u00f3nico v\u00e1lida y comunicar cualquier actualizaci\u00f3n de la misma.<\/span><\/strong><\/p>\n<\/div>\n","protected":false},"excerpt":{"rendered":"El matrimonio de un ciudadano italiano residente en Colombia celebrado en el extranjero debe registrarse en la alcald\u00eda italiana correspondiente. D\u00d3NDE SOLICITAR EL SERVICIO: el ciudadano italiano interesado acude a una cita en la Embajada de Italia en Bogot\u00e1 en el horario de atenci\u00f3n al p\u00fablico; el ciudadano italiano acude a una de nuestras oficinas [&hellip;]","protected":false},"author":4,"featured_media":0,"parent":169,"menu_order":0,"comment_status":"closed","ping_status":"closed","template":"","meta":{"footnotes":""},"class_list":["post-817","page","type-page","status-publish","hentry"],"_links":{"self":[{"href":"https:\/\/ambbogota.esteri.it\/es\/wp-json\/wp\/v2\/pages\/817","targetHints":{"allow":["GET"]}}],"collection":[{"href":"https:\/\/ambbogota.esteri.it\/es\/wp-json\/wp\/v2\/pages"}],"about":[{"href":"https:\/\/ambbogota.esteri.it\/es\/wp-json\/wp\/v2\/types\/page"}],"author":[{"embeddable":true,"href":"https:\/\/ambbogota.esteri.it\/es\/wp-json\/wp\/v2\/users\/4"}],"replies":[{"embeddable":true,"href":"https:\/\/ambbogota.esteri.it\/es\/wp-json\/wp\/v2\/comments?post=817"}],"version-history":[{"count":1,"href":"https:\/\/ambbogota.esteri.it\/es\/wp-json\/wp\/v2\/pages\/817\/revisions"}],"predecessor-version":[{"id":818,"href":"https:\/\/ambbogota.esteri.it\/es\/wp-json\/wp\/v2\/pages\/817\/revisions\/818"}],"up":[{"embeddable":true,"href":"https:\/\/ambbogota.esteri.it\/es\/wp-json\/wp\/v2\/pages\/169"}],"wp:attachment":[{"href":"https:\/\/ambbogota.esteri.it\/es\/wp-json\/wp\/v2\/media?parent=817"}],"curies":[{"name":"wp","href":"https:\/\/api.w.org\/{rel}","templated":true}]}}