{"id":820,"date":"2023-08-14T12:15:19","date_gmt":"2023-08-14T17:15:19","guid":{"rendered":"https:\/\/ambbogota.esteri.it\/?page_id=820"},"modified":"2023-08-16T12:39:19","modified_gmt":"2023-08-16T17:39:19","slug":"registro-de-divorcio","status":"publish","type":"page","link":"https:\/\/ambbogota.esteri.it\/es\/servizi-consolari-e-visti\/servizi-per-il-cittadino-italiano\/stato-civile\/registro-de-divorcio\/","title":{"rendered":"Registro de divorcio"},"content":{"rendered":"<div id=\"tw-target-text-container\" class=\"tw-ta-container F0azHf tw-nfl\" tabindex=\"0\">\n<p id=\"tw-target-text\" class=\"tw-data-text tw-text-large tw-ta\" dir=\"ltr\" data-placeholder=\"Traduzione\"><span class=\"Y2IQFc\" lang=\"es\">Las sentencias de divorcio o las actas notariales de divorcio ejecutadas en el extranjero NO son autom\u00e1ticamente v\u00e1lidas en Italia, deben ser transcritas en la Oficina del Registro Civil de la Alcald\u00eda en donde se registra el relativo certificado de matrimonio. El interesado\/a debe estar residiendo en Colombia.<\/span><\/p>\n<p class=\"tw-data-text tw-text-large tw-ta\" dir=\"ltr\" data-placeholder=\"Traduzione\"><span class=\"Y2IQFc\" lang=\"es\">Para solicitar el registro de divorcio se debe presentar uno de los siguientes documentos: <\/span><\/p>\n<ol>\n<li class=\"tw-data-text tw-text-large tw-ta\" dir=\"ltr\" data-placeholder=\"Traduzione\"><span class=\"Y2IQFc\" lang=\"es\">o la sentencia, <strong>que debe ser \u00abjuzgado final\u00bb y debe indicar \u00abfin de los efectos civiles del matrimonio\u00bb<\/strong>; <\/span><\/li>\n<li class=\"tw-data-text tw-text-large tw-ta\" dir=\"ltr\" data-placeholder=\"Traduzione\"><span class=\"Y2IQFc\" lang=\"es\">o la escritura notarial (expedida en com\u00fan acuerdo entre las personas para la cesaci\u00f3n del matrimonio). <\/span><\/li>\n<\/ol>\n<p><strong><span class=\"Y2IQFc\" lang=\"es\">D\u00d3NDE SOLICITAR EL SERVICIO <\/span><\/strong><\/p>\n<ol>\n<li><span class=\"Y2IQFc\" lang=\"es\"><a href=\"https:\/\/ambbogota.esteri.it\/it\/servizi-consolari-e-visti\/servizi-per-il-cittadino-italiano\/prenotazioni-servizi-consolari\/\">present\u00e1ndose personalmente en la Embajada de Italia en Bogot\u00e1 durante las horas de recepci\u00f3n al p\u00fablico<\/a>; <\/span><\/li>\n<li><span class=\"Y2IQFc\" lang=\"es\">al presentarse personalmente en una de nuestras Oficinas Honorarias en Colombia; <\/span><\/li>\n<li><span class=\"Y2IQFc\" lang=\"es\">comunic\u00e1ndose directamente con el registro de su Alcald\u00eda de inscripci\u00f3n en el AIRE (en este caso es necesario comunicarse con la Oficina de la Alcald\u00eda de la Registradur\u00eda Civil). <\/span><\/li>\n<\/ol>\n<p><span class=\"Y2IQFc\" lang=\"es\"><strong>1. DOCUMENTOS A PRESENTAR PARA EL DIVORCIO EN COLOMBIA<\/strong> <\/span><\/p>\n<ol>\n<li><span class=\"Y2IQFc\" lang=\"es\"><a href=\"https:\/\/ambbogota.esteri.it\/wp-content\/uploads\/2023\/08\/78395_f_amb61ATTODIVORZIO.pdf\">Formulario<\/a> de solicitud de transcripci\u00f3n, debidamente diligenciado y firmado; <\/span><\/li>\n<li><span class=\"Y2IQFc\" lang=\"es\"><a href=\"https:\/\/ambbogota.esteri.it\/wp-content\/uploads\/2023\/08\/66568_f_amb61Divorzio.pdf\">Declaraci\u00f3n que sustituye la escritura p\u00fablica<\/a>; <\/span><\/li>\n<li><span class=\"Y2IQFc\" lang=\"es\">Acta de divorcio original completa (Sentencia del Tribunal o Acta Notarial) con <a href=\"http:\/\/www.cancilleria.gov.co\/tramites_servicios\/apostilla_legalizacion_en_linea\">Apostille<\/a>, expedida por la Canciller\u00eda de la Rep\u00fablica de Colombia; <\/span><\/li>\n<li><span class=\"Y2IQFc\" lang=\"es\">Traducci\u00f3n \u00edntegra de la escritura debidamente acompa\u00f1ada de la apostilla de la firma del traductor; <\/span><\/li>\n<li><span class=\"Y2IQFc\" lang=\"es\">Copia del pasaporte italiano vigente del declarante.<\/span><\/li>\n<\/ol>\n<\/div>\n<div id=\"tw-target-rmn-container\" class=\"tw-target-rmn tw-ta-container F0azHf tw-nfl\">\n<div id=\"tw-target-text-container\" class=\"tw-ta-container F0azHf tw-nfl\" tabindex=\"0\">\n<p id=\"tw-target-text\" class=\"tw-data-text tw-text-large tw-ta\" dir=\"ltr\" data-placeholder=\"Traduzione\"><strong><span class=\"Y2IQFc\" lang=\"es\">2. DOCUMENTOS A PRESENTAR PARA DIVORCIO EN OTROS PA\u00cdSES <\/span><\/strong><\/p>\n<ol>\n<li class=\"tw-data-text tw-text-large tw-ta\" dir=\"ltr\" data-placeholder=\"Traduzione\"><span class=\"Y2IQFc\" lang=\"es\"><a href=\"https:\/\/ambbogota.esteri.it\/wp-content\/uploads\/2023\/08\/78395_f_amb61ATTODIVORZIO.pdf\">Formulario<\/a> de solicitud de transcripci\u00f3n, debidamente diligenciado y firmado; <\/span><\/li>\n<li class=\"tw-data-text tw-text-large tw-ta\" dir=\"ltr\" data-placeholder=\"Traduzione\"><span class=\"Y2IQFc\" lang=\"es\">Acta de divorcio (Sentencia del Tribunal o Acta Notarial) en original emitido por la Autoridad competente del Pa\u00eds de origen (no se aceptan actas expedidas por las Autoridades colombianas con base en un acta de otro Pa\u00eds, con el sello de validez formal y sustancial puesto por la Autoridad italiana competente en el territorio del Pa\u00eds que expidi\u00f3 la Escritura; <\/span><\/li>\n<li class=\"tw-data-text tw-text-large tw-ta\" dir=\"ltr\" data-placeholder=\"Traduzione\"><span class=\"Y2IQFc\" lang=\"es\"><a href=\"http:\/\/www.cancilleria.gov.co\/tramites_servicios\/apostilla_legalizacion_en_linea\">Apostille<\/a> de la Escritura original expedida por la Autoridad competente en el territorio del Pa\u00eds que expidi\u00f3 la Escritura; <\/span><\/li>\n<li class=\"tw-data-text tw-text-large tw-ta\" dir=\"ltr\" data-placeholder=\"Traduzione\"><span class=\"Y2IQFc\" lang=\"es\">Traducci\u00f3n de la Escritura acompa\u00f1ada por la declaraci\u00f3n de conformidad con el original colocada por la Autoridad italiana competente en el territorio de expedici\u00f3n de la Escritura; <\/span><\/li>\n<li class=\"tw-data-text tw-text-large tw-ta\" dir=\"ltr\" data-placeholder=\"Traduzione\"><span class=\"Y2IQFc\" lang=\"es\">Fotocopias de los documentos de identidad de los c\u00f3nyuges. <\/span><\/li>\n<\/ol>\n<p><span class=\"Y2IQFc\" lang=\"es\">Si los documentos tienen escritos o anotaciones en el reverso de la hoja, deber\u00e1n presentarse tambi\u00e9n fotocopias del reverso de la citada hoja. <\/span><\/p>\n<p><strong><span class=\"Y2IQFc\" lang=\"es\">La Embajada enviar\u00e1 un correo electr\u00f3nico al interesado sobre la efectiva transmisi\u00f3n de la solicitud a la Autoridad competente. Por lo tanto, no es necesario solicitar informaci\u00f3n sobre el estado del tr\u00e1mite, ya que es responsabilidad de otras Autoridades. <\/span><\/strong><\/p>\n<p><strong><span class=\"Y2IQFc\" lang=\"es\">Se recomienda que proporcionen una direcci\u00f3n de correo electr\u00f3nico v\u00e1lida y comuniquen cualquier actualizaci\u00f3n al respeto.<\/span><\/strong><\/p>\n<\/div>\n<\/div>\n","protected":false},"excerpt":{"rendered":"Las sentencias de divorcio o las actas notariales de divorcio ejecutadas en el extranjero NO son autom\u00e1ticamente v\u00e1lidas en Italia, deben ser transcritas en la Oficina del Registro Civil de la Alcald\u00eda en donde se registra el relativo certificado de matrimonio. El interesado\/a debe estar residiendo en Colombia. Para solicitar el registro de divorcio se [&hellip;]","protected":false},"author":4,"featured_media":0,"parent":169,"menu_order":0,"comment_status":"closed","ping_status":"closed","template":"","meta":{"footnotes":""},"class_list":["post-820","page","type-page","status-publish","hentry"],"_links":{"self":[{"href":"https:\/\/ambbogota.esteri.it\/es\/wp-json\/wp\/v2\/pages\/820","targetHints":{"allow":["GET"]}}],"collection":[{"href":"https:\/\/ambbogota.esteri.it\/es\/wp-json\/wp\/v2\/pages"}],"about":[{"href":"https:\/\/ambbogota.esteri.it\/es\/wp-json\/wp\/v2\/types\/page"}],"author":[{"embeddable":true,"href":"https:\/\/ambbogota.esteri.it\/es\/wp-json\/wp\/v2\/users\/4"}],"replies":[{"embeddable":true,"href":"https:\/\/ambbogota.esteri.it\/es\/wp-json\/wp\/v2\/comments?post=820"}],"version-history":[{"count":1,"href":"https:\/\/ambbogota.esteri.it\/es\/wp-json\/wp\/v2\/pages\/820\/revisions"}],"predecessor-version":[{"id":821,"href":"https:\/\/ambbogota.esteri.it\/es\/wp-json\/wp\/v2\/pages\/820\/revisions\/821"}],"up":[{"embeddable":true,"href":"https:\/\/ambbogota.esteri.it\/es\/wp-json\/wp\/v2\/pages\/169"}],"wp:attachment":[{"href":"https:\/\/ambbogota.esteri.it\/es\/wp-json\/wp\/v2\/media?parent=820"}],"curies":[{"name":"wp","href":"https:\/\/api.w.org\/{rel}","templated":true}]}}