{"id":826,"date":"2023-08-14T12:21:01","date_gmt":"2023-08-14T17:21:01","guid":{"rendered":"https:\/\/ambbogota.esteri.it\/?page_id=826"},"modified":"2023-08-16T12:55:19","modified_gmt":"2023-08-16T17:55:19","slug":"apostille","status":"publish","type":"page","link":"https:\/\/ambbogota.esteri.it\/es\/servizi-consolari-e-visti\/servizi-per-il-cittadino-italiano\/stato-civile\/apostille\/","title":{"rendered":"Apostille"},"content":{"rendered":"<p>La Apostilla de La Haya viene colocada por el Estado que expidi\u00f3 el documento:<\/p>\n<ol>\n<li>ante la <a href=\"http:\/\/www.cancilleria.gov.co\/tramites_servicios\/apostilla_legalizacion_en_linea\">Canciller\u00eda de la Rep\u00fablica de Colombia<\/a>.<\/li>\n<li>en Italia: para actas notariales, judiciales y de registro civil, dirigirse a las Oficinas Judiciales en cuya jurisdicci\u00f3n se redactaron las actas a legalizar; para otras actas administrativas (por ejemplo, la firma del Alcalde) dirigirse al Prefecto territorialmente competente, con excepci\u00f3n de la regi\u00f3n Valle d&#8217;Aosta (Presidente de la Regi\u00f3n) y de las provincias de Trento y Bolzano (Comisario del Gobierno).<\/li>\n<\/ol>\n<p><strong>No es necesario traducir la Apostilla de un documento para presentarlo ante Italia.<\/strong><\/p>\n<p>&nbsp;<\/p>\n","protected":false},"excerpt":{"rendered":"La Apostilla de La Haya viene colocada por el Estado que expidi\u00f3 el documento: ante la Canciller\u00eda de la Rep\u00fablica de Colombia. en Italia: para actas notariales, judiciales y de registro civil, dirigirse a las Oficinas Judiciales en cuya jurisdicci\u00f3n se redactaron las actas a legalizar; para otras actas administrativas (por ejemplo, la firma del [&hellip;]","protected":false},"author":4,"featured_media":0,"parent":169,"menu_order":0,"comment_status":"closed","ping_status":"closed","template":"","meta":{"footnotes":""},"class_list":["post-826","page","type-page","status-publish","hentry"],"_links":{"self":[{"href":"https:\/\/ambbogota.esteri.it\/es\/wp-json\/wp\/v2\/pages\/826","targetHints":{"allow":["GET"]}}],"collection":[{"href":"https:\/\/ambbogota.esteri.it\/es\/wp-json\/wp\/v2\/pages"}],"about":[{"href":"https:\/\/ambbogota.esteri.it\/es\/wp-json\/wp\/v2\/types\/page"}],"author":[{"embeddable":true,"href":"https:\/\/ambbogota.esteri.it\/es\/wp-json\/wp\/v2\/users\/4"}],"replies":[{"embeddable":true,"href":"https:\/\/ambbogota.esteri.it\/es\/wp-json\/wp\/v2\/comments?post=826"}],"version-history":[{"count":1,"href":"https:\/\/ambbogota.esteri.it\/es\/wp-json\/wp\/v2\/pages\/826\/revisions"}],"predecessor-version":[{"id":828,"href":"https:\/\/ambbogota.esteri.it\/es\/wp-json\/wp\/v2\/pages\/826\/revisions\/828"}],"up":[{"embeddable":true,"href":"https:\/\/ambbogota.esteri.it\/es\/wp-json\/wp\/v2\/pages\/169"}],"wp:attachment":[{"href":"https:\/\/ambbogota.esteri.it\/es\/wp-json\/wp\/v2\/media?parent=826"}],"curies":[{"name":"wp","href":"https:\/\/api.w.org\/{rel}","templated":true}]}}