{"id":827,"date":"2023-08-10T15:05:41","date_gmt":"2023-08-10T20:05:41","guid":{"rendered":"https:\/\/ambbogota.esteri.it\/?page_id=827"},"modified":"2023-08-16T13:03:14","modified_gmt":"2023-08-16T18:03:14","slug":"repatriaciones-repatriaciones-medicas-y-repatriacion-de-cuerpos","status":"publish","type":"page","link":"https:\/\/ambbogota.esteri.it\/es\/servizi-consolari-e-visti\/servizi-per-il-cittadino-italiano\/assistenza-ai-cittadini-allestero\/repatriaciones-repatriaciones-medicas-y-repatriacion-de-cuerpos\/","title":{"rendered":"Repatriaciones, repatriaciones m\u00e9dicas y repatriaci\u00f3n de cuerpos"},"content":{"rendered":"<p>La asistencia para la repatriaci\u00f3n de connacionales que se encuentren en situaciones de grave dificultad y que no puedan ser superadas localmente, podr\u00e1n referirse a:<\/p>\n<ul>\n<li>connacionales emigrados, que se ven en la necesidad de regresar a Italia en v\u00eda definitiva por razones econ\u00f3micas o de salud;<\/li>\n<li>menores abandonados;<\/li>\n<li>ciudadanos italianos al final de su detenci\u00f3n o expulsados;<\/li>\n<li>personas mayores edad solas para las que se requiere hospitalizaci\u00f3n en hogares geri\u00e1tricos en Italia;<\/li>\n<li>pacientes gravemente enfermos que no pueden ser tratados localmente debido a la falta de estructuras id\u00f3neas.<\/li>\n<\/ul>\n<p>Las <strong>repatriaciones a cargo del Erario <\/strong>se limitan a casos de<strong> indigencia comprobada<\/strong> por la red diplom\u00e1tico-consular; en todos los dem\u00e1s casos la repatriaci\u00f3n se produce previa firma de pr\u00e9stamos con promesa de devoluci\u00f3n al Erario.<\/p>\n<p><strong>REPATRIACI\u00d3N DE CUERPOS <\/strong><\/p>\n<p>Para la repatriaci\u00f3n del cuerpo, una vez <strong>contactada la Embajada<\/strong>, se enviar\u00e1 una solicitud a la Alcald\u00eda italiana competente para obtener el \u00abnulla osta\u201d a la introducci\u00f3n del cuerpo\u00bb. Recibido el <strong>\u00abnulla osta\u00bb de la Alcald\u00eda<\/strong>, la funeraria contratada por los familiares de la repatriaci\u00f3n del cuerpo podr\u00e1 proceder.<\/p>\n<p>Tambi\u00e9n es posible consultar con las Regiones y con las Autoridades locales para cualquier reembolso o aporte econ\u00f3mico.<\/p>\n<p>En caso de <strong>fallecimiento de connacionales residentes en el exterior en estado de comprobada indigencia<\/strong>, el Consulado o la Embajada podr\u00e1n prestar asistencia a los familiares indigentes del connacional fallecido, residentes en el extranjero, mediante el reembolso total o parcial de los gastos funerarios sostenidos localmente y regularmente documentados.<\/p>\n<p>Para ulteriores informaciones consultar tambi\u00e9n <a href=\"https:\/\/ambbogota.esteri.it\/it\/servizi-consolari-e-visti\/servizi-per-il-cittadino-italiano\/passaporti-e-carte-didentita\/passaporto-mortuario\/\">Passaporto mortuario \u2013 Ambasciata d\u2019Italia Bogot\u00e0 (esteri.it)<\/a><\/p>\n","protected":false},"excerpt":{"rendered":"La asistencia para la repatriaci\u00f3n de connacionales que se encuentren en situaciones de grave dificultad y que no puedan ser superadas localmente, podr\u00e1n referirse a: connacionales emigrados, que se ven en la necesidad de regresar a Italia en v\u00eda definitiva por razones econ\u00f3micas o de salud; menores abandonados; ciudadanos italianos al final de su detenci\u00f3n [&hellip;]","protected":false},"author":6,"featured_media":0,"parent":171,"menu_order":0,"comment_status":"closed","ping_status":"closed","template":"","meta":{"footnotes":""},"class_list":["post-827","page","type-page","status-publish","hentry"],"_links":{"self":[{"href":"https:\/\/ambbogota.esteri.it\/es\/wp-json\/wp\/v2\/pages\/827","targetHints":{"allow":["GET"]}}],"collection":[{"href":"https:\/\/ambbogota.esteri.it\/es\/wp-json\/wp\/v2\/pages"}],"about":[{"href":"https:\/\/ambbogota.esteri.it\/es\/wp-json\/wp\/v2\/types\/page"}],"author":[{"embeddable":true,"href":"https:\/\/ambbogota.esteri.it\/es\/wp-json\/wp\/v2\/users\/6"}],"replies":[{"embeddable":true,"href":"https:\/\/ambbogota.esteri.it\/es\/wp-json\/wp\/v2\/comments?post=827"}],"version-history":[{"count":1,"href":"https:\/\/ambbogota.esteri.it\/es\/wp-json\/wp\/v2\/pages\/827\/revisions"}],"predecessor-version":[{"id":830,"href":"https:\/\/ambbogota.esteri.it\/es\/wp-json\/wp\/v2\/pages\/827\/revisions\/830"}],"up":[{"embeddable":true,"href":"https:\/\/ambbogota.esteri.it\/es\/wp-json\/wp\/v2\/pages\/171"}],"wp:attachment":[{"href":"https:\/\/ambbogota.esteri.it\/es\/wp-json\/wp\/v2\/media?parent=827"}],"curies":[{"name":"wp","href":"https:\/\/api.w.org\/{rel}","templated":true}]}}