{"id":829,"date":"2023-08-14T13:12:54","date_gmt":"2023-08-14T18:12:54","guid":{"rendered":"https:\/\/ambbogota.esteri.it\/?page_id=829"},"modified":"2025-03-06T10:03:17","modified_gmt":"2025-03-06T15:03:17","slug":"publicacion-de-matrimonio","status":"publish","type":"page","link":"https:\/\/ambbogota.esteri.it\/es\/servizi-consolari-e-visti\/servizi-per-il-cittadino-italiano\/stato-civile\/publicacion-de-matrimonio\/","title":{"rendered":"Publicaci\u00f3n de matrimonio"},"content":{"rendered":"<p><strong>Presentaci\u00f3n de la solicitud<\/strong><\/p>\n<p>Un ciudadano italiano residente en Colombia y regularmente <a href=\"https:\/\/ambbogota.esteri.it\/es\/servizi-consolari-e-visti\/servizi-per-il-cittadino-italiano\/a-i-r-e-registro-de-italianos-residentes-en-el-extranjero\/\">inscrito en el A.I.R.E.<\/a> que tenga intenci\u00f3n de casarse en Italia puede presentar la solicitud de publicaciones de matrimonio en la Embajada de Italia en Bogot\u00e1 acudiendo a la Embajada durante los <a href=\"https:\/\/ambbogota.esteri.it\/es\/servizi-consolari-e-visti\/servizi-per-il-cittadino-italiano\/recepcion-de-publico-y-citas-para-servicios-consulares-recepcion-de-publico-y-citas-para-servicios-consulares\/\">horarios de atenci\u00f3n al p\u00fablico<\/a>.<\/p>\n<p>La solicitud de publicaciones deber\u00e1 presentarse <strong>no m\u00e1s de 6 meses antes<\/strong> de la fecha prevista para el matrimonio.<\/p>\n<p>Para solicitar las publicaciones, se deber\u00e1 presentar la siguiente documentaci\u00f3n:<\/p>\n<ul>\n<li><a href=\"https:\/\/ambbogota.esteri.it\/wp-content\/uploads\/2023\/08\/richiesta_di_pubblicazioni_di_matrimonio_ita-esp-2.pdf\"><strong>Formulario<\/strong> de solicitud de publicaciones<\/a>: el formulario debe presentarse en la Embajada completamente rellenado, pero no firmado. Ambos contrayentes deben estar presentes en la Embajada para firmar la solicitud ante el funcionario consular.<\/li>\n<li><strong>Recibos de pago<\/strong> (presentar tres recibos separados para cada uno de los tres pagos) de los siguientes art\u00edculos de la <a href=\"https:\/\/ambbogota.esteri.it\/es\/servizi-consolari-e-visti\/servizi-per-il-cittadino-italiano\/derechos-consulares-2\/\">tabla de derechos consulares<\/a>:\n<ul>\n<li><strong>2B<\/strong><\/li>\n<li><strong>2C<\/strong><\/li>\n<li><strong>3<\/strong><\/li>\n<\/ul>\n<\/li>\n<\/ul>\n<p><strong>Documentos que debe presentar el contrayente italiano:<\/strong><\/p>\n<ul>\n<li><strong>Acta de nacimiento<\/strong> original;<\/li>\n<li><strong>Certificado de estado civil libre<\/strong> emitido por la Alcald\u00eda de residencia o por el Consulado italiano en el que est\u00e1 registrado.<\/li>\n<\/ul>\n<p>Alternativamente, el contrayente italiano puede presentar una <a href=\"https:\/\/ambbogota.esteri.it\/wp-content\/uploads\/2024\/12\/Autocertificazione-1.pdf\"><strong>autocertificaci\u00f3n<\/strong> <\/a>en la que declare el lugar y la fecha de nacimiento y su estado civil libre.<\/p>\n<p><strong>Documentos que debe presentar el\/la contrayente extranjero\/a:<\/strong><\/p>\n<ul>\n<li><strong>Acta de nacimiento extranjera<\/strong>\u00a0original expedida en el Pa\u00eds de nacimiento, con la correspondiente Apostilla, traducci\u00f3n al italiano y Apostilla de la traducci\u00f3n;<\/li>\n<li><strong>Certificado de estado civil<\/strong>\u00a0<strong>libre<\/strong>\u00a0original emitido en el Pa\u00eds de residencia, con la correspondiente Apostilla, traducci\u00f3n al italiano y Apostilla de la traducci\u00f3n.<br \/>\n<strong>Nota:\u00a0este certificado debe ser necesariamente expedido por la Autoridad colombiana competente, por lo tanto, no podr\u00e1 ser de ninguna manera reemplazado por una\u00a0declaraci\u00f3n extrajudicial\u00a0realizada personalmente por el\/la contrayente ante un notario colombiano. No se aceptar\u00e1n, por la misma raz\u00f3n, declaraciones realizadas por terceros.<\/strong><\/li>\n<\/ul>\n<p><strong>Publicaci\u00f3n en el Albo Consular<br \/>\n<\/strong><\/p>\n<p>Despu\u00e9s de recibir la solicitud, la Embajada proceder\u00e1 a efectuar las publicaciones en el albo consular durante 8 d\u00edas consecutivos y a notificar a las Alcald\u00edas italianas interesadas (Alcald\u00eda de celebraci\u00f3n del matrimonio y Alcald\u00eda de inscripci\u00f3n en el A.I.R.E.).<\/p>\n<p><strong>Publicaciones cumplidas y autorizaci\u00f3n para la celebraci\u00f3n del matrimonio<\/strong><\/p>\n<p>Pasado el per\u00edodo de publicaci\u00f3n de 8 d\u00edas, en caso de no haber recibido oposiciones a la celebraci\u00f3n del matrimonio, la Embajada enviar\u00e1 a las Alcald\u00edas interesadas el <strong><em>Certificato di avvenute pubblicazioni<\/em><\/strong> y la <strong><em>Delega alla celebrazione del matrimonio<\/em><\/strong>.<\/p>\n<p>El matrimonio deber\u00e1 celebrarse en los 6 meses siguientes a la publicaci\u00f3n.<\/p>\n","protected":false},"excerpt":{"rendered":"Presentaci\u00f3n de la solicitud Un ciudadano italiano residente en Colombia y regularmente inscrito en el A.I.R.E. que tenga intenci\u00f3n de casarse en Italia puede presentar la solicitud de publicaciones de matrimonio en la Embajada de Italia en Bogot\u00e1 acudiendo a la Embajada durante los horarios de atenci\u00f3n al p\u00fablico. La solicitud de publicaciones deber\u00e1 presentarse [&hellip;]","protected":false},"author":4,"featured_media":0,"parent":169,"menu_order":0,"comment_status":"closed","ping_status":"closed","template":"","meta":{"footnotes":""},"class_list":["post-829","page","type-page","status-publish","hentry"],"_links":{"self":[{"href":"https:\/\/ambbogota.esteri.it\/es\/wp-json\/wp\/v2\/pages\/829","targetHints":{"allow":["GET"]}}],"collection":[{"href":"https:\/\/ambbogota.esteri.it\/es\/wp-json\/wp\/v2\/pages"}],"about":[{"href":"https:\/\/ambbogota.esteri.it\/es\/wp-json\/wp\/v2\/types\/page"}],"author":[{"embeddable":true,"href":"https:\/\/ambbogota.esteri.it\/es\/wp-json\/wp\/v2\/users\/4"}],"replies":[{"embeddable":true,"href":"https:\/\/ambbogota.esteri.it\/es\/wp-json\/wp\/v2\/comments?post=829"}],"version-history":[{"count":5,"href":"https:\/\/ambbogota.esteri.it\/es\/wp-json\/wp\/v2\/pages\/829\/revisions"}],"predecessor-version":[{"id":5858,"href":"https:\/\/ambbogota.esteri.it\/es\/wp-json\/wp\/v2\/pages\/829\/revisions\/5858"}],"up":[{"embeddable":true,"href":"https:\/\/ambbogota.esteri.it\/es\/wp-json\/wp\/v2\/pages\/169"}],"wp:attachment":[{"href":"https:\/\/ambbogota.esteri.it\/es\/wp-json\/wp\/v2\/media?parent=829"}],"curies":[{"name":"wp","href":"https:\/\/api.w.org\/{rel}","templated":true}]}}