{"id":832,"date":"2023-08-14T12:24:18","date_gmt":"2023-08-14T17:24:18","guid":{"rendered":"https:\/\/ambbogota.esteri.it\/?page_id=832"},"modified":"2023-08-16T13:10:59","modified_gmt":"2023-08-16T18:10:59","slug":"matrimonio-con-ciudadano-colombiano-en-colombia","status":"publish","type":"page","link":"https:\/\/ambbogota.esteri.it\/es\/servizi-consolari-e-visti\/servizi-per-il-cittadino-italiano\/stato-civile\/matrimonio-con-ciudadano-colombiano-en-colombia\/","title":{"rendered":"Matrimonio con ciudadano colombiano en Colombia"},"content":{"rendered":"<div id=\"tw-target-text-container\" class=\"tw-ta-container F0azHf tw-nfl\" tabindex=\"0\">\n<p id=\"tw-target-text\" class=\"tw-data-text tw-text-large tw-ta\" dir=\"ltr\" data-placeholder=\"Traduzione\"><span class=\"Y2IQFc\" lang=\"es\">El ciudadano italiano debe presentar el certificado de estado libre y de nacimiento, apostillado, traducido al espa\u00f1ol, cuya traducci\u00f3n haya sido legalizada por parte del Consulado General de Colombia en Roma o por el Consulado General de Colombia en Mil\u00e1n.\u00a0<\/span><\/p>\n<p class=\"tw-data-text tw-text-large tw-ta\" dir=\"ltr\" data-placeholder=\"Traduzione\"><span class=\"Y2IQFc\" lang=\"es\">Es recomendable solicitar confirmaci\u00f3n sobre los documentos a presentar tambi\u00e9n en la Notar\u00eda donde se va a celebrar el matrimonio.<\/span><\/p>\n<\/div>\n","protected":false},"excerpt":{"rendered":"El ciudadano italiano debe presentar el certificado de estado libre y de nacimiento, apostillado, traducido al espa\u00f1ol, cuya traducci\u00f3n haya sido legalizada por parte del Consulado General de Colombia en Roma o por el Consulado General de Colombia en Mil\u00e1n.\u00a0 Es recomendable solicitar confirmaci\u00f3n sobre los documentos a presentar tambi\u00e9n en la Notar\u00eda donde se [&hellip;]","protected":false},"author":4,"featured_media":0,"parent":169,"menu_order":0,"comment_status":"closed","ping_status":"closed","template":"","meta":{"footnotes":""},"class_list":["post-832","page","type-page","status-publish","hentry"],"_links":{"self":[{"href":"https:\/\/ambbogota.esteri.it\/es\/wp-json\/wp\/v2\/pages\/832","targetHints":{"allow":["GET"]}}],"collection":[{"href":"https:\/\/ambbogota.esteri.it\/es\/wp-json\/wp\/v2\/pages"}],"about":[{"href":"https:\/\/ambbogota.esteri.it\/es\/wp-json\/wp\/v2\/types\/page"}],"author":[{"embeddable":true,"href":"https:\/\/ambbogota.esteri.it\/es\/wp-json\/wp\/v2\/users\/4"}],"replies":[{"embeddable":true,"href":"https:\/\/ambbogota.esteri.it\/es\/wp-json\/wp\/v2\/comments?post=832"}],"version-history":[{"count":1,"href":"https:\/\/ambbogota.esteri.it\/es\/wp-json\/wp\/v2\/pages\/832\/revisions"}],"predecessor-version":[{"id":833,"href":"https:\/\/ambbogota.esteri.it\/es\/wp-json\/wp\/v2\/pages\/832\/revisions\/833"}],"up":[{"embeddable":true,"href":"https:\/\/ambbogota.esteri.it\/es\/wp-json\/wp\/v2\/pages\/169"}],"wp:attachment":[{"href":"https:\/\/ambbogota.esteri.it\/es\/wp-json\/wp\/v2\/media?parent=832"}],"curies":[{"name":"wp","href":"https:\/\/api.w.org\/{rel}","templated":true}]}}