{"id":835,"date":"2023-08-10T15:07:59","date_gmt":"2023-08-10T20:07:59","guid":{"rendered":"https:\/\/ambbogota.esteri.it\/?page_id=835"},"modified":"2023-08-16T13:28:29","modified_gmt":"2023-08-16T18:28:29","slug":"proteccion-consular-y-asuntos-juridicos","status":"publish","type":"page","link":"https:\/\/ambbogota.esteri.it\/es\/servizi-consolari-e-visti\/servizi-per-il-cittadino-italiano\/assistenza-ai-cittadini-allestero\/proteccion-consular-y-asuntos-juridicos\/","title":{"rendered":"Protecci\u00f3n consular y asuntos jur\u00eddicos"},"content":{"rendered":"<p><strong>PROTECCI\u00d3N CONSULAR Y ASUNTOS JUR\u00cdDICOS<\/strong><\/p>\n<p>En el marco de la protecci\u00f3n y asistencia consular, caben adem\u00e1s numerosas acciones en favor de ciudadanos que tienen problemas con la justicia local o que quedan involucrados en accidentes; la b\u00fasqueda de connacionales que ya no dan noticias de s\u00ed mismos; la asistencia a los padres italianos cuyo c\u00f3nyuge extranjero o con doble nacionalidad se haya llevado a un hijo sin su consentimiento, llev\u00e1ndolo consigo al extranjero.<\/p>\n<p>En caso de <strong>accidentes ocurridos en el extranjero<\/strong>, las Representaciones diplom\u00e1tico-consulares se aseguran de que los ciudadanos reciban un tratamiento m\u00e9dico adecuado, que los familiares est\u00e9n debidamente informados y que se preste toda la asistencia posible en caso de necesidad de trasladarse a Italia.<\/p>\n<p>En caso de que un <strong>connacional sea detenido<\/strong> en el extranjero, la Embajada <span style=\"text-decoration: underline;\">puede<\/span>:<\/p>\n<ul>\n<li>realizar visitas consulares al detenido;<\/li>\n<li>se\u00f1alar un abogado;<\/li>\n<li>mantener la comunicaci\u00f3n con los familiares en Italia;<\/li>\n<li>asegurar que el detenido tenga, cuando sea necesario y lo permita la normativa local, asistencia m\u00e9dica, alimentaci\u00f3n, libros y peri\u00f3dicos;<\/li>\n<li>intervenir para el traslado a Italia, si el connacional est\u00e1 detenido en Pa\u00edses que adhirieron al Convenio de Estrasburgo sobre traslado de detenidos o acuerdos bilaterales ad hoc;<\/li>\n<li>intervenir, en casos particulares, para apoyar las solicitudes de indulto, con car\u00e1cter humanitario.<\/li>\n<\/ul>\n<p>La Embajada <u>no puede<\/u>:<\/p>\n<ul>\n<li>intervenir en juicio en nombre del connacional;<\/li>\n<li>pagar los honorarios legales del detenido.<\/li>\n<\/ul>\n<p><strong>SUSTRACCI\u00d3N INTERNACIONAL DE MENORES DE EDAD<\/strong><\/p>\n<p>El \u00fanico instrumento vinculante del cual dispone el connacional padre de un menor de edad para recuperar a su hijo menor de edad es el Convenio de La Haya del 25.10.1980 (la Autoridad Central para Italia es el Departamento de Justicia de Menores del Ministerio de Justicia). En caso de inaplicabilidad de la Convenci\u00f3n, el Ministerio cumple plenamente sus funciones institucionales modulando las intervenciones en relaci\u00f3n con la especificidad de los casos.<\/p>\n","protected":false},"excerpt":{"rendered":"PROTECCI\u00d3N CONSULAR Y ASUNTOS JUR\u00cdDICOS En el marco de la protecci\u00f3n y asistencia consular, caben adem\u00e1s numerosas acciones en favor de ciudadanos que tienen problemas con la justicia local o que quedan involucrados en accidentes; la b\u00fasqueda de connacionales que ya no dan noticias de s\u00ed mismos; la asistencia a los padres italianos cuyo c\u00f3nyuge [&hellip;]","protected":false},"author":6,"featured_media":0,"parent":171,"menu_order":0,"comment_status":"closed","ping_status":"closed","template":"","meta":{"footnotes":""},"class_list":["post-835","page","type-page","status-publish","hentry"],"_links":{"self":[{"href":"https:\/\/ambbogota.esteri.it\/es\/wp-json\/wp\/v2\/pages\/835","targetHints":{"allow":["GET"]}}],"collection":[{"href":"https:\/\/ambbogota.esteri.it\/es\/wp-json\/wp\/v2\/pages"}],"about":[{"href":"https:\/\/ambbogota.esteri.it\/es\/wp-json\/wp\/v2\/types\/page"}],"author":[{"embeddable":true,"href":"https:\/\/ambbogota.esteri.it\/es\/wp-json\/wp\/v2\/users\/6"}],"replies":[{"embeddable":true,"href":"https:\/\/ambbogota.esteri.it\/es\/wp-json\/wp\/v2\/comments?post=835"}],"version-history":[{"count":2,"href":"https:\/\/ambbogota.esteri.it\/es\/wp-json\/wp\/v2\/pages\/835\/revisions"}],"predecessor-version":[{"id":842,"href":"https:\/\/ambbogota.esteri.it\/es\/wp-json\/wp\/v2\/pages\/835\/revisions\/842"}],"up":[{"embeddable":true,"href":"https:\/\/ambbogota.esteri.it\/es\/wp-json\/wp\/v2\/pages\/171"}],"wp:attachment":[{"href":"https:\/\/ambbogota.esteri.it\/es\/wp-json\/wp\/v2\/media?parent=835"}],"curies":[{"name":"wp","href":"https:\/\/api.w.org\/{rel}","templated":true}]}}