{"id":839,"date":"2023-08-10T15:08:44","date_gmt":"2023-08-10T20:08:44","guid":{"rendered":"https:\/\/ambbogota.esteri.it\/?page_id=839"},"modified":"2023-08-16T13:29:10","modified_gmt":"2023-08-16T18:29:10","slug":"busqueda-de-connacionales-en-el-extranjero","status":"publish","type":"page","link":"https:\/\/ambbogota.esteri.it\/es\/servizi-consolari-e-visti\/servizi-per-il-cittadino-italiano\/assistenza-ai-cittadini-allestero\/busqueda-de-connacionales-en-el-extranjero\/","title":{"rendered":"B\u00fasqueda de connacionales en el extranjero"},"content":{"rendered":"<p>La informaci\u00f3n sobre los ciudadanos italianos en el extranjero se puede proporcionar de conformidad con la legislaci\u00f3n vigente sobre protecci\u00f3n de datos personales (Decreto Legislativo 196\/2003 y Reg. UE 2016\/679), que en la mayor\u00eda de los casos requiere el consentimiento de la persona buscada. Teniendo en cuenta que no todos los ciudadanos italianos que emigraron al extranjero se han registrado en las oficinas consulares italianas, si la persona buscada ha sido identificada, el Ministerio de Relaciones Exteriores y Cooperaci\u00f3n Internacional le notificar\u00e1 a la misma persona los t\u00e9rminos de la solicitud y los datos de contacto del solicitante.<\/p>\n<p><strong>La Embajada puede realizar<\/strong>, dentro de los l\u00edmites de las herramientas permitidas por la legislaci\u00f3n local y como especificado anteriormente, <strong>b\u00fasquedas para las cuales el solicitante haya demostrado un inter\u00e9s leg\u00edtimo. <\/strong><\/p>\n<p>Las solicitudes deben enviarse directamente al correo electr\u00f3nico <a href=\"mailto:bogota.consolare@esteri.it\">bogota.consolare@esteri.it<\/a> mediante solicitud motivada escrita a mano (en papel simple), adjuntando copia de un documento de identidad v\u00e1lido del solicitante.<\/p>\n<p>En caso de <strong>desaparici\u00f3n<\/strong>, se deber\u00e1 presentar denuncia ante los \u00f3rganos competentes de la polic\u00eda. Copia de dicha denuncia (posiblemente en formato pdf) debe ser enviada a la Oficina Consular por correo electr\u00f3nico a <a href=\"mailto:bogota.consolare@esteri.it\">bogota.consolare@esteri.it<\/a> y, para informaci\u00f3n, a la Oficina IV de la Direcci\u00f3n General de Italianos en el Extranjero y Pol\u00edticas Migratorias (<u>dgit -04@esteri.it<\/u>). En caso de que no puedas localizar la oficina consular competente, las solicitudes pueden dirigirse a la citada oficina.<\/p>\n<p>Con respecto a las <strong>solicitudes de informaci\u00f3n sobre la direcci\u00f3n de residencia en el extranjero de los connacionales<\/strong>, tambi\u00e9n con fines de notificaci\u00f3n, se debe tener en cuenta que deben dirigirse a las Alcald\u00edas italianas de inscripci\u00f3n AIRE (Alcald\u00eda de \u00faltima residencia en Italia o Alcald\u00eda de origen). Los registros de ciudadanos italianos residentes en el extranjero (AIRE) se guardan, de hecho, en las Alcald\u00edas y en el Ministerio del Interior (art. 1, p\u00e1rrafo 1, ley 470\/1988).<\/p>\n","protected":false},"excerpt":{"rendered":"La informaci\u00f3n sobre los ciudadanos italianos en el extranjero se puede proporcionar de conformidad con la legislaci\u00f3n vigente sobre protecci\u00f3n de datos personales (Decreto Legislativo 196\/2003 y Reg. UE 2016\/679), que en la mayor\u00eda de los casos requiere el consentimiento de la persona buscada. Teniendo en cuenta que no todos los ciudadanos italianos que emigraron [&hellip;]","protected":false},"author":6,"featured_media":0,"parent":171,"menu_order":0,"comment_status":"closed","ping_status":"closed","template":"","meta":{"footnotes":""},"class_list":["post-839","page","type-page","status-publish","hentry"],"_links":{"self":[{"href":"https:\/\/ambbogota.esteri.it\/es\/wp-json\/wp\/v2\/pages\/839","targetHints":{"allow":["GET"]}}],"collection":[{"href":"https:\/\/ambbogota.esteri.it\/es\/wp-json\/wp\/v2\/pages"}],"about":[{"href":"https:\/\/ambbogota.esteri.it\/es\/wp-json\/wp\/v2\/types\/page"}],"author":[{"embeddable":true,"href":"https:\/\/ambbogota.esteri.it\/es\/wp-json\/wp\/v2\/users\/6"}],"replies":[{"embeddable":true,"href":"https:\/\/ambbogota.esteri.it\/es\/wp-json\/wp\/v2\/comments?post=839"}],"version-history":[{"count":3,"href":"https:\/\/ambbogota.esteri.it\/es\/wp-json\/wp\/v2\/pages\/839\/revisions"}],"predecessor-version":[{"id":843,"href":"https:\/\/ambbogota.esteri.it\/es\/wp-json\/wp\/v2\/pages\/839\/revisions\/843"}],"up":[{"embeddable":true,"href":"https:\/\/ambbogota.esteri.it\/es\/wp-json\/wp\/v2\/pages\/171"}],"wp:attachment":[{"href":"https:\/\/ambbogota.esteri.it\/es\/wp-json\/wp\/v2\/media?parent=839"}],"curies":[{"name":"wp","href":"https:\/\/api.w.org\/{rel}","templated":true}]}}