{"id":852,"date":"2023-08-14T12:42:22","date_gmt":"2023-08-14T17:42:22","guid":{"rendered":"https:\/\/ambbogota.esteri.it\/?page_id=852"},"modified":"2023-08-16T14:13:34","modified_gmt":"2023-08-16T19:13:34","slug":"certificado-de-solteria","status":"publish","type":"page","link":"https:\/\/ambbogota.esteri.it\/es\/servizi-consolari-e-visti\/servizi-per-il-cittadino-italiano\/stato-civile\/certificado-de-solteria\/","title":{"rendered":"Certificado de solter\u00eda"},"content":{"rendered":"<div id=\"tw-target-text-container\" class=\"tw-ta-container F0azHf tw-nfl\" tabindex=\"0\">\n<p id=\"tw-target-text\" class=\"tw-data-text tw-text-large tw-ta\" dir=\"ltr\" data-placeholder=\"Traduzione\"><span class=\"Y2IQFc\" lang=\"es\">Los ciudadanos italianos, registrados en el AIRE en Colombia, pueden solicitar el Certificado de Solter\u00eda en la Embajada de Italia en Bogot\u00e1 acudiendo a la Embajada <a href=\"https:\/\/ambbogota.esteri.it\/it\/servizi-consolari-e-visti\/servizi-per-il-cittadino-italiano\/prenotazioni-servizi-consolari\/\">en horario de recepci\u00f3n del p\u00fablico<\/a> y presentando: <\/span><\/p>\n<p class=\"tw-data-text tw-text-large tw-ta\" dir=\"ltr\" data-placeholder=\"Traduzione\"><span class=\"Y2IQFc\" lang=\"es\">1. El <a href=\"https:\/\/ambbogota.esteri.it\/wp-content\/uploads\/2023\/08\/modulo_epr_richiesta_di_certificati.pdf\">formulario<\/a> debidamente diligenciado y firmado; <\/span><\/p>\n<p class=\"tw-data-text tw-text-large tw-ta\" dir=\"ltr\" data-placeholder=\"Traduzione\"><span class=\"Y2IQFc\" lang=\"es\">2. <a href=\"https:\/\/ambbogota.esteri.it\/wp-content\/uploads\/2023\/08\/dichiarazione_sostitutiva_atto_notorio.doc\">Declaraci\u00f3n que sustituye el acta p\u00fablica<\/a>, diligenciada y firmada, en la que el solicitante declare su registro civil de soltero\/a; <\/span><\/p>\n<p class=\"tw-data-text tw-text-large tw-ta\" dir=\"ltr\" data-placeholder=\"Traduzione\"><span class=\"Y2IQFc\" lang=\"es\">3. Copia del documento de identificaci\u00f3n italiano v\u00e1lido; <\/span><\/p>\n<p class=\"tw-data-text tw-text-large tw-ta\" dir=\"ltr\" data-placeholder=\"Traduzione\"><span class=\"Y2IQFc\" lang=\"es\">4. Recibo original del pago del art. 2B por el valor publicado en la Tabla de <a href=\"https:\/\/ambbogota.esteri.it\/it\/servizi-consolari-e-visti\/servizi-per-il-cittadino-italiano\/diritti-consolari\/\">derechos consulares.<\/a><\/span><\/p>\n<p class=\"tw-data-text tw-text-large tw-ta\" dir=\"ltr\" data-placeholder=\"Traduzione\"><span class=\"Y2IQFc\" lang=\"es\">Posteriormente, una vez realizadas las comprobaciones necesarias, la Embajada expedir\u00e1 el certificado solicitado y se aconsejar\u00e1 al solicitante que lo recoja en la Embajada o Consulado Honorario indicado en el momento de la cita.<\/span><\/p>\n<\/div>\n","protected":false},"excerpt":{"rendered":"Los ciudadanos italianos, registrados en el AIRE en Colombia, pueden solicitar el Certificado de Solter\u00eda en la Embajada de Italia en Bogot\u00e1 acudiendo a la Embajada en horario de recepci\u00f3n del p\u00fablico y presentando: 1. El formulario debidamente diligenciado y firmado; 2. Declaraci\u00f3n que sustituye el acta p\u00fablica, diligenciada y firmada, en la que el [&hellip;]","protected":false},"author":4,"featured_media":0,"parent":169,"menu_order":0,"comment_status":"closed","ping_status":"closed","template":"","meta":{"footnotes":""},"class_list":["post-852","page","type-page","status-publish","hentry"],"_links":{"self":[{"href":"https:\/\/ambbogota.esteri.it\/es\/wp-json\/wp\/v2\/pages\/852","targetHints":{"allow":["GET"]}}],"collection":[{"href":"https:\/\/ambbogota.esteri.it\/es\/wp-json\/wp\/v2\/pages"}],"about":[{"href":"https:\/\/ambbogota.esteri.it\/es\/wp-json\/wp\/v2\/types\/page"}],"author":[{"embeddable":true,"href":"https:\/\/ambbogota.esteri.it\/es\/wp-json\/wp\/v2\/users\/4"}],"replies":[{"embeddable":true,"href":"https:\/\/ambbogota.esteri.it\/es\/wp-json\/wp\/v2\/comments?post=852"}],"version-history":[{"count":1,"href":"https:\/\/ambbogota.esteri.it\/es\/wp-json\/wp\/v2\/pages\/852\/revisions"}],"predecessor-version":[{"id":853,"href":"https:\/\/ambbogota.esteri.it\/es\/wp-json\/wp\/v2\/pages\/852\/revisions\/853"}],"up":[{"embeddable":true,"href":"https:\/\/ambbogota.esteri.it\/es\/wp-json\/wp\/v2\/pages\/169"}],"wp:attachment":[{"href":"https:\/\/ambbogota.esteri.it\/es\/wp-json\/wp\/v2\/media?parent=852"}],"curies":[{"name":"wp","href":"https:\/\/api.w.org\/{rel}","templated":true}]}}