{"id":856,"date":"2023-08-14T11:34:51","date_gmt":"2023-08-14T16:34:51","guid":{"rendered":"https:\/\/ambbogota.esteri.it\/?page_id=856"},"modified":"2023-08-16T14:52:12","modified_gmt":"2023-08-16T19:52:12","slug":"elecciones-europeas","status":"publish","type":"page","link":"https:\/\/ambbogota.esteri.it\/es\/servizi-consolari-e-visti\/servizi-per-il-cittadino-italiano\/servizi-elettorali\/elecciones-europeas\/","title":{"rendered":"Elecciones europeas"},"content":{"rendered":"<p>La ley 459\/2005 sobre el ejercicio del derecho de voto en el extranjero no se aplica a las elecciones europeas, que est\u00e1n reguladas por la ley del 24 de enero de 1979 n.18 y siguientes.<\/p>\n<p>El sistema de ejercicio del voto por correo, por lo tanto, no se aplica a las elecciones europeas: los electores italianos con derecho y residencia permanente en los Paises de la Uni\u00f3n Europea, de hecho, pueden ir a los colegios electorales establecidos localmente por nuestra red consular diplom\u00e1tica.<\/p>\n<p>Los electores italianos que sean residentes en el extranjero tambi\u00e9n pueden optar, en los t\u00e9rminos establecidos por la ley, a votar a favor de los candidatos del pa\u00eds de residencia; tambi\u00e9n pueden regresar a Italia, aprovechando las tarifas especiales en los viajes, y votar en la Alcald\u00eda de residencia.<\/p>\n","protected":false},"excerpt":{"rendered":"La ley 459\/2005 sobre el ejercicio del derecho de voto en el extranjero no se aplica a las elecciones europeas, que est\u00e1n reguladas por la ley del 24 de enero de 1979 n.18 y siguientes. El sistema de ejercicio del voto por correo, por lo tanto, no se aplica a las elecciones europeas: los electores [&hellip;]","protected":false},"author":6,"featured_media":0,"parent":172,"menu_order":0,"comment_status":"closed","ping_status":"closed","template":"","meta":{"footnotes":""},"class_list":["post-856","page","type-page","status-publish","hentry"],"_links":{"self":[{"href":"https:\/\/ambbogota.esteri.it\/es\/wp-json\/wp\/v2\/pages\/856","targetHints":{"allow":["GET"]}}],"collection":[{"href":"https:\/\/ambbogota.esteri.it\/es\/wp-json\/wp\/v2\/pages"}],"about":[{"href":"https:\/\/ambbogota.esteri.it\/es\/wp-json\/wp\/v2\/types\/page"}],"author":[{"embeddable":true,"href":"https:\/\/ambbogota.esteri.it\/es\/wp-json\/wp\/v2\/users\/6"}],"replies":[{"embeddable":true,"href":"https:\/\/ambbogota.esteri.it\/es\/wp-json\/wp\/v2\/comments?post=856"}],"version-history":[{"count":1,"href":"https:\/\/ambbogota.esteri.it\/es\/wp-json\/wp\/v2\/pages\/856\/revisions"}],"predecessor-version":[{"id":857,"href":"https:\/\/ambbogota.esteri.it\/es\/wp-json\/wp\/v2\/pages\/856\/revisions\/857"}],"up":[{"embeddable":true,"href":"https:\/\/ambbogota.esteri.it\/es\/wp-json\/wp\/v2\/pages\/172"}],"wp:attachment":[{"href":"https:\/\/ambbogota.esteri.it\/es\/wp-json\/wp\/v2\/media?parent=856"}],"curies":[{"name":"wp","href":"https:\/\/api.w.org\/{rel}","templated":true}]}}