{"id":862,"date":"2023-08-14T11:35:50","date_gmt":"2023-08-14T16:35:50","guid":{"rendered":"https:\/\/ambbogota.esteri.it\/?page_id=862"},"modified":"2023-08-16T15:01:50","modified_gmt":"2023-08-16T20:01:50","slug":"elecciones-comites","status":"publish","type":"page","link":"https:\/\/ambbogota.esteri.it\/es\/servizi-consolari-e-visti\/servizi-per-il-cittadino-italiano\/servizi-elettorali\/elecciones-comites\/","title":{"rendered":"Elecciones COMITES"},"content":{"rendered":"<p>Los \u00abComites\u00bb, establecidos por la ley n. 205 del 1985, se rigen actualmente por la ley de 23 de octubre de 2003, n. 286 y el respectivo reglamento de aplicaci\u00f3n D.P.R. 29 de diciembre de 2003, n. 395. Son \u00f3rganos representativos de la comunidad italiana elegidos directamente por los ciudadanos residentes en el extranjero.<\/p>\n<p>Las elecciones se convocan por los jefes de las oficinas consulares competentes.<\/p>\n<p>El voto se ejerce <strong>por correspondencia<\/strong> seg\u00fan los procedimientos previstos en la ley de 27 de diciembre de 2001, n. 459, que dict\u00f3 las disposiciones necesarias para la participaci\u00f3n de ciudadanos italianos residentes en el extranjero en las elecciones pol\u00edticas nacionales y consultas de refer\u00e9ndum.<\/p>\n","protected":false},"excerpt":{"rendered":"Los \u00abComites\u00bb, establecidos por la ley n. 205 del 1985, se rigen actualmente por la ley de 23 de octubre de 2003, n. 286 y el respectivo reglamento de aplicaci\u00f3n D.P.R. 29 de diciembre de 2003, n. 395. Son \u00f3rganos representativos de la comunidad italiana elegidos directamente por los ciudadanos residentes en el extranjero. Las [&hellip;]","protected":false},"author":6,"featured_media":0,"parent":172,"menu_order":0,"comment_status":"closed","ping_status":"closed","template":"","meta":{"footnotes":""},"class_list":["post-862","page","type-page","status-publish","hentry"],"_links":{"self":[{"href":"https:\/\/ambbogota.esteri.it\/es\/wp-json\/wp\/v2\/pages\/862","targetHints":{"allow":["GET"]}}],"collection":[{"href":"https:\/\/ambbogota.esteri.it\/es\/wp-json\/wp\/v2\/pages"}],"about":[{"href":"https:\/\/ambbogota.esteri.it\/es\/wp-json\/wp\/v2\/types\/page"}],"author":[{"embeddable":true,"href":"https:\/\/ambbogota.esteri.it\/es\/wp-json\/wp\/v2\/users\/6"}],"replies":[{"embeddable":true,"href":"https:\/\/ambbogota.esteri.it\/es\/wp-json\/wp\/v2\/comments?post=862"}],"version-history":[{"count":1,"href":"https:\/\/ambbogota.esteri.it\/es\/wp-json\/wp\/v2\/pages\/862\/revisions"}],"predecessor-version":[{"id":864,"href":"https:\/\/ambbogota.esteri.it\/es\/wp-json\/wp\/v2\/pages\/862\/revisions\/864"}],"up":[{"embeddable":true,"href":"https:\/\/ambbogota.esteri.it\/es\/wp-json\/wp\/v2\/pages\/172"}],"wp:attachment":[{"href":"https:\/\/ambbogota.esteri.it\/es\/wp-json\/wp\/v2\/media?parent=862"}],"curies":[{"name":"wp","href":"https:\/\/api.w.org\/{rel}","templated":true}]}}