{"id":885,"date":"2023-08-11T14:40:34","date_gmt":"2023-08-11T19:40:34","guid":{"rendered":"https:\/\/ambbogota.esteri.it\/?page_id=885"},"modified":"2023-09-04T17:25:54","modified_gmt":"2023-09-04T22:25:54","slug":"medicos-de-confianza-y-medicos-referentes-de-la-embajada","status":"publish","type":"page","link":"https:\/\/ambbogota.esteri.it\/es\/servizi-consolari-e-visti\/servizi-per-il-cittadino-italiano\/albo-consolare-e-altri-servizi\/medicos-de-confianza-y-medicos-referentes-de-la-embajada\/","title":{"rendered":"M\u00e9dicos de confianza y m\u00e9dicos referentes de la Embajada"},"content":{"rendered":"<div id=\"tw-target-text-container\" class=\"tw-ta-container F0azHf tw-nfl\" tabindex=\"0\">\n<p id=\"tw-target-text\" class=\"tw-data-text tw-text-large tw-ta\" dir=\"ltr\" data-placeholder=\"Traduzione\"><span class=\"Y2IQFc\" lang=\"es\">Se publican a continuaci\u00f3n los nombres y datos de contacto de los m\u00e9dicos de confianza y m\u00e9dicos referentes de la Embajada . <\/span><\/p>\n<p class=\"tw-data-text tw-text-large tw-ta\" dir=\"ltr\" data-placeholder=\"Traduzione\"><strong><span class=\"Y2IQFc\" lang=\"es\">M\u00c9DICOS DE CONFIANZA: <\/span><\/strong><\/p>\n<p class=\"tw-data-text tw-text-large tw-ta\" dir=\"ltr\" data-placeholder=\"Traduzione\"><strong><span class=\"Y2IQFc\" lang=\"es\">1. Dra. CLAUDIA MARIA ZOPPI GOMEZ <\/span><\/strong><\/p>\n<ul>\n<li class=\"tw-data-text tw-text-large tw-ta\" dir=\"ltr\" data-placeholder=\"Traduzione\"><span class=\"Y2IQFc\" lang=\"es\">Direcci\u00f3n de asesoramiento: Carrera 16A n. 82-46 Ext. 202, Bogot\u00e1<\/span><\/li>\n<li class=\"tw-data-text tw-text-large tw-ta\" dir=\"ltr\" data-placeholder=\"Traduzione\">Tel\u00e9fono de consulta: +57 601 2960329 M\u00f3vil: 3153567082<\/li>\n<li class=\"tw-data-text tw-text-large tw-ta\" dir=\"ltr\" data-placeholder=\"Traduzione\">Correo electr\u00f3nico: cl.zoppi@icaremedicalservices.com<\/li>\n<\/ul>\n<p>2. <strong>Dra. NICOLA AMBROSI<\/strong><\/p>\n<ul>\n<li>M\u00e9dico de confianza sustituto del Dr. ZOPPI<\/li>\n<li>Direcci\u00f3n de consejer\u00eda: Carrera 16a # 82-46 piso 2, Bogot\u00e1<\/li>\n<li>Tel\u00e9fono de consulta: +57 601 6106265<\/li>\n<li>M\u00f3vil: 3205821636<\/li>\n<li>Correo electr\u00f3nico: nicola.ambrosip@gmail.com<\/li>\n<\/ul>\n<\/div>\n<div id=\"tw-target-rmn-container\" class=\"tw-target-rmn tw-ta-container F0azHf tw-nfl\">\n<p id=\"tw-target-text\" class=\"tw-data-text tw-text-large tw-ta\" dir=\"ltr\" data-placeholder=\"Traduzione\"><strong><span class=\"Y2IQFc\" lang=\"es\">3. Dra. MARIA GRAZIA GIRONE <\/span><\/strong><\/p>\n<ul>\n<li class=\"tw-data-text tw-text-large tw-ta\" dir=\"ltr\" data-placeholder=\"Traduzione\"><span class=\"Y2IQFc\" lang=\"es\">Oficial m\u00e9dico de los Departamentos de Bol\u00edvar, C\u00f3rdoba, Sucre, San Andr\u00e9s y Providencia Direcci\u00f3n de consejer\u00eda: <\/span><\/li>\n<li class=\"tw-data-text tw-text-large tw-ta\" dir=\"ltr\" data-placeholder=\"Traduzione\"><span class=\"Y2IQFc\" lang=\"es\">Edificio La Matuna Araujo 601, Cartagena. <\/span><\/li>\n<li class=\"tw-data-text tw-text-large tw-ta\" dir=\"ltr\" data-placeholder=\"Traduzione\"><span class=\"Y2IQFc\" lang=\"es\">Tel\u00e9fono de consulta: +57 3004428301 M\u00f3vil: + 57 3004428301 <\/span><\/li>\n<li class=\"tw-data-text tw-text-large tw-ta\" dir=\"ltr\" data-placeholder=\"Traduzione\"><span class=\"Y2IQFc\" lang=\"es\">Correo electr\u00f3nico: dra.gironeendocrino@hotmail.com\u00a0<\/span><\/li>\n<\/ul>\n<p><span class=\"Y2IQFc\" lang=\"es\"><strong>4. Dr. PEDRO LUIS C\u00c1RDENAS ANGELONE<\/strong> <\/span><\/p>\n<ul>\n<li><span class=\"Y2IQFc\" lang=\"es\">M\u00e9dico de confianza para los Departamentos de Arauca, Santander y Norte de Santander <\/span><\/li>\n<li><span class=\"Y2IQFc\" lang=\"es\">Direcci\u00f3n de consulta: Calle 157 # 20-94, Torre C &#8211; Consultorio 301 Ca\u00f1averal, Floridablanca <\/span><\/li>\n<li><span class=\"Y2IQFc\" lang=\"es\">Tel\u00e9fono de consulta: +57 607 &#8211; 6392929 M\u00f3vil: + 57 3008409433 <\/span><\/li>\n<li><span class=\"Y2IQFc\" lang=\"es\">Correo electr\u00f3nico: pedrolcaran28@gmail.com\u00a0<\/span><\/li>\n<\/ul>\n<\/div>\n<div id=\"tw-target-text-container\" class=\"tw-ta-container F0azHf tw-nfl\" tabindex=\"0\">\n<ul>\n<li><\/li>\n<\/ul>\n<\/div>\n<div id=\"tw-target-rmn-container\" class=\"tw-target-rmn tw-ta-container F0azHf tw-nfl\"><\/div>\n","protected":false},"excerpt":{"rendered":"Se publican a continuaci\u00f3n los nombres y datos de contacto de los m\u00e9dicos de confianza y m\u00e9dicos referentes de la Embajada . M\u00c9DICOS DE CONFIANZA: 1. Dra. CLAUDIA MARIA ZOPPI GOMEZ Direcci\u00f3n de asesoramiento: Carrera 16A n. 82-46 Ext. 202, Bogot\u00e1 Tel\u00e9fono de consulta: +57 601 2960329 M\u00f3vil: 3153567082 Correo electr\u00f3nico: cl.zoppi@icaremedicalservices.com 2. Dra. NICOLA [&hellip;]","protected":false},"author":4,"featured_media":0,"parent":182,"menu_order":0,"comment_status":"closed","ping_status":"closed","template":"","meta":{"footnotes":""},"class_list":["post-885","page","type-page","status-publish","hentry"],"_links":{"self":[{"href":"https:\/\/ambbogota.esteri.it\/es\/wp-json\/wp\/v2\/pages\/885","targetHints":{"allow":["GET"]}}],"collection":[{"href":"https:\/\/ambbogota.esteri.it\/es\/wp-json\/wp\/v2\/pages"}],"about":[{"href":"https:\/\/ambbogota.esteri.it\/es\/wp-json\/wp\/v2\/types\/page"}],"author":[{"embeddable":true,"href":"https:\/\/ambbogota.esteri.it\/es\/wp-json\/wp\/v2\/users\/4"}],"replies":[{"embeddable":true,"href":"https:\/\/ambbogota.esteri.it\/es\/wp-json\/wp\/v2\/comments?post=885"}],"version-history":[{"count":2,"href":"https:\/\/ambbogota.esteri.it\/es\/wp-json\/wp\/v2\/pages\/885\/revisions"}],"predecessor-version":[{"id":1212,"href":"https:\/\/ambbogota.esteri.it\/es\/wp-json\/wp\/v2\/pages\/885\/revisions\/1212"}],"up":[{"embeddable":true,"href":"https:\/\/ambbogota.esteri.it\/es\/wp-json\/wp\/v2\/pages\/182"}],"wp:attachment":[{"href":"https:\/\/ambbogota.esteri.it\/es\/wp-json\/wp\/v2\/media?parent=885"}],"curies":[{"name":"wp","href":"https:\/\/api.w.org\/{rel}","templated":true}]}}