{"id":886,"date":"2023-08-11T16:41:41","date_gmt":"2023-08-11T21:41:41","guid":{"rendered":"https:\/\/ambbogota.esteri.it\/?page_id=886"},"modified":"2023-08-17T09:57:45","modified_gmt":"2023-08-17T14:57:45","slug":"apostilla","status":"publish","type":"page","link":"https:\/\/ambbogota.esteri.it\/es\/servizi-consolari-e-visti\/servizi-per-il-cittadino-italiano\/servizi-notarili\/apostilla\/","title":{"rendered":"Apostilla"},"content":{"rendered":"<p>En los pa\u00edses que, como Italia y Colombia, han suscrito el Convenio de La Haya de 5 de octubre de 1961 relativo a la abolici\u00f3n de la legalizaci\u00f3n de los documentos p\u00fablicos extranjeros, la necesidad de legalizar los documentos y documentos emitidos por autoridades extranjeras se sustituye por otra formalidad: la colocaci\u00f3n de la \u201cpostilla\u201d (o apostilla).<\/p>\n<p>Por lo tanto, una persona procedente de un pa\u00eds que adhiri\u00f3 a esta Convenci\u00f3n no necesita acudir a la Representaci\u00f3n consular y solicitar la legalizaci\u00f3n, sino que puede acudir a la autoridad local competente designada por cada estado &#8211; e indicada para cada pa\u00eds en el acta de adhesi\u00f3n al propio Convenio (normalmente es el Ministerio de Relaciones Exteriores) &#8211; para obtener la colocaci\u00f3n de la apostilla en el documento. Al final del proceso, el documento debe ser traducido por un traductor oficial y posteriormente apostillada la firma del traductor, as\u00ed perfeccionado, el documento es reconocido en Italia.<\/p>\n<p>La lista de autoridades competentes para colocar la apostilla para cada uno de los estados anteriores est\u00e1 disponible en el sitio web de la Conferencia de La Haya sobre Derecho Internacional Privado: <a href=\"http:\/\/www.hcch.net\/\">http:\/\/www.hcch.net\/<\/a>.<\/p>\n","protected":false},"excerpt":{"rendered":"En los pa\u00edses que, como Italia y Colombia, han suscrito el Convenio de La Haya de 5 de octubre de 1961 relativo a la abolici\u00f3n de la legalizaci\u00f3n de los documentos p\u00fablicos extranjeros, la necesidad de legalizar los documentos y documentos emitidos por autoridades extranjeras se sustituye por otra formalidad: la colocaci\u00f3n de la \u201cpostilla\u201d [&hellip;]","protected":false},"author":6,"featured_media":0,"parent":173,"menu_order":0,"comment_status":"closed","ping_status":"closed","template":"","meta":{"footnotes":""},"class_list":["post-886","page","type-page","status-publish","hentry"],"_links":{"self":[{"href":"https:\/\/ambbogota.esteri.it\/es\/wp-json\/wp\/v2\/pages\/886","targetHints":{"allow":["GET"]}}],"collection":[{"href":"https:\/\/ambbogota.esteri.it\/es\/wp-json\/wp\/v2\/pages"}],"about":[{"href":"https:\/\/ambbogota.esteri.it\/es\/wp-json\/wp\/v2\/types\/page"}],"author":[{"embeddable":true,"href":"https:\/\/ambbogota.esteri.it\/es\/wp-json\/wp\/v2\/users\/6"}],"replies":[{"embeddable":true,"href":"https:\/\/ambbogota.esteri.it\/es\/wp-json\/wp\/v2\/comments?post=886"}],"version-history":[{"count":1,"href":"https:\/\/ambbogota.esteri.it\/es\/wp-json\/wp\/v2\/pages\/886\/revisions"}],"predecessor-version":[{"id":887,"href":"https:\/\/ambbogota.esteri.it\/es\/wp-json\/wp\/v2\/pages\/886\/revisions\/887"}],"up":[{"embeddable":true,"href":"https:\/\/ambbogota.esteri.it\/es\/wp-json\/wp\/v2\/pages\/173"}],"wp:attachment":[{"href":"https:\/\/ambbogota.esteri.it\/es\/wp-json\/wp\/v2\/media?parent=886"}],"curies":[{"name":"wp","href":"https:\/\/api.w.org\/{rel}","templated":true}]}}