{"id":891,"date":"2023-08-14T12:46:02","date_gmt":"2023-08-14T17:46:02","guid":{"rendered":"https:\/\/ambbogota.esteri.it\/?page_id=891"},"modified":"2026-01-15T12:45:22","modified_gmt":"2026-01-15T17:45:22","slug":"traductores-oficiales","status":"publish","type":"page","link":"https:\/\/ambbogota.esteri.it\/es\/servizi-consolari-e-visti\/servizi-per-il-cittadino-italiano\/albo-consolare-e-altri-servizi\/traductores-oficiales\/","title":{"rendered":"Traductores oficiales"},"content":{"rendered":"<p id=\"tw-target-text\" class=\"tw-data-text tw-text-large tw-ta\" dir=\"ltr\" data-placeholder=\"Traduzione\"><span class=\"Y2IQFc\" lang=\"es\"><a href=\"https:\/\/ambbogota.esteri.it\/wp-content\/uploads\/2026\/01\/Elenco-Traduttori-agg.-15.01.2026.pdf\">Descargue aqu\u00ed<\/a> la lista de traductores autorizados por la Embajada que han manifestado su disposici\u00f3n de asistir a nuestros connacionales, depositaron su firma en la Oficina Consular y autorizaron la publicaci\u00f3n de sus datos. <\/span><\/p>\n<p class=\"tw-data-text tw-text-large tw-ta\" dir=\"ltr\" data-placeholder=\"Traduzione\"><span class=\"Y2IQFc\" lang=\"es\">Esta lista no es exhaustiva y se proporciona \u00fanicamente a t\u00edtulo informativo. <\/span><\/p>\n<p class=\"tw-data-text tw-text-large tw-ta\" dir=\"ltr\" data-placeholder=\"Traduzione\"><span class=\"Y2IQFc\" lang=\"es\">La Embajada <strong>no se asume ninguna responsabilidad<\/strong> relacionada con el trabajo de estos profesionales o por las tarifas cobradas por parte de ellos. <\/span><\/p>\n<p class=\"tw-data-text tw-text-large tw-ta\" dir=\"ltr\" data-placeholder=\"Traduzione\"><span class=\"Y2IQFc\" lang=\"es\">Los traductores que est\u00e9n interesados \u200b\u200ben ser incluidos en esta lista deben enviar una solicitud de cita a la Canciller\u00eda Consular de la Embajada por correo electr\u00f3nico dirigido a bogota.consolare@esteri.it. Los interesados \u200b\u200bser\u00e1n citados a presentar tanto la documentaci\u00f3n personal como la acreditativa de la profesi\u00f3n, as\u00ed como su propio sello de traductor.<\/span><\/p>\n","protected":false},"excerpt":{"rendered":"Descargue aqu\u00ed la lista de traductores autorizados por la Embajada que han manifestado su disposici\u00f3n de asistir a nuestros connacionales, depositaron su firma en la Oficina Consular y autorizaron la publicaci\u00f3n de sus datos. Esta lista no es exhaustiva y se proporciona \u00fanicamente a t\u00edtulo informativo. La Embajada no se asume ninguna responsabilidad relacionada con [&hellip;]","protected":false},"author":4,"featured_media":0,"parent":182,"menu_order":0,"comment_status":"closed","ping_status":"closed","template":"","meta":{"footnotes":""},"class_list":["post-891","page","type-page","status-publish","hentry"],"_links":{"self":[{"href":"https:\/\/ambbogota.esteri.it\/es\/wp-json\/wp\/v2\/pages\/891","targetHints":{"allow":["GET"]}}],"collection":[{"href":"https:\/\/ambbogota.esteri.it\/es\/wp-json\/wp\/v2\/pages"}],"about":[{"href":"https:\/\/ambbogota.esteri.it\/es\/wp-json\/wp\/v2\/types\/page"}],"author":[{"embeddable":true,"href":"https:\/\/ambbogota.esteri.it\/es\/wp-json\/wp\/v2\/users\/4"}],"replies":[{"embeddable":true,"href":"https:\/\/ambbogota.esteri.it\/es\/wp-json\/wp\/v2\/comments?post=891"}],"version-history":[{"count":6,"href":"https:\/\/ambbogota.esteri.it\/es\/wp-json\/wp\/v2\/pages\/891\/revisions"}],"predecessor-version":[{"id":7346,"href":"https:\/\/ambbogota.esteri.it\/es\/wp-json\/wp\/v2\/pages\/891\/revisions\/7346"}],"up":[{"embeddable":true,"href":"https:\/\/ambbogota.esteri.it\/es\/wp-json\/wp\/v2\/pages\/182"}],"wp:attachment":[{"href":"https:\/\/ambbogota.esteri.it\/es\/wp-json\/wp\/v2\/media?parent=891"}],"curies":[{"name":"wp","href":"https:\/\/api.w.org\/{rel}","templated":true}]}}