{"id":903,"date":"2023-08-11T16:54:42","date_gmt":"2023-08-11T21:54:42","guid":{"rendered":"https:\/\/ambbogota.esteri.it\/?page_id=903"},"modified":"2025-04-15T14:39:39","modified_gmt":"2025-04-15T19:39:39","slug":"poderes-generales-y-especiales","status":"publish","type":"page","link":"https:\/\/ambbogota.esteri.it\/es\/servizi-consolari-e-visti\/servizi-per-il-cittadino-italiano\/servizi-notarili\/poderes-generales-y-especiales\/","title":{"rendered":"Poderes generales y especiales"},"content":{"rendered":"<p>El poder notarial es el acto por el cual un sujeto (representado) otorga a otro sujeto (representante) el poder de actuar en su nombre y cuenta en la realizaci\u00f3n de actos jur\u00eddicos cuyos efectos recaer\u00e1n directamente en el representado.<\/p>\n<p>Los poderes, seg\u00fan se confieran para la realizaci\u00f3n de actividades no determinadas de antemano o para la realizaci\u00f3n de tareas espec\u00edficas, pueden ser generales o especiales.<\/p>\n<ul>\n<li><strong>Poder general:<\/strong><\/li>\n<\/ul>\n<p>con este acto, el interesado encomienda al representante la direcci\u00f3n de todos sus asuntos, tanto presentes como futuros. El poder general se otorga por tiempo indefinido y tiene vigencia hasta que sea revocado.<\/p>\n<ul>\n<li><strong>Poder especial:<\/strong><\/li>\n<\/ul>\n<p>con este acto, el interesado encomienda al representante la direcci\u00f3n de una parte determinada de sus asuntos. El poder especial deja de surtir efecto cuando termina la encomienda particular para la cual fue expedido.<\/p>\n<p>El primer p\u00e1rrafo del art. 28 del Decreto Legislativo No. 71\/2011 \u00abReglamento y funciones de las oficinas consulares\u00bb, que entr\u00f3 en vigor el 28 de mayo de 2011, establece que las funciones consulares en materia notarial pueden ejercerse exclusivamente en relaci\u00f3n con los ciudadanos italianos y ya no tambi\u00e9n con los no ciudadanos, como estaba previsto por la legislaci\u00f3n anterior.<\/p>\n<p>En particular, trat\u00e1ndose de poderes (generales o especiales) para ciudadanos extranjeros, el Jefe de la Oficina Consular no podr\u00e1 ejercer poderes notariales propios al respecto, por lo que los <span style=\"text-decoration: underline;\">ciudadanos extranjeros<\/span> deber\u00e1n firmar un \u201cPoder especial o general\u201d ante un Notario colombiano, apostillarlo en el sitio web del Ministerio de Relaciones Exteriores <a href=\"https:\/\/www.cancilleria.gov.co\/tramites_servicios\/apostilla_legalizacion_en_linea\">https:\/\/www.cancilleria.gov.co\/tramites_servicios\/apostilla_legalizacion_en_linea<\/a>, traducirlo recurriendo a un traductor oficial (espa\u00f1ol-italiano) y <a href=\"https:\/\/ambbogota.esteri.it\/it\/servizi-consolari-e-visti\/servizi-per-il-cittadino-straniero\/traduzione-e-legalizzazione-dei-documenti\/\">legalizar la traducci\u00f3n<\/a> ante la Embajada en horario de atenci\u00f3n al p\u00fablico.<\/p>\n<p>El <strong>derecho consular<\/strong> por la <strong>legalizaci\u00f3n<\/strong> corresponde al <strong>art. 72<\/strong> por hoja (anverso\/reverso). Para obtener informaci\u00f3n detallada sobre las formas de pago y los montos, consulte la siguiente p\u00e1gina: <a href=\"https:\/\/ambbogota.esteri.it\/it\/servizi-consolari-e-visti\/servizi-per-il-cittadino-italiano\/diritti-consolari\/\">Derechos consulares \u2013 Embajada de Italia en Bogot\u00e1 (esteri.it)<\/a>.<\/p>\n<p><strong>DATOS Y DOCUMENTOS NECESARIOS PARA OTORGAR UN PODER<\/strong><\/p>\n<p>Los ciudadanos italianos que deseen firmar un poder (general\/especial) deben escribir a <a href=\"mailto:segreteria.bogota@esteri.it\">bogota.consolare@esteri.it<\/a> indicando en el asunto \u00abSOLICITUD DE PODER GENERAL\/ESPECIAL: NOMBRE Y APELLIDOS\u00bb y adjuntando:<\/p>\n<ul>\n<li>borrador de poder notarial en formato Word;<\/li>\n<li>copia del pasaporte del representado;<\/li>\n<li>copia del documento de identidad del representante.<\/li>\n<\/ul>\n<p>El interesado deber\u00e1 presentarse en la Embajada el d\u00eda de la cita con:<\/p>\n<ul>\n<li>pasaporte vigente;<\/li>\n<li>original del recibo bancario del pago<\/li>\n<\/ul>\n<p>El <strong>derecho consular<\/strong> por el <strong>poder especial<\/strong> corresponde al <strong>art. 18<\/strong> y por el <strong>poder general<\/strong> al <strong>art. 17<\/strong>.<\/p>\n<p>En el caso de un <strong>poder general<\/strong>, se har\u00e1 un <strong>pago adicional<\/strong> que corresponde al <strong>art. 25<\/strong>, ya que se har\u00e1 entrega de una copia conforme al original, mientras que el original permanecer\u00e1 en los registros de la Embajada.<\/p>\n<p>Para obtener informaci\u00f3n detallada sobre las formas de pago y los montos, consulte la siguiente p\u00e1gina: <a href=\"https:\/\/ambbogota.esteri.it\/it\/servizi-consolari-e-visti\/servizi-per-il-cittadino-italiano\/diritti-consolari\/\">Derechos consulares \u2013 Embajada de Italia en Bogot\u00e1 (esteri.it)<\/a><\/p>\n<p>Los ciudadanos italianos residentes en las circunscripciones consulares de Barranquilla, Bucaramanga, Cali, Cartagena y Medell\u00edn pueden solicitar cita para la firma \u00fanicamente de un <strong>poder especial<\/strong> directamente en el Consulado Honorario correspondiente.<\/p>\n","protected":false},"excerpt":{"rendered":"El poder notarial es el acto por el cual un sujeto (representado) otorga a otro sujeto (representante) el poder de actuar en su nombre y cuenta en la realizaci\u00f3n de actos jur\u00eddicos cuyos efectos recaer\u00e1n directamente en el representado. Los poderes, seg\u00fan se confieran para la realizaci\u00f3n de actividades no determinadas de antemano o para [&hellip;]","protected":false},"author":6,"featured_media":0,"parent":173,"menu_order":0,"comment_status":"closed","ping_status":"closed","template":"","meta":{"footnotes":""},"class_list":["post-903","page","type-page","status-publish","hentry"],"_links":{"self":[{"href":"https:\/\/ambbogota.esteri.it\/es\/wp-json\/wp\/v2\/pages\/903","targetHints":{"allow":["GET"]}}],"collection":[{"href":"https:\/\/ambbogota.esteri.it\/es\/wp-json\/wp\/v2\/pages"}],"about":[{"href":"https:\/\/ambbogota.esteri.it\/es\/wp-json\/wp\/v2\/types\/page"}],"author":[{"embeddable":true,"href":"https:\/\/ambbogota.esteri.it\/es\/wp-json\/wp\/v2\/users\/6"}],"replies":[{"embeddable":true,"href":"https:\/\/ambbogota.esteri.it\/es\/wp-json\/wp\/v2\/comments?post=903"}],"version-history":[{"count":7,"href":"https:\/\/ambbogota.esteri.it\/es\/wp-json\/wp\/v2\/pages\/903\/revisions"}],"predecessor-version":[{"id":6332,"href":"https:\/\/ambbogota.esteri.it\/es\/wp-json\/wp\/v2\/pages\/903\/revisions\/6332"}],"up":[{"embeddable":true,"href":"https:\/\/ambbogota.esteri.it\/es\/wp-json\/wp\/v2\/pages\/173"}],"wp:attachment":[{"href":"https:\/\/ambbogota.esteri.it\/es\/wp-json\/wp\/v2\/media?parent=903"}],"curies":[{"name":"wp","href":"https:\/\/api.w.org\/{rel}","templated":true}]}}