{"id":907,"date":"2023-08-11T16:07:50","date_gmt":"2023-08-11T21:07:50","guid":{"rendered":"https:\/\/ambbogota.esteri.it\/?page_id=907"},"modified":"2026-02-05T11:57:53","modified_gmt":"2026-02-05T16:57:53","slug":"ciudadania-por-matrimonio","status":"publish","type":"page","link":"https:\/\/ambbogota.esteri.it\/es\/servizi-consolari-e-visti\/servizi-per-il-cittadino-straniero\/cittadinanza\/ciudadania-por-matrimonio\/","title":{"rendered":"Ciudadan\u00eda por matrimonio"},"content":{"rendered":"<p>El c\u00f3nyuge extranjero de un ciudadano italiano puede solicitar la ciudadan\u00eda italiana (art. 5 ley n.91\/92) en los siguientes casos:<\/p>\n<ul>\n<li>Si reside en Italia: dos a\u00f1os despu\u00e9s del matrimonio;<\/li>\n<li>Si reside en el extranjero: tres a\u00f1os despu\u00e9s del matrimonio.<\/li>\n<\/ul>\n<p>Los t\u00e9rminos indicados se reducen a la mitad en presencia de hijos nacidos o adoptados por los c\u00f3nyuges.<\/p>\n<h5><strong>Presentaci\u00f3n de la solicitud<\/strong><\/h5>\n<p>Para iniciar el tr\u00e1mite de ciudadan\u00eda, el interesado debe obligatoriamente cargar todos los documentos indicados a continuaci\u00f3n en el <a href=\"https:\/\/portaleservizi.dlci.interno.it\/AliCittadinanza\/ali\/home.htm\">portal CIVES<\/a> del <em>Ministero dell\u2019Interno<\/em>:<\/p>\n<ol>\n<li><strong>formulario de solicitud de ciudadan\u00eda<\/strong> (Formulario AE completado autom\u00e1ticamente por el programa) en el cual deben figurar todas las direcciones de residencia desde los catorce a\u00f1os de edad, evitando dejar per\u00edodos descubiertos;<\/li>\n<li><strong>registro civil de nacimiento<\/strong> original con apostilla, traducci\u00f3n y con apostilla de la traducci\u00f3n. En el registro de nacimiento debe constar la anotaci\u00f3n del matrimonio vigente con el ciudadano\/a italiano\/a y las eventuales anotaciones de matrimonios y divorcios anteriores.<br \/>\nSi el solicitante no naci\u00f3 en Colombia, el acta de nacimiento debe estar apostillada y traducida en el pa\u00eds de origen y legalizada por el Consulado italiano en dicho pa\u00eds. Se recomienda verificar completamente los datos contenidos en la traducci\u00f3n antes de cargarla.<\/li>\n<li><strong>documento de identidad<\/strong> (copia del pasaporte autenticada por un notario) y copia simple (sin autenticaci\u00f3n) del pasaporte italiano del c\u00f3nyuge;<\/li>\n<li><strong><em>estratto per riassunto dell\u2019atto di matrimonio<\/em><\/strong> emitido por la Alcald\u00eda italiana donde est\u00e1 registrado, con una fecha de emisi\u00f3n no anterior a seis meses al momento de la presentaci\u00f3n de la solicitud en el portal. Si el matrimonio se celebr\u00f3 en el extranjero, por ejemplo en Colombia, el c\u00f3nyuge italiano debe haber solicitado previamente al Consulado la <a href=\"https:\/\/ambbogota.esteri.it\/es\/servizi-consolari-e-visti\/servizi-per-il-cittadino-italiano\/stato-civile\/registro-de-matrimonio\/\">transcripci\u00f3n del matrimonio<\/a>. <u>Atenci\u00f3n: se debe cargar el <em>Estratto per riassunto dell\u2019atto di matrimonio<\/em> (o, alternativamente, el <em>Atto integrale di matrimonio<\/em>), pero no ser\u00e1 posible aceptar el <em>Certificato di matrimonio<\/em><\/u>;<\/li>\n<li><strong>recibo de pago del aporte de 250,00 euros<\/strong> a pagar preferentemente con tarjeta de cr\u00e9dito a trav\u00e9s de la plataforma PagoPA dentro del portal CIVES. En caso de imposibilidad de realizar el pago a trav\u00e9s de PagoPA, es posible realizarlo mediante transferencia bancaria a la cuenta corriente a nombre del MINISTERO DELL\u2019INTERNO D.C.L.I. \u2013 CITTADINANZA \u2013 indicando como motivo del pago: Nombre, Apellido, \u201c<em>Naturalizzazione per matrimonio<\/em>\u201d. Las coordenadas bancarias son: c\u00f3digo IBAN IT54D0760103200000000809020 y c\u00f3digo SWIFT BPPIITRRXXX;<\/li>\n<li><strong>certificado de antecedentes penales colombiano<\/strong> apostillado, traducido y con apostilla de la traducci\u00f3n, y de todos los eventuales pa\u00edses de residencia en los que el solicitante haya vivido desde los 14 a\u00f1os de edad. Los certificados penales emitidos en pa\u00edses diferentes a Colombia deben ser apostillados y traducidos en los pa\u00edses donde se emiten y legalizados por los respectivos Consulados italianos presentes en esos pa\u00edses. Los certificados penales no deben tener una antig\u00fcedad superior a 6 meses al momento de la presentaci\u00f3n de la solicitud en el portal. La persona que haya residido en los Estados Unidos debe presentar tanto el certificado de antecedentes penales federal como el de cada Estado donde haya residido (tambi\u00e9n apostillados, traducidos y legalizados). Se invita a verificar integralmente los datos reportados en las traducciones antes de cargarlas;<\/li>\n<li>Certificado de <a href=\"https:\/\/ambbogota.esteri.it\/es\/italia-e-colombia\/diplomazia-culturale\/lingua-e-cultura-italiana\/\">Conocimiento de la lengua italiana<\/a> no inferior al nivel B1 del Marco com\u00fan de referencia para las lenguas.<br \/>\nEl conocimiento de la lengua italiana se podr\u00e1 demostrar cargando uno de los siguientes documentos:<\/p>\n<ul>\n<li><strong> Certificado emitido por una de las siguientes instituciones certificadoras<\/strong>:<\/li>\n<\/ul>\n<ol>\n<li style=\"list-style-type: none;\">\n<ol>\n<li>Universit\u00e0 degli studi di Roma Tre;<\/li>\n<li>Universit\u00e0 per stranieri di Perugia;<\/li>\n<li>Universit\u00e0 per stranieri di Siena;<\/li>\n<li>Societ\u00e0 Dante Alighieri;<\/li>\n<li>Universit\u00e0 per stranieri \u00abDante Alighieri\u00bb di Reggio Calabria.<\/li>\n<\/ol>\n<\/li>\n<\/ol>\n<p>Los solicitantes deben presentar el certificado definitivo, provisto de un c\u00f3digo QR. <strong>NO<\/strong> ser\u00e1 v\u00e1lido el documento que solo muestre el resumen de las pruebas de examen<strong>.<\/strong><\/p>\n<ul>\n<li><strong> T\u00edtulo de estudios<\/strong> emitido por una instituci\u00f3n de educaci\u00f3n p\u00fablica o paritaria reconocida por el <em>Ministero dell\u2019Istruzione, dell\u2019Universit\u00e0 e della Ricerca<\/em> y por el <em>Ministero degli Affari Esteri e della Cooperazione internazionale<\/em>.<\/li>\n<\/ul>\n<\/li>\n<\/ol>\n<h5><strong>Aceptaci\u00f3n de la solicitud<\/strong><\/h5>\n<p>Despu\u00e9s de cargar la solicitud en el portal CIVES, el Consulado proceder\u00e1 a verificar la documentaci\u00f3n y, si es correcta, el solicitante recibir\u00e1 dos correos electr\u00f3nicos:<\/p>\n<ol>\n<li>aviso de inicio del procedimiento;<\/li>\n<li>convocatoria a presentarse en la Embajada para entregar la documentaci\u00f3n original.<\/li>\n<\/ol>\n<p>Una vez recibido dichos correos electr\u00f3nicos, el solicitante podr\u00e1 acudir a la Embajada en los horarios de atenci\u00f3n al p\u00fablico y entregar los siguientes documentos:<\/p>\n<ol>\n<li>la impresi\u00f3n de la \u00faltima p\u00e1gina del Formulario AE (ya completamente completado y generado por el portal CIVES), sobre el cual deber\u00e1 firmar en presencia del funcionario consular que proceder\u00e1 a autenticar la firma;<\/li>\n<li>los originales de los documentos cargados en el portal;<\/li>\n<li>el recibo de pago del art. 24, cuyo importe se puede consultar en la <a href=\"https:\/\/ambbogota.esteri.it\/es\/servizi-consolari-e-visti\/servizi-per-il-cittadino-italiano\/derechos-consulares-2\/\">tabla de tarifas consulares<\/a>.<\/li>\n<\/ol>\n<p>El c\u00f3digo identificativo de la solicitud, que se asigna autom\u00e1ticamente al momento de la aceptaci\u00f3n de la solicitud por parte de la Embajada y se comunica al solicitante, permite controlar el estado de la solicitud personalmente a trav\u00e9s del enlace <a href=\"http:\/\/www.libertaciviliimmigrazione.dlci.interno.gov.it\/it\/servizi-online\">http:\/\/www.libertaciviliimmigrazione.dlci.interno.gov.it\/it\/servizi-online<\/a>.<\/p>\n<p>La Embajada no puede realizar dicha verificaci\u00f3n que solo puede ser realizada directamente por el interesado a trav\u00e9s del portal.<\/p>\n<h5><strong>Examen de la solicitud por los Ministerios italianos competentes<\/strong><\/h5>\n<p>Desde el momento de la entrega de los documentos originales en la Embajada, la solicitud de ciudadan\u00eda ser\u00e1 examinada por los Ministerios de Asuntos Exteriores y del Interior.<\/p>\n<h5><strong>Emisi\u00f3n del decreto y convocatoria al juramento<\/strong><\/h5>\n<p>En caso de resultado positivo, se emitir\u00e1 un decreto de concesi\u00f3n de la ciudadan\u00eda dentro de los 3 a\u00f1os y la Embajada proceder\u00e1 a comunicar al interesado la fecha del juramento y la documentaci\u00f3n a presentar mediante comunicaci\u00f3n enviada dentro del portal CIVES, siempre que, mientras tanto, no se haya producido la disoluci\u00f3n, anulaci\u00f3n o cesaci\u00f3n de los efectos civiles del matrimonio. Por este motivo, es importante que el c\u00f3nyuge italiano mantenga siempre actualizada la direcci\u00f3n del n\u00facleo familiar comunicando cualquier cambio a trav\u00e9s de la <a href=\"https:\/\/ambbogota.esteri.it\/es\/servizi-consolari-e-visti\/servizi-per-il-cittadino-italiano\/a-i-r-e-registro-de-italianos-residentes-en-el-extranjero\/\">plataforma FAST IT<\/a>.<\/p>\n","protected":false},"excerpt":{"rendered":"El c\u00f3nyuge extranjero de un ciudadano italiano puede solicitar la ciudadan\u00eda italiana (art. 5 ley n.91\/92) en los siguientes casos: Si reside en Italia: dos a\u00f1os despu\u00e9s del matrimonio; Si reside en el extranjero: tres a\u00f1os despu\u00e9s del matrimonio. Los t\u00e9rminos indicados se reducen a la mitad en presencia de hijos nacidos o adoptados por [&hellip;]","protected":false},"author":4,"featured_media":0,"parent":185,"menu_order":0,"comment_status":"closed","ping_status":"closed","template":"","meta":{"footnotes":""},"class_list":["post-907","page","type-page","status-publish","hentry"],"_links":{"self":[{"href":"https:\/\/ambbogota.esteri.it\/es\/wp-json\/wp\/v2\/pages\/907","targetHints":{"allow":["GET"]}}],"collection":[{"href":"https:\/\/ambbogota.esteri.it\/es\/wp-json\/wp\/v2\/pages"}],"about":[{"href":"https:\/\/ambbogota.esteri.it\/es\/wp-json\/wp\/v2\/types\/page"}],"author":[{"embeddable":true,"href":"https:\/\/ambbogota.esteri.it\/es\/wp-json\/wp\/v2\/users\/4"}],"replies":[{"embeddable":true,"href":"https:\/\/ambbogota.esteri.it\/es\/wp-json\/wp\/v2\/comments?post=907"}],"version-history":[{"count":6,"href":"https:\/\/ambbogota.esteri.it\/es\/wp-json\/wp\/v2\/pages\/907\/revisions"}],"predecessor-version":[{"id":7468,"href":"https:\/\/ambbogota.esteri.it\/es\/wp-json\/wp\/v2\/pages\/907\/revisions\/7468"}],"up":[{"embeddable":true,"href":"https:\/\/ambbogota.esteri.it\/es\/wp-json\/wp\/v2\/pages\/185"}],"wp:attachment":[{"href":"https:\/\/ambbogota.esteri.it\/es\/wp-json\/wp\/v2\/media?parent=907"}],"curies":[{"name":"wp","href":"https:\/\/api.w.org\/{rel}","templated":true}]}}