{"id":917,"date":"2023-08-11T16:08:43","date_gmt":"2023-08-11T21:08:43","guid":{"rendered":"https:\/\/ambbogota.esteri.it\/?page_id=917"},"modified":"2023-08-17T14:01:55","modified_gmt":"2023-08-17T19:01:55","slug":"ciudadania-por-tramite-judicial","status":"publish","type":"page","link":"https:\/\/ambbogota.esteri.it\/es\/servizi-consolari-e-visti\/servizi-per-il-cittadino-straniero\/cittadinanza\/ciudadania-por-tramite-judicial\/","title":{"rendered":"Ciudadan\u00eda por tr\u00e1mite judicial"},"content":{"rendered":"<div id=\"tw-target-text-container\" class=\"tw-ta-container F0azHf tw-nfl\" tabindex=\"0\">\n<p id=\"tw-target-text\" class=\"tw-data-text tw-text-large tw-ta\" dir=\"ltr\" data-placeholder=\"Traduzione\"><span class=\"Y2IQFc\" lang=\"es\">Los solicitantes a los que los Tribunales hayan reconocido su ciudadan\u00eda, habiendo nacido como ciudadano italiano antes del 01.01.1948, deber\u00e1n registrarse en el AIRE a trav\u00e9s del portal <a href=\"https:\/\/serviziconsolari.esteri.it\/ScoFE\/index.sco\">FAST IT<\/a>, adjuntando el texto completo de la sentencia judicial y el extracto resumido del nacimiento. certificado expedido por la Alcald\u00eda italiana.<\/span><\/p>\n<\/div>\n","protected":false},"excerpt":{"rendered":"Los solicitantes a los que los Tribunales hayan reconocido su ciudadan\u00eda, habiendo nacido como ciudadano italiano antes del 01.01.1948, deber\u00e1n registrarse en el AIRE a trav\u00e9s del portal FAST IT, adjuntando el texto completo de la sentencia judicial y el extracto resumido del nacimiento. certificado expedido por la Alcald\u00eda italiana.","protected":false},"author":4,"featured_media":0,"parent":185,"menu_order":0,"comment_status":"closed","ping_status":"closed","template":"","meta":{"footnotes":""},"class_list":["post-917","page","type-page","status-publish","hentry"],"_links":{"self":[{"href":"https:\/\/ambbogota.esteri.it\/es\/wp-json\/wp\/v2\/pages\/917","targetHints":{"allow":["GET"]}}],"collection":[{"href":"https:\/\/ambbogota.esteri.it\/es\/wp-json\/wp\/v2\/pages"}],"about":[{"href":"https:\/\/ambbogota.esteri.it\/es\/wp-json\/wp\/v2\/types\/page"}],"author":[{"embeddable":true,"href":"https:\/\/ambbogota.esteri.it\/es\/wp-json\/wp\/v2\/users\/4"}],"replies":[{"embeddable":true,"href":"https:\/\/ambbogota.esteri.it\/es\/wp-json\/wp\/v2\/comments?post=917"}],"version-history":[{"count":1,"href":"https:\/\/ambbogota.esteri.it\/es\/wp-json\/wp\/v2\/pages\/917\/revisions"}],"predecessor-version":[{"id":918,"href":"https:\/\/ambbogota.esteri.it\/es\/wp-json\/wp\/v2\/pages\/917\/revisions\/918"}],"up":[{"embeddable":true,"href":"https:\/\/ambbogota.esteri.it\/es\/wp-json\/wp\/v2\/pages\/185"}],"wp:attachment":[{"href":"https:\/\/ambbogota.esteri.it\/es\/wp-json\/wp\/v2\/media?parent=917"}],"curies":[{"name":"wp","href":"https:\/\/api.w.org\/{rel}","templated":true}]}}