{"id":942,"date":"2023-08-11T16:58:37","date_gmt":"2023-08-11T21:58:37","guid":{"rendered":"https:\/\/ambbogota.esteri.it\/?page_id=942"},"modified":"2023-08-17T15:33:14","modified_gmt":"2023-08-17T20:33:14","slug":"actividad-de-autenticacion","status":"publish","type":"page","link":"https:\/\/ambbogota.esteri.it\/es\/servizi-consolari-e-visti\/servizi-per-il-cittadino-italiano\/servizi-notarili\/actividad-de-autenticacion\/","title":{"rendered":"Actividad de autenticaci\u00f3n"},"content":{"rendered":"<p>Para los servicios de autenticaci\u00f3n, los usuarios pueden <a href=\"https:\/\/ambbogota.esteri.it\/it\/servizi-consolari-e-visti\/servizi-per-il-cittadino-italiano\/prenotazioni-servizi-consolari\/\">acudir a la Embajada durante el horario de atenci\u00f3n al p\u00fablico<\/a>.<\/p>\n<p>La actividad de autenticaci\u00f3n est\u00e1 sujeta al pago de los derechos consulares del art.26 de la <a href=\"https:\/\/ambbogota.esteri.it\/it\/servizi-consolari-e-visti\/servizi-per-il-cittadino-italiano\/prenotazioni-servizi-consolari\/\">tabla de los derechos consulares<\/a> actualmente vigente.<\/p>\n<p><strong>AUTENTICACI\u00d3N NOTARIAL DE FIRMA<\/strong><\/p>\n<p>La autenticaci\u00f3n notarial de la firma (ex art. 1 de la Ley Notarial) se puede realizar, de conformidad con el art. 28 del Decreto Legislativo n. 71\/2011, solo a favor de los ciudadanos italianos. La noci\u00f3n general de suscripci\u00f3n autenticada viene dada por el art. 2703, p\u00e1rrafo 2, del c\u00f3digo civil: \u201cla autenticaci\u00f3n consiste en la atestaci\u00f3n por el funcionario p\u00fablico de que la firma fue puesta en su presencia. El funcionario p\u00fablico debe primero cerciorarse de la identidad de la persona que firma\u00bb. De conformidad con el art. 2702 del C\u00f3digo Civil, la autenticaci\u00f3n de la firma no confiere ning\u00fan car\u00e1cter de autenticidad del contenido de la escritura, pero prueba, salvo denuncia de falsificaci\u00f3n, su procedencia.<\/p>\n<p><strong>AUTENTICACI\u00d3N ADMINISTRATIVA DE FIRMA<\/strong><\/p>\n<p>El Decreto Presidencial 28 de diciembre de 2000, n. 445 establece que, para los ciudadanos italianos o de la Uni\u00f3n Europea y los extranjeros que residan legalmente en Italia (art. 3), ya no es necesario autenticar la firma de solicitudes o declaraciones que se presentar\u00e1n a la Administraci\u00f3n P\u00fablica o a los administradores de servicios p\u00fablicos, pero es suficiente con adjuntar una copia de un documento de identidad v\u00e1lido del suscriptor. Por otra parte, la autenticaci\u00f3n sigue siendo necesaria, incluso para los mismos sujetos de conformidad con el art. 3 anterior, en el caso de una solicitud presentada a particulares o con el fin de cobrar beneficios econ\u00f3micos de terceros (por ejemplo, en el caso de poderes para retiro de pensiones, transferencia de propiedad de veh\u00edculos, apertura de una cuenta bancaria, etc.). Para los extranjeros que no residan legalmente en Italia y que no sean ciudadanos de la Uni\u00f3n Europea, la autenticaci\u00f3n administrativa siempre es necesaria. <a href=\"https:\/\/ambbogota.esteri.it\/wp-content\/uploads\/2023\/08\/56944_f_amb61FS_autodich-1.pdf\">Haga clic aqu\u00ed para descargar el formulario.<\/a><\/p>\n<p>Diferencias entre autenticaci\u00f3n notarial y autenticaci\u00f3n administrativa.<\/p>\n<ul>\n<li>La autenticaci\u00f3n administrativa se caracteriza por la pluralidad de sujetos legitimados a la autenticaci\u00f3n (indicados en el art\u00edculo 21 del Decreto Presidencial 445\/2000: notario, canciller, secretario Alcald\u00eda, empleado destinado a recibir la documentaci\u00f3n u otro empleado designado por el alcalde), lo que constituye una excepci\u00f3n al principio general de competencia notarial.<\/li>\n<li>La autenticaci\u00f3n administrativa se limita a documentar una situaci\u00f3n de hecho o de derecho, sin constituirla ni modificarla, a reproducir informaci\u00f3n tomada de otros documentos ya documentados y no tiene efectos jur\u00eddicos distintos y aut\u00f3nomos.<\/li>\n<li>En la autenticaci\u00f3n notarial, el funcionario no se limita solo a certificar que la firma en el documento fue puesta en su presencia, sino que tambi\u00e9n comprueba que el contenido de la escritura se ajuste a la ley, al orden p\u00fablico y a las buenas costumbres.<\/li>\n<\/ul>\n<p><strong>AUTENTICACI\u00d3N DE FOTOGRAF\u00cdA<\/strong><\/p>\n<p>Consiste en la constancia de que una imagen fotogr\u00e1fica corresponda a la persona interesada.<\/p>\n<p>El solicitante deber\u00e1 presentarse &#8211; con cita previa &#8211; a la oficina consular con un documento de identificaci\u00f3n v\u00e1lido y el documento o fotograf\u00eda a autenticar.<\/p>\n","protected":false},"excerpt":{"rendered":"Para los servicios de autenticaci\u00f3n, los usuarios pueden acudir a la Embajada durante el horario de atenci\u00f3n al p\u00fablico. La actividad de autenticaci\u00f3n est\u00e1 sujeta al pago de los derechos consulares del art.26 de la tabla de los derechos consulares actualmente vigente. AUTENTICACI\u00d3N NOTARIAL DE FIRMA La autenticaci\u00f3n notarial de la firma (ex art. 1 [&hellip;]","protected":false},"author":6,"featured_media":0,"parent":173,"menu_order":0,"comment_status":"closed","ping_status":"closed","template":"","meta":{"footnotes":""},"class_list":["post-942","page","type-page","status-publish","hentry"],"_links":{"self":[{"href":"https:\/\/ambbogota.esteri.it\/es\/wp-json\/wp\/v2\/pages\/942","targetHints":{"allow":["GET"]}}],"collection":[{"href":"https:\/\/ambbogota.esteri.it\/es\/wp-json\/wp\/v2\/pages"}],"about":[{"href":"https:\/\/ambbogota.esteri.it\/es\/wp-json\/wp\/v2\/types\/page"}],"author":[{"embeddable":true,"href":"https:\/\/ambbogota.esteri.it\/es\/wp-json\/wp\/v2\/users\/6"}],"replies":[{"embeddable":true,"href":"https:\/\/ambbogota.esteri.it\/es\/wp-json\/wp\/v2\/comments?post=942"}],"version-history":[{"count":1,"href":"https:\/\/ambbogota.esteri.it\/es\/wp-json\/wp\/v2\/pages\/942\/revisions"}],"predecessor-version":[{"id":943,"href":"https:\/\/ambbogota.esteri.it\/es\/wp-json\/wp\/v2\/pages\/942\/revisions\/943"}],"up":[{"embeddable":true,"href":"https:\/\/ambbogota.esteri.it\/es\/wp-json\/wp\/v2\/pages\/173"}],"wp:attachment":[{"href":"https:\/\/ambbogota.esteri.it\/es\/wp-json\/wp\/v2\/media?parent=942"}],"curies":[{"name":"wp","href":"https:\/\/api.w.org\/{rel}","templated":true}]}}