{"id":946,"date":"2023-08-11T16:59:33","date_gmt":"2023-08-11T21:59:33","guid":{"rendered":"https:\/\/ambbogota.esteri.it\/?page_id=946"},"modified":"2023-08-17T16:24:01","modified_gmt":"2023-08-17T21:24:01","slug":"sucesiones","status":"publish","type":"page","link":"https:\/\/ambbogota.esteri.it\/es\/servizi-consolari-e-visti\/servizi-per-il-cittadino-italiano\/servizi-notarili\/sucesiones\/","title":{"rendered":"Sucesiones"},"content":{"rendered":"<p>Tradicionalmente, una de las funciones consulares es la de velar por la protecci\u00f3n de la herencia y, en general, de los intereses sucesorios de las personas de ciudadan\u00eda italiana fallecidas en el extranjero, o cuya muerte (aunque no sean italianas) haya afectado de alguna manera un ciudadano italiano. Las facultades consulares en materia sucesoria se derivan b\u00e1sicamente del art. 46 del Decreto Legislativo 71\/2011 y se refieren esencialmente a:<\/p>\n<ul>\n<li>informaci\u00f3n sobre la apertura de sucesiones;<\/li>\n<li>la transmisi\u00f3n a las autoridades nacionales competentes de las declaraciones de aceptaci\u00f3n o renuncia de la herencia;<\/li>\n<li>la preparaci\u00f3n de medidas para la custodia de los bienes hereditarios (a petici\u00f3n de un tribunal italiano).<\/li>\n<\/ul>\n<p><strong>TESTAMENTO<\/strong><\/p>\n<p>El <strong>testamento p\u00fablico<\/strong> es la declaraci\u00f3n oral de la voluntad del testador hecha al funcionario consular delegado en funciones de notario en presencia de dos testigos. La declaraci\u00f3n de voluntad se reduce por escrito por el propio funcionario. El testador, provisto de un documento de identificaci\u00f3n v\u00e1lido, debe presentarse &#8211; con cita previa &#8211; en la oficina consular con dos testigos.<\/p>\n<p>En el <strong>testamento secreto<\/strong>, por el contrario, las funciones del Notario se limitan a la recepci\u00f3n formal de la escritura sellada (cuyo contenido, por lo tanto, permanece secreto) y su dep\u00f3sito en la Oficina.<\/p>\n<p>El testador debe presentarse &#8211; con cita previa &#8211; en la oficina consular con un documento de identificaci\u00f3n v\u00e1lido.<\/p>\n<p>Finalmente, el <strong>testamento ol\u00f3grafo<\/strong> es \u00edntegramente escrito a mano por el testador y puede ser depositado en cualquier lugar y con cualquier persona.<\/p>\n<p>Las escrituras de recibo, revocaci\u00f3n, dep\u00f3sito, etc. de testamentos est\u00e1n sujetos al pago de las tasas a que se refiere el arancel consular vigente.<\/p>\n","protected":false},"excerpt":{"rendered":"Tradicionalmente, una de las funciones consulares es la de velar por la protecci\u00f3n de la herencia y, en general, de los intereses sucesorios de las personas de ciudadan\u00eda italiana fallecidas en el extranjero, o cuya muerte (aunque no sean italianas) haya afectado de alguna manera un ciudadano italiano. Las facultades consulares en materia sucesoria se [&hellip;]","protected":false},"author":6,"featured_media":0,"parent":173,"menu_order":0,"comment_status":"closed","ping_status":"closed","template":"","meta":{"footnotes":""},"class_list":["post-946","page","type-page","status-publish","hentry"],"_links":{"self":[{"href":"https:\/\/ambbogota.esteri.it\/es\/wp-json\/wp\/v2\/pages\/946","targetHints":{"allow":["GET"]}}],"collection":[{"href":"https:\/\/ambbogota.esteri.it\/es\/wp-json\/wp\/v2\/pages"}],"about":[{"href":"https:\/\/ambbogota.esteri.it\/es\/wp-json\/wp\/v2\/types\/page"}],"author":[{"embeddable":true,"href":"https:\/\/ambbogota.esteri.it\/es\/wp-json\/wp\/v2\/users\/6"}],"replies":[{"embeddable":true,"href":"https:\/\/ambbogota.esteri.it\/es\/wp-json\/wp\/v2\/comments?post=946"}],"version-history":[{"count":1,"href":"https:\/\/ambbogota.esteri.it\/es\/wp-json\/wp\/v2\/pages\/946\/revisions"}],"predecessor-version":[{"id":947,"href":"https:\/\/ambbogota.esteri.it\/es\/wp-json\/wp\/v2\/pages\/946\/revisions\/947"}],"up":[{"embeddable":true,"href":"https:\/\/ambbogota.esteri.it\/es\/wp-json\/wp\/v2\/pages\/173"}],"wp:attachment":[{"href":"https:\/\/ambbogota.esteri.it\/es\/wp-json\/wp\/v2\/media?parent=946"}],"curies":[{"name":"wp","href":"https:\/\/api.w.org\/{rel}","templated":true}]}}