{"id":123,"date":"2023-07-14T11:09:03","date_gmt":"2023-07-14T09:09:03","guid":{"rendered":"https:\/\/ambbogota.esteri.it\/?page_id=123"},"modified":"2026-01-06T15:13:06","modified_gmt":"2026-01-06T20:13:06","slug":"contatti","status":"publish","type":"page","link":"https:\/\/ambbogota.esteri.it\/it\/chi-siamo\/contatti\/","title":{"rendered":"Contatti"},"content":{"rendered":"<div class=\"sr-only\"><\/div>\n<div>\n<p>&nbsp;<\/p>\n<table class=\"table table-bordered\">\n<thead>\n<tr class=\"active\">\n<th style=\"text-align: center;\" colspan=\"2\">Ambasciata d&#8217;Italia a Bogot\u00e0<\/th>\n<\/tr>\n<\/thead>\n<tbody>\n<tr>\n<td style=\"text-align: center;\"><a href=\"https:\/\/www.google.com\/maps\/place\/Embassy+of+Italy\/@4.6757576,-74.045762,18z\/data=!4m13!1m7!3m6!1s0x8e3f98ff383d9d8d:0xec4501415be8d2a8!2sCra.+3+%231-8,+Bogot%C3%A1,+Colombia!3b1!8m2!3d4.5824619!4d-74.0788363!3m4!1s0x0:0xc60668ce3b55aa6f!8m2!3d4.6760117!4d-74.0454859\" target=\"_blank\" rel=\"noopener\">Calle 93B # 9-92, Bogot\u00e0<\/a><\/td>\n<td style=\"text-align: center;\">\u00a0P.E.C.:\u00a0<a href=\"mailto:amb.bogota@cert.esteri.it\">amb.bogota@cert.esteri.it<\/a><\/td>\n<\/tr>\n<\/tbody>\n<\/table>\n<table class=\"table table-bordered\">\n<thead>\n<tr class=\"active\">\n<th style=\"text-align: center;\" colspan=\"2\">Cancelleria consolare e visti<\/th>\n<\/tr>\n<\/thead>\n<tbody>\n<tr>\n<td colspan=\"2\">Per <a href=\"https:\/\/ambbogota.esteri.it\/it\/servizi-consolari-e-visti\/\"><strong>informazioni sui servizi consolari<\/strong><\/a> chiamare il numero <strong>(+57) 601 651 48 06<\/strong> nelle seguenti fasce orarie:<\/p>\n<p>&#8211; Luned\u00ec, mercoled\u00ec, gioved\u00ec, venerd\u00ec: 09:30-12:30<\/p>\n<p>&#8211; Marted\u00ec: 14:30-16:30<\/td>\n<\/tr>\n<tr>\n<td style=\"text-align: center;\"><a href=\"mailto:bogota.consolare@esteri.it\">bogota.consolare@esteri.it<\/a><br \/>\n<strong>SOLO PER QUESTIONI CONSOLARI<\/strong><\/td>\n<td style=\"text-align: center;\"><a href=\"mailto:visti.bogota@esteri.it\">visti.bogota@esteri.it<\/a><br \/>\n<strong>SOLO PER QUESTIONI DI VISTI<\/strong><\/td>\n<\/tr>\n<tr>\n<td colspan=\"2\"><\/td>\n<\/tr>\n<\/tbody>\n<\/table>\n<table class=\"table table-bordered\">\n<tbody>\n<tr>\n<td><strong>Segreteria Ambasciatore\/Primo Segretario<br \/>\n<\/strong><\/td>\n<td><a href=\"mailto:segreteria.bogota@esteri.it\">segreteria.bogota@esteri.it<\/a><\/p>\n<p>(+57) 601 6514803<\/td>\n<\/tr>\n<tr>\n<td><strong>Ufficio Commerciale<\/strong><\/td>\n<td><a href=\"mailto:commerciale.bogota@esteri.it\">commerciale.bogota@esteri.it<\/a><\/td>\n<\/tr>\n<tr>\n<td><strong>Ufficio Amministrativo<\/strong><\/td>\n<td><a href=\"mailto:contabile.bogota@esteri.it\">contabile.bogota@esteri.it<\/a><\/td>\n<\/tr>\n<tr>\n<td><\/td>\n<td><\/td>\n<\/tr>\n<tr>\n<td><strong>Ufficio ITA &#8211; Agenzia Italiana per il Commercio Estero<\/strong><\/td>\n<td><a href=\"mailto:bogota@ice.it\">bogota@ice.it<\/a><br \/>\n<a href=\"https:\/\/www.ice.it\/it\/mercati\/colombia\/bogota\" target=\"_blank\" rel=\"noopener\">https:\/\/www.ice.it\/it\/mercati\/colombia\/bogota<\/a><br \/>\n(+57) 601 7030410 \/ (+57) 601 7030433<br \/>\n<a href=\"https:\/\/www.google.com\/maps\/place\/4%C2%B040'32.9%22N+74%C2%B002'43.4%22W\/@4.6759306,-74.0453863,237m\/data=!3m1!1e3!4m9!1m2!2m1!1sice+bogota!3m5!1s0x0:0x0!7e2!8m2!3d4.6758128!4d-74.0453853\" target=\"_blank\" rel=\"noopener\">Calle 93B #9-92, Bogot\u00e0<\/a><\/td>\n<\/tr>\n<tr>\n<td rowspan=\"3\"><strong>Ufficio Culturale &#8211; Istituto Italiano di Cultura (IIC)<\/strong><\/td>\n<td><a href=\"mailto:iicbogota@esteri.it\">iicbogota@esteri.it<\/a><br \/>\n<a href=\"https:\/\/iicbogota.esteri.it\/it\/\">http:\/\/www.iicbogota.esteri.it\/it<\/a><br \/>\nPBX: (+57) 601 4865180<br \/>\n<a href=\"https:\/\/www.google.com\/maps\/place\/Instituto+Italiano+De+Cultura\/@4.6239908,-74.0705069,237m\/data=!3m1!1e3!4m5!3m4!1s0x8e3f9986d73d8797:0xec418dc30ae276c0!8m2!3d4.623961!4d-74.0705256\" target=\"_blank\" rel=\"noopener\">Calle 35 #15-32, Barrio Teusaquillo, Bogot\u00e0<\/a><\/td>\n<\/tr>\n<tr class=\"info\">\n<td>Per borse di studio e informazioni su dichiarazioni di valore e pre-iscrizioni universitarie<\/td>\n<\/tr>\n<tr>\n<td><a href=\"mailto:estudios.iicbogota@esteri.it\">estudios.iicbogota@esteri.it<\/a><\/td>\n<\/tr>\n<\/tbody>\n<\/table>\n<p>&nbsp;<\/p>\n<p style=\"text-align: center;\"><strong>L\u2019Ambasciata \u00e8 raggiungibile per situazioni di comprovata emergenza di cittadini italiani nei fine settimana e nei giorni festivi (si veda sotto) al numero\u00a0<span style=\"text-decoration: underline;\">+57 322 945 9192<\/span>\u00a0nell&#8217;orario\u00a0<span style=\"text-decoration: underline;\"><em>8.00-22.00<\/em><\/span>. In alternativa si puo\u2019 scrivere all\u2019indirizzo\u00a0<a href=\"mailto:bogota.consolare@esteri.it\">bogota.consolare@esteri.it<\/a>.<\/strong><\/p>\n<p style=\"text-align: center;\">Per situazioni sempre di comprovata emergenza durante le ore notturne al di fuori dell&#8217;orario sopra indicato si invita a contattare il centralino del Ministero degli Affari Esteri a Roma al numero 00390636911.<\/p>\n<p>&nbsp;<\/p>\n<p><strong>ATTENZIONE: <\/strong><strong><a href=\"http:\/\/ambbogota.esteri.it\/ambasciata_bogota\/it\/ambasciata\/news\/dall_ambasciata\/l-ambasciata-d-italia-e-momentaneamente.html\">Prenotazione appuntamenti consolari<\/a><\/strong><\/p>\n<p>&nbsp;<\/p>\n<p><strong>Gli uffici dell&#8217;Ambasciata rimarranno chiusi nel 2026 in occasione delle seguenti festivit\u00e0:<\/strong><\/p>\n<table class=\"table\" border=\"0\">\n<tbody>\n<tr>\n<td>01\/01\/2026<\/td>\n<td>Gioved\u00ec<\/td>\n<td>Capodanno (Festivit\u00e0 Comune)<\/td>\n<\/tr>\n<tr>\n<td>12\/01\/2026<\/td>\n<td>Luned\u00ec<\/td>\n<td>Epifania (Festivit\u00e0 Comune)<\/td>\n<\/tr>\n<tr>\n<td>03\/04\/2026<\/td>\n<td>Venerd\u00ec<\/td>\n<td>Venerd\u00ec Santo (Festivit\u00e0 Comune)<\/td>\n<\/tr>\n<tr>\n<td>01\/05\/2026<\/td>\n<td>Venerd\u00ec<\/td>\n<td>Festa del Lavoro (Festivit\u00e0 Comune)<\/td>\n<\/tr>\n<tr>\n<td>02\/06\/2026<\/td>\n<td>Marted\u00ec<\/td>\n<td>Festa Nazionale della Repubblica Italiana<\/td>\n<\/tr>\n<tr>\n<td>20\/07\/2026<\/td>\n<td>Luned\u00ec<\/td>\n<td>Festa Nazionale dell\u2019Indipendenza della Repubblica Colombiana (Festivit\u00e0 locale)<\/td>\n<\/tr>\n<tr>\n<td>15\/08\/2026<\/td>\n<td>Sabato<\/td>\n<td>Assunzione (Festivit\u00e0 Comune)<\/td>\n<\/tr>\n<tr>\n<td>12\/10\/2026<\/td>\n<td>Luned\u00ec<\/td>\n<td>Giorno della Razza (Festivit\u00e0 Locale)<\/td>\n<\/tr>\n<tr>\n<td>01\/11\/2026<\/td>\n<td>Domenica<\/td>\n<td>Ognissanti (Festivit\u00e0 Comune)<\/td>\n<\/tr>\n<tr>\n<td>08\/12\/2025<\/td>\n<td>Marted\u00ec<\/td>\n<td>Immacolata Concezione (Festivit\u00e0 Comune)<\/td>\n<\/tr>\n<tr>\n<td>25\/12\/2026<\/td>\n<td>Venerd\u00ec<\/td>\n<td>Natale (Festivit\u00e0 Comune)<\/td>\n<\/tr>\n<\/tbody>\n<\/table>\n<\/div>\n","protected":false},"excerpt":{"rendered":"&nbsp; Ambasciata d&#8217;Italia a Bogot\u00e0 Calle 93B # 9-92, Bogot\u00e0 \u00a0P.E.C.:\u00a0amb.bogota@cert.esteri.it Cancelleria consolare e visti Per informazioni sui servizi consolari chiamare il numero (+57) 601 651 48 06 nelle seguenti fasce orarie: &#8211; Luned\u00ec, mercoled\u00ec, gioved\u00ec, venerd\u00ec: 09:30-12:30 &#8211; Marted\u00ec: 14:30-16:30 bogota.consolare@esteri.it SOLO PER QUESTIONI CONSOLARI visti.bogota@esteri.it SOLO PER QUESTIONI DI VISTI Segreteria Ambasciatore\/Primo Segretario [&hellip;]","protected":false},"author":1,"featured_media":0,"parent":13,"menu_order":4,"comment_status":"closed","ping_status":"closed","template":"","meta":{"footnotes":""},"class_list":["post-123","page","type-page","status-publish","hentry"],"_links":{"self":[{"href":"https:\/\/ambbogota.esteri.it\/it\/wp-json\/wp\/v2\/pages\/123","targetHints":{"allow":["GET"]}}],"collection":[{"href":"https:\/\/ambbogota.esteri.it\/it\/wp-json\/wp\/v2\/pages"}],"about":[{"href":"https:\/\/ambbogota.esteri.it\/it\/wp-json\/wp\/v2\/types\/page"}],"author":[{"embeddable":true,"href":"https:\/\/ambbogota.esteri.it\/it\/wp-json\/wp\/v2\/users\/1"}],"replies":[{"embeddable":true,"href":"https:\/\/ambbogota.esteri.it\/it\/wp-json\/wp\/v2\/comments?post=123"}],"version-history":[{"count":8,"href":"https:\/\/ambbogota.esteri.it\/it\/wp-json\/wp\/v2\/pages\/123\/revisions"}],"predecessor-version":[{"id":7286,"href":"https:\/\/ambbogota.esteri.it\/it\/wp-json\/wp\/v2\/pages\/123\/revisions\/7286"}],"up":[{"embeddable":true,"href":"https:\/\/ambbogota.esteri.it\/it\/wp-json\/wp\/v2\/pages\/13"}],"wp:attachment":[{"href":"https:\/\/ambbogota.esteri.it\/it\/wp-json\/wp\/v2\/media?parent=123"}],"curies":[{"name":"wp","href":"https:\/\/api.w.org\/{rel}","templated":true}]}}