{"id":15,"date":"2023-04-11T17:08:57","date_gmt":"2023-04-11T15:08:57","guid":{"rendered":"https:\/\/ambasciatapraga.esteri.it\/?page_id=15"},"modified":"2026-03-12T12:21:15","modified_gmt":"2026-03-12T17:21:15","slug":"servizi-consolari-e-visti","status":"publish","type":"page","link":"https:\/\/ambbogota.esteri.it\/it\/servizi-consolari-e-visti\/","title":{"rendered":"Servizi Consolari e Visti"},"content":{"rendered":"<div class=\"panel panel-danger\">\n<div class=\"panel-body\">\n<p><strong>ATTENZIONE<\/strong><\/p>\n<p>Per i servizi consolari la documentazione deve essere presentata <strong><u>completa e in formato cartaceo<\/u><\/strong>.<br \/>\nNon sar\u00e0 possibile inviare o integrare documenti tramite telefono cellulare, e-mail o altri mezzi elettronici.<br \/>\n<strong>In assenza della documentazione completa il servizio consolare non potr\u00e0 essere erogato.<\/strong><\/p>\n<p>L&#8217;Ambasciata d&#8217;Italia a Bogot\u00e1 offre servizi consolari ai:<\/p>\n<\/div>\n<ul>\n<li><a href=\"https:\/\/ambbogota.esteri.it\/it\/servizi-consolari-e-visti\/servizi-per-il-cittadino-italiano\/\">cittadini italiani<\/a><\/li>\n<li><a href=\"https:\/\/ambbogota.esteri.it\/it\/servizi-consolari-e-visti\/servizi-per-il-cittadino-straniero\/\">cittadini stranieri<\/a><\/li>\n<\/ul>\n<div class=\"panel-body\">\n<p><strong>I servizi consolari sono offerti direttamente agli interessati e non ad intermediari.<\/strong><\/p>\n<\/div>\n<\/div>\n<p><b>L&#8217;Ambasciata d&#8217;Italia non ha autorizzato alcuna agenzia n\u00e9 persona a offrire servizi consolari.<\/b><\/p>\n<p><strong>La vigente normativa sulla riservatezza dei dati personali (L. 675\/96) non consente di dare informazioni riguardanti privati cittadini senza la loro esplicita autorizzazione.<\/strong><\/p>\n<p>Per\u00a0<strong>informazioni riguardo i servizi consolari<\/strong>, \u00e8 disponibile il seguente numero telefonico: <strong>(+57) 601 651 48 06 <\/strong>nelle seguenti fasce orarie:<\/p>\n<ul>\n<li>Luned\u00ec, mercoled\u00ec, gioved\u00ed, venerd\u00ec: 09:30-12:30<\/li>\n<li>Marted\u00ed: 14:30-16:30<\/li>\n<\/ul>\n<p>Dai seguenti link, \u00e9 possibile consultare la normativa in termini di privacy per:<\/p>\n<ul>\n<li><a href=\"https:\/\/ambbogota.esteri.it\/wp-content\/uploads\/2023\/08\/informativa_sulla_protezione_dati_-_servizi_consolari_italiano.pdf\">Servizi consolari<\/a><\/li>\n<li><a href=\"https:\/\/ambbogota.esteri.it\/wp-content\/uploads\/2023\/08\/informativa_protezione_dati_-_cittadinanza_italiano.pdf\">Cittadinanza<\/a><\/li>\n<li><a href=\"https:\/\/ambbogota.esteri.it\/wp-content\/uploads\/2023\/08\/2._informativa_visti_all.1.docx\">Visti<\/a><\/li>\n<\/ul>\n","protected":false},"excerpt":{"rendered":"ATTENZIONE Per i servizi consolari la documentazione deve essere presentata completa e in formato cartaceo. Non sar\u00e0 possibile inviare o integrare documenti tramite telefono cellulare, e-mail o altri mezzi elettronici. In assenza della documentazione completa il servizio consolare non potr\u00e0 essere erogato. L&#8217;Ambasciata d&#8217;Italia a Bogot\u00e1 offre servizi consolari ai: cittadini italiani cittadini stranieri I [&hellip;]","protected":false},"author":1,"featured_media":0,"parent":0,"menu_order":6,"comment_status":"closed","ping_status":"closed","template":"","meta":{"footnotes":""},"class_list":["post-15","page","type-page","status-publish","hentry"],"_links":{"self":[{"href":"https:\/\/ambbogota.esteri.it\/it\/wp-json\/wp\/v2\/pages\/15","targetHints":{"allow":["GET"]}}],"collection":[{"href":"https:\/\/ambbogota.esteri.it\/it\/wp-json\/wp\/v2\/pages"}],"about":[{"href":"https:\/\/ambbogota.esteri.it\/it\/wp-json\/wp\/v2\/types\/page"}],"author":[{"embeddable":true,"href":"https:\/\/ambbogota.esteri.it\/it\/wp-json\/wp\/v2\/users\/1"}],"replies":[{"embeddable":true,"href":"https:\/\/ambbogota.esteri.it\/it\/wp-json\/wp\/v2\/comments?post=15"}],"version-history":[{"count":7,"href":"https:\/\/ambbogota.esteri.it\/it\/wp-json\/wp\/v2\/pages\/15\/revisions"}],"predecessor-version":[{"id":7535,"href":"https:\/\/ambbogota.esteri.it\/it\/wp-json\/wp\/v2\/pages\/15\/revisions\/7535"}],"wp:attachment":[{"href":"https:\/\/ambbogota.esteri.it\/it\/wp-json\/wp\/v2\/media?parent=15"}],"curies":[{"name":"wp","href":"https:\/\/api.w.org\/{rel}","templated":true}]}}