{"id":2494,"date":"2023-12-11T16:59:09","date_gmt":"2023-12-11T21:59:09","guid":{"rendered":"https:\/\/ambbogota.esteri.it\/?page_id=2494"},"modified":"2026-02-19T15:01:47","modified_gmt":"2026-02-19T20:01:47","slug":"cie-carta-didentita-elettronica","status":"publish","type":"page","link":"https:\/\/ambbogota.esteri.it\/it\/servizi-consolari-e-visti\/servizi-per-il-cittadino-italiano\/cie-carta-didentita-elettronica\/","title":{"rendered":"CIE &#8211; Carta d&#8217;identit\u00e0 elettronica"},"content":{"rendered":"<p style=\"text-align: center;\"><strong>***<span style=\"text-decoration: underline;\">Si comunica che attualmente non sono disponibili appuntamenti per la richiesta di CIE \u2013 Carta d\u2019Identit\u00e0 Elettronica. La data di ripresa degli appuntamenti verr\u00e0 comunicata appena possibile sul sito dell\u2019Ambasciata.<\/span>***<\/strong><\/p>\n<p>&nbsp;<\/p>\n<p><em>Si informa l\u2019utenza che, <strong>a decorrere dal 1 giugno 2026<\/strong>, i cittadini italiani iscritti all\u2019Anagrafe degli Italiani Residenti all\u2019Estero (AIRE) potranno presentare domanda di rilascio della Carta d\u2019Identit\u00e0 Elettronica (CIE) presso qualsiasi Comune italiano, e non esclusivamente tramite l\u2019Ufficio consolare.<\/em><\/p>\n<p><em>La Carta d\u2019Identit\u00e0 Elettronica sar\u00e0 rilasciata secondo le medesime modalit\u00e0 previste per le domande presentate presso gli Uffici consolari.<\/em><\/p>\n<p><em>L\u2019interessato potr\u00e0 scegliere se:<\/em><br \/>\n<em>&#8211; Ritirare personalmente la CIE presso il Comune presso cui \u00e8 stata presentata la domanda.<\/em><br \/>\n<em>&#8211; Richiederne la spedizione all\u2019estero, al proprio indirizzo di residenza.<\/em><\/p>\n<p><strong><br \/>\nINFORMAZIONI GENERALI<\/strong><\/p>\n<p>La\u00a0<strong>carta d\u2019identit\u00e0<\/strong>\u00a0\u00e8 un documento di riconoscimento e di viaggio valido per poter risiedere e spostarsi nei paesi dell\u2019Unione Europea (e in altri Stati con cui sono in vigore specifici accordi).<\/p>\n<p>La carta d\u2019identit\u00e0 \u00e8 oggi rilasciata <span style=\"text-decoration: underline;\">solo in formato elettronico<\/span>. \u00c8 possibile fare richiesta di una nuova CIE a partire da sei mesi prima della scadenza della precedente carta d\u2019identit\u00e0.<\/p>\n<p><strong>REQUISITI PER IL RILASCIO DEL DOCUMENTO<\/strong><\/p>\n<ul>\n<li>La nuova Carta d\u2019Identit\u00e0 Elettronica (CIE) potr\u00e0 essere rilasciata da questa Ambasciata<span style=\"text-decoration: underline;\"> esclusivamente ai cittadini italiani regolarmente residenti nella circoscrizione consolare di competenza, che siano gi\u00e0 registrati nello schedario consolare A.I.R.E<\/span>. (Anagrafe degli Italiani Residenti all\u2019Estero)<span style=\"text-decoration: underline;\"> e il cui Comune abbia provveduto a registrare conformemente i dati anagrafici<\/span>. L\u2019iscrizione all\u2019A.I.R.E. deve essere effettuata preferibilmente attraverso il portale Fast It, tramite una procedura che dunque non richiede all\u2019utente di recarsi in Consolato. Per maggiori informazioni sull\u2019iscrizione all\u2019A.I.R.E. <a href=\"https:\/\/ambbogota.esteri.it\/it\/servizi-consolari-e-visti\/servizi-per-il-cittadino-italiano\/a-i-r-e\/\">cliccare qui.<\/a><\/li>\n<li>Per i cittadini italiani nati all\u2019Estero, \u00e8 necessario che il relativo atto di nascita risulti gi\u00e0 trascritto nei registri di Stato Civile del Comune di riferimento; per maggiori informazioni sulla trascrizione dell\u2019atto di nascita <a href=\"https:\/\/ambbogota.esteri.it\/it\/servizi-consolari-e-visti\/servizi-per-il-cittadino-italiano\/stato-civile\/registrare-una-nascita\/\">cliccare qui<\/a>.<\/li>\n<li>\u00c8 opportuno che ciascun richiedente la carta d\u2019identit\u00e0 abbia una situazione di stato civile aggiornata presso l\u2019Autorit\u00e0 italiana. A tal fine, gli atti relativi ad eventi (di matrimonio, nascita figli, divorzio, ecc.) non avvenuti in Italia dovranno essere gi\u00e0 stati presentati all\u2019Ufficio Consolare o al comune di competenza. Per maggiori informazioni sullo Stato Civile <a href=\"https:\/\/ambbogota.esteri.it\/it\/servizi-consolari-e-visti\/servizi-per-il-cittadino-italiano\/stato-civile\/\">cliccare qui<\/a><\/li>\n<li>\u00c9 importante ricordare che per il rilascio della CIE \u00e9 necessario essere titolare di un Codice Fiscale validato dall&#8217;Agenzia delle Entrate. Nel caso in cui si sia sprovvisti di Codice Fiscale, si potr\u00e1 farne richiesta seguendo le <a href=\"https:\/\/ambbogota.esteri.it\/it\/servizi-consolari-e-visti\/servizi-per-il-cittadino-italiano\/codice-fiscale\/\">istruzioni<\/a>.<\/li>\n<\/ul>\n<p><strong>MODALIT\u00c0 DI PRESENTAZIONE DELLA DOMANDA CIE<\/strong><\/p>\n<p>La richiesta della carta d\u2019identit\u00e0 elettronica deve essere presentata utilizzando esclusivamente la piattaforma\u00a0<a href=\"https:\/\/prenotami.esteri.it\/\"><em>Prenot@mi\u00a0 richiedendo un appuntamento per il servizio &#8220;CIE &#8211; CARTA D&#8217;IDENTIT\u00c1 ELETTRONICA&#8221;<\/em><\/a><\/p>\n<p>Maggiori informazioni sulla prenotazione di appuntamenti per servizi consolari sono disponibili <a href=\"https:\/\/ambbogota.esteri.it\/it\/servizi-consolari-e-visti\/servizi-per-il-cittadino-italiano\/prenotazioni-servizi-consolari\/\">cliccando qui<\/a>.<\/p>\n<p><strong>DOCUMENTAZIONE DA PRESENTARE ALLO SPORTELLO IL GIORNO DELL\u2019APPUNTAMENTO<\/strong><\/p>\n<p><span style=\"text-decoration: underline;\"><strong><em>Carta d\u2019identit\u00e0 per maggiorenni<\/em><\/strong><\/span><\/p>\n<ul>\n<li><strong>Modulo di richiesta<\/strong> di rilascio\/duplicato CIE, interamente compilato e firmato <a href=\"https:\/\/ambbogota.esteri.it\/wp-content\/uploads\/2023\/12\/CIE__richiesta_maggiorenne__it_es_2023-agg-1.doc\">(cliccare qui)<\/a><\/li>\n<li><strong>Originale e Fotocopia documento di riconoscimento<\/strong>\u00a0ai sensi del D.P.R. 445\/2000 (Passaporto e\/o Carta d\u2019identit\u00e0)<\/li>\n<li><strong>Ricevuta di pagamento della tariffa consolare<\/strong>\u00a0da versare secondo le istruzioni di cui alla sezione<\/li>\n<li>In caso di\u00a0<strong>furto\/smarrimento<\/strong> della carta d\u2019identit\u00e0: copia denuncia resa alla Polizia colombiana\/altre Autorit\u00e0 dello Stato<\/li>\n<\/ul>\n<p>La validit\u00e0 della CIE \u00e8 di 10 anni per i maggiorenni.<\/p>\n<p><strong>N.B. Carta d&#8217;identit\u00e1 per maggiorenni con figli minori<\/strong><\/p>\n<p>In accordo con il D.L. 69\/2023, a partir dal 14 giugno 2023 i genitori di figli minori non devono pi\u00fa prestare il consenso dell&#8217;altro genitore per l&#8217;emissione del proprio documento d&#8217;identit\u00e1 (passaporto e carta d&#8217;identit\u00e1).<\/p>\n<p>Se il richiedente ha figli minorenni, \u00e9 tuttavia necessario\u00a0 compilare una <a href=\"https:\/\/ambbogota.esteri.it\/wp-content\/uploads\/2023\/12\/dichiarazione_assenza_ostative_passaporto.pdf\">dichiarazione sostitutiva<\/a> che autocertifichi l&#8217;assenza di cause ostative al rilascio della\u00a0 q<em>Carta d\u2019Identit\u00e0 Elettronica (CIE).<\/em><\/p>\n<p><span style=\"text-decoration: underline;\"><strong><em>Carta d\u2019identit\u00e0 per minori di anni 18<\/em><\/strong><\/span><\/p>\n<p>Ai sensi della normativa vigente, i minori devono essere muniti di documento d\u2019identit\u00e0 individuale. La presenza del minore \u00e8 richiesta in Ambasciata.<\/p>\n<p><strong>Documentazione<\/strong><\/p>\n<ul>\n<li><a href=\"https:\/\/ambbogota.esteri.it\/wp-content\/uploads\/2023\/12\/Modulo-CIE-minorenni.docx\">Modulo di richiesta<\/a>\u00a0interamente compilato in ogni sua parte e firmato da entrambi i genitori [<em>cliccare qui<\/em>] corredato dalla fotocopia del documento di entrambi i genitori. Se uno dei genitori non \u00e8 cittadino UE, la sua firma deve essere autenticata presso l&#8217;Ambasciata il giorno dell\u2019appuntamento oppure presso un Consolato onorario.<\/li>\n<li><a href=\"https:\/\/ambbogota.esteri.it\/wp-content\/uploads\/2023\/12\/Autorizzazione-al-rilascio-CIE-minorenni.docx\">Atto di assenso<\/a> \u2013 Si richiede la presenza di entrambi i genitori e del minore. Qualora venga uno solo dei genitori, questo, potr\u00e0 presentare l\u2019atto di assenso compilato e firmato dal genitore assente solo se questo \u00e8 cittadino UE. Il funzionario allo sportello avr\u00e0 sempre la facolt\u00e0 di richiedere la presenza di entrambi i genitori qualora lo ritenesse opportuno. Se il genitore assente non \u00e8 cittadino UE la firma dell\u2019assenso deve essere autenticata presso un altro Consolato o presso un Consolato Onorario. Se non fosse possibile autenticare la firma, il giorno dell\u2019appuntamento per la CIE del minore dovranno essere presenti entrambi i genitori e il cittadino extra-UE potr\u00e0 autenticare in quel momento la firma posta sull\u2019assenso.<\/li>\n<\/ul>\n<p>Qualora non sia possibile presentare l\u2019atto di assenso firmato da un genitore, l\u2019altro genitore dovr\u00e0 richiedere alla Rappresentanza diplomatica o al Tribunale di competenza un\u2019autorizzazione al rilascio della carta d\u2019identit\u00e0 mediante Decreto consolare.<\/p>\n<ul>\n<li><strong>Ricevuta di pagamento della tariffa consolare<\/strong><\/li>\n<li><strong>Originale e Fotocopia di un documento d\u2019identit\u00e0 del minore<\/strong> (se in possesso)<\/li>\n<li><strong>Fotocopia del documento d\u2019identit\u00e0 dei genitori<\/strong><\/li>\n<li>In caso di\u00a0<strong>furto\/smarrimento<\/strong> della carta d\u2019identit\u00e0: copia denuncia resa alla Polizia colombiana\/altre Autorit\u00e0 di Polizia<\/li>\n<\/ul>\n<p>La validit\u00e0 della CIE \u00e8 di 3 anni per i bambini da 0 a 3 anni; di 5 anni per i minori tra i 3 e i 18 anni.<\/p>\n<p>Il giorno della consegna della CIE, sar\u00e0 annullata l\u2019eventuale carta di identit\u00e0 cartacea o CIE in corso di validit\u00e0.<\/p>\n<p><strong>TARIFFE DELLA CARTA D\u2019IDENTIT\u00c0 ELETTRONICA<\/strong><\/p>\n<p>Ai fini del rilascio della CIE occorre provvedere al versamento della somma vigente, in pesos colombianos, corrispondente all\u2019art. 28 della <a href=\"https:\/\/ambbogota.esteri.it\/it\/servizi-consolari-e-visti\/servizi-per-il-cittadino-italiano\/diritti-consolari\/\">tabella dei diritti consolari<\/a>\u00a0alla voce\u00a0<u>rilascio CIE<\/u> (da effettuare presso il Banco GNB Sudameris (conto # 11538667, beneficiario: Embajada de Italia <a href=\"https:\/\/ambbogota.esteri.it\/it\/servizi-consolari-e-visti\/servizi-per-il-cittadino-italiano\/diritti-consolari\/\" target=\"_blank\" rel=\"noopener\">seguendo le istruzioni<\/a>).<\/p>\n<p><strong>N.b.:<\/strong>\u00a0I corrispettivi citati cambiano trimestralmente, si prega pertanto di verificare l\u2019importo da versare prima di effettuare il bonifico.<\/p>\n<p>Per\u00a0<strong>RILASCIO<\/strong>\u00a0si intende la prima emissione della CIE.<br \/>\nPer\u00a0<strong>RINNOVO<\/strong>\u00a0si intende il rilascio di una nuova CIE in sostituzione della precedente CIC\/CIE scaduta.<br \/>\nPer\u00a0<strong>DUPLICATO<\/strong>\u00a0si intende unicamente il rilascio di una nuova CIE in sostituzione della precedente CIE.<\/p>\n<p><strong>MODALITA\u2019 DI RITIRO DELLA CIE<\/strong><\/p>\n<p>Una volta che la l\u2019IZPS avr\u00e0 prodotto e spedito la CIE presso l\u2019Ambasciata, i richiedenti verranno contattati all\u2019indirizzo mail e\/o numero telefonico fornito alla presentazione della richiesta di CIE per il ritiro della stessa.<\/p>\n<p>*****<\/p>\n<p>Per ulteriori informazioni ed approfondimenti, si rimanda all&#8217;opuscolo e si suggerisce di cliccare al seguente link:<a href=\"https:\/\/www.esteri.it\/mae\/it\/servizi\/italiani-all-estero\/documenti_di_viaggio\/carta_identita.html\"><em>Informazioni generali sul sito del Ministero degli Affari Esteri e della Cooperazione Internazionale<\/em><\/a><\/p>\n<p>&nbsp;<\/p>\n","protected":false},"excerpt":{"rendered":"***Si comunica che attualmente non sono disponibili appuntamenti per la richiesta di CIE \u2013 Carta d\u2019Identit\u00e0 Elettronica. La data di ripresa degli appuntamenti verr\u00e0 comunicata appena possibile sul sito dell\u2019Ambasciata.*** &nbsp; Si informa l\u2019utenza che, a decorrere dal 1 giugno 2026, i cittadini italiani iscritti all\u2019Anagrafe degli Italiani Residenti all\u2019Estero (AIRE) potranno presentare domanda di [&hellip;]","protected":false},"author":4,"featured_media":0,"parent":47,"menu_order":0,"comment_status":"closed","ping_status":"closed","template":"","meta":{"footnotes":""},"class_list":["post-2494","page","type-page","status-publish","hentry"],"_links":{"self":[{"href":"https:\/\/ambbogota.esteri.it\/it\/wp-json\/wp\/v2\/pages\/2494","targetHints":{"allow":["GET"]}}],"collection":[{"href":"https:\/\/ambbogota.esteri.it\/it\/wp-json\/wp\/v2\/pages"}],"about":[{"href":"https:\/\/ambbogota.esteri.it\/it\/wp-json\/wp\/v2\/types\/page"}],"author":[{"embeddable":true,"href":"https:\/\/ambbogota.esteri.it\/it\/wp-json\/wp\/v2\/users\/4"}],"replies":[{"embeddable":true,"href":"https:\/\/ambbogota.esteri.it\/it\/wp-json\/wp\/v2\/comments?post=2494"}],"version-history":[{"count":7,"href":"https:\/\/ambbogota.esteri.it\/it\/wp-json\/wp\/v2\/pages\/2494\/revisions"}],"predecessor-version":[{"id":7478,"href":"https:\/\/ambbogota.esteri.it\/it\/wp-json\/wp\/v2\/pages\/2494\/revisions\/7478"}],"up":[{"embeddable":true,"href":"https:\/\/ambbogota.esteri.it\/it\/wp-json\/wp\/v2\/pages\/47"}],"wp:attachment":[{"href":"https:\/\/ambbogota.esteri.it\/it\/wp-json\/wp\/v2\/media?parent=2494"}],"curies":[{"name":"wp","href":"https:\/\/api.w.org\/{rel}","templated":true}]}}