{"id":3206,"date":"2023-11-09T12:14:26","date_gmt":"2023-11-09T17:14:26","guid":{"rendered":"https:\/\/ambbogota.esteri.it\/?page_id=3206"},"modified":"2025-01-24T16:28:00","modified_gmt":"2025-01-24T21:28:00","slug":"visto-di-transito-per-marittimi","status":"publish","type":"page","link":"https:\/\/ambbogota.esteri.it\/it\/servizi-consolari-e-visti\/servizi-per-il-cittadino-straniero\/visti\/visti-requisiti\/visto-di-transito-per-marittimi\/","title":{"rendered":"Visto di Transito per Marittimi"},"content":{"rendered":"<p>Per informazioni generali su questo tipo di VISTO, si prega di visitare il seguente sito del Governo italiano: <a href=\"http:\/\/vistoperitalia.esteri.it\">vistoperitalia.esteri.it<\/a><\/p>\n<p><strong>A cosa serve e chi pu\u00f2 richiederlo <\/strong><\/p>\n<p>Il visto di transito marittimo permette al cittadino straniero, che si occupa come personale marittimo (applicabile solo a coloro che non sono esenti dal Visto C per entrare nel territorio Schengen), di imbarcare o sbarcare da navi che battono bandiera non italiana, in porti italiani o nello spazio Schengen. Il visto sar\u00e0 concesso a condizione che sia possibile confermare la presenza della nave attraverso la comunicazione delle autorit\u00e0 portuali italiane (Capitaneria di Porto).<\/p>\n<p>In aggiunta, la medesima tipologia pu\u00f2 essere rilasciata anche a marittimi che imbarcheranno su navi battente bandiera italiana unicamente in caso di sbarco per fine ingaggio previsto in un porto italiano<\/p>\n<p>Il visto pu\u00f2 essere richiesto <u>sei mesi prima della data del viaggio<\/u> e fino a 15 giorni lavorativi prima della data del viaggio.<\/p>\n<p><strong>Tipo di visto<\/strong>: &#8220;C&#8221; visto per soggiorni di breve durata (fino a 90 giorni)<\/p>\n<p><strong>REQUISITI<\/strong>: Devono essere presentati seguendo il rigoroso ordine sotto indicato.<\/p>\n<ol>\n<li><a href=\"https:\/\/ambbogota.esteri.it\/wp-content\/uploads\/2024\/07\/Formulario-bilingue.pdf\"><strong>Modulo di richiesta di visto Schengen<\/strong><\/a> debitamente compilato in tutti i campi e firmato.<\/li>\n<li><strong>Due fotografie<\/strong> (3 cm x 4 cm), sfondo bianco a colore (identiche e recenti), una delle quali deve essere incollata al modulo nella casella corrispondente.<\/li>\n<li><a href=\"https:\/\/ambbogota.esteri.it\/it\/servizi-consolari-e-visti\/servizi-per-il-cittadino-italiano\/diritti-consolari\/\"><strong>Pagamento dei diritti consolari<\/strong><\/a> (portare l&#8217;originale del versamento effettuato sul conto corrente n. 11538667 della Banca GNB Sudameris &#8211; Art. 29. Non si accettano copie o bonifici bancari diretti).<\/li>\n<li><strong>Passaporto valido<\/strong> (con validit\u00e0 di almeno 3 mesi oltre la durata del visto) con almeno due pagine libere e una copia semplice del passaporto (solo la pagina del passaporto contenente i dati personali del titolare).<\/li>\n<li><strong>Carta d&#8217;identit\u00e0 colombiana<\/strong> &#8211; per gli stranieri <em>c\u00e9dula de extranjer\u00eda e visto colombiano<\/em>, in corso di validit\u00e0 (fotocopia ingrandita e leggibile).<\/li>\n<li><strong>Libretto marittimo in originale e fotocopia<\/strong> cos\u00ec come dei <strong>certificati<\/strong> che lo accreditano per lo svolgimento di attivit\u00e0 lavorativa a bordo come \u201cgente di mare\u201d<\/li>\n<li><strong>Dimostrazione dell\u2019effettiva necessit\u00e0 o convenienza di transitare<\/strong> attraverso lo spazio Schengen<\/li>\n<li><strong>Dimostrazione del possesso di mezzi economici di sostentamento<\/strong>, nella misura prevista dalla Direttiva del Ministero dell&#8217;Interno 1.3.2000 <a href=\"https:\/\/vistoperitalia.esteri.it\/Moduli\/it\/Direttiva_MinInterno_1-3-2000.pdf\">(visualizza)<\/a><\/li>\n<li><strong>Disponibilit\u00e0 di un alloggio<\/strong> (prenotazione alberghiera, dichiarazione di ospitalit\u00e0), se sono previste soste durante il transito<\/li>\n<li><strong>Assicurazione medica<\/strong> con la seguente copertura:<br \/>\na.\u00a0<u>Assistenza medica per malattia<\/u>: copertura minima di 30.000 euro.<br \/>\nb.\u00a0<u>Assistenza medica per infortuni<\/u>: copertura minima di 30.000 euro.<br \/>\nc.\u00a0<u>Rimpatrio:<\/u> copertura minima di 30.000 euro.<br \/>\nLa compagnia assicurativa deve avere un rappresentante\/sede in Europa. L&#8217;assicurazione di viaggio non pu\u00f2 avere una franchigia. L&#8217;assicurazione deve essere valida per la durata del visto.<\/li>\n<li><strong>Prenotazione di un volo<\/strong> con transito in Italia.<\/li>\n<\/ol>\n<p><strong><u>Note:<\/u><\/strong><\/p>\n<ul>\n<li>La richiesta di visto deve essere presentata presenzialmente dall\u2019interessato.<\/li>\n<li>La procedura \u00e8 strettamente personale. <u>L&#8217;Ambasciata non ha autorizzato alcuna agenzia o intermediario per la richiesta del visto<\/u>.<\/li>\n<li>La mancata presentazione di uno dei documenti sopra indicati pu\u00f2 comportare il rifiuto della domanda di visto allo sportello. La domanda <u>non potr\u00e0 essere accettata<\/u> se i diritti consolari non sono stati interamente pagati in anticipo direttamente alla banca (vedi <a href=\"https:\/\/ambbogota.esteri.it\/it\/servizi-consolari-e-visti\/servizi-per-il-cittadino-italiano\/diritti-consolari\/\"><strong>diritti consolari<\/strong><\/a>).<\/li>\n<li>L&#8217;Ambasciata d&#8217;Italia si riserva il diritto di richiedere la documentazione aggiuntiva che ritenga necessaria.<\/li>\n<li>La presentazione della documentazione richiesta non comporta necessariamente la concessione del visto. Poich\u00e9 il medesimo \u00e8 una concessione, anche qualora dovessero essere presentati tutti i documenti summenzionati, questo pu\u00f2 essere concesso o rifiutato. In quest&#8217;ultimo caso, verr\u00e0 rilasciato un &#8220;<em><u>Provvedimento di Diniego<\/u><\/em>&#8220;.<\/li>\n<\/ul>\n","protected":false},"excerpt":{"rendered":"Per informazioni generali su questo tipo di VISTO, si prega di visitare il seguente sito del Governo italiano: vistoperitalia.esteri.it A cosa serve e chi pu\u00f2 richiederlo Il visto di transito marittimo permette al cittadino straniero, che si occupa come personale marittimo (applicabile solo a coloro che non sono esenti dal Visto C per entrare nel [&hellip;]","protected":false},"author":7,"featured_media":0,"parent":437,"menu_order":0,"comment_status":"closed","ping_status":"closed","template":"","meta":{"footnotes":""},"class_list":["post-3206","page","type-page","status-publish","hentry"],"_links":{"self":[{"href":"https:\/\/ambbogota.esteri.it\/it\/wp-json\/wp\/v2\/pages\/3206","targetHints":{"allow":["GET"]}}],"collection":[{"href":"https:\/\/ambbogota.esteri.it\/it\/wp-json\/wp\/v2\/pages"}],"about":[{"href":"https:\/\/ambbogota.esteri.it\/it\/wp-json\/wp\/v2\/types\/page"}],"author":[{"embeddable":true,"href":"https:\/\/ambbogota.esteri.it\/it\/wp-json\/wp\/v2\/users\/7"}],"replies":[{"embeddable":true,"href":"https:\/\/ambbogota.esteri.it\/it\/wp-json\/wp\/v2\/comments?post=3206"}],"version-history":[{"count":6,"href":"https:\/\/ambbogota.esteri.it\/it\/wp-json\/wp\/v2\/pages\/3206\/revisions"}],"predecessor-version":[{"id":5380,"href":"https:\/\/ambbogota.esteri.it\/it\/wp-json\/wp\/v2\/pages\/3206\/revisions\/5380"}],"up":[{"embeddable":true,"href":"https:\/\/ambbogota.esteri.it\/it\/wp-json\/wp\/v2\/pages\/437"}],"wp:attachment":[{"href":"https:\/\/ambbogota.esteri.it\/it\/wp-json\/wp\/v2\/media?parent=3206"}],"curies":[{"name":"wp","href":"https:\/\/api.w.org\/{rel}","templated":true}]}}