{"id":3213,"date":"2023-11-09T12:12:54","date_gmt":"2023-11-09T17:12:54","guid":{"rendered":"https:\/\/ambbogota.esteri.it\/?page_id=3213"},"modified":"2025-01-24T17:12:32","modified_gmt":"2025-01-24T22:12:32","slug":"visto-per-lavoro-subordinato-marittimo","status":"publish","type":"page","link":"https:\/\/ambbogota.esteri.it\/it\/servizi-consolari-e-visti\/servizi-per-il-cittadino-straniero\/visti\/visti-requisiti\/visti-per-lavoro\/visto-per-lavoro-subordinato-marittimo\/","title":{"rendered":"Visto per Lavoro Subordinato Marittimo"},"content":{"rendered":"<p>Per informazioni generali su questo tipo di VISTO, si prega di visitare il seguente sito del Governo italiano: <a href=\"http:\/\/vistoperitalia.esteri.it\">vistoperitalia.esteri.it<\/a><\/p>\n<p><strong>A cosa serve e chi pu\u00f2 utilizzarlo<\/strong><\/p>\n<p>Il visto di Lavoro Subordinato Marittimo permette al cittadino straniero di prestare attivit\u00e0 lavorativa a bordo di navi battenti bandiera italiana quando navighino nelle acque territoriali o non (purch\u00e9 batta bandiera italiana) od ormeggino in un porto nazionale per il periodo necessario allo svolgimento dei servizi complementari di bordo.<\/p>\n<p>Il visto pu\u00f2 essere richiesto <u>sei mesi prima della data del viaggio<\/u> e fino a 15 giorni lavorativi prima della data del viaggio.<\/p>\n<p><strong>Tipo di visto: <\/strong>\u201cC\u201d visto per soggiorni di breve durata (fino a 90 giorni) o \u201cD\u201d visto per soggiorno di lunga durata (da pi\u00f9 di 90 giorni fino a 365 giorni).<\/p>\n<p><strong>\u00a0REQUISITI<\/strong>: Devono essere presentati seguendo il rigoroso ordine sotto indicato.<\/p>\n<ol>\n<li><a href=\"https:\/\/ambbogota.esteri.it\/wp-content\/uploads\/2023\/11\/Formulario_D_-VistoNazionale_spagnolo.pdf\"><strong>Modulo di richiesta di visto Nazionale<\/strong><\/a> o <a href=\"https:\/\/ambbogota.esteri.it\/wp-content\/uploads\/2024\/07\/Formulario-bilingue.pdf\"><strong>Schengen<\/strong><\/a> debitamente compilato in tutti i campi e firmato.<\/li>\n<li><strong>Due fotografie<\/strong> (3 cm x 4 cm), sfondo bianco a colore (identiche e recenti), una delle quali deve essere incollata al modulo nella casella corrispondente.<\/li>\n<li><a href=\"https:\/\/ambbogota.esteri.it\/it\/servizi-consolari-e-visti\/servizi-per-il-cittadino-italiano\/diritti-consolari\/\"><strong>Pagamento dei diritti consolari<\/strong><\/a> (portare l&#8217;originale del versamento effettuato sul conto corrente n. 11538667 della Banca GNB Sudameris &#8211; Art. 29. Non si accettano fotocopie o bonifici bancari diretti).<\/li>\n<li><strong>Passaporto valido<\/strong> (con validit\u00e0 di almeno 3 mesi oltre la durata del visto) con almeno due pagine libere e una fotocopia del passaporto (solo la pagina del passaporto contenente i dati personali del titolare).<\/li>\n<li><strong>Carta d&#8217;identit\u00e0 colombiana<\/strong> &#8211; per gli stranieri <em>c\u00e9dula de extranjer\u00eda<\/em>, in corso di validit\u00e0 (fotocopia ingrandita e leggibile).<\/li>\n<li><strong>Libretto marittimo in originale e fotocopia<\/strong> cos\u00ec come dei <strong>certificati<\/strong> che lo accreditano per lo svolgimento di attivit\u00e0 lavorativa a bordo come \u201cgente di mare\u201d.<\/li>\n<li><strong>Certificato di lavoro o fotocopia del contratto<\/strong> dell&#8217;ultimo lavoro svolto.<\/li>\n<li><strong>Richiesta formale della societ\u00e0 armatrice<\/strong>.<\/li>\n<li><strong>Contratto di lavoro individuale, <\/strong>sottoscritto dalle parti.<\/li>\n<li><strong>Fotocopia del contratto d\u2019appalto<\/strong>.<\/li>\n<li><strong>Certificato d\u2019iscrizione della nave nel Registro internazionale<\/strong>.<\/li>\n<li><strong>Prenotazione del volo <\/strong>di sola andata con destinazione finale Italia.<\/li>\n<\/ol>\n<p><strong><u>Note<\/u><\/strong>:<\/p>\n<ul>\n<li>La richiesta di visto deve essere presentata presenzialmente dall\u2019interessato.<\/li>\n<li>La procedura \u00e8 strettamente personale. <u>L&#8217;Ambasciata non ha autorizzato alcuna agenzia o intermediario per la richiesta del visto<\/u>.<\/li>\n<li>La mancata presentazione di uno dei documenti sopra indicati pu\u00f2 comportare il rifiuto della domanda di visto allo sportello. La domanda <u>non potr\u00e0 essere accettata<\/u> se i diritti consolari non sono stati interamente pagati in anticipo direttamente alla banca (vedi <a href=\"https:\/\/ambbogota.esteri.it\/it\/servizi-consolari-e-visti\/servizi-per-il-cittadino-italiano\/diritti-consolari\/\"><strong>diritti consolari<\/strong><\/a>).<\/li>\n<li>L&#8217;Ambasciata d&#8217;Italia si riserva il diritto di richiedere la documentazione aggiuntiva che ritenga necessaria.<\/li>\n<li>Il visto (se concesso) potr\u00e0 essere rilasciato con una data di validit\u00e0 alcuni giorni prima dell\u2019inizio del contratto.<\/li>\n<li>La presentazione della documentazione richiesta non comporta necessariamente la concessione del visto. Poich\u00e9 il medesimo \u00e8 una concessione, anche qualora dovessero essere presentati tutti i documenti summenzionati, questo pu\u00f2 essere concesso o rifiutato. In quest&#8217;ultimo caso, verr\u00e0 rilasciato un &#8220;<em><u>Provvedimento di Diniego<\/u><\/em>&#8220;.<\/li>\n<\/ul>\n","protected":false},"excerpt":{"rendered":"Per informazioni generali su questo tipo di VISTO, si prega di visitare il seguente sito del Governo italiano: vistoperitalia.esteri.it A cosa serve e chi pu\u00f2 utilizzarlo Il visto di Lavoro Subordinato Marittimo permette al cittadino straniero di prestare attivit\u00e0 lavorativa a bordo di navi battenti bandiera italiana quando navighino nelle acque territoriali o non (purch\u00e9 [&hellip;]","protected":false},"author":7,"featured_media":0,"parent":5496,"menu_order":0,"comment_status":"closed","ping_status":"closed","template":"","meta":{"footnotes":""},"class_list":["post-3213","page","type-page","status-publish","hentry"],"_links":{"self":[{"href":"https:\/\/ambbogota.esteri.it\/it\/wp-json\/wp\/v2\/pages\/3213","targetHints":{"allow":["GET"]}}],"collection":[{"href":"https:\/\/ambbogota.esteri.it\/it\/wp-json\/wp\/v2\/pages"}],"about":[{"href":"https:\/\/ambbogota.esteri.it\/it\/wp-json\/wp\/v2\/types\/page"}],"author":[{"embeddable":true,"href":"https:\/\/ambbogota.esteri.it\/it\/wp-json\/wp\/v2\/users\/7"}],"replies":[{"embeddable":true,"href":"https:\/\/ambbogota.esteri.it\/it\/wp-json\/wp\/v2\/comments?post=3213"}],"version-history":[{"count":3,"href":"https:\/\/ambbogota.esteri.it\/it\/wp-json\/wp\/v2\/pages\/3213\/revisions"}],"predecessor-version":[{"id":5416,"href":"https:\/\/ambbogota.esteri.it\/it\/wp-json\/wp\/v2\/pages\/3213\/revisions\/5416"}],"up":[{"embeddable":true,"href":"https:\/\/ambbogota.esteri.it\/it\/wp-json\/wp\/v2\/pages\/5496"}],"wp:attachment":[{"href":"https:\/\/ambbogota.esteri.it\/it\/wp-json\/wp\/v2\/media?parent=3213"}],"curies":[{"name":"wp","href":"https:\/\/api.w.org\/{rel}","templated":true}]}}