{"id":3476,"date":"2024-04-03T09:50:30","date_gmt":"2024-04-03T14:50:30","guid":{"rendered":"https:\/\/ambbogota.esteri.it\/?page_id=3476"},"modified":"2024-07-08T15:23:45","modified_gmt":"2024-07-08T20:23:45","slug":"modulistica","status":"publish","type":"page","link":"https:\/\/ambbogota.esteri.it\/it\/servizi-consolari-e-visti\/servizi-per-il-cittadino-straniero\/visti\/modulistica\/","title":{"rendered":"Modulistica"},"content":{"rendered":"<div class=\"entry-content\">\n<ul>\n<li><a href=\"https:\/\/ambbogota.esteri.it\/wp-content\/uploads\/2023\/11\/Autorizacion-Padres-a-Tramitar-la-Visa.pdf\">Autorizaci\u00f3n padres a tramitar la visa<\/a><\/li>\n<li><a href=\"https:\/\/ambbogota.esteri.it\/wp-content\/uploads\/2024\/04\/Carta-de-invitacion-por-estudio.pdf\">Carta de invitaci\u00f3n por estudio<\/a><\/li>\n<li><a href=\"https:\/\/ambbogota.esteri.it\/wp-content\/uploads\/2024\/04\/Carta-de-invitacion-por-turismo.pdf\">Carta de invitaci\u00f3n por turismo<\/a><\/li>\n<li><a href=\"https:\/\/ambbogota.esteri.it\/wp-content\/uploads\/2023\/11\/Declaracion-De-Cesion-De-La-Responsabilidad-Del-La-Menor-a-Tercero-Por-El-Periodo-De-Estancia-En-Italia-por-Estudio.pdf\">Declaraci\u00f3n de cesi\u00f3n de la responsabilidad del\/la menor a tercero por el periodo de estancia en Italia por estudio<\/a><\/li>\n<li><a class=\"\" href=\"https:\/\/ambbogota.esteri.it\/wp-content\/uploads\/2023\/11\/Declaracion-De-Cesion-De-La-Responsabilidad-Del-La-Menor-Al-Empleador-Por-El-Periodo-De-Estancia-En-Italia-Por-Razones-Deportiva.pdf\" data-focus-mouse=\"false\">Declaraci\u00f3n de cesi\u00f3n de la responsabilidad del\/la menor al empleador por el periodo de estancia en Italia por razones deportivas<\/a><\/li>\n<li><a href=\"https:\/\/ambbogota.esteri.it\/wp-content\/uploads\/2023\/11\/Dichiarazione-Di-Accettazione-Di-Presa-In-Carico-Di-Minore-Per-Studio.pdf\">Dichiarazione di accettazione di presa in carico di minore per studio<\/a><\/li>\n<li><a class=\"\" href=\"https:\/\/ambbogota.esteri.it\/wp-content\/uploads\/2023\/11\/Dichirazione-Di-Accettazione-Di-Presa-In-Carico-Di-Minore-Per-Attivita-Sportiva.pdf\" data-focus-mouse=\"false\">Dichiarazione di accettazione di presa in carico di minore per attivit\u00e1 sportiva<\/a><\/li>\n<li><a href=\"https:\/\/ambbogota.esteri.it\/wp-content\/uploads\/2024\/07\/Formulario-bilingue.pdf\">Formulario C Schengen<\/a><\/li>\n<li><a href=\"https:\/\/ambbogota.esteri.it\/wp-content\/uploads\/2023\/11\/Formulario_D_-VistoNazionale_spagnolo.pdf\">Formulario D visto nazionale<\/a><\/li>\n<li><a href=\"https:\/\/ambbogota.esteri.it\/wp-content\/uploads\/2023\/11\/Modelo-A.pdf\">Modelo A<\/a><\/li>\n<li><a href=\"https:\/\/ambbogota.esteri.it\/wp-content\/uploads\/2023\/11\/Modelo-B_Menor-de-Edad.pdf\">Modelo B menor de edad<\/a><\/li>\n<li><a href=\"https:\/\/ambbogota.esteri.it\/wp-content\/uploads\/2023\/11\/Modelo-B_Menor-de-Edad_RicongiungimentoFamiliare.pdf\">Modelo B menor de edad ricongiungimento familiare<\/a><\/li>\n<li><a href=\"https:\/\/ambbogota.esteri.it\/wp-content\/uploads\/2023\/11\/Modulo_-Denuncia_Furto_Smarrimento-Permesso-di-Soggiorno.pdf\">Modulo denuncia furto\/smarrimento permesso di soggiorno<\/a><\/li>\n<\/ul>\n<\/div>\n","protected":false},"excerpt":{"rendered":"Autorizaci\u00f3n padres a tramitar la visa Carta de invitaci\u00f3n por estudio Carta de invitaci\u00f3n por turismo Declaraci\u00f3n de cesi\u00f3n de la responsabilidad del\/la menor a tercero por el periodo de estancia en Italia por estudio Declaraci\u00f3n de cesi\u00f3n de la responsabilidad del\/la menor al empleador por el periodo de estancia en Italia por razones deportivas [&hellip;]","protected":false},"author":7,"featured_media":0,"parent":89,"menu_order":0,"comment_status":"closed","ping_status":"closed","template":"","meta":{"footnotes":""},"class_list":["post-3476","page","type-page","status-publish","hentry"],"_links":{"self":[{"href":"https:\/\/ambbogota.esteri.it\/it\/wp-json\/wp\/v2\/pages\/3476","targetHints":{"allow":["GET"]}}],"collection":[{"href":"https:\/\/ambbogota.esteri.it\/it\/wp-json\/wp\/v2\/pages"}],"about":[{"href":"https:\/\/ambbogota.esteri.it\/it\/wp-json\/wp\/v2\/types\/page"}],"author":[{"embeddable":true,"href":"https:\/\/ambbogota.esteri.it\/it\/wp-json\/wp\/v2\/users\/7"}],"replies":[{"embeddable":true,"href":"https:\/\/ambbogota.esteri.it\/it\/wp-json\/wp\/v2\/comments?post=3476"}],"version-history":[{"count":5,"href":"https:\/\/ambbogota.esteri.it\/it\/wp-json\/wp\/v2\/pages\/3476\/revisions"}],"predecessor-version":[{"id":4156,"href":"https:\/\/ambbogota.esteri.it\/it\/wp-json\/wp\/v2\/pages\/3476\/revisions\/4156"}],"up":[{"embeddable":true,"href":"https:\/\/ambbogota.esteri.it\/it\/wp-json\/wp\/v2\/pages\/89"}],"wp:attachment":[{"href":"https:\/\/ambbogota.esteri.it\/it\/wp-json\/wp\/v2\/media?parent=3476"}],"curies":[{"name":"wp","href":"https:\/\/api.w.org\/{rel}","templated":true}]}}