{"id":360,"date":"2023-08-10T14:35:34","date_gmt":"2023-08-10T19:35:34","guid":{"rendered":"https:\/\/ambbogota.esteri.it\/?page_id=360"},"modified":"2024-04-24T12:21:48","modified_gmt":"2024-04-24T17:21:48","slug":"prenotazioni-servizi-consolari","status":"publish","type":"page","link":"https:\/\/ambbogota.esteri.it\/it\/servizi-consolari-e-visti\/servizi-per-il-cittadino-italiano\/prenotazioni-servizi-consolari\/","title":{"rendered":"Informazioni ricezione pubblico per servizi consolari"},"content":{"rendered":"<p>Si avvisa l&#8217;utenza che, a partire dall&#8217;11 settembre 2023, l&#8217;Ambasciata d&#8217;Italia \u00e8 aperta al pubblico nei seguenti orari:<\/p>\n<ul>\n<li>luned\u00ec, marted\u00ec, mercoled\u00ec e venerd\u00ec: dalle ore 08:30 alle ore 11:30;<\/li>\n<li>gioved\u00ec: dalle ore 13:30 alle ore 15:00.<\/li>\n<\/ul>\n<p><u>Non<\/u> \u00e8 pertanto pi\u00f9 richiesta la prenotazione tramite piattaforma <a href=\"https:\/\/prenotami.esteri.it\/\">Prenot@m<\/a>i per i seguenti servizi consolari:<\/p>\n<ul>\n<li>Passaporti;<\/li>\n<li>Stato Civile (nascita, matrimonio, divorzio, morte);<\/li>\n<li>Cittadinanza per matrimonio;<\/li>\n<li>altri servizi consolari (richiesta di pubblicazione di matrimonio, emissione di certificati, legalizzazioni di traduzioni, autentiche di firma, atti di assenso, proroga di validit\u00e0 della patente italiana, esistenza in vita, passaporti mortuari, etc.).<\/li>\n<\/ul>\n<p><strong>Tutti gli utenti che si presenteranno in Ambasciata durante tale fascia oraria verranno ricevuti senza restrizioni<\/strong>. <strong>La ricezione verr\u00e0 assicurata sulla base dell&#8217;orario di arrivo e tenendo conto delle categorie protette<\/strong> (<span style=\"text-decoration: underline;\">disabili, famiglie con bambini di et\u00e0 inferiore ai due anni, donne incinte, anziani over 75<\/span>) <strong>che hanno priorit\u00e0 di accesso<\/strong>.<\/p>\n<p>Per ragioni di spazio e di sicurezza, potranno accedere alla sala d\u2019aspetto consolare esclusivamente i richiedenti servizi consolari, <u>senza nessun accompagnatore<\/u>.<\/p>\n<p>Sono fatti salvi i casi in cui:<\/p>\n<p>&#8211;\u00a0\u00a0\u00a0\u00a0\u00a0\u00a0\u00a0\u00a0\u00a0 l\u2019utente presenti una certificazione medica che attesti la necessit\u00e0 dell\u2019interessato di essere accompagnato da una persona espressamente specificata nella predetta certificazione;<\/p>\n<p>&#8211;\u00a0\u00a0\u00a0\u00a0\u00a0\u00a0\u00a0\u00a0\u00a0 il servizio consolare riguardi un minore;<\/p>\n<p>&#8211;\u00a0\u00a0\u00a0\u00a0\u00a0\u00a0\u00a0\u00a0\u00a0 l\u2019utente chieda di accedere con un minore di 12 anni;<\/p>\n<p>&#8211;\u00a0\u00a0\u00a0\u00a0\u00a0\u00a0\u00a0\u00a0\u00a0 l\u2019utente abbia pi\u00f9 di 70 anni.<\/p>\n<p><strong>Appuntamenti per<span style=\"text-decoration: underline;\"> cittadinanza per discendenza<\/span><\/strong> (esclusivamente per richiedente maggiorenne con padre o madre di nazionalit\u00e0 italiana)<strong> e per <span style=\"text-decoration: underline;\">CIE &#8211; Carta d&#8217;identi\u00e1 elettronica<\/span> vanno prenotati attraverso la piattaforma <a href=\"https:\/\/prenotami.esteri.it\/\">Prenot@mi<\/a><\/strong>.<\/p>\n<p>Ogni giorno alla mezzanotte italiana (ad eccezione del venerd\u00ec e del sabato) il sistema rende automaticamente disponibili nuovi appuntamenti e permette di selezionare appuntamenti solo per le 4 settimane successive.<\/p>\n<p>Una volta prenotato l\u2019appuntamento l\u2019utente ricever\u00e0 un\u2019e-mail all\u2019indirizzo di posta elettronica indicato nella registrazione sulla piattaforma\u00a0<a href=\"https:\/\/prenotami.esteri.it\/\">Prenot@mi<\/a>\u00a0e dovr\u00e0 confermarlo (a partire da 10 e fino a 3 giorni prima della data stabilita nell\u2019e-mail) entrando nella piattaforma nella sezione \u201cI miei Appuntamenti\u201d.<\/p>\n<p>Se l\u2019appuntamento non viene confermato, il sistema lo\u00a0<strong>CANCELLA AUTOMATICAMENTE<\/strong>\u00a0rendendolo disponibile per altri utenti e all&#8217;utente a cui \u00e8 stato cancellato l&#8217;appuntamento non gli sar\u00e0 consentito l&#8217;accesso all&#8217;Ambasciata.<\/p>\n<p><strong>Appuntamenti per rilascio visto<\/strong>: consultare la sezione apposita <a href=\"https:\/\/ambbogota.esteri.it\/it\/servizi-consolari-e-visti\/servizi-per-il-cittadino-straniero\/visti\/visti-requisiti\/\">Visti \u2013 requisiti \u2013 Ambasciata d&#8217;Italia Bogot\u00e0 (esteri.it)<\/a><\/p>\n<p><strong>Appuntamento per Dichiarazioni di Valore<\/strong>: consultare la sezione apposita <a href=\"https:\/\/ambbogota.esteri.it\/it\/italia-e-colombia\/diplomazia-culturale\/studiare-in-italia\/dichiarazioni-di-valore\/\">Dichiarazioni di valore \u2013 Ambasciata d&#8217;Italia Bogot\u00e0 (esteri.it)<\/a><\/p>\n","protected":false},"excerpt":{"rendered":"Si avvisa l&#8217;utenza che, a partire dall&#8217;11 settembre 2023, l&#8217;Ambasciata d&#8217;Italia \u00e8 aperta al pubblico nei seguenti orari: luned\u00ec, marted\u00ec, mercoled\u00ec e venerd\u00ec: dalle ore 08:30 alle ore 11:30; gioved\u00ec: dalle ore 13:30 alle ore 15:00. Non \u00e8 pertanto pi\u00f9 richiesta la prenotazione tramite piattaforma Prenot@mi per i seguenti servizi consolari: Passaporti; Stato Civile (nascita, [&hellip;]","protected":false},"author":4,"featured_media":0,"parent":47,"menu_order":0,"comment_status":"closed","ping_status":"closed","template":"","meta":{"footnotes":""},"class_list":["post-360","page","type-page","status-publish","hentry"],"_links":{"self":[{"href":"https:\/\/ambbogota.esteri.it\/it\/wp-json\/wp\/v2\/pages\/360","targetHints":{"allow":["GET"]}}],"collection":[{"href":"https:\/\/ambbogota.esteri.it\/it\/wp-json\/wp\/v2\/pages"}],"about":[{"href":"https:\/\/ambbogota.esteri.it\/it\/wp-json\/wp\/v2\/types\/page"}],"author":[{"embeddable":true,"href":"https:\/\/ambbogota.esteri.it\/it\/wp-json\/wp\/v2\/users\/4"}],"replies":[{"embeddable":true,"href":"https:\/\/ambbogota.esteri.it\/it\/wp-json\/wp\/v2\/comments?post=360"}],"version-history":[{"count":7,"href":"https:\/\/ambbogota.esteri.it\/it\/wp-json\/wp\/v2\/pages\/360\/revisions"}],"predecessor-version":[{"id":3662,"href":"https:\/\/ambbogota.esteri.it\/it\/wp-json\/wp\/v2\/pages\/360\/revisions\/3662"}],"up":[{"embeddable":true,"href":"https:\/\/ambbogota.esteri.it\/it\/wp-json\/wp\/v2\/pages\/47"}],"wp:attachment":[{"href":"https:\/\/ambbogota.esteri.it\/it\/wp-json\/wp\/v2\/media?parent=360"}],"curies":[{"name":"wp","href":"https:\/\/api.w.org\/{rel}","templated":true}]}}